{"id":3660,"date":"2024-05-24T10:27:10","date_gmt":"2024-05-24T10:27:10","guid":{"rendered":"https:\/\/hyflexpack.com\/?post_type=product&#038;p=3660"},"modified":"2024-05-24T10:27:11","modified_gmt":"2024-05-24T10:27:11","slug":"wholesale-automatic-roll-film-packaging","status":"publish","type":"product","link":"https:\/\/www.hyflexpack.com\/fr\/product\/wholesale-automatic-roll-film-packaging\/","title":{"rendered":"Emballage en rouleau de film en gros Emballage automatique de sachets imprim\u00e9s et lamin\u00e9s Emballage de biscuits au sucre"},"content":{"rendered":"<div class=\"wp-block-columns is-layout-flex wp-container-core-columns-is-layout-9d6595d7 wp-block-columns-is-layout-flex\">\n<div class=\"wp-block-column is-layout-flow wp-block-column-is-layout-flow\">\n<h3 class=\"wp-block-heading\">Caract\u00e9ristiques de l'emballage sous film en rouleau de haute qualit\u00e9<\/h3>\n\n\n\n<ul class=\"wp-block-list\">\n<li>Fabrication automatique de sacs par enroulement de film : l'adoption d'une technologie avanc\u00e9e d'enroulement de film permet de fabriquer automatiquement des sacs et d'am\u00e9liorer l'efficacit\u00e9 de l'emballage et la vitesse de production.<\/li>\n<\/ul>\n\n\n\n<p><\/p>\n\n\n\n<ul class=\"wp-block-list\">\n<li>Technologie d'impression et de laminage : Gr\u00e2ce \u00e0 une technologie d'impression et de laminage avanc\u00e9e, l'emballage est riche en couleurs et en effets visuels, ce qui am\u00e9liore l'image et l'attrait du produit.<\/li>\n<\/ul>\n\n\n\n<p><\/p>\n\n\n\n<ul class=\"wp-block-list\">\n<li>Emballage personnalis\u00e9 pour les biscuits au sucre : Con\u00e7us pour les biscuits au sucre, nous fournissons des emballages dont la taille, la forme et le design sont personnalis\u00e9s afin de mettre parfaitement en valeur les caract\u00e9ristiques du produit.<\/li>\n<\/ul>\n\n\n\n<p><\/p>\n\n\n\n<ul class=\"wp-block-list\">\n<li>Positionnement de la marque : La conception et l'impression personnalis\u00e9es peuvent \u00eatre utilis\u00e9es pour mettre en valeur l'image et le message de la marque afin d'attirer davantage de consommateurs.<\/li>\n\n\n\n<li><\/li>\n\n\n\n<li>Durabilit\u00e9 : Envisager d'utiliser des mat\u00e9riaux biod\u00e9gradables ou de lancer des sacs recyclables pour r\u00e9pondre \u00e0 la pr\u00e9f\u00e9rence des consommateurs pour les produits respectueux de l'environnement.<\/li>\n<\/ul>\n<\/div>\n\n\n\n<div class=\"wp-block-column is-layout-flow wp-block-column-is-layout-flow\">\n<figure class=\"wp-block-image size-full\"><img fetchpriority=\"high\" decoding=\"async\" width=\"750\" height=\"750\" src=\"https:\/\/hyflexpack.com\/wp-content\/uploads\/2024\/05\/Wholesale-Roll-Film-Packaging-7.webp\" alt=\"Emballage en rouleaux en gros\" class=\"wp-image-3682\" srcset=\"https:\/\/www.hyflexpack.com\/wp-content\/uploads\/2024\/05\/Wholesale-Roll-Film-Packaging-7.webp 750w, https:\/\/www.hyflexpack.com\/wp-content\/uploads\/2024\/05\/Wholesale-Roll-Film-Packaging-7-300x300.webp 300w, https:\/\/www.hyflexpack.com\/wp-content\/uploads\/2024\/05\/Wholesale-Roll-Film-Packaging-7-150x150.webp 150w, https:\/\/www.hyflexpack.com\/wp-content\/uploads\/2024\/05\/Wholesale-Roll-Film-Packaging-7-285x285.webp 285w, https:\/\/www.hyflexpack.com\/wp-content\/uploads\/2024\/05\/Wholesale-Roll-Film-Packaging-7-270x270.webp 270w, https:\/\/www.hyflexpack.com\/wp-content\/uploads\/2024\/05\/Wholesale-Roll-Film-Packaging-7-540x540.webp 540w, https:\/\/www.hyflexpack.com\/wp-content\/uploads\/2024\/05\/Wholesale-Roll-Film-Packaging-7-660x660.webp 660w\" sizes=\"(max-width: 750px) 100vw, 750px\" \/><\/figure>\n<\/div>\n<\/div>","protected":false},"excerpt":{"rendered":"<p>D\u00e9couvrez notre soci\u00e9t\u00e9 Roll Film Packaging, qui propose des emballages de biscuits au sucre lamin\u00e9s imprim\u00e9s avec fabrication automatique de sacs sur film en rouleau, avec les avantages d'une personnalisation personnalis\u00e9e, d'une assurance qualit\u00e9 et d'un service d'entreprise \u00e0 r\u00e9ponse rapide. Notre objectif est de fournir \u00e0 nos clients des solutions d'emballage personnalis\u00e9es attrayantes et de haute qualit\u00e9.<\/p>\n<h3>Avantages de l'emballage sous film en rouleau<\/h3>\n<ul>\n<li><strong>Conception personnalis\u00e9e<\/strong>: Fournir des solutions de conception personnalis\u00e9es pour r\u00e9pondre \u00e0 diff\u00e9rentes sp\u00e9cifications, tailles et exigences d'impression jusqu'\u00e0 10 couleurs selon les besoins du client, prendre en charge la personnalisation OEM et ODM.<\/li>\n<li><strong>Fabrication<\/strong>Gr\u00e2ce \u00e0 un \u00e9quipement et \u00e0 une technologie de pointe, nous pouvons r\u00e9aliser la production de la commande avec une grande efficacit\u00e9 et une grande qualit\u00e9, et nous pouvons livrer dans les d\u00e9lais.<\/li>\n<li><strong>Inspection de la qualit\u00e9<\/strong>: Respecter strictement les normes de qualit\u00e9 et les exigences en mati\u00e8re de s\u00e9curit\u00e9 alimentaire pour la production, afin de garantir que les produits r\u00e9pondent aux normes.<\/li>\n<li><strong>Service client\u00e8le<\/strong>Le service client\u00e8le est disponible 24 heures sur 24 pour fournir une r\u00e9ponse rapide et un service d'assistance \u00e0 la client\u00e8le attentionn\u00e9.<\/li>\n<li><strong>\u00c9chantillon gratuit<\/strong>\uff1aFournir des \u00e9chantillons gratuits pour vous permettre d'\u00e9valuer les produits.<\/li>\n<\/ul>\n<p>Huiyang Packaging s'engage \u00e0 fournir \u00e0 ses clients des emballages en rouleaux de haute qualit\u00e9 et personnalis\u00e9s afin de les aider \u00e0 am\u00e9liorer l'image de leurs produits et \u00e0 renforcer leur comp\u00e9titivit\u00e9 sur le march\u00e9.<\/p>","protected":false},"featured_media":3678,"comment_status":"open","ping_status":"closed","template":"","meta":[],"product_brand":[],"product_cat":[53],"product_tag":[],"class_list":{"0":"post-3660","1":"product","2":"type-product","3":"status-publish","4":"has-post-thumbnail","6":"product_cat-packaging-film-supplier","8":"first","9":"instock","10":"shipping-taxable","11":"product-type-simple"},"_links":{"self":[{"href":"https:\/\/www.hyflexpack.com\/fr\/wp-json\/wp\/v2\/product\/3660","targetHints":{"allow":["GET"]}}],"collection":[{"href":"https:\/\/www.hyflexpack.com\/fr\/wp-json\/wp\/v2\/product"}],"about":[{"href":"https:\/\/www.hyflexpack.com\/fr\/wp-json\/wp\/v2\/types\/product"}],"replies":[{"embeddable":true,"href":"https:\/\/www.hyflexpack.com\/fr\/wp-json\/wp\/v2\/comments?post=3660"}],"wp:featuredmedia":[{"embeddable":true,"href":"https:\/\/www.hyflexpack.com\/fr\/wp-json\/wp\/v2\/media\/3678"}],"wp:attachment":[{"href":"https:\/\/www.hyflexpack.com\/fr\/wp-json\/wp\/v2\/media?parent=3660"}],"wp:term":[{"taxonomy":"product_brand","embeddable":true,"href":"https:\/\/www.hyflexpack.com\/fr\/wp-json\/wp\/v2\/product_brand?post=3660"},{"taxonomy":"product_cat","embeddable":true,"href":"https:\/\/www.hyflexpack.com\/fr\/wp-json\/wp\/v2\/product_cat?post=3660"},{"taxonomy":"product_tag","embeddable":true,"href":"https:\/\/www.hyflexpack.com\/fr\/wp-json\/wp\/v2\/product_tag?post=3660"}],"curies":[{"name":"wp","href":"https:\/\/api.w.org\/{rel}","templated":true}]}}