{"id":3634,"date":"2024-05-24T09:38:52","date_gmt":"2024-05-24T09:38:52","guid":{"rendered":"https:\/\/hyflexpack.com\/?post_type=product&#038;p=3634"},"modified":"2024-05-24T09:38:54","modified_gmt":"2024-05-24T09:38:54","slug":"custom-cookies-packaging-bag","status":"publish","type":"product","link":"https:\/\/www.hyflexpack.com\/fr\/product\/custom-cookies-packaging-bag\/","title":{"rendered":"Sac d'emballage de biscuits sur mesure Emballage automatique en feuille d'aluminium Rouleaux de film lamin\u00e9"},"content":{"rendered":"<div class=\"wp-block-columns is-layout-flex wp-container-core-columns-is-layout-9d6595d7 wp-block-columns-is-layout-flex\">\n<div class=\"wp-block-column is-layout-flow wp-block-column-is-layout-flow\">\n<h3 class=\"wp-block-heading\">Caract\u00e9ristiques du sac d'emballage de biscuits de haute qualit\u00e9<\/h3>\n\n\n\n<ul class=\"wp-block-list\">\n<li>Technologie d'emballage automatis\u00e9e : le sac d'emballage pour biscuits adopte une technologie d'automatisation avanc\u00e9e pour garantir un processus de production d'emballage efficace et rapide, offrant des solutions d'emballage pratiques pour les biscuits.<\/li>\n<\/ul>\n\n\n\n<p><\/p>\n\n\n\n<ul class=\"wp-block-list\">\n<li>Couche d'aluminium pour la fra\u00eecheur : L'excellente couche d'aluminium isole efficacement l'oxyg\u00e8ne, l'humidit\u00e9 et la lumi\u00e8re, ce qui permet de conserver le go\u00fbt frais et la qualit\u00e9 durable des biscuits.<\/li>\n<\/ul>\n\n\n\n<p><\/p>\n\n\n\n<ul class=\"wp-block-list\">\n<li>Performance sup\u00e9rieure du film lamin\u00e9 : La technologie de laminage multicouche, qui combine les propri\u00e9t\u00e9s de diff\u00e9rents mat\u00e9riaux, offre une excellente r\u00e9sistance \u00e0 l'humidit\u00e9, \u00e0 l'oxydation et \u00e0 la d\u00e9chirure, garantissant ainsi l'int\u00e9grit\u00e9 et la s\u00e9curit\u00e9 de l'emballage.<\/li>\n<\/ul>\n\n\n\n<p><\/p>\n\n\n\n<ul class=\"wp-block-list\">\n<li>Positionnement de la marque : La conception et l'impression personnalis\u00e9es peuvent \u00eatre utilis\u00e9es pour mettre en valeur l'image et le message de la marque afin d'attirer davantage de consommateurs.<\/li>\n<\/ul>\n\n\n\n<p><\/p>\n\n\n\n<ul class=\"wp-block-list\">\n<li>Durabilit\u00e9 : Envisager d'utiliser des mat\u00e9riaux biod\u00e9gradables ou de lancer des sacs recyclables pour r\u00e9pondre \u00e0 la pr\u00e9f\u00e9rence des consommateurs pour les produits respectueux de l'environnement.<\/li>\n<\/ul>\n<\/div>\n\n\n\n<div class=\"wp-block-column is-layout-flow wp-block-column-is-layout-flow\">\n<figure class=\"wp-block-image size-full\"><img fetchpriority=\"high\" decoding=\"async\" width=\"750\" height=\"750\" src=\"https:\/\/hyflexpack.com\/wp-content\/uploads\/2024\/05\/Custom-Cookies-Packaging-Bag14.webp\" alt=\"Sac d&#039;emballage pour biscuits sur mesure\" class=\"wp-image-3655\" srcset=\"https:\/\/www.hyflexpack.com\/wp-content\/uploads\/2024\/05\/Custom-Cookies-Packaging-Bag14.webp 750w, https:\/\/www.hyflexpack.com\/wp-content\/uploads\/2024\/05\/Custom-Cookies-Packaging-Bag14-300x300.webp 300w, https:\/\/www.hyflexpack.com\/wp-content\/uploads\/2024\/05\/Custom-Cookies-Packaging-Bag14-150x150.webp 150w, https:\/\/www.hyflexpack.com\/wp-content\/uploads\/2024\/05\/Custom-Cookies-Packaging-Bag14-285x285.webp 285w, https:\/\/www.hyflexpack.com\/wp-content\/uploads\/2024\/05\/Custom-Cookies-Packaging-Bag14-270x270.webp 270w, https:\/\/www.hyflexpack.com\/wp-content\/uploads\/2024\/05\/Custom-Cookies-Packaging-Bag14-540x540.webp 540w, https:\/\/www.hyflexpack.com\/wp-content\/uploads\/2024\/05\/Custom-Cookies-Packaging-Bag14-660x660.webp 660w\" sizes=\"(max-width: 750px) 100vw, 750px\" \/><\/figure>\n<\/div>\n<\/div>","protected":false},"excerpt":{"rendered":"<p>D\u00e9couvrez notre film en rouleau pour l'emballage des biscuits, qui offre un mat\u00e9riau d'emballage automatis\u00e9 en feuille d'aluminium avec une technologie de film lamin\u00e9 pour pr\u00e9server le go\u00fbt frais et la qualit\u00e9 des biscuits. Nos produits sont con\u00e7us sur mesure et b\u00e9n\u00e9ficient d'une assurance qualit\u00e9 et d'une assistance technique professionnelle. Contactez-nous pour plus d'informations.<\/p>\n<h3>Avantages du sac d'emballage pour biscuits<\/h3>\n<ul>\n<li><strong>Conception personnalis\u00e9e<\/strong>: Fournir des solutions de conception personnalis\u00e9es pour r\u00e9pondre \u00e0 diff\u00e9rentes sp\u00e9cifications, tailles et exigences d'impression jusqu'\u00e0 10 couleurs selon les besoins du client, prendre en charge la personnalisation OEM et ODM.<\/li>\n<li><strong>Assurance qualit\u00e9<\/strong>: Contr\u00f4le strict du processus de production, utilisation de mati\u00e8res premi\u00e8res de haute qualit\u00e9 et d'\u00e9quipements de production avanc\u00e9s pour garantir une qualit\u00e9 de produit stable et fiable.<\/li>\n<li><strong>Support technique professionnel<\/strong>: Gr\u00e2ce \u00e0 une \u00e9quipe technique exp\u00e9riment\u00e9e, nous fournissons une assistance technique professionnelle et un service apr\u00e8s-vente pour garantir que les besoins des clients sont rapidement satisfaits et r\u00e9solus.<\/li>\n<li><strong>\u00c9chantillon gratuit<\/strong>: Fournir un service d'\u00e9chantillonnage gratuit pour vous permettre d'\u00e9valuer les produits.<\/li>\n<\/ul>\n<p>Huiyang Packaging s'engage \u00e0 fournir \u00e0 ses clients des sacs d'emballage de biscuits personnalis\u00e9s et de haute qualit\u00e9 afin de les aider \u00e0 am\u00e9liorer l'image de leurs produits et \u00e0 renforcer leur comp\u00e9titivit\u00e9 sur le march\u00e9.<\/p>","protected":false},"featured_media":3649,"comment_status":"open","ping_status":"closed","template":"","meta":[],"product_brand":[],"product_cat":[53],"product_tag":[],"class_list":{"0":"post-3634","1":"product","2":"type-product","3":"status-publish","4":"has-post-thumbnail","6":"product_cat-packaging-film-supplier","8":"first","9":"instock","10":"shipping-taxable","11":"product-type-simple"},"_links":{"self":[{"href":"https:\/\/www.hyflexpack.com\/fr\/wp-json\/wp\/v2\/product\/3634","targetHints":{"allow":["GET"]}}],"collection":[{"href":"https:\/\/www.hyflexpack.com\/fr\/wp-json\/wp\/v2\/product"}],"about":[{"href":"https:\/\/www.hyflexpack.com\/fr\/wp-json\/wp\/v2\/types\/product"}],"replies":[{"embeddable":true,"href":"https:\/\/www.hyflexpack.com\/fr\/wp-json\/wp\/v2\/comments?post=3634"}],"wp:featuredmedia":[{"embeddable":true,"href":"https:\/\/www.hyflexpack.com\/fr\/wp-json\/wp\/v2\/media\/3649"}],"wp:attachment":[{"href":"https:\/\/www.hyflexpack.com\/fr\/wp-json\/wp\/v2\/media?parent=3634"}],"wp:term":[{"taxonomy":"product_brand","embeddable":true,"href":"https:\/\/www.hyflexpack.com\/fr\/wp-json\/wp\/v2\/product_brand?post=3634"},{"taxonomy":"product_cat","embeddable":true,"href":"https:\/\/www.hyflexpack.com\/fr\/wp-json\/wp\/v2\/product_cat?post=3634"},{"taxonomy":"product_tag","embeddable":true,"href":"https:\/\/www.hyflexpack.com\/fr\/wp-json\/wp\/v2\/product_tag?post=3634"}],"curies":[{"name":"wp","href":"https:\/\/api.w.org\/{rel}","templated":true}]}}