{"id":3605,"date":"2024-05-24T09:04:55","date_gmt":"2024-05-24T09:04:55","guid":{"rendered":"https:\/\/hyflexpack.com\/?post_type=product&#038;p=3605"},"modified":"2024-05-25T04:03:48","modified_gmt":"2024-05-25T04:03:48","slug":"custom-biscuit-packaging-bags","status":"publish","type":"product","link":"https:\/\/www.hyflexpack.com\/fr\/product\/custom-biscuit-packaging-bags\/","title":{"rendered":"Sacs d'emballage de biscuits en plastique sur mesure Emballage automatique Rouleau de film Emballage alimentaire"},"content":{"rendered":"<div class=\"wp-block-columns is-layout-flex wp-container-core-columns-is-layout-9d6595d7 wp-block-columns-is-layout-flex\">\n<div class=\"wp-block-column is-layout-flow wp-block-column-is-layout-flow\">\n<h3 class=\"wp-block-heading\">Caract\u00e9ristiques des sacs d'emballage de biscuits en plastique de haute qualit\u00e9<\/h3>\n\n\n\n<ul class=\"wp-block-list\">\n<li>Emballage sous film automatis\u00e9 avanc\u00e9 : Nos sacs d'emballage pour biscuits utilisent des technologies d'automatisation de pointe pour faciliter un flux de production rapide et efficace.<\/li>\n<\/ul>\n\n\n\n<p><\/p>\n\n\n\n<ul class=\"wp-block-list\">\n<li>S\u00e9lection de mat\u00e9riaux compatibles avec les denr\u00e9es alimentaires : Nous choisissons m\u00e9ticuleusement des mat\u00e9riaux conformes aux normes rigoureuses de s\u00e9curit\u00e9 alimentaire afin de garantir la propret\u00e9 et la s\u00e9curit\u00e9 du produit, et d'assurer une compatibilit\u00e9 parfaite avec les biscuits.<\/li>\n<\/ul>\n\n\n\n<p><\/p>\n\n\n\n<ul class=\"wp-block-list\">\n<li>Int\u00e9grit\u00e9 sup\u00e9rieure du scellage : Offrant des capacit\u00e9s de scellage exceptionnelles, nos emballages prot\u00e8gent les biscuits contre l'humidit\u00e9 et les contaminants ext\u00e9rieurs, prolongeant ainsi la fra\u00eecheur et la dur\u00e9e de conservation du produit.<\/li>\n<\/ul>\n\n\n\n<p><\/p>\n\n\n\n<ul class=\"wp-block-list\">\n<li>Positionnement de la marque : La conception et l'impression personnalis\u00e9es peuvent \u00eatre utilis\u00e9es pour mettre en valeur l'image et le message de la marque afin d'attirer davantage de consommateurs.<\/li>\n<\/ul>\n\n\n\n<p><\/p>\n\n\n\n<ul class=\"wp-block-list\">\n<li>Durabilit\u00e9 : Envisager d'utiliser des mat\u00e9riaux biod\u00e9gradables ou de lancer des sacs recyclables pour r\u00e9pondre \u00e0 la pr\u00e9f\u00e9rence des consommateurs pour les produits respectueux de l'environnement.<\/li>\n<\/ul>\n<\/div>\n\n\n\n<div class=\"wp-block-column is-layout-flow wp-block-column-is-layout-flow\">\n<figure class=\"wp-block-image size-full\"><img fetchpriority=\"high\" decoding=\"async\" width=\"750\" height=\"750\" src=\"https:\/\/hyflexpack.com\/wp-content\/uploads\/2024\/05\/Custom-Biscuit-Packaging-2.webp\" alt=\"Emballage de biscuits sur mesure\" class=\"wp-image-3625\" srcset=\"https:\/\/www.hyflexpack.com\/wp-content\/uploads\/2024\/05\/Custom-Biscuit-Packaging-2.webp 750w, https:\/\/www.hyflexpack.com\/wp-content\/uploads\/2024\/05\/Custom-Biscuit-Packaging-2-300x300.webp 300w, https:\/\/www.hyflexpack.com\/wp-content\/uploads\/2024\/05\/Custom-Biscuit-Packaging-2-150x150.webp 150w, https:\/\/www.hyflexpack.com\/wp-content\/uploads\/2024\/05\/Custom-Biscuit-Packaging-2-285x285.webp 285w, https:\/\/www.hyflexpack.com\/wp-content\/uploads\/2024\/05\/Custom-Biscuit-Packaging-2-270x270.webp 270w, https:\/\/www.hyflexpack.com\/wp-content\/uploads\/2024\/05\/Custom-Biscuit-Packaging-2-540x540.webp 540w, https:\/\/www.hyflexpack.com\/wp-content\/uploads\/2024\/05\/Custom-Biscuit-Packaging-2-660x660.webp 660w\" sizes=\"(max-width: 750px) 100vw, 750px\" \/><\/figure>\n<\/div>\n<\/div>","protected":false},"excerpt":{"rendered":"<p>Nous proposons un rouleau de film d'emballage automatis\u00e9 pour l'emballage des biscuits, qui est fabriqu\u00e9 \u00e0 partir de mat\u00e9riaux de qualit\u00e9 alimentaire pour garantir d'excellentes performances de scellage, offrant ainsi des solutions d'emballage de haute qualit\u00e9 pour les biscuits et autres produits alimentaires.<\/p>\n<h3>Avantages des sacs d'emballage en plastique pour biscuits<\/h3>\n<ul>\n<li>Service personnalis\u00e9 : Fournir des solutions personnalis\u00e9es et sur mesure pour r\u00e9pondre aux besoins d'emballage de diff\u00e9rentes sp\u00e9cifications, formes et conceptions selon les besoins des clients.<\/li>\n<li>Assurance de la qualit\u00e9 : Contr\u00f4le strict du processus de production, utilisation de mat\u00e9riaux de haute qualit\u00e9 et d'\u00e9quipements de pointe pour garantir la stabilit\u00e9 et la fiabilit\u00e9 de la qualit\u00e9 des produits.<\/li>\n<li>Livraison dans les d\u00e9lais : optimiser le processus de production et am\u00e9liorer l'efficacit\u00e9 de la production afin de garantir la livraison dans les d\u00e9lais des commandes des clients et de r\u00e9pondre \u00e0 leurs besoins urgents.<\/li>\n<li>Service \u00e0 la client\u00e8le : Fournir une r\u00e9ponse rapide et un service client\u00e8le attentionn\u00e9 24 heures sur 24.<\/li>\n<li>\u00c9chantillon gratuit : Nous fournissons des \u00e9chantillons gratuits pour vous permettre d'\u00e9valuer les produits.<\/li>\n<\/ul>\n<p>Huiyang Packaging s'engage \u00e0 fournir \u00e0 ses clients des sacs d'emballage de biscuits personnalis\u00e9s de haute qualit\u00e9 pour les aider \u00e0 am\u00e9liorer l'image de leurs produits et leur comp\u00e9titivit\u00e9 sur le march\u00e9.<\/p>","protected":false},"featured_media":3626,"comment_status":"open","ping_status":"closed","template":"","meta":[],"product_brand":[],"product_cat":[53],"product_tag":[],"class_list":{"0":"post-3605","1":"product","2":"type-product","3":"status-publish","4":"has-post-thumbnail","6":"product_cat-packaging-film-supplier","8":"first","9":"instock","10":"shipping-taxable","11":"product-type-simple"},"_links":{"self":[{"href":"https:\/\/www.hyflexpack.com\/fr\/wp-json\/wp\/v2\/product\/3605","targetHints":{"allow":["GET"]}}],"collection":[{"href":"https:\/\/www.hyflexpack.com\/fr\/wp-json\/wp\/v2\/product"}],"about":[{"href":"https:\/\/www.hyflexpack.com\/fr\/wp-json\/wp\/v2\/types\/product"}],"replies":[{"embeddable":true,"href":"https:\/\/www.hyflexpack.com\/fr\/wp-json\/wp\/v2\/comments?post=3605"}],"wp:featuredmedia":[{"embeddable":true,"href":"https:\/\/www.hyflexpack.com\/fr\/wp-json\/wp\/v2\/media\/3626"}],"wp:attachment":[{"href":"https:\/\/www.hyflexpack.com\/fr\/wp-json\/wp\/v2\/media?parent=3605"}],"wp:term":[{"taxonomy":"product_brand","embeddable":true,"href":"https:\/\/www.hyflexpack.com\/fr\/wp-json\/wp\/v2\/product_brand?post=3605"},{"taxonomy":"product_cat","embeddable":true,"href":"https:\/\/www.hyflexpack.com\/fr\/wp-json\/wp\/v2\/product_cat?post=3605"},{"taxonomy":"product_tag","embeddable":true,"href":"https:\/\/www.hyflexpack.com\/fr\/wp-json\/wp\/v2\/product_tag?post=3605"}],"curies":[{"name":"wp","href":"https:\/\/api.w.org\/{rel}","templated":true}]}}