{"id":3299,"date":"2024-05-22T08:39:40","date_gmt":"2024-05-22T08:39:40","guid":{"rendered":"https:\/\/hyflexpack.com\/?post_type=product&#038;p=3299"},"modified":"2024-05-22T08:39:41","modified_gmt":"2024-05-22T08:39:41","slug":"customized-side-gusset-bag","status":"publish","type":"product","link":"https:\/\/www.hyflexpack.com\/fr\/product\/customized-side-gusset-bag\/","title":{"rendered":"Sac \u00e0 soufflet lat\u00e9ral personnalis\u00e9 Sacs d'emballage en plastique lamin\u00e9s \u00e0 trou de suspension pour les produits de lessive"},"content":{"rendered":"<div class=\"wp-block-columns is-layout-flex wp-container-core-columns-is-layout-9d6595d7 wp-block-columns-is-layout-flex\">\n<div class=\"wp-block-column is-layout-flow wp-block-column-is-layout-flow\">\n<h3 class=\"wp-block-heading\">Caract\u00e9ristiques du sac \u00e0 soufflet lat\u00e9ral de haute qualit\u00e9<\/h3>\n\n\n\n<ul class=\"wp-block-list\">\n<li>Conception du sac \u00e0 soufflet lat\u00e9ral : nos sacs \u00e0 lessive offrent une r\u00e9sistance et une stabilit\u00e9 accrues pour garantir que les sacs peuvent supporter le poids et conserver leur forme.<\/li>\n<\/ul>\n\n\n\n<p><\/p>\n\n\n\n<ul class=\"wp-block-list\">\n<li>Conception avec trous de suspension : les sacs sont \u00e9quip\u00e9s de trous de suspension pour une pr\u00e9sentation facile sur les \u00e9tag\u00e8res, augmentant ainsi la visibilit\u00e9 et l'attractivit\u00e9 de vos produits.<\/li>\n<\/ul>\n\n\n\n<p><\/p>\n\n\n\n<ul class=\"wp-block-list\">\n<li>Mat\u00e9riau lamin\u00e9 : un mat\u00e9riau lamin\u00e9 de haute qualit\u00e9 r\u00e9sistant \u00e0 l'humidit\u00e9, \u00e0 la d\u00e9chirure et \u00e0 la contamination prot\u00e8ge la qualit\u00e9 de la lessive.<\/li>\n<\/ul>\n\n\n\n<p><\/p>\n\n\n\n<ul class=\"wp-block-list\">\n<li>Faible empreinte carbone : la conception l\u00e9g\u00e8re r\u00e9duit efficacement les co\u00fbts de transport et les \u00e9missions de carbone, favorisant ainsi le d\u00e9veloppement durable.<\/li>\n<\/ul>\n\n\n\n<p><\/p>\n\n\n\n<ul class=\"wp-block-list\">\n<li>Impression de haute qualit\u00e9 : fournir des services d'impression personnalis\u00e9s de haute d\u00e9finition et prendre en charge plusieurs couleurs et motifs afin d'am\u00e9liorer l'image de marque et la comp\u00e9titivit\u00e9 du march\u00e9.<\/li>\n<\/ul>\n<\/div>\n\n\n\n<div class=\"wp-block-column is-layout-flow wp-block-column-is-layout-flow\">\n<figure class=\"wp-block-image size-full\"><img fetchpriority=\"high\" decoding=\"async\" width=\"750\" height=\"750\" src=\"https:\/\/hyflexpack.com\/wp-content\/uploads\/2024\/05\/Customized-Side-Gusset-Bag-1.webp\" alt=\"Sac \u00e0 soufflet lat\u00e9ral personnalis\u00e9\" class=\"wp-image-3300\" srcset=\"https:\/\/www.hyflexpack.com\/wp-content\/uploads\/2024\/05\/Customized-Side-Gusset-Bag-1.webp 750w, https:\/\/www.hyflexpack.com\/wp-content\/uploads\/2024\/05\/Customized-Side-Gusset-Bag-1-300x300.webp 300w, https:\/\/www.hyflexpack.com\/wp-content\/uploads\/2024\/05\/Customized-Side-Gusset-Bag-1-150x150.webp 150w, https:\/\/www.hyflexpack.com\/wp-content\/uploads\/2024\/05\/Customized-Side-Gusset-Bag-1-285x285.webp 285w, https:\/\/www.hyflexpack.com\/wp-content\/uploads\/2024\/05\/Customized-Side-Gusset-Bag-1-270x270.webp 270w, https:\/\/www.hyflexpack.com\/wp-content\/uploads\/2024\/05\/Customized-Side-Gusset-Bag-1-540x540.webp 540w, https:\/\/www.hyflexpack.com\/wp-content\/uploads\/2024\/05\/Customized-Side-Gusset-Bag-1-660x660.webp 660w\" sizes=\"(max-width: 750px) 100vw, 750px\" \/><\/figure>\n<\/div>\n<\/div>","protected":false},"excerpt":{"rendered":"<p>D\u00e9couvrez nos sacs \u00e0 soufflet lat\u00e9ral pour d\u00e9tergent \u00e0 lessive, fabriqu\u00e9s \u00e0 partir de mat\u00e9riaux lamin\u00e9s de haute qualit\u00e9, dot\u00e9s de trous de suspension, de fermetures \u00e0 glissi\u00e8re auto-obturantes et de designs faciles \u00e0 d\u00e9chirer, \u00e9cologiques et fonctionnels. Contactez-nous d\u00e8s aujourd'hui pour aider votre marque \u00e0 se d\u00e9marquer sur le march\u00e9.<\/p>\n<h3>Avantages du sac \u00e0 soufflet lat\u00e9ral<\/h3>\n<ul>\n<li><strong>Conception personnalis\u00e9e<\/strong>:Nous proposons un service de conception personnalis\u00e9e de sacs d'emballage pour boissons, y compris la personnalisation du mat\u00e9riau, de la taille et du motif d'impression pour r\u00e9pondre aux besoins des clients en mati\u00e8re d'image de marque, et nous prenons en charge l'OEM et l'ODM.<\/li>\n<li><strong>Fabrication<\/strong>Gr\u00e2ce \u00e0 un \u00e9quipement et \u00e0 une technologie de pointe, nous sommes en mesure de r\u00e9aliser la production de la commande avec une grande efficacit\u00e9 et une grande qualit\u00e9, et de la livrer dans les d\u00e9lais.<\/li>\n<li><strong>Inspection de la qualit\u00e9<\/strong>Respecter strictement les normes de qualit\u00e9 et les exigences en mati\u00e8re de s\u00e9curit\u00e9 alimentaire afin de s'assurer que les produits r\u00e9pondent aux normes.<\/li>\n<li><strong>Service client\u00e8le<\/strong>:Fournir une r\u00e9ponse rapide et un service \u00e0 la client\u00e8le attentionn\u00e9 24 heures par jour.<\/li>\n<li><strong>\u00c9chantillon gratuit<\/strong>:Fournir un service d'\u00e9chantillonnage gratuit pour vous permettre d'\u00e9valuer les produits.<\/li>\n<\/ul>\n<p>Huiyang Packaging s'engage \u00e0 fournir \u00e0 ses clients des sacs \u00e0 soufflets lat\u00e9raux de haute qualit\u00e9 et personnalis\u00e9s afin de les aider \u00e0 am\u00e9liorer l'image de leurs produits et \u00e0 renforcer leur comp\u00e9titivit\u00e9 sur le march\u00e9.<\/p>","protected":false},"featured_media":3300,"comment_status":"open","ping_status":"closed","template":"","meta":[],"product_brand":[],"product_cat":[52],"product_tag":[],"class_list":{"0":"post-3299","1":"product","2":"type-product","3":"status-publish","4":"has-post-thumbnail","6":"product_cat-custom-daily-chemical-packaging","8":"first","9":"instock","10":"shipping-taxable","11":"product-type-simple"},"_links":{"self":[{"href":"https:\/\/www.hyflexpack.com\/fr\/wp-json\/wp\/v2\/product\/3299","targetHints":{"allow":["GET"]}}],"collection":[{"href":"https:\/\/www.hyflexpack.com\/fr\/wp-json\/wp\/v2\/product"}],"about":[{"href":"https:\/\/www.hyflexpack.com\/fr\/wp-json\/wp\/v2\/types\/product"}],"replies":[{"embeddable":true,"href":"https:\/\/www.hyflexpack.com\/fr\/wp-json\/wp\/v2\/comments?post=3299"}],"wp:featuredmedia":[{"embeddable":true,"href":"https:\/\/www.hyflexpack.com\/fr\/wp-json\/wp\/v2\/media\/3300"}],"wp:attachment":[{"href":"https:\/\/www.hyflexpack.com\/fr\/wp-json\/wp\/v2\/media?parent=3299"}],"wp:term":[{"taxonomy":"product_brand","embeddable":true,"href":"https:\/\/www.hyflexpack.com\/fr\/wp-json\/wp\/v2\/product_brand?post=3299"},{"taxonomy":"product_cat","embeddable":true,"href":"https:\/\/www.hyflexpack.com\/fr\/wp-json\/wp\/v2\/product_cat?post=3299"},{"taxonomy":"product_tag","embeddable":true,"href":"https:\/\/www.hyflexpack.com\/fr\/wp-json\/wp\/v2\/product_tag?post=3299"}],"curies":[{"name":"wp","href":"https:\/\/api.w.org\/{rel}","templated":true}]}}