{"id":3293,"date":"2024-05-22T07:49:56","date_gmt":"2024-05-22T07:49:56","guid":{"rendered":"https:\/\/hyflexpack.com\/?post_type=product&#038;p=3293"},"modified":"2024-05-22T07:49:57","modified_gmt":"2024-05-22T07:49:57","slug":"china-supply-washing-powder-pouches","status":"publish","type":"product","link":"https:\/\/www.hyflexpack.com\/fr\/product\/china-supply-washing-powder-pouches\/","title":{"rendered":"Sacs \u00e0 fermeture \u00e9clair \u00e0 trou de suspension et \u00e0 d\u00e9chirure facile pour les poudres \u00e0 lessive en Chine"},"content":{"rendered":"<div class=\"wp-block-columns is-layout-flex wp-container-core-columns-is-layout-9d6595d7 wp-block-columns-is-layout-flex\">\n<div class=\"wp-block-column is-layout-flow wp-block-column-is-layout-flow\">\n<h3 class=\"wp-block-heading\">Features of High Quality Washing Powder Pouches<\/h3>\n\n\n\n<ul class=\"wp-block-list\">\n<li>Hanging Hole Design: our washing powder pouches are equipped with hanging holes for easy display on shelves, enhancing the visibility and attractiveness of the product.<\/li>\n\n\n\n<li>Convenient Tear Tab: washing powder pouches are designed with easy tear tabs, which allows users to easily open the package for convenient access to the washing powder without the need to use scissors or other tools.<\/li>\n\n\n\n<li>Self-sealing Zipper: equipped with a self-sealing zipper to ensure the bag can be sealed multiple times to keep the laundry detergent fresh and moisture-proof.<\/li>\n\n\n\n<li>Recyclable Material: Using environmentally friendly recyclable material reduces the burden on the environment and is in line with the green concept.<\/li>\n\n\n\n<li>High-quality Printing: provided with high-definition custom printing service, supporting multiple colors and patterns, helping brands stand out in the market.<\/li>\n\n\n\n<li>Variety of Options: provide customized services with different sizes, shapes and printing designs to meet various brand and market needs.<\/li>\n<\/ul>\n<\/div>\n\n\n\n<div class=\"wp-block-column is-layout-flow wp-block-column-is-layout-flow\">\n<figure class=\"wp-block-image size-full\"><img fetchpriority=\"high\" decoding=\"async\" width=\"750\" height=\"750\" src=\"https:\/\/hyflexpack.com\/wp-content\/uploads\/2024\/05\/China-Supply-Washing-Powder-Pouches-1.webp\" alt=\"Fourniture de sachets de poudre \u00e0 laver en Chine\" class=\"wp-image-3294\" srcset=\"https:\/\/www.hyflexpack.com\/wp-content\/uploads\/2024\/05\/China-Supply-Washing-Powder-Pouches-1.webp 750w, https:\/\/www.hyflexpack.com\/wp-content\/uploads\/2024\/05\/China-Supply-Washing-Powder-Pouches-1-300x300.webp 300w, https:\/\/www.hyflexpack.com\/wp-content\/uploads\/2024\/05\/China-Supply-Washing-Powder-Pouches-1-150x150.webp 150w, https:\/\/www.hyflexpack.com\/wp-content\/uploads\/2024\/05\/China-Supply-Washing-Powder-Pouches-1-285x285.webp 285w, https:\/\/www.hyflexpack.com\/wp-content\/uploads\/2024\/05\/China-Supply-Washing-Powder-Pouches-1-270x270.webp 270w, https:\/\/www.hyflexpack.com\/wp-content\/uploads\/2024\/05\/China-Supply-Washing-Powder-Pouches-1-540x540.webp 540w, https:\/\/www.hyflexpack.com\/wp-content\/uploads\/2024\/05\/China-Supply-Washing-Powder-Pouches-1-660x660.webp 660w\" sizes=\"(max-width: 750px) 100vw, 750px\" \/><\/figure>\n<\/div>\n<\/div>","protected":false},"excerpt":{"rendered":"<p>Learn more about our washing powder pouches featuring hanging holes, convenient tear-off and self-sealing zipper design, made of environmentally friendly recyclable materials to ensure that the washing powder is fresh and moisture-proof. Contact us today to learn more about customization options.<\/p>\n<h3>Advantages of Washing Powder Pouches<\/h3>\n<ul>\n<li><strong>Customization<\/strong>: Our professional team can provide tailor-made packaging solutions according to your brand&#8217;s needs, ensuring a perfect fit with your brand image.<\/li>\n<li><strong>Rapid Response<\/strong>: Efficient production process and rapid response team ensure that every step from design to delivery can be completed quickly.<\/li>\n<li><strong>Whole Process Monitoring<\/strong>: Strict quality testing is carried out at every stage, from raw material procurement to finished product delivery, to ensure that product quality meets the highest standards.<\/li>\n<li><strong>Un service client de qualit\u00e9<\/strong>:Provide professional packaging design and marketing consulting services to help customers choose the most suitable packaging solutions to achieve their brand goals.<\/li>\n<li><strong>\u00c9chantillon gratuit<\/strong>:We provide free sample service for you to evaluate your products.<\/li>\n<\/ul>\n<p>Huiyang Packaging is committed to providing customers with high-quality, customized washing powder pouches to help customers improve product image and enhance market competitiveness.<\/p>","protected":false},"featured_media":3294,"comment_status":"open","ping_status":"closed","template":"","meta":[],"product_brand":[],"product_cat":[52],"product_tag":[],"class_list":{"0":"post-3293","1":"product","2":"type-product","3":"status-publish","4":"has-post-thumbnail","6":"product_cat-custom-daily-chemical-packaging","8":"first","9":"instock","10":"shipping-taxable","11":"product-type-simple"},"_links":{"self":[{"href":"https:\/\/www.hyflexpack.com\/fr\/wp-json\/wp\/v2\/product\/3293","targetHints":{"allow":["GET"]}}],"collection":[{"href":"https:\/\/www.hyflexpack.com\/fr\/wp-json\/wp\/v2\/product"}],"about":[{"href":"https:\/\/www.hyflexpack.com\/fr\/wp-json\/wp\/v2\/types\/product"}],"replies":[{"embeddable":true,"href":"https:\/\/www.hyflexpack.com\/fr\/wp-json\/wp\/v2\/comments?post=3293"}],"wp:featuredmedia":[{"embeddable":true,"href":"https:\/\/www.hyflexpack.com\/fr\/wp-json\/wp\/v2\/media\/3294"}],"wp:attachment":[{"href":"https:\/\/www.hyflexpack.com\/fr\/wp-json\/wp\/v2\/media?parent=3293"}],"wp:term":[{"taxonomy":"product_brand","embeddable":true,"href":"https:\/\/www.hyflexpack.com\/fr\/wp-json\/wp\/v2\/product_brand?post=3293"},{"taxonomy":"product_cat","embeddable":true,"href":"https:\/\/www.hyflexpack.com\/fr\/wp-json\/wp\/v2\/product_cat?post=3293"},{"taxonomy":"product_tag","embeddable":true,"href":"https:\/\/www.hyflexpack.com\/fr\/wp-json\/wp\/v2\/product_tag?post=3293"}],"curies":[{"name":"wp","href":"https:\/\/api.w.org\/{rel}","templated":true}]}}