{"id":3288,"date":"2024-05-22T02:01:11","date_gmt":"2024-05-22T02:01:11","guid":{"rendered":"https:\/\/hyflexpack.com\/?post_type=product&#038;p=3288"},"modified":"2024-05-22T07:17:09","modified_gmt":"2024-05-22T07:17:09","slug":"wholesale-washing-powder-bag","status":"publish","type":"product","link":"https:\/\/www.hyflexpack.com\/fr\/product\/wholesale-washing-powder-bag\/","title":{"rendered":"Sac de poudre \u00e0 laver en gros Fin\/Lap Seal Pouch Printing Easy Tear Packaging"},"content":{"rendered":"<div class=\"wp-block-columns is-layout-flex wp-container-core-columns-is-layout-9d6595d7 wp-block-columns-is-layout-flex\">\n<div class=\"wp-block-column is-layout-flow wp-block-column-is-layout-flow\">\n<h3 class=\"wp-block-heading\">Caract\u00e9ristiques du sac \u00e0 lessive de haute qualit\u00e9<\/h3>\n\n\n\n<ul class=\"wp-block-list\">\n<li>Conception de la pochette avec fermeture \u00e0 onglet : nos sachets de lessive en poudre sont con\u00e7us avec une fermeture \u00e0 onglet pour garantir un emballage solide avec une performance de fermeture sup\u00e9rieure, prot\u00e9geant la lessive en poudre de l'humidit\u00e9 et de la contamination.<\/li>\n<\/ul>\n\n\n\n<p><\/p>\n\n\n\n<ul class=\"wp-block-list\">\n<li>Conception pratique des languettes \u00e0 d\u00e9chirer : Chaque sac est dot\u00e9 de languettes faciles \u00e0 d\u00e9chirer, ce qui permet aux utilisateurs d'ouvrir l'emballage rapidement et facilement sans utiliser de ciseaux ou d'autres outils.<\/li>\n<\/ul>\n\n\n\n<p><\/p>\n\n\n\n<ul class=\"wp-block-list\">\n<li>Mat\u00e9riau de haute qualit\u00e9 et durable : Des mat\u00e9riaux tr\u00e8s r\u00e9sistants, ind\u00e9chirables et antistatiques sont utilis\u00e9s pour garantir que les sacs ne se cassent pas facilement pendant le transport et l'utilisation.<\/li>\n<\/ul>\n\n\n\n<p><\/p>\n\n\n\n<ul class=\"wp-block-list\">\n<li>Respectueux de l'environnement et durable : L'utilisation de mat\u00e9riaux recyclables respectueux de l'environnement et la conception l\u00e9g\u00e8re r\u00e9duisent la charge sur l'environnement, les co\u00fbts de transport et les \u00e9missions de carbone, et soutiennent le concept vert.<\/li>\n<\/ul>\n\n\n\n<p><\/p>\n\n\n\n<ul class=\"wp-block-list\">\n<li>Affichage de la marque : Am\u00e9liorer l'image de marque et la comp\u00e9titivit\u00e9 du produit sur le march\u00e9 gr\u00e2ce \u00e0 une conception d'impression exquise.<\/li>\n<\/ul>\n<\/div>\n\n\n\n<div class=\"wp-block-column is-layout-flow wp-block-column-is-layout-flow\">\n<figure class=\"wp-block-image size-full\"><img fetchpriority=\"high\" decoding=\"async\" width=\"750\" height=\"750\" src=\"https:\/\/hyflexpack.com\/wp-content\/uploads\/2024\/05\/Wholesale-Washing-Powder-Bag-1.webp\" alt=\"Sac \u00e0 lessive en gros\" class=\"wp-image-3289\" srcset=\"https:\/\/www.hyflexpack.com\/wp-content\/uploads\/2024\/05\/Wholesale-Washing-Powder-Bag-1.webp 750w, https:\/\/www.hyflexpack.com\/wp-content\/uploads\/2024\/05\/Wholesale-Washing-Powder-Bag-1-300x300.webp 300w, https:\/\/www.hyflexpack.com\/wp-content\/uploads\/2024\/05\/Wholesale-Washing-Powder-Bag-1-150x150.webp 150w, https:\/\/www.hyflexpack.com\/wp-content\/uploads\/2024\/05\/Wholesale-Washing-Powder-Bag-1-285x285.webp 285w, https:\/\/www.hyflexpack.com\/wp-content\/uploads\/2024\/05\/Wholesale-Washing-Powder-Bag-1-270x270.webp 270w, https:\/\/www.hyflexpack.com\/wp-content\/uploads\/2024\/05\/Wholesale-Washing-Powder-Bag-1-540x540.webp 540w, https:\/\/www.hyflexpack.com\/wp-content\/uploads\/2024\/05\/Wholesale-Washing-Powder-Bag-1-660x660.webp 660w\" sizes=\"(max-width: 750px) 100vw, 750px\" \/><\/figure>\n<\/div>\n<\/div>","protected":false},"excerpt":{"rendered":"<p>Les sacs \u00e0 lessive Explore sont fabriqu\u00e9s \u00e0 partir de mat\u00e9riaux recyclables respectueux de l'environnement et sont dot\u00e9s d'une ouverture pratique pour garantir la fra\u00eecheur et la s\u00e9curit\u00e9 de la lessive. Choisissez l'une de nos solutions d'emballage pour am\u00e9liorer votre image de marque et vous d\u00e9marquer sur le march\u00e9. Contactez-nous d\u00e8s aujourd'hui pour en savoir plus sur les options de personnalisation et unissez-vous pour r\u00e9ussir.<\/p>\n<h3>Avantages du sac \u00e0 lessive<\/h3>\n<ul>\n<li><strong>Conception personnalis\u00e9e<\/strong>Conception personnalis\u00e9e : nous proposons des sacs d'emballage de boissons de conception personnalis\u00e9e avec des motifs personnalis\u00e9s pour r\u00e9pondre aux besoins des clients, et nous prenons en charge l'OEM et l'ODM.<\/li>\n<li><strong>Fabrication<\/strong>Gr\u00e2ce \u00e0 un \u00e9quipement et \u00e0 une technologie de pointe, nous sommes en mesure de r\u00e9aliser la production de la commande avec une grande efficacit\u00e9 et une grande qualit\u00e9, et de la livrer dans les d\u00e9lais.<\/li>\n<li><strong>Inspection de la qualit\u00e9<\/strong>Respecter strictement les normes de qualit\u00e9 et les exigences en mati\u00e8re de s\u00e9curit\u00e9 alimentaire afin de s'assurer que les produits r\u00e9pondent aux normes.<\/li>\n<li><strong>Service client\u00e8le<\/strong>:Fournir une r\u00e9ponse rapide et un service \u00e0 la client\u00e8le attentionn\u00e9 24 heures par jour.<\/li>\n<li><strong>\u00c9chantillon gratuit<\/strong>:Fournir un service d'\u00e9chantillonnage gratuit pour vous permettre d'\u00e9valuer les produits.<\/li>\n<\/ul>\n<p>Huiyang Packaging s'engage \u00e0 fournir \u00e0 ses clients des sacs \u00e0 lessive de haute qualit\u00e9 et personnalis\u00e9s afin de les aider \u00e0 am\u00e9liorer l'image de leurs produits et \u00e0 renforcer leur comp\u00e9titivit\u00e9 sur le march\u00e9.<\/p>","protected":false},"featured_media":3290,"comment_status":"closed","ping_status":"closed","template":"","meta":[],"product_brand":[],"product_cat":[52],"product_tag":[],"class_list":{"0":"post-3288","1":"product","2":"type-product","3":"status-publish","4":"has-post-thumbnail","6":"product_cat-custom-daily-chemical-packaging","8":"first","9":"instock","10":"shipping-taxable","11":"product-type-simple"},"_links":{"self":[{"href":"https:\/\/www.hyflexpack.com\/fr\/wp-json\/wp\/v2\/product\/3288","targetHints":{"allow":["GET"]}}],"collection":[{"href":"https:\/\/www.hyflexpack.com\/fr\/wp-json\/wp\/v2\/product"}],"about":[{"href":"https:\/\/www.hyflexpack.com\/fr\/wp-json\/wp\/v2\/types\/product"}],"replies":[{"embeddable":true,"href":"https:\/\/www.hyflexpack.com\/fr\/wp-json\/wp\/v2\/comments?post=3288"}],"wp:featuredmedia":[{"embeddable":true,"href":"https:\/\/www.hyflexpack.com\/fr\/wp-json\/wp\/v2\/media\/3290"}],"wp:attachment":[{"href":"https:\/\/www.hyflexpack.com\/fr\/wp-json\/wp\/v2\/media?parent=3288"}],"wp:term":[{"taxonomy":"product_brand","embeddable":true,"href":"https:\/\/www.hyflexpack.com\/fr\/wp-json\/wp\/v2\/product_brand?post=3288"},{"taxonomy":"product_cat","embeddable":true,"href":"https:\/\/www.hyflexpack.com\/fr\/wp-json\/wp\/v2\/product_cat?post=3288"},{"taxonomy":"product_tag","embeddable":true,"href":"https:\/\/www.hyflexpack.com\/fr\/wp-json\/wp\/v2\/product_tag?post=3288"}],"curies":[{"name":"wp","href":"https:\/\/api.w.org\/{rel}","templated":true}]}}