{"id":3119,"date":"2024-05-22T01:29:17","date_gmt":"2024-05-22T01:29:17","guid":{"rendered":"https:\/\/hyflexpack.com\/?post_type=product&#038;p=3119"},"modified":"2024-05-22T01:29:18","modified_gmt":"2024-05-22T01:29:18","slug":"custom-washing-powder-bags","status":"publish","type":"product","link":"https:\/\/www.hyflexpack.com\/fr\/product\/custom-washing-powder-bags\/","title":{"rendered":"Sacs \u00e0 lessive personnalis\u00e9s Sacs \u00e0 fermeture \u00e9clair Emballage recyclable permanent"},"content":{"rendered":"<div class=\"wp-block-columns is-layout-flex wp-container-core-columns-is-layout-9d6595d7 wp-block-columns-is-layout-flex\">\n<div class=\"wp-block-column is-layout-flow wp-block-column-is-layout-flow\">\n<h3 class=\"wp-block-heading\">Caract\u00e9ristiques des sacs \u00e0 lessive de haute qualit\u00e9<\/h3>\n\n\n\n<ul class=\"wp-block-list\">\n<li>Conception verticale : les sacs pour lessive en poudre sont con\u00e7us avec une conception verticale, ce qui est pratique pour la pr\u00e9sentation et le stockage, et garantit que les produits sont plus beaux et plus stables lorsqu'ils sont pr\u00e9sent\u00e9s sur les \u00e9tag\u00e8res.<\/li>\n<\/ul>\n\n\n\n<p><\/p>\n\n\n\n<ul class=\"wp-block-list\">\n<li>Fermeture \u00e0 glissi\u00e8re : \u00e9quip\u00e9e d'une fermeture \u00e0 glissi\u00e8re pratique, elle est facile \u00e0 utiliser et peut \u00eatre ouverte et ferm\u00e9e de nombreuses fois pour garantir l'\u00e9tanch\u00e9it\u00e9 et la fra\u00eecheur du sac de d\u00e9tergent \u00e0 lessive.<\/li>\n<\/ul>\n\n\n\n<p><\/p>\n\n\n\n<ul class=\"wp-block-list\">\n<li>Mat\u00e9riau durable de haute qualit\u00e9 : Fabriqu\u00e9 dans un mat\u00e9riau tr\u00e8s solide, r\u00e9sistant \u00e0 la d\u00e9chirure et \u00e0 l'humidit\u00e9 pour prot\u00e9ger le contenu de l'environnement ext\u00e9rieur.<\/li>\n<\/ul>\n\n\n\n<p><\/p>\n\n\n\n<ul class=\"wp-block-list\">\n<li>Durable sur le plan environnemental : L'utilisation de mat\u00e9riaux recyclables respectueux de l'environnement permet de respecter les normes environnementales et de r\u00e9pondre au concept de protection de l'environnement. Conception l\u00e9g\u00e8re, r\u00e9duisant efficacement les co\u00fbts de transport et les \u00e9missions de carbone.<\/li>\n<\/ul>\n\n\n\n<p><\/p>\n\n\n\n<ul class=\"wp-block-list\">\n<li>Conception \u00e0 grande capacit\u00e9 : plusieurs options de capacit\u00e9 sont disponibles pour r\u00e9pondre aux diff\u00e9rents besoins des familles et des entreprises.<\/li>\n<\/ul>\n<\/div>\n\n\n\n<div class=\"wp-block-column is-layout-flow wp-block-column-is-layout-flow\">\n<h2 class=\"wp-block-heading\"><\/h2>\n\n\n\n<figure class=\"wp-block-image size-full\"><img fetchpriority=\"high\" decoding=\"async\" width=\"750\" height=\"750\" src=\"https:\/\/hyflexpack.com\/wp-content\/uploads\/2024\/05\/Custom-Washing-Powder-Bags-1.webp\" alt=\"Sacs \u00e0 lessive personnalis\u00e9s\" class=\"wp-image-3280\" srcset=\"https:\/\/www.hyflexpack.com\/wp-content\/uploads\/2024\/05\/Custom-Washing-Powder-Bags-1.webp 750w, https:\/\/www.hyflexpack.com\/wp-content\/uploads\/2024\/05\/Custom-Washing-Powder-Bags-1-300x300.webp 300w, https:\/\/www.hyflexpack.com\/wp-content\/uploads\/2024\/05\/Custom-Washing-Powder-Bags-1-150x150.webp 150w, https:\/\/www.hyflexpack.com\/wp-content\/uploads\/2024\/05\/Custom-Washing-Powder-Bags-1-285x285.webp 285w, https:\/\/www.hyflexpack.com\/wp-content\/uploads\/2024\/05\/Custom-Washing-Powder-Bags-1-270x270.webp 270w, https:\/\/www.hyflexpack.com\/wp-content\/uploads\/2024\/05\/Custom-Washing-Powder-Bags-1-540x540.webp 540w, https:\/\/www.hyflexpack.com\/wp-content\/uploads\/2024\/05\/Custom-Washing-Powder-Bags-1-660x660.webp 660w\" sizes=\"(max-width: 750px) 100vw, 750px\" \/><\/figure>\n<\/div>\n<\/div>","protected":false},"excerpt":{"rendered":"<p>En savoir plus sur nos sacs \u00e0 fermeture \u00e9clair pour lessive en poudre avec un design vertical, des mat\u00e9riaux recyclables respectueux de l'environnement, \u00e9quip\u00e9s d'une fermeture \u00e0 glissi\u00e8re pratique pour prot\u00e9ger la lessive fra\u00eeche et durable. Avec un service de personnalisation et un contr\u00f4le de qualit\u00e9 strict, nous sommes le choix id\u00e9al pour associer votre marque au concept de protection de l'environnement.<\/p>\n<h3>Avantages des sacs de poudre \u00e0 laver<\/h3>\n<ul>\n<li><strong>Personnalisation<\/strong>: Fournir des services personnalis\u00e9s de diff\u00e9rentes tailles, formes et motifs d'impression en fonction des besoins des clients afin de r\u00e9pondre \u00e0 la pr\u00e9sentation personnalis\u00e9e de la marque.<\/li>\n<li><strong>\u00c9quipe professionnelle<\/strong>: Une \u00e9quipe professionnelle r\u00e9pond rapidement aux besoins des clients et compl\u00e8te efficacement le processus, de la conception \u00e0 la production, afin de garantir une livraison dans les d\u00e9lais.<\/li>\n<li><strong>Contr\u00f4le de la qualit\u00e9<\/strong>: Contr\u00f4le strict de la qualit\u00e9 \u00e0 tous les stades, conform\u00e9ment \u00e0 des normes \u00e9lev\u00e9es, et produits soumis \u00e0 un certain nombre de certifications de qualit\u00e9 internationales afin de garantir une qualit\u00e9 fiable.<\/li>\n<li><strong>Service client\u00e8le<\/strong>: Fournir des services professionnels de conseil sur les produits et les march\u00e9s afin d'aider les clients \u00e0 choisir les meilleures solutions d'emballage, et r\u00e9pondre rapidement aux commentaires et aux questions des clients.<\/li>\n<li><strong>\u00c9chantillon gratuit<\/strong>Nous fournissons un service d'\u00e9chantillonnage gratuit pour vous permettre d'\u00e9valuer les produits.<\/li>\n<\/ul>\n<p>Huiyang Packaging s'engage \u00e0 fournir \u00e0 ses clients des sacs \u00e0 lessive de haute qualit\u00e9 et personnalis\u00e9s afin de les aider \u00e0 am\u00e9liorer l'image de leurs produits et \u00e0 renforcer leur comp\u00e9titivit\u00e9 sur le march\u00e9.<\/p>","protected":false},"featured_media":3284,"comment_status":"open","ping_status":"closed","template":"","meta":[],"product_brand":[],"product_cat":[52],"product_tag":[],"class_list":{"0":"post-3119","1":"product","2":"type-product","3":"status-publish","4":"has-post-thumbnail","6":"product_cat-custom-daily-chemical-packaging","8":"first","9":"instock","10":"shipping-taxable","11":"product-type-simple"},"_links":{"self":[{"href":"https:\/\/www.hyflexpack.com\/fr\/wp-json\/wp\/v2\/product\/3119","targetHints":{"allow":["GET"]}}],"collection":[{"href":"https:\/\/www.hyflexpack.com\/fr\/wp-json\/wp\/v2\/product"}],"about":[{"href":"https:\/\/www.hyflexpack.com\/fr\/wp-json\/wp\/v2\/types\/product"}],"replies":[{"embeddable":true,"href":"https:\/\/www.hyflexpack.com\/fr\/wp-json\/wp\/v2\/comments?post=3119"}],"wp:featuredmedia":[{"embeddable":true,"href":"https:\/\/www.hyflexpack.com\/fr\/wp-json\/wp\/v2\/media\/3284"}],"wp:attachment":[{"href":"https:\/\/www.hyflexpack.com\/fr\/wp-json\/wp\/v2\/media?parent=3119"}],"wp:term":[{"taxonomy":"product_brand","embeddable":true,"href":"https:\/\/www.hyflexpack.com\/fr\/wp-json\/wp\/v2\/product_brand?post=3119"},{"taxonomy":"product_cat","embeddable":true,"href":"https:\/\/www.hyflexpack.com\/fr\/wp-json\/wp\/v2\/product_cat?post=3119"},{"taxonomy":"product_tag","embeddable":true,"href":"https:\/\/www.hyflexpack.com\/fr\/wp-json\/wp\/v2\/product_tag?post=3119"}],"curies":[{"name":"wp","href":"https:\/\/api.w.org\/{rel}","templated":true}]}}