{"id":3058,"date":"2024-05-21T09:42:09","date_gmt":"2024-05-21T09:42:09","guid":{"rendered":"https:\/\/hyflexpack.com\/?post_type=product&#038;p=3058"},"modified":"2024-05-21T09:42:10","modified_gmt":"2024-05-21T09:42:10","slug":"custom-best-shampoo-packaging-bags","status":"publish","type":"product","link":"https:\/\/www.hyflexpack.com\/fr\/product\/custom-best-shampoo-packaging-bags\/","title":{"rendered":"Sacs d'emballage de shampoing personnalis\u00e9s avec bec verseur Sacs de recharge"},"content":{"rendered":"<div class=\"wp-block-columns is-layout-flex wp-container-core-columns-is-layout-9d6595d7 wp-block-columns-is-layout-flex\">\n<div class=\"wp-block-column is-layout-flow wp-block-column-is-layout-flow\">\n<h3 class=\"wp-block-heading\">Caract\u00e9ristiques de l'emballage des shampooings de haute qualit\u00e9<\/h3>\n\n\n\n<ul class=\"wp-block-list\">\n<li>Respect de l'environnement : l'emballage du shampooing est fabriqu\u00e9 \u00e0 partir de mat\u00e9riaux respectueux de l'environnement, ce qui permet de respecter les normes environnementales et de r\u00e9duire l'impact des d\u00e9chets plastiques sur l'environnement.<\/li>\n<\/ul>\n\n\n\n<p><\/p>\n\n\n\n<ul class=\"wp-block-list\">\n<li>R\u00e9utilisable : le sac \u00e0 shampoing est con\u00e7u pour \u00eatre rechargeable afin de prolonger sa dur\u00e9e de vie et de r\u00e9duire le gaspillage des ressources, conform\u00e9ment au concept de d\u00e9veloppement durable.<\/li>\n<\/ul>\n\n\n\n<p><\/p>\n\n\n\n<ul class=\"wp-block-list\">\n<li>Conception haut de gamme : la conception verticale du sac rend la pr\u00e9sentation du produit plus attrayante, \u00e9conomise de l'espace et est facile \u00e0 ranger et \u00e0 transporter. \u00c9quip\u00e9 d'une buse pratique pour une utilisation conviviale, r\u00e9duisant les d\u00e9versements de liquide et le gaspillage.<\/li>\n<\/ul>\n\n\n\n<p><\/p>\n\n\n\n<ul class=\"wp-block-list\">\n<li>Mat\u00e9riau durable : l'emballage du shampoing est fabriqu\u00e9 dans un mat\u00e9riau de haute qualit\u00e9, d'une excellente durabilit\u00e9, \u00e9tanche et ind\u00e9chirable, afin de prot\u00e9ger l'int\u00e9grit\u00e9 du produit.<\/li>\n<\/ul>\n\n\n\n<p><\/p>\n\n\n\n<ul class=\"wp-block-list\">\n<li>R\u00e9sistance \u00e0 l'humidit\u00e9 et \u00e0 l'oxyg\u00e8ne : la conception composite multicouche offre une excellente r\u00e9sistance \u00e0 l'humidit\u00e9 et \u00e0 l'oxyg\u00e8ne, ce qui prolonge la dur\u00e9e de conservation du produit.<\/li>\n<\/ul>\n<\/div>\n\n\n\n<div class=\"wp-block-column is-layout-flow wp-block-column-is-layout-flow\">\n<h2 class=\"wp-block-heading\"><\/h2>\n\n\n\n<figure class=\"wp-block-image size-full\"><img fetchpriority=\"high\" decoding=\"async\" width=\"750\" height=\"750\" src=\"https:\/\/hyflexpack.com\/wp-content\/uploads\/2024\/05\/Custom-Shampoo-Packaging-1.jpg\" alt=\"Emballage de shampoing sur mesure\" class=\"wp-image-3059\" srcset=\"https:\/\/www.hyflexpack.com\/wp-content\/uploads\/2024\/05\/Custom-Shampoo-Packaging-1.jpg 750w, https:\/\/www.hyflexpack.com\/wp-content\/uploads\/2024\/05\/Custom-Shampoo-Packaging-1-300x300.jpg 300w, https:\/\/www.hyflexpack.com\/wp-content\/uploads\/2024\/05\/Custom-Shampoo-Packaging-1-150x150.jpg 150w, https:\/\/www.hyflexpack.com\/wp-content\/uploads\/2024\/05\/Custom-Shampoo-Packaging-1-285x285.jpg 285w, https:\/\/www.hyflexpack.com\/wp-content\/uploads\/2024\/05\/Custom-Shampoo-Packaging-1-270x270.jpg 270w, https:\/\/www.hyflexpack.com\/wp-content\/uploads\/2024\/05\/Custom-Shampoo-Packaging-1-540x540.jpg 540w, https:\/\/www.hyflexpack.com\/wp-content\/uploads\/2024\/05\/Custom-Shampoo-Packaging-1-660x660.jpg 660w\" sizes=\"(max-width: 750px) 100vw, 750px\" \/><\/figure>\n<\/div>\n<\/div>","protected":false},"excerpt":{"rendered":"<p>Nos emballages de shampoing personnalis\u00e9s pour sachets \u00e0 fond plat allient haute qualit\u00e9, protection de l'environnement et commodit\u00e9. En choisissant nos produits, non seulement vous augmenterez consid\u00e9rablement la valeur de votre marque, mais vous r\u00e9pondrez \u00e9galement de mani\u00e8re positive au concept de protection de l'environnement, devenant ainsi votre meilleur partenaire dans le domaine de l'emballage de shampoing.<\/p>\n<h3>Avantages de l'emballage des shampooings<\/h3>\n<ul>\n<li><strong>Conception personnalis\u00e9e<\/strong>:Nous proposons un service de conception personnalis\u00e9e de sacs d'emballage pour boissons, y compris la personnalisation du mat\u00e9riau, de la taille et du motif d'impression pour r\u00e9pondre aux besoins des clients en mati\u00e8re d'image de marque, et nous prenons en charge l'OEM et l'ODM.<\/li>\n<li><strong>Fabrication<\/strong>Gr\u00e2ce \u00e0 un \u00e9quipement et \u00e0 une technologie de pointe, nous sommes en mesure de r\u00e9aliser la production de la commande avec une grande efficacit\u00e9 et une grande qualit\u00e9, et de la livrer dans les d\u00e9lais.<\/li>\n<li><strong>Inspection de la qualit\u00e9<\/strong>: Respecter strictement les normes de qualit\u00e9 et les exigences en mati\u00e8re de s\u00e9curit\u00e9 alimentaire pour la production, afin de garantir que les produits r\u00e9pondent aux normes.<\/li>\n<li><strong>Service client\u00e8le<\/strong>Le service client\u00e8le est disponible 24 heures sur 24 pour fournir une r\u00e9ponse rapide et un service d'assistance \u00e0 la client\u00e8le attentionn\u00e9.<\/li>\n<li><strong>\u00c9chantillon gratuit<\/strong>:Fournir un service d'\u00e9chantillonnage gratuit pour vous permettre d'\u00e9valuer les produits.<\/li>\n<\/ul>\n<p>Huiyang Packaging s'engage \u00e0 fournir \u00e0 ses clients des sacs d'emballage de shampoing de haute qualit\u00e9 et personnalis\u00e9s afin de les aider \u00e0 am\u00e9liorer l'image de leurs produits et leur comp\u00e9titivit\u00e9 sur le march\u00e9.<\/p>\n<p>&nbsp;<\/p>","protected":false},"featured_media":3059,"comment_status":"open","ping_status":"closed","template":"","meta":[],"product_brand":[],"product_cat":[52],"product_tag":[],"class_list":{"0":"post-3058","1":"product","2":"type-product","3":"status-publish","4":"has-post-thumbnail","6":"product_cat-custom-daily-chemical-packaging","8":"first","9":"instock","10":"shipping-taxable","11":"product-type-simple"},"_links":{"self":[{"href":"https:\/\/www.hyflexpack.com\/fr\/wp-json\/wp\/v2\/product\/3058","targetHints":{"allow":["GET"]}}],"collection":[{"href":"https:\/\/www.hyflexpack.com\/fr\/wp-json\/wp\/v2\/product"}],"about":[{"href":"https:\/\/www.hyflexpack.com\/fr\/wp-json\/wp\/v2\/types\/product"}],"replies":[{"embeddable":true,"href":"https:\/\/www.hyflexpack.com\/fr\/wp-json\/wp\/v2\/comments?post=3058"}],"wp:featuredmedia":[{"embeddable":true,"href":"https:\/\/www.hyflexpack.com\/fr\/wp-json\/wp\/v2\/media\/3059"}],"wp:attachment":[{"href":"https:\/\/www.hyflexpack.com\/fr\/wp-json\/wp\/v2\/media?parent=3058"}],"wp:term":[{"taxonomy":"product_brand","embeddable":true,"href":"https:\/\/www.hyflexpack.com\/fr\/wp-json\/wp\/v2\/product_brand?post=3058"},{"taxonomy":"product_cat","embeddable":true,"href":"https:\/\/www.hyflexpack.com\/fr\/wp-json\/wp\/v2\/product_cat?post=3058"},{"taxonomy":"product_tag","embeddable":true,"href":"https:\/\/www.hyflexpack.com\/fr\/wp-json\/wp\/v2\/product_tag?post=3058"}],"curies":[{"name":"wp","href":"https:\/\/api.w.org\/{rel}","templated":true}]}}