{"id":3052,"date":"2024-05-20T09:23:17","date_gmt":"2024-05-20T09:23:17","guid":{"rendered":"https:\/\/hyflexpack.com\/?post_type=product&#038;p=3052"},"modified":"2024-05-20T09:23:18","modified_gmt":"2024-05-20T09:23:18","slug":"stand-up-pouches-wholesale","status":"publish","type":"product","link":"https:\/\/www.hyflexpack.com\/fr\/product\/stand-up-pouches-wholesale\/","title":{"rendered":"Sachets biod\u00e9gradables pour shampoing Emballage pour liquide avec bec verseur imprim\u00e9 Sachets compressibles rechargeables"},"content":{"rendered":"<div class=\"wp-block-columns is-layout-flex wp-container-core-columns-is-layout-9d6595d7 wp-block-columns-is-layout-flex\">\n<div class=\"wp-block-column is-layout-flow wp-block-column-is-layout-flow\">\n<h3 class=\"wp-block-heading\">Caract\u00e9ristiques des pochettes de haute qualit\u00e9<\/h3>\n\n\n\n<ul class=\"wp-block-list\">\n<li>Certification environnementale : nos sachets \u00e0 fond plat sont fabriqu\u00e9s \u00e0 partir de mat\u00e9riaux biod\u00e9gradables respectueux de l'environnement afin de contribuer \u00e0 la r\u00e9duction des d\u00e9chets plastiques et \u00e0 la promotion du d\u00e9veloppement durable. Tous les mat\u00e9riaux ont fait l'objet d'une certification environnementale stricte afin de garantir qu'ils sont respectueux de l'environnement.<\/li>\n<\/ul>\n\n\n\n<p><\/p>\n\n\n\n<ul class=\"wp-block-list\">\n<li>Conception sup\u00e9rieure:L'adoption de la conception du sac \u00e0 shampoing garantit la stabilit\u00e9 et l'esth\u00e9tique lors de la pr\u00e9sentation et de l'utilisation, tout en \u00e9conomisant l'espace de stockage.Chaque sac est \u00e9quip\u00e9 d'une buse pour faciliter le versement et le retrait afin de minimiser les d\u00e9versements et les d\u00e9chets.<\/li>\n<\/ul>\n\n\n\n<p><\/p>\n\n\n\n<ul class=\"wp-block-list\">\n<li>Mat\u00e9riau de premi\u00e8re qualit\u00e9 : L'utilisation d'un mat\u00e9riau plastique de haute qualit\u00e9 garantit que les sacs sont durables, \u00e9tanches, ind\u00e9chirables et qu'ils prot\u00e8gent leur contenu. Le mat\u00e9riau composite multicouche offre une r\u00e9sistance sup\u00e9rieure \u00e0 l'humidit\u00e9 et \u00e0 l'oxyg\u00e8ne, prolongeant ainsi la dur\u00e9e de conservation du produit.<\/li>\n<\/ul>\n\n\n\n<p><\/p>\n\n\n\n<ul class=\"wp-block-list\">\n<li>R\u00e9utilisation : les sachets sont con\u00e7us pour \u00eatre recharg\u00e9s, ce qui prolonge leur dur\u00e9e de vie et r\u00e9duit les co\u00fbts d'utilisation tout en minimisant le gaspillage des ressources.<\/li>\n<\/ul>\n<\/div>\n\n\n\n<div class=\"wp-block-column is-layout-flow wp-block-column-is-layout-flow\">\n<h2 class=\"wp-block-heading\"><\/h2>\n\n\n\n<figure class=\"wp-block-image size-full\"><img fetchpriority=\"high\" decoding=\"async\" width=\"750\" height=\"750\" src=\"https:\/\/hyflexpack.com\/wp-content\/uploads\/2024\/05\/Stand-Up-Pouches-Wholesale-3.webp\" alt=\"Stand Up Pouches Wholesale\" class=\"wp-image-3055\" srcset=\"https:\/\/www.hyflexpack.com\/wp-content\/uploads\/2024\/05\/Stand-Up-Pouches-Wholesale-3.webp 750w, https:\/\/www.hyflexpack.com\/wp-content\/uploads\/2024\/05\/Stand-Up-Pouches-Wholesale-3-300x300.webp 300w, https:\/\/www.hyflexpack.com\/wp-content\/uploads\/2024\/05\/Stand-Up-Pouches-Wholesale-3-150x150.webp 150w, https:\/\/www.hyflexpack.com\/wp-content\/uploads\/2024\/05\/Stand-Up-Pouches-Wholesale-3-285x285.webp 285w, https:\/\/www.hyflexpack.com\/wp-content\/uploads\/2024\/05\/Stand-Up-Pouches-Wholesale-3-270x270.webp 270w, https:\/\/www.hyflexpack.com\/wp-content\/uploads\/2024\/05\/Stand-Up-Pouches-Wholesale-3-540x540.webp 540w, https:\/\/www.hyflexpack.com\/wp-content\/uploads\/2024\/05\/Stand-Up-Pouches-Wholesale-3-660x660.webp 660w\" sizes=\"(max-width: 750px) 100vw, 750px\" \/><\/figure>\n<\/div>\n<\/div>","protected":false},"excerpt":{"rendered":"<p>D\u00e9couvrez nos sachets de shampoing biod\u00e9gradables fabriqu\u00e9s \u00e0 partir de mat\u00e9riaux respectueux de l'environnement et dot\u00e9s de becs et de poign\u00e9es \u00e9l\u00e9gants, faciles \u00e0 utiliser et durables. Offrant des services de personnalisation et un contr\u00f4le de qualit\u00e9 strict, ils constituent une option d'approvisionnement id\u00e9ale pour aider \u00e0 rendre votre marque plus respectueuse de l'environnement et plus efficace.N'h\u00e9sitez pas \u00e0 nous consulter \u00e0 tout moment !<\/p>\n<h3>Avantages des sachets \u00e0 fond plat<\/h3>\n<ul>\n<li><strong>Conception personnalis\u00e9e<\/strong>:Nous proposons un service de conception personnalis\u00e9e de sacs d'emballage pour boissons, y compris la personnalisation du mat\u00e9riau, de la taille et du motif d'impression pour r\u00e9pondre aux besoins des clients en mati\u00e8re d'image de marque, et nous prenons en charge l'OEM et l'ODM.<\/li>\n<li><strong>Fabrication<\/strong>Gr\u00e2ce \u00e0 un \u00e9quipement et \u00e0 une technologie de pointe, nous sommes en mesure de r\u00e9aliser la production de la commande avec une grande efficacit\u00e9 et une grande qualit\u00e9, et de la livrer dans les d\u00e9lais.<\/li>\n<li><strong>Contr\u00f4le de la qualit\u00e9<\/strong>Respecter strictement les normes de qualit\u00e9 et les exigences en mati\u00e8re de s\u00e9curit\u00e9 alimentaire pour la production, par le biais d'un certain nombre de certifications de qualit\u00e9 internationales, afin de garantir une qualit\u00e9 fiable, de sorte que les clients puissent \u00eatre rassur\u00e9s.<\/li>\n<li><strong>Services de conseil en mati\u00e8re de qualit\u00e9<\/strong>Fournir des services professionnels de conseil sur les produits et les march\u00e9s afin d'aider les clients \u00e0 choisir les solutions d'emballage les plus appropri\u00e9es. Syst\u00e8me de service apr\u00e8s-vente parfait, permettant de r\u00e9soudre rapidement tous les probl\u00e8mes et pr\u00e9occupations des clients.<\/li>\n<li><strong>\u00c9chantillon gratuit<\/strong>:Fournir un service d'\u00e9chantillonnage gratuit pour vous permettre d'\u00e9valuer les produits.<\/li>\n<\/ul>\n<p>Huiyang Packaging s'engage \u00e0 fournir \u00e0 ses clients des sacs et sachets \u00e0 fond plat personnalis\u00e9s et de haute qualit\u00e9 afin de les aider \u00e0 am\u00e9liorer l'image de leurs produits et leur comp\u00e9titivit\u00e9 sur le march\u00e9.<\/p>","protected":false},"featured_media":3056,"comment_status":"open","ping_status":"closed","template":"","meta":[],"product_brand":[],"product_cat":[52],"product_tag":[],"class_list":{"0":"post-3052","1":"product","2":"type-product","3":"status-publish","4":"has-post-thumbnail","6":"product_cat-custom-daily-chemical-packaging","8":"first","9":"instock","10":"shipping-taxable","11":"product-type-simple"},"_links":{"self":[{"href":"https:\/\/www.hyflexpack.com\/fr\/wp-json\/wp\/v2\/product\/3052","targetHints":{"allow":["GET"]}}],"collection":[{"href":"https:\/\/www.hyflexpack.com\/fr\/wp-json\/wp\/v2\/product"}],"about":[{"href":"https:\/\/www.hyflexpack.com\/fr\/wp-json\/wp\/v2\/types\/product"}],"replies":[{"embeddable":true,"href":"https:\/\/www.hyflexpack.com\/fr\/wp-json\/wp\/v2\/comments?post=3052"}],"wp:featuredmedia":[{"embeddable":true,"href":"https:\/\/www.hyflexpack.com\/fr\/wp-json\/wp\/v2\/media\/3056"}],"wp:attachment":[{"href":"https:\/\/www.hyflexpack.com\/fr\/wp-json\/wp\/v2\/media?parent=3052"}],"wp:term":[{"taxonomy":"product_brand","embeddable":true,"href":"https:\/\/www.hyflexpack.com\/fr\/wp-json\/wp\/v2\/product_brand?post=3052"},{"taxonomy":"product_cat","embeddable":true,"href":"https:\/\/www.hyflexpack.com\/fr\/wp-json\/wp\/v2\/product_cat?post=3052"},{"taxonomy":"product_tag","embeddable":true,"href":"https:\/\/www.hyflexpack.com\/fr\/wp-json\/wp\/v2\/product_tag?post=3052"}],"curies":[{"name":"wp","href":"https:\/\/api.w.org\/{rel}","templated":true}]}}