{"id":3045,"date":"2024-05-20T08:06:25","date_gmt":"2024-05-20T08:06:25","guid":{"rendered":"https:\/\/hyflexpack.com\/?post_type=product&#038;p=3045"},"modified":"2024-05-20T08:06:27","modified_gmt":"2024-05-20T08:06:27","slug":"custom-stand-up-pouch-with-spout","status":"publish","type":"product","link":"https:\/\/www.hyflexpack.com\/fr\/product\/custom-stand-up-pouch-with-spout\/","title":{"rendered":"Pochette avec bec verseur en plastique Sac \u00e0 savon liquide pour les mains avec poign\u00e9e"},"content":{"rendered":"<div class=\"wp-block-columns is-layout-flex wp-container-core-columns-is-layout-9d6595d7 wp-block-columns-is-layout-flex\">\n<div class=\"wp-block-column is-layout-flow wp-block-column-is-layout-flow\">\n<h3 class=\"wp-block-heading\">Caract\u00e9ristiques de la pochette de haute qualit\u00e9 avec bec verseur<\/h3>\n\n\n\n<ul class=\"wp-block-list\">\n<li>Conception haut de gamme : nos sachets de d\u00e9sinfectant pour les mains sont con\u00e7us pour tenir debout afin d'assurer leur stabilit\u00e9 lors de leur pr\u00e9sentation et de leur utilisation. Elles sont \u00e9galement \u00e9quip\u00e9es d'un bec verseur et de poign\u00e9es pour une utilisation conviviale, r\u00e9duisant ainsi les d\u00e9versements et les d\u00e9chets.<\/li>\n<\/ul>\n\n\n\n<p><\/p>\n\n\n\n<ul class=\"wp-block-list\">\n<li>Mat\u00e9riau durable : Fabriqu\u00e9 en plastique de haute qualit\u00e9 avec des caract\u00e9ristiques durables, \u00e9tanches et r\u00e9sistantes aux d\u00e9chirures pour garantir qu'ils restent intacts pendant le transport et l'utilisation.<\/li>\n<\/ul>\n\n\n\n<p><\/p>\n\n\n\n<ul class=\"wp-block-list\">\n<li>Performance d'\u00e9tanch\u00e9it\u00e9 sup\u00e9rieure : une technologie d'\u00e9tanch\u00e9it\u00e9 avanc\u00e9e permet d'\u00e9viter les fuites de liquides, garantissant ainsi la s\u00e9curit\u00e9 du produit. Le mat\u00e9riau composite multicouche prot\u00e8ge efficacement contre l'humidit\u00e9 et l'oxyg\u00e8ne, prolongeant ainsi la dur\u00e9e de conservation du liquide de lavage.<\/li>\n<\/ul>\n\n\n\n<p><\/p>\n\n\n\n<ul class=\"wp-block-list\">\n<li>Respect de l'environnement et d\u00e9veloppement durable:Nous utilisons des mat\u00e9riaux plastiques recyclables et respectueux de l'environnement afin de minimiser l'impact sur l'environnement et de promouvoir le d\u00e9veloppement durable.<\/li>\n<\/ul>\n\n\n\n<p><\/p>\n\n\n\n<ul class=\"wp-block-list\">\n<li>Faible empreinte carbone : La conception l\u00e9g\u00e8re permet non seulement de r\u00e9duire les co\u00fbts de transport, mais aussi de r\u00e9duire les \u00e9missions de carbone et de renforcer les avantages environnementaux.<\/li>\n<\/ul>\n<\/div>\n\n\n\n<div class=\"wp-block-column is-layout-flow wp-block-column-is-layout-flow\">\n<h2 class=\"wp-block-heading\"><\/h2>\n\n\n\n<figure class=\"wp-block-image size-full\"><img fetchpriority=\"high\" decoding=\"async\" width=\"750\" height=\"750\" src=\"https:\/\/hyflexpack.com\/wp-content\/uploads\/2024\/05\/Custom-Stand-Up-Pouch-with-Spout-1.webp\" alt=\"Pochette personnalis\u00e9e avec bec verseur\" class=\"wp-image-3046\" srcset=\"https:\/\/www.hyflexpack.com\/wp-content\/uploads\/2024\/05\/Custom-Stand-Up-Pouch-with-Spout-1.webp 750w, https:\/\/www.hyflexpack.com\/wp-content\/uploads\/2024\/05\/Custom-Stand-Up-Pouch-with-Spout-1-300x300.webp 300w, https:\/\/www.hyflexpack.com\/wp-content\/uploads\/2024\/05\/Custom-Stand-Up-Pouch-with-Spout-1-150x150.webp 150w, https:\/\/www.hyflexpack.com\/wp-content\/uploads\/2024\/05\/Custom-Stand-Up-Pouch-with-Spout-1-285x285.webp 285w, https:\/\/www.hyflexpack.com\/wp-content\/uploads\/2024\/05\/Custom-Stand-Up-Pouch-with-Spout-1-270x270.webp 270w, https:\/\/www.hyflexpack.com\/wp-content\/uploads\/2024\/05\/Custom-Stand-Up-Pouch-with-Spout-1-540x540.webp 540w, https:\/\/www.hyflexpack.com\/wp-content\/uploads\/2024\/05\/Custom-Stand-Up-Pouch-with-Spout-1-660x660.webp 660w\" sizes=\"(max-width: 750px) 100vw, 750px\" \/><\/figure>\n<\/div>\n<\/div>","protected":false},"excerpt":{"rendered":"<p>La pochette de d\u00e9sinfectant pour les mains Explore stand up pouch with spout est munie de poign\u00e9es pour faciliter son utilisation, elle est \u00e9tanche et r\u00e9sistante \u00e0 l'humidit\u00e9. Respectueux de l'environnement et durable, il est fabriqu\u00e9 \u00e0 partir de mat\u00e9riaux recyclables de haute qualit\u00e9, en accord avec les besoins du d\u00e9veloppement durable. Nous fournissons un service de personnalisation et un contr\u00f4le de qualit\u00e9 strict pour garantir la qualit\u00e9 du produit, qui est votre choix d'achat id\u00e9al.<\/p>\n<h3>Avantages du Stand Up Pouch avec bec verseur<\/h3>\n<ul>\n<li><strong>Service personnalis\u00e9<\/strong>:Nous proposons un service de conception personnalis\u00e9e de sacs d'emballage pour boissons, y compris la personnalisation du mat\u00e9riau, de la taille et du motif d'impression afin de r\u00e9pondre aux besoins des clients en mati\u00e8re d'image de marque, et nous acceptons les demandes OEM et ODM.<\/li>\n<li><strong>Fabrication<\/strong>Gr\u00e2ce \u00e0 un \u00e9quipement et \u00e0 une technologie de pointe, nous sommes en mesure de r\u00e9aliser la production de la commande avec une grande efficacit\u00e9 et une grande qualit\u00e9, et de la livrer dans les d\u00e9lais.<\/li>\n<li><strong>Inspection de la qualit\u00e9<\/strong>:Respectant strictement les normes de qualit\u00e9 et les exigences en mati\u00e8re de s\u00e9curit\u00e9 alimentaire, nous avons obtenu un certain nombre de certifications de qualit\u00e9 internationales afin de garantir une qualit\u00e9 fiable et de rassurer les clients.<\/li>\n<li><strong>Consultation professionnelle de haute qualit\u00e9<\/strong>Fournir des services professionnels de conseil sur les produits et les march\u00e9s afin d'aider les clients \u00e0 choisir les solutions d'emballage les plus appropri\u00e9es. Syst\u00e8me de service apr\u00e8s-vente parfait, permettant de r\u00e9soudre rapidement tous les probl\u00e8mes et pr\u00e9occupations des clients.<\/li>\n<li><strong>\u00c9chantillon gratuit<\/strong>:Fournir un service d'\u00e9chantillonnage gratuit pour vous permettre d'\u00e9valuer les produits.<\/li>\n<\/ul>\n<p>Huiyang Packaging s'engage \u00e0 fournir \u00e0 ses clients des sacs d'emballage personnalis\u00e9s de haute qualit\u00e9 pour les aider \u00e0 am\u00e9liorer l'image de leurs produits et \u00e0 renforcer leur comp\u00e9titivit\u00e9 sur le march\u00e9.<\/p>","protected":false},"featured_media":3046,"comment_status":"open","ping_status":"closed","template":"","meta":[],"product_brand":[],"product_cat":[52],"product_tag":[],"class_list":{"0":"post-3045","1":"product","2":"type-product","3":"status-publish","4":"has-post-thumbnail","6":"product_cat-custom-daily-chemical-packaging","8":"first","9":"instock","10":"shipping-taxable","11":"product-type-simple"},"_links":{"self":[{"href":"https:\/\/www.hyflexpack.com\/fr\/wp-json\/wp\/v2\/product\/3045","targetHints":{"allow":["GET"]}}],"collection":[{"href":"https:\/\/www.hyflexpack.com\/fr\/wp-json\/wp\/v2\/product"}],"about":[{"href":"https:\/\/www.hyflexpack.com\/fr\/wp-json\/wp\/v2\/types\/product"}],"replies":[{"embeddable":true,"href":"https:\/\/www.hyflexpack.com\/fr\/wp-json\/wp\/v2\/comments?post=3045"}],"wp:featuredmedia":[{"embeddable":true,"href":"https:\/\/www.hyflexpack.com\/fr\/wp-json\/wp\/v2\/media\/3046"}],"wp:attachment":[{"href":"https:\/\/www.hyflexpack.com\/fr\/wp-json\/wp\/v2\/media?parent=3045"}],"wp:term":[{"taxonomy":"product_brand","embeddable":true,"href":"https:\/\/www.hyflexpack.com\/fr\/wp-json\/wp\/v2\/product_brand?post=3045"},{"taxonomy":"product_cat","embeddable":true,"href":"https:\/\/www.hyflexpack.com\/fr\/wp-json\/wp\/v2\/product_cat?post=3045"},{"taxonomy":"product_tag","embeddable":true,"href":"https:\/\/www.hyflexpack.com\/fr\/wp-json\/wp\/v2\/product_tag?post=3045"}],"curies":[{"name":"wp","href":"https:\/\/api.w.org\/{rel}","templated":true}]}}