{"id":3038,"date":"2024-05-20T06:44:42","date_gmt":"2024-05-20T06:44:42","guid":{"rendered":"https:\/\/hyflexpack.com\/?post_type=product&#038;p=3038"},"modified":"2024-05-20T06:44:43","modified_gmt":"2024-05-20T06:44:43","slug":"wholesale-plastic-pouch","status":"publish","type":"product","link":"https:\/\/www.hyflexpack.com\/fr\/product\/wholesale-plastic-pouch\/","title":{"rendered":"Wholesale Plastic Pouch Liquid Packs Stand Up Spout Pouch With Handle Laundry Packaging"},"content":{"rendered":"<div class=\"wp-block-columns is-layout-flex wp-container-core-columns-is-layout-9d6595d7 wp-block-columns-is-layout-flex\">\n<div class=\"wp-block-column is-layout-flow wp-block-column-is-layout-flow\">\n<h3 class=\"wp-block-heading\">Caract\u00e9ristiques de la pochette en plastique de haute qualit\u00e9<\/h3>\n\n\n\n<ul class=\"wp-block-list\">\n<li>Conception d'une pochette qui tient debout : Notre pochette souple est con\u00e7ue pour tenir debout, ce qui permet non seulement d'\u00e9conomiser de l'espace de stockage, mais aussi de garantir l'esth\u00e9tique et la stabilit\u00e9 lors de la pr\u00e9sentation du produit.<\/li>\n<\/ul>\n\n\n\n<p><\/p>\n\n\n\n<ul class=\"wp-block-list\">\n<li>Avec bec et poign\u00e9e : chaque pochette en plastique est \u00e9quip\u00e9e d'un bec pratique et d'une poign\u00e9e robuste, ce qui permet aux utilisateurs de verser facilement les liquides et de r\u00e9duire les d\u00e9versements et les d\u00e9chets.<\/li>\n<\/ul>\n\n\n\n<p><\/p>\n\n\n\n<ul class=\"wp-block-list\">\n<li>Mat\u00e9riaux de haute qualit\u00e9 : Les pochettes en plastique sont fabriqu\u00e9es \u00e0 partir de mat\u00e9riaux de haute qualit\u00e9 qui sont durables, \u00e9tanches et ind\u00e9chirables, ce qui garantit que le produit reste intact pendant le transport et l'utilisation.<\/li>\n<\/ul>\n\n\n\n<p><\/p>\n\n\n\n<ul class=\"wp-block-list\">\n<li>Conception \u00e9tanche : Une technologie d'\u00e9tanch\u00e9it\u00e9 avanc\u00e9e garantit l'absence de fuite de liquide, ce qui assure la s\u00e9curit\u00e9 du produit et la tranquillit\u00e9 d'esprit des utilisateurs.<\/li>\n<\/ul>\n\n\n\n<p><\/p>\n\n\n\n<ul class=\"wp-block-list\">\n<li>Mat\u00e9riaux recyclables : Nous nous engageons \u00e0 respecter l'environnement et utilisons des mat\u00e9riaux plastiques recyclables afin de minimiser notre impact sur l'environnement.<\/li>\n<\/ul>\n\n\n\n<p><\/p>\n\n\n\n<ul class=\"wp-block-list\">\n<li>Faible empreinte carbone : La conception l\u00e9g\u00e8re permet non seulement de r\u00e9duire les co\u00fbts de transport, mais aussi les \u00e9missions de carbone.<\/li>\n<\/ul>\n<\/div>\n\n\n\n<div class=\"wp-block-column is-layout-flow wp-block-column-is-layout-flow\">\n<h2 class=\"wp-block-heading\"><\/h2>\n\n\n\n<figure class=\"wp-block-image size-full\"><img fetchpriority=\"high\" decoding=\"async\" width=\"750\" height=\"750\" src=\"https:\/\/hyflexpack.com\/wp-content\/uploads\/2024\/05\/Wholesale-Plastic-Pouch-2.webp\" alt=\"Pochettes en plastique en gros\" class=\"wp-image-3041\" srcset=\"https:\/\/www.hyflexpack.com\/wp-content\/uploads\/2024\/05\/Wholesale-Plastic-Pouch-2.webp 750w, https:\/\/www.hyflexpack.com\/wp-content\/uploads\/2024\/05\/Wholesale-Plastic-Pouch-2-300x300.webp 300w, https:\/\/www.hyflexpack.com\/wp-content\/uploads\/2024\/05\/Wholesale-Plastic-Pouch-2-150x150.webp 150w, https:\/\/www.hyflexpack.com\/wp-content\/uploads\/2024\/05\/Wholesale-Plastic-Pouch-2-285x285.webp 285w, https:\/\/www.hyflexpack.com\/wp-content\/uploads\/2024\/05\/Wholesale-Plastic-Pouch-2-270x270.webp 270w, https:\/\/www.hyflexpack.com\/wp-content\/uploads\/2024\/05\/Wholesale-Plastic-Pouch-2-540x540.webp 540w, https:\/\/www.hyflexpack.com\/wp-content\/uploads\/2024\/05\/Wholesale-Plastic-Pouch-2-660x660.webp 660w\" sizes=\"(max-width: 750px) 100vw, 750px\" \/><\/figure>\n<\/div>\n<\/div>","protected":false},"excerpt":{"rendered":"<p>En savoir plus sur nos sachets en plastique de d\u00e9tergent \u00e0 lessive avec un design vertical avec bec et poign\u00e9e, faciles \u00e0 utiliser, \u00e9tanches et r\u00e9sistants \u00e0 l'humidit\u00e9, respectueux de l'environnement et durables. Nous fournissons un service personnalis\u00e9 et un contr\u00f4le de qualit\u00e9 rigoureux. N'h\u00e9sitez pas \u00e0 nous contacter pour une solution parfaite d'emballage flexible personnalis\u00e9 !<\/p>\n<h3>Avantages de la pochette en plastique<\/h3>\n<ul>\n<li><strong>Design personnalis\u00e9<\/strong>:Fournir des services personnalis\u00e9s dans diff\u00e9rentes tailles, formes, couleurs et motifs d'impression pour r\u00e9pondre aux besoins de marquage des diff\u00e9rents clients.<\/li>\n<li><strong>Fabrication<\/strong>Gr\u00e2ce \u00e0 un \u00e9quipement et une technologie de pointe, nous sommes en mesure de r\u00e9aliser la production de la commande avec une grande efficacit\u00e9 et une grande qualit\u00e9 et de la livrer dans les d\u00e9lais.<\/li>\n<li><strong>Surveillance de l'ensemble de la gamme<\/strong>:Un contr\u00f4le de qualit\u00e9 strict est effectu\u00e9 \u00e0 chaque \u00e9tape, de l'achat des mati\u00e8res premi\u00e8res aux produits finis quittant l'usine, et nous avons obtenu un certain nombre de certifications de qualit\u00e9 internationales pour garantir une qualit\u00e9 fiable.<\/li>\n<li><strong>Un service client de qualit\u00e9<\/strong>Fournir des services professionnels de conseil sur les produits et les march\u00e9s afin d'aider les clients \u00e0 choisir les solutions d'emballage les plus appropri\u00e9es et un syst\u00e8me de service apr\u00e8s-vente parfait.<\/li>\n<li><strong>\u00c9chantillon gratuit<\/strong>Nous fournissons un service d'\u00e9chantillonnage gratuit pour vous permettre d'\u00e9valuer les produits.<\/li>\n<\/ul>\n<p>Huiyang Packaging s'engage \u00e0 fournir \u00e0 ses clients des sachets plastiques personnalis\u00e9s de haute qualit\u00e9 afin de les aider \u00e0 am\u00e9liorer l'image de leurs produits et \u00e0 renforcer leur comp\u00e9titivit\u00e9 sur le march\u00e9.<\/p>","protected":false},"featured_media":3040,"comment_status":"open","ping_status":"closed","template":"","meta":[],"product_brand":[],"product_cat":[52],"product_tag":[],"class_list":{"0":"post-3038","1":"product","2":"type-product","3":"status-publish","4":"has-post-thumbnail","6":"product_cat-custom-daily-chemical-packaging","8":"first","9":"instock","10":"shipping-taxable","11":"product-type-simple"},"_links":{"self":[{"href":"https:\/\/www.hyflexpack.com\/fr\/wp-json\/wp\/v2\/product\/3038","targetHints":{"allow":["GET"]}}],"collection":[{"href":"https:\/\/www.hyflexpack.com\/fr\/wp-json\/wp\/v2\/product"}],"about":[{"href":"https:\/\/www.hyflexpack.com\/fr\/wp-json\/wp\/v2\/types\/product"}],"replies":[{"embeddable":true,"href":"https:\/\/www.hyflexpack.com\/fr\/wp-json\/wp\/v2\/comments?post=3038"}],"wp:featuredmedia":[{"embeddable":true,"href":"https:\/\/www.hyflexpack.com\/fr\/wp-json\/wp\/v2\/media\/3040"}],"wp:attachment":[{"href":"https:\/\/www.hyflexpack.com\/fr\/wp-json\/wp\/v2\/media?parent=3038"}],"wp:term":[{"taxonomy":"product_brand","embeddable":true,"href":"https:\/\/www.hyflexpack.com\/fr\/wp-json\/wp\/v2\/product_brand?post=3038"},{"taxonomy":"product_cat","embeddable":true,"href":"https:\/\/www.hyflexpack.com\/fr\/wp-json\/wp\/v2\/product_cat?post=3038"},{"taxonomy":"product_tag","embeddable":true,"href":"https:\/\/www.hyflexpack.com\/fr\/wp-json\/wp\/v2\/product_tag?post=3038"}],"curies":[{"name":"wp","href":"https:\/\/api.w.org\/{rel}","templated":true}]}}