{"id":3026,"date":"2024-05-18T10:16:54","date_gmt":"2024-05-18T10:16:54","guid":{"rendered":"https:\/\/hyflexpack.com\/?post_type=product&#038;p=3026"},"modified":"2024-05-18T10:16:55","modified_gmt":"2024-05-18T10:16:55","slug":"factory-direct-printing-refillable-pouches","status":"publish","type":"product","link":"https:\/\/www.hyflexpack.com\/fr\/product\/factory-direct-printing-refillable-pouches\/","title":{"rendered":"Emballage de d\u00e9tergent liquide en poudre rechargeable avec impression directe en usine"},"content":{"rendered":"<div class=\"wp-block-columns is-layout-flex wp-container-core-columns-is-layout-9d6595d7 wp-block-columns-is-layout-flex\">\n<div class=\"wp-block-column is-layout-flow wp-block-column-is-layout-flow\">\n<h3 class=\"wp-block-heading\">Caract\u00e9ristiques des pochettes rechargeables de haute qualit\u00e9<\/h3>\n\n\n\n<ul class=\"wp-block-list\">\n<li>Design rechargeable : Disponible en version rechargeable, ce qui permet d'\u00e9conomiser les ressources et de r\u00e9duire les d\u00e9chets d'emballage, en accord avec le concept de d\u00e9veloppement durable.<\/li>\n\n\n\n<li>Personnalisation de l'impression : Les pochettes rechargeables offrent des services de personnalisation de l'impression pour afficher les logos des marques, les informations sur les produits et des dessins accrocheurs afin d'am\u00e9liorer la reconnaissance de la marque.<\/li>\n\n\n\n<li>Structure multicouche : La structure multicouche de l'emballage offre d'excellentes propri\u00e9t\u00e9s de r\u00e9tention de l'humidit\u00e9, de l'oxyg\u00e8ne et de la saveur pour maintenir la fra\u00eecheur du produit.<\/li>\n\n\n\n<li>Facile \u00e0 utiliser : Le port de recharge pratique permet aux utilisateurs de recharger facilement le d\u00e9tergent, r\u00e9duisant ainsi les d\u00e9chets et am\u00e9liorant l'exp\u00e9rience de l'utilisateur.<\/li>\n\n\n\n<li>Durabilit\u00e9 : Le mat\u00e9riau durable, r\u00e9sistant \u00e0 la pression et \u00e0 la d\u00e9chirure, prot\u00e8ge le produit contre les dommages et garantit son int\u00e9grit\u00e9 pendant le transport et le stockage sur de longues distances.<\/li>\n\n\n\n<li>Mat\u00e9riaux \u00e9cologiques : Les pochettes rechargeables sont fabriqu\u00e9es \u00e0 partir de mat\u00e9riaux \u00e9cologiques, ce qui r\u00e9duit l'impact sur l'environnement et r\u00e9pond aux besoins des consommateurs modernes en mati\u00e8re de produits respectueux de l'environnement.<\/li>\n<\/ul>\n<\/div>\n\n\n\n<div class=\"wp-block-column is-layout-flow wp-block-column-is-layout-flow\">\n<h2 class=\"wp-block-heading\"><\/h2>\n\n\n\n<figure class=\"wp-block-image size-full\"><img fetchpriority=\"high\" decoding=\"async\" width=\"750\" height=\"750\" src=\"https:\/\/hyflexpack.com\/wp-content\/uploads\/2024\/05\/Factory-Direct-Refillable-Pouches-9.jpg\" alt=\"Pochettes rechargeables en direct de l&#039;usine\" class=\"wp-image-3035\" srcset=\"https:\/\/www.hyflexpack.com\/wp-content\/uploads\/2024\/05\/Factory-Direct-Refillable-Pouches-9.jpg 750w, https:\/\/www.hyflexpack.com\/wp-content\/uploads\/2024\/05\/Factory-Direct-Refillable-Pouches-9-300x300.jpg 300w, https:\/\/www.hyflexpack.com\/wp-content\/uploads\/2024\/05\/Factory-Direct-Refillable-Pouches-9-150x150.jpg 150w, https:\/\/www.hyflexpack.com\/wp-content\/uploads\/2024\/05\/Factory-Direct-Refillable-Pouches-9-285x285.jpg 285w, https:\/\/www.hyflexpack.com\/wp-content\/uploads\/2024\/05\/Factory-Direct-Refillable-Pouches-9-270x270.jpg 270w, https:\/\/www.hyflexpack.com\/wp-content\/uploads\/2024\/05\/Factory-Direct-Refillable-Pouches-9-540x540.jpg 540w, https:\/\/www.hyflexpack.com\/wp-content\/uploads\/2024\/05\/Factory-Direct-Refillable-Pouches-9-660x660.jpg 660w\" sizes=\"(max-width: 750px) 100vw, 750px\" \/><\/figure>\n<\/div>\n<\/div>","protected":false},"excerpt":{"rendered":"<p>Nous vous invitons \u00e0 d\u00e9couvrir ces sachets rechargeables pour lessive en poudre et d\u00e9tergent liquide avec impression personnalis\u00e9e et construction multicouche pour la maison et les voyages. Nous offrons une personnalisation et une livraison rapide avec une qualit\u00e9 garantie et la satisfaction du client, nous fournissons une solution d'emballage durable et pratique pour vos produits.<\/p>\n<h3>Avantages des sachets rechargeables<\/h3>\n<ul>\n<li>Service personnalis\u00e9 : Fournir un service personnalis\u00e9 complet, adapter la taille, l'impression et le mat\u00e9riau en fonction des besoins du client.<\/li>\n<li>Livraison rapide : Processus de production efficace et gestion de la cha\u00eene d'approvisionnement pour garantir la livraison des commandes en temps voulu afin de r\u00e9pondre aux besoins urgents des clients.<\/li>\n<li>Assurance de la qualit\u00e9 : Un syst\u00e8me strict de contr\u00f4le de la qualit\u00e9 garantit que chaque produit r\u00e9pond aux exigences et aux normes des clients.<\/li>\n<li>Rentabilit\u00e9 : Fournir des prix comp\u00e9titifs et r\u00e9duire les co\u00fbts d'achat des clients en optimisant les processus de production et la gestion des co\u00fbts.<\/li>\n<li>\u00c9chantillons gratuits : Nous proposons un service d'\u00e9chantillonnage gratuit pour \u00e9valuer vos produits.<\/li>\n<\/ul>\n<p>Huiyang Packaging s'engage \u00e0 fournir \u00e0 ses clients des sachets rechargeables personnalis\u00e9s de haute qualit\u00e9 afin de les aider \u00e0 am\u00e9liorer l'image de leurs produits et leur comp\u00e9titivit\u00e9 sur le march\u00e9.<\/p>","protected":false},"featured_media":3027,"comment_status":"open","ping_status":"closed","template":"","meta":[],"product_brand":[],"product_cat":[52],"product_tag":[],"class_list":{"0":"post-3026","1":"product","2":"type-product","3":"status-publish","4":"has-post-thumbnail","6":"product_cat-custom-daily-chemical-packaging","8":"first","9":"instock","10":"shipping-taxable","11":"product-type-simple"},"_links":{"self":[{"href":"https:\/\/www.hyflexpack.com\/fr\/wp-json\/wp\/v2\/product\/3026","targetHints":{"allow":["GET"]}}],"collection":[{"href":"https:\/\/www.hyflexpack.com\/fr\/wp-json\/wp\/v2\/product"}],"about":[{"href":"https:\/\/www.hyflexpack.com\/fr\/wp-json\/wp\/v2\/types\/product"}],"replies":[{"embeddable":true,"href":"https:\/\/www.hyflexpack.com\/fr\/wp-json\/wp\/v2\/comments?post=3026"}],"wp:featuredmedia":[{"embeddable":true,"href":"https:\/\/www.hyflexpack.com\/fr\/wp-json\/wp\/v2\/media\/3027"}],"wp:attachment":[{"href":"https:\/\/www.hyflexpack.com\/fr\/wp-json\/wp\/v2\/media?parent=3026"}],"wp:term":[{"taxonomy":"product_brand","embeddable":true,"href":"https:\/\/www.hyflexpack.com\/fr\/wp-json\/wp\/v2\/product_brand?post=3026"},{"taxonomy":"product_cat","embeddable":true,"href":"https:\/\/www.hyflexpack.com\/fr\/wp-json\/wp\/v2\/product_cat?post=3026"},{"taxonomy":"product_tag","embeddable":true,"href":"https:\/\/www.hyflexpack.com\/fr\/wp-json\/wp\/v2\/product_tag?post=3026"}],"curies":[{"name":"wp","href":"https:\/\/api.w.org\/{rel}","templated":true}]}}