{"id":3009,"date":"2024-05-18T08:25:55","date_gmt":"2024-05-18T08:25:55","guid":{"rendered":"https:\/\/hyflexpack.com\/?post_type=product&#038;p=3009"},"modified":"2024-05-18T08:25:56","modified_gmt":"2024-05-18T08:25:56","slug":"customized-liquid-pouches","status":"publish","type":"product","link":"https:\/\/www.hyflexpack.com\/fr\/product\/customized-liquid-pouches\/","title":{"rendered":"Pochettes personnalis\u00e9es pour liquides Pochettes en plastique avec bec verseur pour liquide vaisselle imprim\u00e9"},"content":{"rendered":"<p><\/p>\n\n\n\n<div class=\"wp-block-columns is-layout-flex wp-container-core-columns-is-layout-9d6595d7 wp-block-columns-is-layout-flex\">\n<div class=\"wp-block-column is-layout-flow wp-block-column-is-layout-flow\">\n<h3 class=\"wp-block-heading\">Caract\u00e9ristiques des poches \u00e0 liquides de haute qualit\u00e9<\/h3>\n\n\n\n<ul class=\"wp-block-list\">\n<li>Portabilit\u00e9 et \u00e9conomie d'espace : ces poches \u00e0 liquides sont compactes et l\u00e9g\u00e8res, faciles \u00e0 ranger et \u00e0 transporter, et conviennent \u00e0 un usage domestique et ext\u00e9rieur.<\/li>\n\n\n\n<li>Conception autoportante : La structure autoportante de la pochette lui permet de se tenir fermement, ce qui la rend facile \u00e0 placer pendant l'utilisation et moins susceptible de basculer.<\/li>\n\n\n\n<li>Conception du bec : Con\u00e7u avec un bec permettant de contr\u00f4ler facilement le volume de versement, \u00e9vitant le gaspillage et r\u00e9duisant la possibilit\u00e9 de fuite de liquide.<\/li>\n\n\n\n<li>Mat\u00e9riaux \u00e9cologiques : Des mat\u00e9riaux plastiques recyclables sont souvent utilis\u00e9s pour minimiser l'impact sur l'environnement tout en soutenant un mode de vie respectueux de l'environnement.<\/li>\n\n\n\n<li>Construction multicouche : La construction en plastique multicouche offre une excellente r\u00e9sistance \u00e0 l'humidit\u00e9, \u00e0 l'oxyg\u00e8ne et aux parfums, garantissant que le liquide vaisselle reste dans des conditions optimales pendant une longue p\u00e9riode.<\/li>\n\n\n\n<li>Facile \u00e0 utiliser et \u00e0 ranger : La conception de la buse permet un versement pr\u00e9cis et peut \u00eatre facilement referm\u00e9e apr\u00e8s utilisation afin de la garder propre et d'assurer l'hygi\u00e8ne du liquide.<\/li>\n\n\n\n<li>Polyvalence : Outre le liquide vaisselle, il peut \u00e9galement \u00eatre utilis\u00e9 pour l'emballage d'autres produits liquides, tels que le d\u00e9sinfectant pour les mains, le d\u00e9tergent pour la lessive, etc.<\/li>\n<\/ul>\n<\/div>\n\n\n\n<div class=\"wp-block-column is-layout-flow wp-block-column-is-layout-flow\">\n<h2 class=\"wp-block-heading\"><\/h2>\n\n\n\n<figure class=\"wp-block-image size-full\"><img fetchpriority=\"high\" decoding=\"async\" width=\"750\" height=\"750\" src=\"https:\/\/hyflexpack.com\/wp-content\/uploads\/2024\/05\/Customized-Liquid-Pouches-7.webp\" alt=\"Pochettes de liquide personnalis\u00e9es (\" class=\"wp-image-3016\" srcset=\"https:\/\/www.hyflexpack.com\/wp-content\/uploads\/2024\/05\/Customized-Liquid-Pouches-7.webp 750w, https:\/\/www.hyflexpack.com\/wp-content\/uploads\/2024\/05\/Customized-Liquid-Pouches-7-300x300.webp 300w, https:\/\/www.hyflexpack.com\/wp-content\/uploads\/2024\/05\/Customized-Liquid-Pouches-7-150x150.webp 150w, https:\/\/www.hyflexpack.com\/wp-content\/uploads\/2024\/05\/Customized-Liquid-Pouches-7-285x285.webp 285w, https:\/\/www.hyflexpack.com\/wp-content\/uploads\/2024\/05\/Customized-Liquid-Pouches-7-270x270.webp 270w, https:\/\/www.hyflexpack.com\/wp-content\/uploads\/2024\/05\/Customized-Liquid-Pouches-7-540x540.webp 540w, https:\/\/www.hyflexpack.com\/wp-content\/uploads\/2024\/05\/Customized-Liquid-Pouches-7-660x660.webp 660w\" sizes=\"(max-width: 750px) 100vw, 750px\" \/><\/figure>\n<\/div>\n<\/div>","protected":false},"excerpt":{"rendered":"<p>Ce sachet en plastique est id\u00e9al pour emballer le liquide vaisselle. Il est dot\u00e9 d'un embout pour un versement facile et pr\u00e9cis et est \u00e9tanche, et le mat\u00e9riau \u00e9cologique peut \u00eatre recycl\u00e9. La structure multicouche garantit la fra\u00eecheur du produit, une belle impression am\u00e9liore l'image de la marque, l\u00e9ger et facile \u00e0 stocker, convient \u00e0 la maison et \u00e0 l'ext\u00e9rieur, \u00e9conomique. Contactez-nous d\u00e8s aujourd'hui pour des solutions personnalis\u00e9es !<\/p>\n<h3>Avantages des poches de liquides pour boissons<\/h3>\n<ul>\n<li><strong>Conception personnalis\u00e9e<\/strong>Nous fournissons un service de conception personnalis\u00e9e pour les sacs de liquides, prenant en charge l'OEM et l'ODM, affichant le logo de la marque et des informations sur le produit afin de renforcer la notori\u00e9t\u00e9 de la marque et l'attrait du march\u00e9.<\/li>\n<li><strong>Vari\u00e9t\u00e9 de dessins<\/strong>:Une vari\u00e9t\u00e9 de mod\u00e8les et de tailles est disponible pour r\u00e9pondre aux besoins des diff\u00e9rents clients, offrant des solutions d'emballage appropri\u00e9es pour une vari\u00e9t\u00e9 de produits liquides de lavage de la vaisselle.<\/li>\n<li><strong>Service client\u00e8le<\/strong>:Fournir une r\u00e9ponse rapide et un service \u00e0 la client\u00e8le attentionn\u00e9 24 heures par jour.<\/li>\n<li><strong>Assurance qualit\u00e9<\/strong>:Syst\u00e8me strict de contr\u00f4le de la qualit\u00e9 pour garantir la qualit\u00e9 et l'homog\u00e9n\u00e9it\u00e9 de chaque sac.<\/li>\n<li><strong>Rentabilit\u00e9<\/strong>: Par rapport aux formes d'emballage traditionnelles, la conception des sachets est plus rentable, ce qui permet de r\u00e9duire les co\u00fbts d'emballage, de transport et de stockage et d'am\u00e9liorer la rentabilit\u00e9.<\/li>\n<li><strong>\u00c9chantillon gratuit<\/strong>:Nous fournissons un service d'\u00e9chantillonnage gratuit pour vous permettre d'\u00e9valuer votre produit.<\/li>\n<\/ul>\n<p>Huiyang Packaging s'engage \u00e0 fournir \u00e0 ses clients des sachets liquides personnalis\u00e9s de haute qualit\u00e9 afin de les aider \u00e0 am\u00e9liorer l'image de leurs produits et \u00e0 renforcer leur comp\u00e9titivit\u00e9 sur le march\u00e9.<\/p>","protected":false},"featured_media":3011,"comment_status":"open","ping_status":"closed","template":"","meta":[],"product_brand":[],"product_cat":[52],"product_tag":[],"class_list":{"0":"post-3009","1":"product","2":"type-product","3":"status-publish","4":"has-post-thumbnail","6":"product_cat-custom-daily-chemical-packaging","8":"first","9":"instock","10":"shipping-taxable","11":"product-type-simple"},"_links":{"self":[{"href":"https:\/\/www.hyflexpack.com\/fr\/wp-json\/wp\/v2\/product\/3009","targetHints":{"allow":["GET"]}}],"collection":[{"href":"https:\/\/www.hyflexpack.com\/fr\/wp-json\/wp\/v2\/product"}],"about":[{"href":"https:\/\/www.hyflexpack.com\/fr\/wp-json\/wp\/v2\/types\/product"}],"replies":[{"embeddable":true,"href":"https:\/\/www.hyflexpack.com\/fr\/wp-json\/wp\/v2\/comments?post=3009"}],"wp:featuredmedia":[{"embeddable":true,"href":"https:\/\/www.hyflexpack.com\/fr\/wp-json\/wp\/v2\/media\/3011"}],"wp:attachment":[{"href":"https:\/\/www.hyflexpack.com\/fr\/wp-json\/wp\/v2\/media?parent=3009"}],"wp:term":[{"taxonomy":"product_brand","embeddable":true,"href":"https:\/\/www.hyflexpack.com\/fr\/wp-json\/wp\/v2\/product_brand?post=3009"},{"taxonomy":"product_cat","embeddable":true,"href":"https:\/\/www.hyflexpack.com\/fr\/wp-json\/wp\/v2\/product_cat?post=3009"},{"taxonomy":"product_tag","embeddable":true,"href":"https:\/\/www.hyflexpack.com\/fr\/wp-json\/wp\/v2\/product_tag?post=3009"}],"curies":[{"name":"wp","href":"https:\/\/api.w.org\/{rel}","templated":true}]}}