{"id":2994,"date":"2024-05-17T08:11:22","date_gmt":"2024-05-17T08:11:22","guid":{"rendered":"https:\/\/hyflexpack.com\/?post_type=product&#038;p=2994"},"modified":"2025-03-14T06:49:07","modified_gmt":"2025-03-14T06:49:07","slug":"pochette-a-the-personnalisee","status":"publish","type":"product","link":"https:\/\/www.hyflexpack.com\/fr\/product\/custom-tea-pouch\/","title":{"rendered":"Impression de sachets de th\u00e9 sur mesure Rouleau de fil m\u00e9tallique Sachets auto-obturants Sachets \u00e0 fond plat"},"content":{"rendered":"<div class=\"wp-block-columns is-layout-flex wp-container-core-columns-is-layout-9d6595d7 wp-block-columns-is-layout-flex\">\n<div class=\"wp-block-column is-layout-flow wp-block-column-is-layout-flow\">\n<h3 class=\"wp-block-heading\">Caract\u00e9ristiques de la pochette \u00e0 th\u00e9 de haute qualit\u00e9<\/h3>\n\n\n\n<ul class=\"wp-block-list\">\n<li>Mat\u00e9riau stratifi\u00e9 : Ces sachets de th\u00e9 sont g\u00e9n\u00e9ralement fabriqu\u00e9s \u00e0 partir de mat\u00e9riaux composites multicouches (par exemple PET\/AL\/PE ou PET\/PE). Ces mat\u00e9riaux offrent d'excellentes propri\u00e9t\u00e9s de barri\u00e8re contre l'oxyg\u00e8ne, l'humidit\u00e9 et la lumi\u00e8re, prolongeant ainsi la dur\u00e9e de conservation du th\u00e9.<\/li>\n<\/ul>\n\n\n\n<p><\/p>\n\n\n\n<ul class=\"wp-block-list\">\n<li>Conception \u00e0 fond plat : Le fond plat permet aux sachets de tenir debout apr\u00e8s le remplissage, ce qui am\u00e9liore la pr\u00e9sentation en rayon et facilite le stockage pour les consommateurs.<\/li>\n<\/ul>\n\n\n\n<p><\/p>\n\n\n\n<ul class=\"wp-block-list\">\n<li>Fonction d'auto-fermeture : La conception auto-scellante permet d'ouvrir et de fermer le sachet plusieurs fois, ce qui permet de conserver la fra\u00eecheur du th\u00e9 et d'en faciliter la consommation.<\/li>\n<\/ul>\n\n\n\n<p><\/p>\n\n\n\n<ul class=\"wp-block-list\">\n<li>Impression de haute qualit\u00e9 : Le mat\u00e9riau ext\u00e9rieur du sachet de th\u00e9 a g\u00e9n\u00e9ralement une bonne capacit\u00e9 d'impression, ce qui permet d'imprimer des graphiques et des informations de marque de haute qualit\u00e9.<\/li>\n<\/ul>\n\n\n\n<p><\/p>\n\n\n\n<ul class=\"wp-block-list\">\n<li>Vari\u00e9t\u00e9 de motifs : L'impression personnalis\u00e9e permet de cr\u00e9er une grande vari\u00e9t\u00e9 de motifs selon les besoins du client, y compris des logos de marque, des informations sur les produits et des motifs cr\u00e9atifs.<\/li>\n<\/ul>\n<\/div>\n\n\n\n<div class=\"wp-block-column is-layout-flow wp-block-column-is-layout-flow\">\n<h2 class=\"wp-block-heading\"><\/h2>\n\n\n\n<figure class=\"wp-block-image size-full\"><img decoding=\"async\" src=\"https:\/\/hyflexpack.com\/wp-content\/uploads\/2024\/05\/Custom-Tea-Pouch-5.webp\" alt=\"Pochette \u00e0 th\u00e9 personnalis\u00e9e\" class=\"wp-image-2999\" \/><\/figure>\n<\/div>\n<\/div>","protected":false},"excerpt":{"rendered":"<p>En savoir plus sur ce sachet de th\u00e9 \u00e0 fond plat carr\u00e9 qui combine fonctionnalit\u00e9, attrait visuel et avantages environnementaux pour une solution d'emballage comp\u00e9titive sur le march\u00e9 moderne du th\u00e9. N'h\u00e9sitez pas \u00e0 nous contacter !<\/p>\n<h3>Avantages du sachet de th\u00e9<\/h3>\n<ul>\n<li><strong>Conception personnalis\u00e9e<\/strong>: Nous proposons un service de conception personnalis\u00e9e des sachets de th\u00e9, y compris la personnalisation du mat\u00e9riau, de la taille et du motif d'impression pour r\u00e9pondre aux besoins des clients, et nous prenons en charge les OEM et ODM.<\/li>\n<li><strong>Avantage concurrentiel<\/strong>: Ces sachets de th\u00e9 peuvent am\u00e9liorer consid\u00e9rablement la comp\u00e9titivit\u00e9 des produits sur le march\u00e9 gr\u00e2ce \u00e0 leur conception multifonctionnelle (comme l'auto-scellage et la fermeture par fil m\u00e9tallique) et \u00e0 leur impression de haute qualit\u00e9.<\/li>\n<li><strong>Mat\u00e9riaux respectueux de l'environnement<\/strong>: L'utilisation de mat\u00e9riaux respectueux de l'environnement, tels que les mat\u00e9riaux composites biod\u00e9gradables ou recyclables. Cela permet de r\u00e9pondre aux besoins environnementaux des consommateurs et aide les entreprises \u00e0 se forger une image de marque verte.<\/li>\n<li><strong>Efficacit\u00e9 de la production<\/strong>: Les \u00e9quipements et les techniques de production modernes peuvent accro\u00eetre l'efficacit\u00e9 de la production, r\u00e9duire les co\u00fbts unitaires et garantir un approvisionnement constant en produits de haute qualit\u00e9.<\/li>\n<li><strong>\u00c9chantillon gratuit<\/strong>: Un service d'\u00e9chantillonnage gratuit est mis \u00e0 votre disposition pour vous permettre d'\u00e9valuer les produits.<\/li>\n<\/ul>\n<p>Huiyang Packaging s'engage \u00e0 fournir \u00e0 ses clients des sachets de th\u00e9 personnalis\u00e9s de haute qualit\u00e9 afin de les aider \u00e0 am\u00e9liorer l'image de leurs produits et \u00e0 r\u00e9pondre \u00e0 leurs besoins en mati\u00e8re de protection de l'environnement, tout en renfor\u00e7ant leur comp\u00e9titivit\u00e9 sur le march\u00e9.<\/p>\n<p>&nbsp;<\/p>","protected":false},"featured_media":2995,"comment_status":"open","ping_status":"closed","template":"","meta":[],"product_brand":[],"product_cat":[58],"product_tag":[],"class_list":{"0":"post-2994","1":"product","2":"type-product","3":"status-publish","4":"has-post-thumbnail","6":"product_cat-tea-bag-packaging","8":"first","9":"instock","10":"shipping-taxable","11":"product-type-simple"},"_links":{"self":[{"href":"https:\/\/www.hyflexpack.com\/fr\/wp-json\/wp\/v2\/product\/2994","targetHints":{"allow":["GET"]}}],"collection":[{"href":"https:\/\/www.hyflexpack.com\/fr\/wp-json\/wp\/v2\/product"}],"about":[{"href":"https:\/\/www.hyflexpack.com\/fr\/wp-json\/wp\/v2\/types\/product"}],"replies":[{"embeddable":true,"href":"https:\/\/www.hyflexpack.com\/fr\/wp-json\/wp\/v2\/comments?post=2994"}],"wp:featuredmedia":[{"embeddable":true,"href":"https:\/\/www.hyflexpack.com\/fr\/wp-json\/wp\/v2\/media\/2995"}],"wp:attachment":[{"href":"https:\/\/www.hyflexpack.com\/fr\/wp-json\/wp\/v2\/media?parent=2994"}],"wp:term":[{"taxonomy":"product_brand","embeddable":true,"href":"https:\/\/www.hyflexpack.com\/fr\/wp-json\/wp\/v2\/product_brand?post=2994"},{"taxonomy":"product_cat","embeddable":true,"href":"https:\/\/www.hyflexpack.com\/fr\/wp-json\/wp\/v2\/product_cat?post=2994"},{"taxonomy":"product_tag","embeddable":true,"href":"https:\/\/www.hyflexpack.com\/fr\/wp-json\/wp\/v2\/product_tag?post=2994"}],"curies":[{"name":"wp","href":"https:\/\/api.w.org\/{rel}","templated":true}]}}