{"id":10034,"date":"2026-04-23T08:31:12","date_gmt":"2026-04-23T08:31:12","guid":{"rendered":"https:\/\/www.hyflexpack.com\/?post_type=product&#038;p=10034"},"modified":"2026-04-23T08:31:15","modified_gmt":"2026-04-23T08:31:15","slug":"custom-coffee-packaging-bag-supply","status":"publish","type":"product","link":"https:\/\/www.hyflexpack.com\/fr\/product\/custom-coffee-packaging-bag-supply\/","title":{"rendered":"Custom Coffee Packaging Bag Manufacturer, Heat Seal Aluminum Foil Side Gusset Bag"},"content":{"rendered":"<div class=\"wp-block-columns is-layout-flex wp-container-core-columns-is-layout-9d6595d7 wp-block-columns-is-layout-flex\">\n<div class=\"wp-block-column is-layout-flow wp-block-column-is-layout-flow\">\n<h2 class=\"wp-block-heading\">Custom Coffee Packaging Bag Features<\/h2>\n\n\n\n<ul class=\"wp-block-list\">\n<li><strong>OEM\/ODM Customization<\/strong> \u2013 This <strong>custom coffee packaging bag<\/strong> is tailored for coffee brands and distributors, supporting full customization in size, material, and structure.<\/li>\n\n\n\n<li><strong>High Barrier Protection<\/strong> \u2013 Aluminum foil structure in the <strong>custom coffee packaging bag<\/strong> effectively blocks oxygen, moisture, and light to preserve freshness.<\/li>\n\n\n\n<li><strong>Soufflet lat\u00e9ral<\/strong> \u2013 Expands storage capacity while enhancing shelf presentation for retail and wholesale display.<\/li>\n\n\n\n<li><strong>Strong Heat Seal Performance<\/strong> \u2013 Ensures airtight sealing, maintaining coffee aroma and preventing leakage during transport.<\/li>\n\n\n\n<li><strong>Premium Custom Printing<\/strong> \u2013 Up to 10-color gravure printing delivers sharp visuals and boosts brand recognition.<\/li>\n\n\n\n<li><strong>Factory Wholesale Supply<\/strong> \u2013 Direct manufacturer pricing with stable production lead times for bulk orders<\/li>\n<\/ul>\n<\/div>\n\n\n\n<div class=\"wp-block-column is-layout-flow wp-block-column-is-layout-flow\">\n<figure class=\"wp-block-image size-full\"><img fetchpriority=\"high\" decoding=\"async\" width=\"1000\" height=\"1000\" src=\"https:\/\/www.hyflexpack.com\/wp-content\/uploads\/2026\/04\/Custom-Coffee-Packaging-Bags-1.webp\" alt=\"Sacs d&#039;emballage de caf\u00e9 personnalis\u00e9s\" class=\"wp-image-9963\" srcset=\"https:\/\/www.hyflexpack.com\/wp-content\/uploads\/2026\/04\/Custom-Coffee-Packaging-Bags-1.webp 1000w, https:\/\/www.hyflexpack.com\/wp-content\/uploads\/2026\/04\/Custom-Coffee-Packaging-Bags-1-300x300.webp 300w, https:\/\/www.hyflexpack.com\/wp-content\/uploads\/2026\/04\/Custom-Coffee-Packaging-Bags-1-150x150.webp 150w, https:\/\/www.hyflexpack.com\/wp-content\/uploads\/2026\/04\/Custom-Coffee-Packaging-Bags-1-768x768.webp 768w, https:\/\/www.hyflexpack.com\/wp-content\/uploads\/2026\/04\/Custom-Coffee-Packaging-Bags-1-12x12.webp 12w, https:\/\/www.hyflexpack.com\/wp-content\/uploads\/2026\/04\/Custom-Coffee-Packaging-Bags-1-285x285.webp 285w, https:\/\/www.hyflexpack.com\/wp-content\/uploads\/2026\/04\/Custom-Coffee-Packaging-Bags-1-270x270.webp 270w, https:\/\/www.hyflexpack.com\/wp-content\/uploads\/2026\/04\/Custom-Coffee-Packaging-Bags-1-540x540.webp 540w, https:\/\/www.hyflexpack.com\/wp-content\/uploads\/2026\/04\/Custom-Coffee-Packaging-Bags-1-660x660.webp 660w\" sizes=\"(max-width: 1000px) 100vw, 1000px\" \/><\/figure>\n<\/div>\n<\/div>","protected":false},"excerpt":{"rendered":"<p>This custom coffee packaging bag is made from laminated plastic and pure aluminum foil, providing excellent barrier protection against moisture, oxygen, and light to keep coffee fresh longer. Ideal for roasters and coffee brands seeking reliable packaging solutions. Contact us for custom sizes, printing, and wholesale pricing.<\/p>\n<h2>Advantages of Custom Coffee Packaging Bag<\/h2>\n<ul>\n<li>Conception personnalis\u00e9e : Nous proposons des services de sacs d'emballage personnalis\u00e9s, y compris la personnalisation du mat\u00e9riau, de la taille et du motif d'impression pour r\u00e9pondre aux besoins des clients, et nous prenons en charge les OEM et ODM.<\/li>\n<li>Fabrication : Gr\u00e2ce \u00e0 un \u00e9quipement et \u00e0 une technologie de pointe, nous pouvons r\u00e9aliser la production des commandes de mani\u00e8re efficace et avec une qualit\u00e9 \u00e9lev\u00e9e, et livrer dans les d\u00e9lais.<\/li>\n<li>Contr\u00f4le de la qualit\u00e9 : La production est r\u00e9alis\u00e9e dans le strict respect des normes de qualit\u00e9 et des exigences en mati\u00e8re de s\u00e9curit\u00e9 alimentaire afin de garantir que les produits r\u00e9pondent aux normes.<\/li>\n<li>Service \u00e0 la client\u00e8le : Fournir une r\u00e9ponse rapide et un service \u00e0 la client\u00e8le attentionn\u00e9 24 heures par jour.<\/li>\n<li>\u00c9chantillon gratuit : Fournir un service d'\u00e9chantillonnage gratuit pour vous permettre d'\u00e9valuer le produit.<\/li>\n<\/ul>\n<p>Huiyang Packaging is committed to providing customers with high-quality Custom Coffee Packaging Bags, helping customers improve their product image and enhance their market competitiveness<\/p>","protected":false},"featured_media":9963,"comment_status":"closed","ping_status":"closed","template":"","meta":[],"product_brand":[],"product_cat":[55,51],"product_tag":[122],"class_list":{"0":"post-10034","1":"product","2":"type-product","3":"status-publish","4":"has-post-thumbnail","6":"product_cat-custom-coffee-packaging","7":"product_cat-custom-food-packaging-bags","8":"product_tag-gusset-pouch-manufacturer","10":"first","11":"instock","12":"shipping-taxable","13":"product-type-simple"},"_links":{"self":[{"href":"https:\/\/www.hyflexpack.com\/fr\/wp-json\/wp\/v2\/product\/10034","targetHints":{"allow":["GET"]}}],"collection":[{"href":"https:\/\/www.hyflexpack.com\/fr\/wp-json\/wp\/v2\/product"}],"about":[{"href":"https:\/\/www.hyflexpack.com\/fr\/wp-json\/wp\/v2\/types\/product"}],"replies":[{"embeddable":true,"href":"https:\/\/www.hyflexpack.com\/fr\/wp-json\/wp\/v2\/comments?post=10034"}],"wp:featuredmedia":[{"embeddable":true,"href":"https:\/\/www.hyflexpack.com\/fr\/wp-json\/wp\/v2\/media\/9963"}],"wp:attachment":[{"href":"https:\/\/www.hyflexpack.com\/fr\/wp-json\/wp\/v2\/media?parent=10034"}],"wp:term":[{"taxonomy":"product_brand","embeddable":true,"href":"https:\/\/www.hyflexpack.com\/fr\/wp-json\/wp\/v2\/product_brand?post=10034"},{"taxonomy":"product_cat","embeddable":true,"href":"https:\/\/www.hyflexpack.com\/fr\/wp-json\/wp\/v2\/product_cat?post=10034"},{"taxonomy":"product_tag","embeddable":true,"href":"https:\/\/www.hyflexpack.com\/fr\/wp-json\/wp\/v2\/product_tag?post=10034"}],"curies":[{"name":"wp","href":"https:\/\/api.w.org\/{rel}","templated":true}]}}