{"id":9620,"date":"2026-03-23T06:38:33","date_gmt":"2026-03-23T06:38:33","guid":{"rendered":"https:\/\/www.hyflexpack.com\/?post_type=product&#038;p=9620"},"modified":"2026-03-23T06:38:35","modified_gmt":"2026-03-23T06:38:35","slug":"custom-instant-coffee-packaging-pouch","status":"publish","type":"product","link":"https:\/\/www.hyflexpack.com\/es\/product\/custom-instant-coffee-packaging-pouch\/","title":{"rendered":"Envasado personalizado de caf\u00e9 instant\u00e1neo Bolsa de papel de aluminio brillante de pie"},"content":{"rendered":"<div class=\"wp-block-columns is-layout-flex wp-container-core-columns-is-layout-9d6595d7 wp-block-columns-is-layout-flex\">\n<div class=\"wp-block-column is-layout-flow wp-block-column-is-layout-flow\">\n<h2 class=\"wp-block-heading\">Caracter\u00edsticas de los envases personalizados para caf\u00e9 instant\u00e1neo<\/h2>\n\n\n\n<ul class=\"wp-block-list\">\n<li><strong>Estructura de alta barrera: <\/strong>Esta bolsa para envasar caf\u00e9 instant\u00e1neo se fabrica con material laminado de poli\u00e9ster-aluminio, que ofrece una gran resistencia a la humedad y a la contaminaci\u00f3n externa.<br><\/li>\n\n\n\n<li><strong>Atractivo en el lineal: <\/strong>La bolsa de envasado de caf\u00e9 de pie proporciona una base estable, por lo que la bolsa de envasado de caf\u00e9 instant\u00e1neo es adecuada para estanter\u00edas de venta al por menor y expositores de almacenamiento.<br><\/li>\n\n\n\n<li><strong>Impresi\u00f3n brillante<\/strong>: La bolsa de caf\u00e9 instant\u00e1neo con impresi\u00f3n brillante mejora el aspecto del producto y refuerza el reconocimiento de la marca en los competitivos mercados del caf\u00e9.<br><\/li>\n\n\n\n<li><strong>Dise\u00f1o f\u00e1cil de usar: <\/strong>La bolsa de envasado de caf\u00e9 con muesca de rasgado permite una apertura r\u00e1pida al tiempo que mantiene un rendimiento de envasado termosellado fiable.<br><\/li>\n\n\n\n<li>Proporcionamos bolsas personalizadas para el envasado de caf\u00e9 instant\u00e1neo con tama\u00f1os a medida, impresi\u00f3n de gr\u00e1ficos personalizados y servicios de fabricaci\u00f3n OEM para marcas y distribuidores de caf\u00e9.<\/li>\n<\/ul>\n<\/div>\n\n\n\n<div class=\"wp-block-column is-layout-flow wp-block-column-is-layout-flow\">\n<figure class=\"wp-block-image size-full\"><img fetchpriority=\"high\" decoding=\"async\" width=\"1000\" height=\"1000\" src=\"https:\/\/www.hyflexpack.com\/wp-content\/uploads\/2026\/03\/Custom-Instant-Coffee-Packaging-3-1.webp\" alt=\"Envasado personalizado de caf\u00e9 instant\u00e1neo\" class=\"wp-image-9597\" srcset=\"https:\/\/www.hyflexpack.com\/wp-content\/uploads\/2026\/03\/Custom-Instant-Coffee-Packaging-3-1.webp 1000w, https:\/\/www.hyflexpack.com\/wp-content\/uploads\/2026\/03\/Custom-Instant-Coffee-Packaging-3-1-300x300.webp 300w, https:\/\/www.hyflexpack.com\/wp-content\/uploads\/2026\/03\/Custom-Instant-Coffee-Packaging-3-1-150x150.webp 150w, https:\/\/www.hyflexpack.com\/wp-content\/uploads\/2026\/03\/Custom-Instant-Coffee-Packaging-3-1-768x768.webp 768w, https:\/\/www.hyflexpack.com\/wp-content\/uploads\/2026\/03\/Custom-Instant-Coffee-Packaging-3-1-12x12.webp 12w, https:\/\/www.hyflexpack.com\/wp-content\/uploads\/2026\/03\/Custom-Instant-Coffee-Packaging-3-1-285x285.webp 285w, https:\/\/www.hyflexpack.com\/wp-content\/uploads\/2026\/03\/Custom-Instant-Coffee-Packaging-3-1-270x270.webp 270w, https:\/\/www.hyflexpack.com\/wp-content\/uploads\/2026\/03\/Custom-Instant-Coffee-Packaging-3-1-540x540.webp 540w, https:\/\/www.hyflexpack.com\/wp-content\/uploads\/2026\/03\/Custom-Instant-Coffee-Packaging-3-1-660x660.webp 660w\" sizes=\"(max-width: 1000px) 100vw, 1000px\" \/><\/figure>\n<\/div>\n<\/div>","protected":false},"excerpt":{"rendered":"<p>Nuestra bolsa de papel de aluminio brillante para el envasado de caf\u00e9 instant\u00e1neo est\u00e1 dise\u00f1ada para ofrecer una protecci\u00f3n fiable y una atractiva presentaci\u00f3n al por menor para los productos de caf\u00e9 instant\u00e1neo. Fabricada con pl\u00e1stico laminado de aluminio y poli\u00e9ster resistente, la bolsa ayuda a conservar el sabor y el aroma del caf\u00e9. La bolsa termosellable con ranura para rasgar proporciona un sellado seguro y una apertura c\u00f3moda para los consumidores. Ofrecemos servicios OEM de envasado de caf\u00e9 instant\u00e1neo, incluidos tama\u00f1os personalizados, impresi\u00f3n de ilustraciones de marca y producci\u00f3n de etiquetas privadas. P\u00f3ngase en contacto con nuestro equipo para iniciar su proyecto de envasado de caf\u00e9 instant\u00e1neo personalizado.<\/p>\n<h2>Ventajas de los envases personalizados de caf\u00e9 instant\u00e1neo de alta calidad<\/h2>\n<ul>\n<li><strong>Dise\u00f1o personalizado:<\/strong> Ofrecemos servicios personalizados de bolsas de embalaje, incluyendo la personalizaci\u00f3n del material, el tama\u00f1o y el patr\u00f3n de impresi\u00f3n para satisfacer las necesidades del cliente, y apoyamos OEM y ODM.<\/li>\n<li><strong>Fabricaci\u00f3n:<\/strong> Con equipos y tecnolog\u00eda avanzados, podemos completar la producci\u00f3n de pedidos con eficacia y alta calidad, y entregarlos a tiempo.<\/li>\n<li><strong>Inspecci\u00f3n de calidad:<\/strong> La producci\u00f3n se lleva a cabo siguiendo estrictamente las normas de calidad y los requisitos de seguridad alimentaria para garantizar que los productos cumplen las normas.<\/li>\n<li><strong>Atenci\u00f3n al cliente:<\/strong> Ofrezca una respuesta r\u00e1pida y un servicio de atenci\u00f3n al cliente atento las 24 horas del d\u00eda.<\/li>\n<li><strong>Muestra gratis:<\/strong> Proporcionamos muestras gratuitas para que pueda evaluar el producto.<\/li>\n<\/ul>\n<p>Huiyang Packaging se compromete a proporcionar a los clientes envases de caf\u00e9 instant\u00e1neo personalizados de alta calidad, ayudando a los clientes a mejorar la imagen de sus productos y aumentar su competitividad en el mercado.<\/p>","protected":false},"featured_media":9597,"comment_status":"closed","ping_status":"closed","template":"","meta":[],"product_brand":[],"product_cat":[55,51],"product_tag":[116],"class_list":{"0":"post-9620","1":"product","2":"type-product","3":"status-publish","4":"has-post-thumbnail","6":"product_cat-custom-coffee-packaging","7":"product_cat-custom-food-packaging-bags","8":"product_tag-stand-up-pouch-manufacturer","10":"first","11":"instock","12":"shipping-taxable","13":"product-type-simple"},"_links":{"self":[{"href":"https:\/\/www.hyflexpack.com\/es\/wp-json\/wp\/v2\/product\/9620","targetHints":{"allow":["GET"]}}],"collection":[{"href":"https:\/\/www.hyflexpack.com\/es\/wp-json\/wp\/v2\/product"}],"about":[{"href":"https:\/\/www.hyflexpack.com\/es\/wp-json\/wp\/v2\/types\/product"}],"replies":[{"embeddable":true,"href":"https:\/\/www.hyflexpack.com\/es\/wp-json\/wp\/v2\/comments?post=9620"}],"wp:featuredmedia":[{"embeddable":true,"href":"https:\/\/www.hyflexpack.com\/es\/wp-json\/wp\/v2\/media\/9597"}],"wp:attachment":[{"href":"https:\/\/www.hyflexpack.com\/es\/wp-json\/wp\/v2\/media?parent=9620"}],"wp:term":[{"taxonomy":"product_brand","embeddable":true,"href":"https:\/\/www.hyflexpack.com\/es\/wp-json\/wp\/v2\/product_brand?post=9620"},{"taxonomy":"product_cat","embeddable":true,"href":"https:\/\/www.hyflexpack.com\/es\/wp-json\/wp\/v2\/product_cat?post=9620"},{"taxonomy":"product_tag","embeddable":true,"href":"https:\/\/www.hyflexpack.com\/es\/wp-json\/wp\/v2\/product_tag?post=9620"}],"curies":[{"name":"wp","href":"https:\/\/api.w.org\/{rel}","templated":true}]}}