{"id":9590,"date":"2026-03-23T06:29:28","date_gmt":"2026-03-23T06:29:28","guid":{"rendered":"https:\/\/www.hyflexpack.com\/?post_type=product&#038;p=9590"},"modified":"2026-03-23T06:29:31","modified_gmt":"2026-03-23T06:29:31","slug":"custom-instant-coffee-bag-aluminum-foil","status":"publish","type":"product","link":"https:\/\/www.hyflexpack.com\/es\/product\/custom-instant-coffee-bag-aluminum-foil\/","title":{"rendered":"Custom Instant Coffee Packaging Stand Up Aluminum Foil Pouch OEM"},"content":{"rendered":"<div class=\"wp-block-columns is-layout-flex wp-container-core-columns-is-layout-9d6595d7 wp-block-columns-is-layout-flex\">\n<div class=\"wp-block-column is-layout-flow wp-block-column-is-layout-flow\">\n<h2 class=\"wp-block-heading\">Features of Custom Instant Coffee Bag<\/h2>\n\n\n\n<ul class=\"wp-block-list\">\n<li>This instant coffee packaging pouch uses high-quality polyester aluminum foil laminated plastic, providing excellent barrier protection against moisture, oxygen, and light.<\/li>\n\n\n\n<li>The stand-up coffee pouch design allows the instant coffee packaging bag to stand firmly on shelves, improving display and storage efficiency.<\/li>\n\n\n\n<li>We offer custom instant coffee packaging bags with custom size, custom logo printing, and private label packaging to support your coffee brand.<\/li>\n\n\n\n<li>The heat-sealed aluminum foil pouch ensures secure sealing, helping maintain freshness and aroma for instant coffee products.<\/li>\n\n\n\n<li>Our factory provides OEM coffee packaging pouches, suitable for instant coffee manufacturers, coffee brands, and beverage distributors.<\/li>\n<\/ul>\n<\/div>\n\n\n\n<div class=\"wp-block-column is-layout-flow wp-block-column-is-layout-flow\">\n<figure class=\"wp-block-image size-full\"><img fetchpriority=\"high\" decoding=\"async\" width=\"1000\" height=\"1000\" src=\"https:\/\/www.hyflexpack.com\/wp-content\/uploads\/2026\/03\/Custom-Instant-Coffee-Packaging-1.webp\" alt=\"Envasado personalizado de caf\u00e9 instant\u00e1neo\" class=\"wp-image-9574\" srcset=\"https:\/\/www.hyflexpack.com\/wp-content\/uploads\/2026\/03\/Custom-Instant-Coffee-Packaging-1.webp 1000w, https:\/\/www.hyflexpack.com\/wp-content\/uploads\/2026\/03\/Custom-Instant-Coffee-Packaging-1-300x300.webp 300w, https:\/\/www.hyflexpack.com\/wp-content\/uploads\/2026\/03\/Custom-Instant-Coffee-Packaging-1-150x150.webp 150w, https:\/\/www.hyflexpack.com\/wp-content\/uploads\/2026\/03\/Custom-Instant-Coffee-Packaging-1-768x768.webp 768w, https:\/\/www.hyflexpack.com\/wp-content\/uploads\/2026\/03\/Custom-Instant-Coffee-Packaging-1-12x12.webp 12w, https:\/\/www.hyflexpack.com\/wp-content\/uploads\/2026\/03\/Custom-Instant-Coffee-Packaging-1-285x285.webp 285w, https:\/\/www.hyflexpack.com\/wp-content\/uploads\/2026\/03\/Custom-Instant-Coffee-Packaging-1-270x270.webp 270w, https:\/\/www.hyflexpack.com\/wp-content\/uploads\/2026\/03\/Custom-Instant-Coffee-Packaging-1-540x540.webp 540w, https:\/\/www.hyflexpack.com\/wp-content\/uploads\/2026\/03\/Custom-Instant-Coffee-Packaging-1-660x660.webp 660w\" sizes=\"(max-width: 1000px) 100vw, 1000px\" \/><\/figure>\n<\/div>\n<\/div>","protected":false},"excerpt":{"rendered":"<p>Our custom instant coffee bag is a stand-up aluminum foil pouch made from durable laminated polyester aluminum plastic, designed to protect instant coffee from moisture, oxygen, and light. The heat seal stand up coffee pouch keeps products fresh while offering convenient storage and retail display. We support OEM instant coffee packaging, including custom size, custom printing, and private label packaging for coffee brands and manufacturers. Contact us today to get a custom quote for your instant coffee packaging bags.<\/p>\n<h2>Advantages of High Quality Custom Instant Coffee Bag<\/h2>\n<ul>\n<li><strong>Dise\u00f1o personalizado:<\/strong> Ofrecemos servicios personalizados de bolsas de embalaje, incluyendo la personalizaci\u00f3n del material, el tama\u00f1o y el patr\u00f3n de impresi\u00f3n para satisfacer las necesidades del cliente, y apoyamos OEM y ODM.<\/li>\n<li><strong>Fabricaci\u00f3n:<\/strong> Con equipos y tecnolog\u00eda avanzados, podemos completar la producci\u00f3n de pedidos con eficacia y alta calidad, y entregarlos a tiempo.<\/li>\n<li><strong>Inspecci\u00f3n de calidad:<\/strong> La producci\u00f3n se lleva a cabo siguiendo estrictamente las normas de calidad y los requisitos de seguridad alimentaria para garantizar que los productos cumplen las normas.<\/li>\n<li><strong>Atenci\u00f3n al cliente:<\/strong> Ofrezca una respuesta r\u00e1pida y un servicio de atenci\u00f3n al cliente atento las 24 horas del d\u00eda.<\/li>\n<li><strong>Muestra gratis:<\/strong> Proporcionamos muestras gratuitas para que pueda evaluar el producto.<\/li>\n<\/ul>\n<p>Huiyang Packaging is committed to providing customers with high-quality Custom Instant Coffee Bags, helping customers improve their product image and enhance their market competitiveness.<\/p>","protected":false},"featured_media":9574,"comment_status":"closed","ping_status":"closed","template":"","meta":[],"product_brand":[],"product_cat":[55,51],"product_tag":[116],"class_list":{"0":"post-9590","1":"product","2":"type-product","3":"status-publish","4":"has-post-thumbnail","6":"product_cat-custom-coffee-packaging","7":"product_cat-custom-food-packaging-bags","8":"product_tag-stand-up-pouch-manufacturer","10":"first","11":"instock","12":"shipping-taxable","13":"product-type-simple"},"_links":{"self":[{"href":"https:\/\/www.hyflexpack.com\/es\/wp-json\/wp\/v2\/product\/9590","targetHints":{"allow":["GET"]}}],"collection":[{"href":"https:\/\/www.hyflexpack.com\/es\/wp-json\/wp\/v2\/product"}],"about":[{"href":"https:\/\/www.hyflexpack.com\/es\/wp-json\/wp\/v2\/types\/product"}],"replies":[{"embeddable":true,"href":"https:\/\/www.hyflexpack.com\/es\/wp-json\/wp\/v2\/comments?post=9590"}],"wp:featuredmedia":[{"embeddable":true,"href":"https:\/\/www.hyflexpack.com\/es\/wp-json\/wp\/v2\/media\/9574"}],"wp:attachment":[{"href":"https:\/\/www.hyflexpack.com\/es\/wp-json\/wp\/v2\/media?parent=9590"}],"wp:term":[{"taxonomy":"product_brand","embeddable":true,"href":"https:\/\/www.hyflexpack.com\/es\/wp-json\/wp\/v2\/product_brand?post=9590"},{"taxonomy":"product_cat","embeddable":true,"href":"https:\/\/www.hyflexpack.com\/es\/wp-json\/wp\/v2\/product_cat?post=9590"},{"taxonomy":"product_tag","embeddable":true,"href":"https:\/\/www.hyflexpack.com\/es\/wp-json\/wp\/v2\/product_tag?post=9590"}],"curies":[{"name":"wp","href":"https:\/\/api.w.org\/{rel}","templated":true}]}}