{"id":9561,"date":"2026-03-23T06:30:38","date_gmt":"2026-03-23T06:30:38","guid":{"rendered":"https:\/\/www.hyflexpack.com\/?post_type=product&#038;p=9561"},"modified":"2026-03-23T06:30:43","modified_gmt":"2026-03-23T06:30:43","slug":"custom-chocolate-packaging-zipper-pouch","status":"publish","type":"product","link":"https:\/\/www.hyflexpack.com\/es\/product\/custom-chocolate-packaging-zipper-pouch\/","title":{"rendered":"Envasado personalizado de chocolate Bolsa con cremallera y ventana OEM"},"content":{"rendered":"<div class=\"wp-block-columns is-layout-flex wp-container-core-columns-is-layout-9d6595d7 wp-block-columns-is-layout-flex\">\n<div class=\"wp-block-column is-layout-flow wp-block-column-is-layout-flow\">\n<h2 class=\"wp-block-heading\">Features Of Custom Chocolate Packaging Stand Up Zipper Pouch<\/h2>\n\n\n\n<ul class=\"wp-block-list\">\n<li>This chocolate packaging pouch is made from strong laminated plastic material, providing excellent protection against moisture and air to maintain chocolate freshness.<\/li>\n\n\n\n<li>The stand-up zipper pouch design allows the chocolate packaging bag to stand upright on shelves, improving product display and storage convenience.<\/li>\n\n\n\n<li>The shaped window allows customers to easily see the chocolate inside, enhancing shelf appeal and consumer confidence.<\/li>\n\n\n\n<li>We offer custom chocolate packaging bags with custom sizes, custom printing, and private label packaging to match your branding needs.<\/li>\n\n\n\n<li>Our factory provides OEM chocolate packaging pouch services, ideal for chocolate manufacturers, confectionery brands, and food distributors.<\/li>\n<\/ul>\n<\/div>\n\n\n\n<div class=\"wp-block-column is-layout-flow wp-block-column-is-layout-flow\">\n<figure class=\"wp-block-image size-full\"><img fetchpriority=\"high\" decoding=\"async\" width=\"1000\" height=\"1000\" src=\"https:\/\/www.hyflexpack.com\/wp-content\/uploads\/2026\/03\/Custom-Chocolate-Packaging-Stand-Up-Zipper-Pouch-4.webp\" alt=\"Envasado personalizado de chocolate Bolsa con cremallera \" class=\"wp-image-9565\" srcset=\"https:\/\/www.hyflexpack.com\/wp-content\/uploads\/2026\/03\/Custom-Chocolate-Packaging-Stand-Up-Zipper-Pouch-4.webp 1000w, https:\/\/www.hyflexpack.com\/wp-content\/uploads\/2026\/03\/Custom-Chocolate-Packaging-Stand-Up-Zipper-Pouch-4-300x300.webp 300w, https:\/\/www.hyflexpack.com\/wp-content\/uploads\/2026\/03\/Custom-Chocolate-Packaging-Stand-Up-Zipper-Pouch-4-150x150.webp 150w, https:\/\/www.hyflexpack.com\/wp-content\/uploads\/2026\/03\/Custom-Chocolate-Packaging-Stand-Up-Zipper-Pouch-4-768x768.webp 768w, https:\/\/www.hyflexpack.com\/wp-content\/uploads\/2026\/03\/Custom-Chocolate-Packaging-Stand-Up-Zipper-Pouch-4-12x12.webp 12w, https:\/\/www.hyflexpack.com\/wp-content\/uploads\/2026\/03\/Custom-Chocolate-Packaging-Stand-Up-Zipper-Pouch-4-285x285.webp 285w, https:\/\/www.hyflexpack.com\/wp-content\/uploads\/2026\/03\/Custom-Chocolate-Packaging-Stand-Up-Zipper-Pouch-4-270x270.webp 270w, https:\/\/www.hyflexpack.com\/wp-content\/uploads\/2026\/03\/Custom-Chocolate-Packaging-Stand-Up-Zipper-Pouch-4-540x540.webp 540w, https:\/\/www.hyflexpack.com\/wp-content\/uploads\/2026\/03\/Custom-Chocolate-Packaging-Stand-Up-Zipper-Pouch-4-660x660.webp 660w\" sizes=\"(max-width: 1000px) 100vw, 1000px\" \/><\/figure>\n<\/div>\n<\/div>","protected":false},"excerpt":{"rendered":"<p>Our custom chocolate packaging stand-up zipper pouch has a shaped window. Our custom pouch features durable laminated plastic material, designed to keep chocolate products fresh and well-protected. The stand-up zipper pouch with a clear window enhances product visibility while offering convenient resealing. We provide OEM chocolate packaging solutions, including custom sizes, custom logo printing, and private label packaging to support your brand. Contact us today to get a custom quote for your chocolate packaging bags.<\/p>\n<h2>Advantages of Custom Chocolate Packaging Stand Up Zipper Pouch<\/h2>\n<ul>\n<li><strong>Dise\u00f1o personalizado:<\/strong> Ofrecemos servicios personalizados de bolsas de embalaje, incluyendo la personalizaci\u00f3n del material, el tama\u00f1o y el patr\u00f3n de impresi\u00f3n para satisfacer las necesidades del cliente, y apoyamos OEM y ODM.<\/li>\n<li><strong>Fabricaci\u00f3n:<\/strong> Con equipos y tecnolog\u00eda avanzados, podemos completar la producci\u00f3n de pedidos con eficacia y alta calidad, y entregarlos a tiempo.<\/li>\n<li><strong>Inspecci\u00f3n de calidad:<\/strong> La producci\u00f3n se lleva a cabo siguiendo estrictamente las normas de calidad y los requisitos de seguridad alimentaria para garantizar que los productos cumplen las normas.<\/li>\n<li><strong>Atenci\u00f3n al cliente:<\/strong> Ofrezca una respuesta r\u00e1pida y un servicio de atenci\u00f3n al cliente atento las 24 horas del d\u00eda.<\/li>\n<li><strong>Muestra gratis:<\/strong> Proporcionamos muestras gratuitas para que pueda evaluar el producto.<\/li>\n<\/ul>\n<p>Huiyang Packaging is committed to providing customers with high-quality Custom Chocolate Packaging Stand Up Zipper Pouch to help customers improve their product image and enhance their market competitiveness.<\/p>","protected":false},"featured_media":9565,"comment_status":"closed","ping_status":"closed","template":"","meta":[],"product_brand":[],"product_cat":[96,51],"product_tag":[116,124],"class_list":{"0":"post-9561","1":"product","2":"type-product","3":"status-publish","4":"has-post-thumbnail","6":"product_cat-chocolate-packaging-bags","7":"product_cat-custom-food-packaging-bags","8":"product_tag-stand-up-pouch-manufacturer","9":"product_tag-zipper-pouch-manufacturer","11":"first","12":"instock","13":"shipping-taxable","14":"product-type-simple"},"_links":{"self":[{"href":"https:\/\/www.hyflexpack.com\/es\/wp-json\/wp\/v2\/product\/9561","targetHints":{"allow":["GET"]}}],"collection":[{"href":"https:\/\/www.hyflexpack.com\/es\/wp-json\/wp\/v2\/product"}],"about":[{"href":"https:\/\/www.hyflexpack.com\/es\/wp-json\/wp\/v2\/types\/product"}],"replies":[{"embeddable":true,"href":"https:\/\/www.hyflexpack.com\/es\/wp-json\/wp\/v2\/comments?post=9561"}],"wp:featuredmedia":[{"embeddable":true,"href":"https:\/\/www.hyflexpack.com\/es\/wp-json\/wp\/v2\/media\/9565"}],"wp:attachment":[{"href":"https:\/\/www.hyflexpack.com\/es\/wp-json\/wp\/v2\/media?parent=9561"}],"wp:term":[{"taxonomy":"product_brand","embeddable":true,"href":"https:\/\/www.hyflexpack.com\/es\/wp-json\/wp\/v2\/product_brand?post=9561"},{"taxonomy":"product_cat","embeddable":true,"href":"https:\/\/www.hyflexpack.com\/es\/wp-json\/wp\/v2\/product_cat?post=9561"},{"taxonomy":"product_tag","embeddable":true,"href":"https:\/\/www.hyflexpack.com\/es\/wp-json\/wp\/v2\/product_tag?post=9561"}],"curies":[{"name":"wp","href":"https:\/\/api.w.org\/{rel}","templated":true}]}}