{"id":9338,"date":"2026-02-26T02:22:40","date_gmt":"2026-02-26T02:22:40","guid":{"rendered":"https:\/\/www.hyflexpack.com\/?post_type=product&#038;p=9338"},"modified":"2026-02-26T02:22:45","modified_gmt":"2026-02-26T02:22:45","slug":"custom-pressure-sensitive-bottle-label","status":"publish","type":"product","link":"https:\/\/www.hyflexpack.com\/es\/product\/custom-pressure-sensitive-bottle-label\/","title":{"rendered":"Etiquetas personalizadas sensibles a la presi\u00f3n para botellas de bebidas Suministro OEM y al por mayor"},"content":{"rendered":"<div class=\"wp-block-columns is-layout-flex wp-container-core-columns-is-layout-9d6595d7 wp-block-columns-is-layout-flex\">\n<div class=\"wp-block-column is-layout-flow wp-block-column-is-layout-flow\">\n<h2 class=\"wp-block-heading\">Etiquetas personalizadas sensibles a la presi\u00f3n para botellas Caracter\u00edsticas<\/h2>\n\n\n\n<ul class=\"wp-block-list\">\n<li>Nuestras etiquetas personalizadas sensibles a la presi\u00f3n para botellas se adaptan al tama\u00f1o, la forma, el tipo de adhesivo y el material de la etiqueta para satisfacer los distintos requisitos de envasado de botellas de bebidas.<br><\/li>\n\n\n\n<li>Etiquetas autoadhesivas dise\u00f1adas para botellas de vidrio, PET y HDPE, que mantienen su rendimiento en condiciones de fr\u00edo, humedad y refrigeraci\u00f3n.<br><\/li>\n\n\n\n<li>Fabricaci\u00f3n optimizada para pedidos de gran volumen, ideal para compradores B2B, distribuidores y plantas embotelladoras.<br><\/li>\n\n\n\n<li>Dise\u00f1ado para una dispensaci\u00f3n suave y una colocaci\u00f3n precisa en etiquetadoras autom\u00e1ticas de alta velocidad.<\/li>\n<\/ul>\n<\/div>\n\n\n\n<div class=\"wp-block-column is-layout-flow wp-block-column-is-layout-flow\">\n<figure class=\"wp-block-image size-full\"><img fetchpriority=\"high\" decoding=\"async\" width=\"1000\" height=\"1000\" src=\"https:\/\/www.hyflexpack.com\/wp-content\/uploads\/2026\/02\/Custom-Pressure-Sensitive-Bottle-Labels-1.webp\" alt=\"Etiquetas personalizadas sensibles a la presi\u00f3n para botellas\" class=\"wp-image-9290\" srcset=\"https:\/\/www.hyflexpack.com\/wp-content\/uploads\/2026\/02\/Custom-Pressure-Sensitive-Bottle-Labels-1.webp 1000w, https:\/\/www.hyflexpack.com\/wp-content\/uploads\/2026\/02\/Custom-Pressure-Sensitive-Bottle-Labels-1-300x300.webp 300w, https:\/\/www.hyflexpack.com\/wp-content\/uploads\/2026\/02\/Custom-Pressure-Sensitive-Bottle-Labels-1-150x150.webp 150w, https:\/\/www.hyflexpack.com\/wp-content\/uploads\/2026\/02\/Custom-Pressure-Sensitive-Bottle-Labels-1-768x768.webp 768w, https:\/\/www.hyflexpack.com\/wp-content\/uploads\/2026\/02\/Custom-Pressure-Sensitive-Bottle-Labels-1-12x12.webp 12w, https:\/\/www.hyflexpack.com\/wp-content\/uploads\/2026\/02\/Custom-Pressure-Sensitive-Bottle-Labels-1-285x285.webp 285w, https:\/\/www.hyflexpack.com\/wp-content\/uploads\/2026\/02\/Custom-Pressure-Sensitive-Bottle-Labels-1-270x270.webp 270w, https:\/\/www.hyflexpack.com\/wp-content\/uploads\/2026\/02\/Custom-Pressure-Sensitive-Bottle-Labels-1-540x540.webp 540w, https:\/\/www.hyflexpack.com\/wp-content\/uploads\/2026\/02\/Custom-Pressure-Sensitive-Bottle-Labels-1-660x660.webp 660w\" sizes=\"(max-width: 1000px) 100vw, 1000px\" \/><\/figure>\n<\/div>\n<\/div>","protected":false},"excerpt":{"rendered":"<p>Venta al por mayor de etiquetas personalizadas sensibles a la presi\u00f3n para botellas de bebidas de todos los tama\u00f1os. Las etiquetas tienen una impresi\u00f3n transparente, no son f\u00e1ciles de despegar, son impermeables y duraderas. Nuestras etiquetas sensibles a la presi\u00f3n para botellas est\u00e1n fabricadas con materiales de alta calidad para garantizar que permanezcan claras y bonitas en cualquier entorno. Admite OEM\/ODM. P\u00f3ngase en contacto con nosotros.<\/p>\n<h2>Ventajas del proveedor de etiquetas para botellas<\/h2>\n<ul>\n<li><strong>Dise\u00f1o a medida<\/strong>: Proporcionar soluciones de dise\u00f1o personalizadas para satisfacer diferentes especificaciones, tama\u00f1os y requisitos de impresi\u00f3n de hasta 10 colores seg\u00fan las necesidades del cliente, apoyar la personalizaci\u00f3n OEM y ODM.<\/li>\n<li><strong>Garant\u00eda de calidad<\/strong>: Controlar estrictamente el proceso de producci\u00f3n, utilizando materias primas de alta calidad y equipos de producci\u00f3n avanzados para garantizar una calidad de producto y una producci\u00f3n estables y fiables.<\/li>\n<li><strong>Asistencia t\u00e9cnica profesional<\/strong>: Con el equipo t\u00e9cnico experimentado, proporcionamos soporte t\u00e9cnico profesional y servicio post-venta para asegurar que las necesidades de los clientes son r\u00e1pidamente respondidas y resueltas.<\/li>\n<li><strong>Muestra gratuita<\/strong>: Proporcionamos muestras gratuitas para que pueda evaluar los productos.<\/li>\n<\/ul>\n<p>Huiyang Packaging se dedica a ofrecer etiquetas para botellas personalizadas de alta calidad que mejoran la imagen del producto e impulsan la competitividad de nuestros clientes en el mercado.<\/p>","protected":false},"featured_media":9290,"comment_status":"closed","ping_status":"closed","template":"","meta":[],"product_brand":[],"product_cat":[90,53],"product_tag":[],"class_list":{"0":"post-9338","1":"product","2":"type-product","3":"status-publish","4":"has-post-thumbnail","6":"product_cat-custom-bottle-label","7":"product_cat-packaging-film-supplier","9":"first","10":"instock","11":"shipping-taxable","12":"product-type-simple"},"_links":{"self":[{"href":"https:\/\/www.hyflexpack.com\/es\/wp-json\/wp\/v2\/product\/9338","targetHints":{"allow":["GET"]}}],"collection":[{"href":"https:\/\/www.hyflexpack.com\/es\/wp-json\/wp\/v2\/product"}],"about":[{"href":"https:\/\/www.hyflexpack.com\/es\/wp-json\/wp\/v2\/types\/product"}],"replies":[{"embeddable":true,"href":"https:\/\/www.hyflexpack.com\/es\/wp-json\/wp\/v2\/comments?post=9338"}],"wp:featuredmedia":[{"embeddable":true,"href":"https:\/\/www.hyflexpack.com\/es\/wp-json\/wp\/v2\/media\/9290"}],"wp:attachment":[{"href":"https:\/\/www.hyflexpack.com\/es\/wp-json\/wp\/v2\/media?parent=9338"}],"wp:term":[{"taxonomy":"product_brand","embeddable":true,"href":"https:\/\/www.hyflexpack.com\/es\/wp-json\/wp\/v2\/product_brand?post=9338"},{"taxonomy":"product_cat","embeddable":true,"href":"https:\/\/www.hyflexpack.com\/es\/wp-json\/wp\/v2\/product_cat?post=9338"},{"taxonomy":"product_tag","embeddable":true,"href":"https:\/\/www.hyflexpack.com\/es\/wp-json\/wp\/v2\/product_tag?post=9338"}],"curies":[{"name":"wp","href":"https:\/\/api.w.org\/{rel}","templated":true}]}}