{"id":9337,"date":"2026-02-26T02:26:06","date_gmt":"2026-02-26T02:26:06","guid":{"rendered":"https:\/\/www.hyflexpack.com\/?post_type=product&#038;p=9337"},"modified":"2026-02-26T02:26:14","modified_gmt":"2026-02-26T02:26:14","slug":"wholesale-bottle-shrink-sleeve-label","status":"publish","type":"product","link":"https:\/\/www.hyflexpack.com\/es\/product\/wholesale-bottle-shrink-sleeve-label\/","title":{"rendered":"Venta al por mayor de etiquetas retr\u00e1ctiles para botellas de bebidas, OEM y pedidos de gran volumen"},"content":{"rendered":"<div class=\"wp-block-columns is-layout-flex wp-container-core-columns-is-layout-9d6595d7 wp-block-columns-is-layout-flex\">\n<div class=\"wp-block-column is-layout-flow wp-block-column-is-layout-flow\">\n<h2 class=\"wp-block-heading\">Mayorista Etiquetas Retr\u00e1ctiles para Botellas de Bebidas Caracter\u00edsticas<\/h2>\n\n\n\n<ul class=\"wp-block-list\">\n<li>Etiquetas con funda retr\u00e1ctil producidas en f\u00e1brica y optimizadas para botellas de agua, zumos, refrescos y bebidas funcionales.<\/li>\n<\/ul>\n\n\n\n<ul class=\"wp-block-list\">\n<li>Soporte OEM completo, incluidas opciones de material, dimensiones de las fundas, ratios de retracci\u00f3n y especificaciones de impresi\u00f3n.<\/li>\n<\/ul>\n\n\n\n<ul class=\"wp-block-list\">\n<li>La capacidad de fabricaci\u00f3n escalable permite realizar grandes pedidos y pedidos repetidos con una calidad y una entrega constantes.<\/li>\n<\/ul>\n\n\n\n<ul class=\"wp-block-list\">\n<li>Dise\u00f1ado para una aplicaci\u00f3n suave en l\u00edneas de embotellado y etiquetado de alta velocidad con una distorsi\u00f3n m\u00ednima.<\/li>\n<\/ul>\n\n\n\n<ul class=\"wp-block-list\">\n<li>Precios al por mayor competitivos para compradores B2B, distribuidores y proveedores de envases de bebidas.<\/li>\n<\/ul>\n<\/div>\n\n\n\n<div class=\"wp-block-column is-layout-flow wp-block-column-is-layout-flow\">\n<figure class=\"wp-block-image size-full\"><img fetchpriority=\"high\" decoding=\"async\" width=\"1000\" height=\"1000\" src=\"https:\/\/www.hyflexpack.com\/wp-content\/uploads\/2026\/02\/Wholesale-Beverage-Bottle-Shrink-Sleeve-Labels-1.webp\" alt=\"Venta al por mayor etiquetas retr\u00e1ctiles para botellas de bebidas \" class=\"wp-image-9322\" srcset=\"https:\/\/www.hyflexpack.com\/wp-content\/uploads\/2026\/02\/Wholesale-Beverage-Bottle-Shrink-Sleeve-Labels-1.webp 1000w, https:\/\/www.hyflexpack.com\/wp-content\/uploads\/2026\/02\/Wholesale-Beverage-Bottle-Shrink-Sleeve-Labels-1-300x300.webp 300w, https:\/\/www.hyflexpack.com\/wp-content\/uploads\/2026\/02\/Wholesale-Beverage-Bottle-Shrink-Sleeve-Labels-1-150x150.webp 150w, https:\/\/www.hyflexpack.com\/wp-content\/uploads\/2026\/02\/Wholesale-Beverage-Bottle-Shrink-Sleeve-Labels-1-768x768.webp 768w, https:\/\/www.hyflexpack.com\/wp-content\/uploads\/2026\/02\/Wholesale-Beverage-Bottle-Shrink-Sleeve-Labels-1-12x12.webp 12w, https:\/\/www.hyflexpack.com\/wp-content\/uploads\/2026\/02\/Wholesale-Beverage-Bottle-Shrink-Sleeve-Labels-1-285x285.webp 285w, https:\/\/www.hyflexpack.com\/wp-content\/uploads\/2026\/02\/Wholesale-Beverage-Bottle-Shrink-Sleeve-Labels-1-270x270.webp 270w, https:\/\/www.hyflexpack.com\/wp-content\/uploads\/2026\/02\/Wholesale-Beverage-Bottle-Shrink-Sleeve-Labels-1-540x540.webp 540w, https:\/\/www.hyflexpack.com\/wp-content\/uploads\/2026\/02\/Wholesale-Beverage-Bottle-Shrink-Sleeve-Labels-1-660x660.webp 660w\" sizes=\"(max-width: 1000px) 100vw, 1000px\" \/><\/figure>\n<\/div>\n<\/div>","protected":false},"excerpt":{"rendered":"<p>Como fabricantes experimentados de film retr\u00e1ctil para etiquetas en China, ofrecemos etiquetas personalizadas de funda retr\u00e1ctil con impresi\u00f3n vibrante, protecci\u00f3n impermeable y opciones de materiales ecol\u00f3gicos. Perfectas para botellas de todas las formas e industrias. P\u00f3ngase en contacto con nosotros hoy mismo para obtener precios exclusivos para empresas.<\/p>\n<h2>Ventajas del fabricante de etiquetas retr\u00e1ctiles para botellas<\/h2>\n<ul>\n<li><strong>Dise\u00f1o personalizado<\/strong>: Proporcionar soluciones de dise\u00f1o personalizado de acuerdo a las necesidades de los clientes, cumplir con diferentes especificaciones, tama\u00f1os, y la impresi\u00f3n de hasta 10 colores, y\u00a0<a href=\"https:\/\/www.hyflexpack.com\/es\/envases-flexibles-personalizados\/\"><strong>admite OEM y ODM<\/strong><\/a>\u00a0personalizaci\u00f3n.<\/li>\n<li><strong>Entrega r\u00e1pida<\/strong>: Con una capacidad de producci\u00f3n eficiente y un sistema de gesti\u00f3n de la cadena de suministro, podemos responder a los pedidos de los clientes con prontitud para garantizar una entrega puntual.<\/li>\n<li><strong>Apoyo integral<\/strong>: Un equipo t\u00e9cnico profesional y un equipo de servicio posventa ofrecen asesoramiento preventa y asistencia posventa para proporcionar asistencia t\u00e9cnica y soluciones a los clientes.<\/li>\n<li><strong>Muestra gratuita<\/strong>: Proporcionamos un servicio de muestras gratuitas para que pueda evaluar los productos.<\/li>\n<\/ul>\n<p><a href=\"https:\/\/www.hyflexpack.com\/es\/\"><strong>Envasado Huiyang<\/strong><\/a> se compromete a proporcionar a sus clientes etiquetas personalizadas de alta calidad para botellas, con el fin de ayudarles a mejorar la imagen de sus productos y su competitividad en el mercado.<\/p>","protected":false},"featured_media":9322,"comment_status":"closed","ping_status":"closed","template":"","meta":[],"product_brand":[],"product_cat":[84,53],"product_tag":[],"class_list":{"0":"post-9337","1":"product","2":"type-product","3":"status-publish","4":"has-post-thumbnail","6":"product_cat-shrink-sleeve-film","7":"product_cat-packaging-film-supplier","9":"first","10":"instock","11":"shipping-taxable","12":"product-type-simple"},"_links":{"self":[{"href":"https:\/\/www.hyflexpack.com\/es\/wp-json\/wp\/v2\/product\/9337","targetHints":{"allow":["GET"]}}],"collection":[{"href":"https:\/\/www.hyflexpack.com\/es\/wp-json\/wp\/v2\/product"}],"about":[{"href":"https:\/\/www.hyflexpack.com\/es\/wp-json\/wp\/v2\/types\/product"}],"replies":[{"embeddable":true,"href":"https:\/\/www.hyflexpack.com\/es\/wp-json\/wp\/v2\/comments?post=9337"}],"wp:featuredmedia":[{"embeddable":true,"href":"https:\/\/www.hyflexpack.com\/es\/wp-json\/wp\/v2\/media\/9322"}],"wp:attachment":[{"href":"https:\/\/www.hyflexpack.com\/es\/wp-json\/wp\/v2\/media?parent=9337"}],"wp:term":[{"taxonomy":"product_brand","embeddable":true,"href":"https:\/\/www.hyflexpack.com\/es\/wp-json\/wp\/v2\/product_brand?post=9337"},{"taxonomy":"product_cat","embeddable":true,"href":"https:\/\/www.hyflexpack.com\/es\/wp-json\/wp\/v2\/product_cat?post=9337"},{"taxonomy":"product_tag","embeddable":true,"href":"https:\/\/www.hyflexpack.com\/es\/wp-json\/wp\/v2\/product_tag?post=9337"}],"curies":[{"name":"wp","href":"https:\/\/api.w.org\/{rel}","templated":true}]}}