{"id":9336,"date":"2026-02-26T02:45:47","date_gmt":"2026-02-26T02:45:47","guid":{"rendered":"https:\/\/www.hyflexpack.com\/?post_type=product&#038;p=9336"},"modified":"2026-02-26T02:45:51","modified_gmt":"2026-02-26T02:45:51","slug":"custom-shrink-sleeves-for-beverage","status":"publish","type":"product","link":"https:\/\/www.hyflexpack.com\/es\/product\/custom-shrink-sleeves-for-beverage\/","title":{"rendered":"Fundas retr\u00e1ctiles a medida para botellas de bebidas - Bulk Manufacturing Supply"},"content":{"rendered":"<div class=\"wp-block-columns is-layout-flex wp-container-core-columns-is-layout-9d6595d7 wp-block-columns-is-layout-flex\">\n<div class=\"wp-block-column is-layout-flow wp-block-column-is-layout-flow\">\n<h2 class=\"wp-block-heading\">Caracter\u00edsticas de los manguitos retr\u00e1ctiles personalizados para bebidas <\/h2>\n\n\n\n<ul class=\"wp-block-list\">\n<li>Nuestras fundas retr\u00e1ctiles a medida para bebidas se adaptan a las dimensiones, el grosor y los ratios de retracci\u00f3n para ajustarse a las distintas formas de botella y requisitos de envasado de bebidas.<\/li>\n<\/ul>\n\n\n\n<ul class=\"wp-block-list\">\n<li>Optimizado para la producci\u00f3n de grandes vol\u00famenes con precios competitivos, ideal para compradores B2B, distribuidores y plantas embotelladoras.<\/li>\n<\/ul>\n\n\n\n<ul class=\"wp-block-list\">\n<li>Dise\u00f1ado para un comportamiento de retracci\u00f3n consistente, reduciendo las arrugas y la desalineaci\u00f3n durante la aplicaci\u00f3n automatizada.<\/li>\n<\/ul>\n\n\n\n<ul class=\"wp-block-list\">\n<li>Admite la impresi\u00f3n en huecograbado con colores vivos y marcas claras en etiquetas de funda retr\u00e1ctil.<\/li>\n<\/ul>\n\n\n\n<ul class=\"wp-block-list\">\n<li>La selecci\u00f3n de materiales, la personalizaci\u00f3n de la impresi\u00f3n y la escalabilidad de los pedidos est\u00e1n disponibles para satisfacer las necesidades de envasado de bebidas de los fabricantes de equipos originales.<\/li>\n<\/ul>\n<\/div>\n\n\n\n<div class=\"wp-block-column is-layout-flow wp-block-column-is-layout-flow\">\n<figure class=\"wp-block-image size-full\"><img fetchpriority=\"high\" decoding=\"async\" width=\"1000\" height=\"1000\" src=\"https:\/\/www.hyflexpack.com\/wp-content\/uploads\/2026\/02\/Custom-Shrink-Sleeves-1.webp\" alt=\"Fundas retr\u00e1ctiles personalizadas\" class=\"wp-image-9310\" srcset=\"https:\/\/www.hyflexpack.com\/wp-content\/uploads\/2026\/02\/Custom-Shrink-Sleeves-1.webp 1000w, https:\/\/www.hyflexpack.com\/wp-content\/uploads\/2026\/02\/Custom-Shrink-Sleeves-1-300x300.webp 300w, https:\/\/www.hyflexpack.com\/wp-content\/uploads\/2026\/02\/Custom-Shrink-Sleeves-1-150x150.webp 150w, https:\/\/www.hyflexpack.com\/wp-content\/uploads\/2026\/02\/Custom-Shrink-Sleeves-1-768x768.webp 768w, https:\/\/www.hyflexpack.com\/wp-content\/uploads\/2026\/02\/Custom-Shrink-Sleeves-1-12x12.webp 12w, https:\/\/www.hyflexpack.com\/wp-content\/uploads\/2026\/02\/Custom-Shrink-Sleeves-1-285x285.webp 285w, https:\/\/www.hyflexpack.com\/wp-content\/uploads\/2026\/02\/Custom-Shrink-Sleeves-1-270x270.webp 270w, https:\/\/www.hyflexpack.com\/wp-content\/uploads\/2026\/02\/Custom-Shrink-Sleeves-1-540x540.webp 540w, https:\/\/www.hyflexpack.com\/wp-content\/uploads\/2026\/02\/Custom-Shrink-Sleeves-1-660x660.webp 660w\" sizes=\"(max-width: 1000px) 100vw, 1000px\" \/><\/figure>\n<\/div>\n<\/div>","protected":false},"excerpt":{"rendered":"<p>Nuestras mangas retr\u00e1ctiles personalizadas para botellas de bebidas admiten el suministro de fabricaci\u00f3n a granel y est\u00e1n dise\u00f1adas para aplicaciones de envasado de bebidas de gran volumen. Producidas con un rendimiento de retractilado constante y un tama\u00f1o preciso, nuestras etiquetas de funda retr\u00e1ctil garantizan una aplicaci\u00f3n sin problemas en l\u00edneas de embotellado automatizadas. La fabricaci\u00f3n directa en f\u00e1brica admite pedidos a gran escala, plazos de entrega estables e impresi\u00f3n personalizable para marcas de bebidas y proveedores de envases. P\u00f3ngase en contacto con nosotros hoy mismo para obtener un film termorretr\u00e1ctil personalizado hecho a su medida.<\/p>\n<h2>Ventajas del proveedor de manguitos retr\u00e1ctiles a medida<\/h2>\n<ul>\n<li><strong>Dise\u00f1o personalizado:<\/strong> Ofrecemos servicios personalizados, que incluyen la personalizaci\u00f3n del material, el tama\u00f1o y el patr\u00f3n de impresi\u00f3n para satisfacer las necesidades de los clientes, y damos soporte a OEM y ODM.<\/li>\n<li><strong>Fabricaci\u00f3n:<\/strong> Adoptamos l\u00edneas de producci\u00f3n de materiales compuestos y sistemas de control autom\u00e1tico avanzados a nivel internacional para garantizar procesos de producci\u00f3n eficientes y estables y entregas puntuales.<\/li>\n<li><strong>Inspecci\u00f3n de calidad:<\/strong> Producir estrictamente de acuerdo con las normas de calidad y los requisitos de seguridad alimentaria para garantizar que los productos cumplen las normas.<\/li>\n<li><strong>Atenci\u00f3n al cliente:<\/strong> Ofrezca una respuesta r\u00e1pida y un servicio de atenci\u00f3n al cliente atento las 24 horas del d\u00eda.<\/li>\n<li><strong>Muestras gratuitas:<\/strong> Haga muestras de peque\u00f1os lotes para que los clientes las prueben y eval\u00faen.<\/li>\n<\/ul>\n<p>Huiyang Packaging se compromete a proporcionar a los clientes fundas retr\u00e1ctiles personalizadas de alta calidad para ayudarles a mejorar la imagen de sus productos y aumentar su competitividad en el mercado.<\/p>","protected":false},"featured_media":9310,"comment_status":"closed","ping_status":"closed","template":"","meta":[],"product_brand":[],"product_cat":[84,53],"product_tag":[],"class_list":{"0":"post-9336","1":"product","2":"type-product","3":"status-publish","4":"has-post-thumbnail","6":"product_cat-shrink-sleeve-film","7":"product_cat-packaging-film-supplier","9":"first","10":"instock","11":"shipping-taxable","12":"product-type-simple"},"_links":{"self":[{"href":"https:\/\/www.hyflexpack.com\/es\/wp-json\/wp\/v2\/product\/9336","targetHints":{"allow":["GET"]}}],"collection":[{"href":"https:\/\/www.hyflexpack.com\/es\/wp-json\/wp\/v2\/product"}],"about":[{"href":"https:\/\/www.hyflexpack.com\/es\/wp-json\/wp\/v2\/types\/product"}],"replies":[{"embeddable":true,"href":"https:\/\/www.hyflexpack.com\/es\/wp-json\/wp\/v2\/comments?post=9336"}],"wp:featuredmedia":[{"embeddable":true,"href":"https:\/\/www.hyflexpack.com\/es\/wp-json\/wp\/v2\/media\/9310"}],"wp:attachment":[{"href":"https:\/\/www.hyflexpack.com\/es\/wp-json\/wp\/v2\/media?parent=9336"}],"wp:term":[{"taxonomy":"product_brand","embeddable":true,"href":"https:\/\/www.hyflexpack.com\/es\/wp-json\/wp\/v2\/product_brand?post=9336"},{"taxonomy":"product_cat","embeddable":true,"href":"https:\/\/www.hyflexpack.com\/es\/wp-json\/wp\/v2\/product_cat?post=9336"},{"taxonomy":"product_tag","embeddable":true,"href":"https:\/\/www.hyflexpack.com\/es\/wp-json\/wp\/v2\/product_tag?post=9336"}],"curies":[{"name":"wp","href":"https:\/\/api.w.org\/{rel}","templated":true}]}}