{"id":9286,"date":"2026-02-26T02:39:21","date_gmt":"2026-02-26T02:39:21","guid":{"rendered":"https:\/\/www.hyflexpack.com\/?post_type=product&#038;p=9286"},"modified":"2026-02-26T02:39:24","modified_gmt":"2026-02-26T02:39:24","slug":"custom-packaging-film-for-popcorn","status":"publish","type":"product","link":"https:\/\/www.hyflexpack.com\/es\/product\/custom-packaging-film-for-popcorn\/","title":{"rendered":"Film de envasado a medida para palomitas de ma\u00edz, Film laminado termosellable de pl\u00e1stico en rollo"},"content":{"rendered":"<div class=\"wp-block-columns is-layout-flex wp-container-core-columns-is-layout-9d6595d7 wp-block-columns-is-layout-flex\">\n<div class=\"wp-block-column is-layout-flow wp-block-column-is-layout-flow\">\n<h2 class=\"wp-block-heading\">Film de envasado a medida para palomitas de ma\u00edz Caracter\u00edsticas<\/h2>\n\n\n\n<ul class=\"wp-block-list\">\n<li>Nuestra pel\u00edcula de envasado a medida para palomitas de ma\u00edz est\u00e1 especialmente desarrollada para el envasado de palomitas de ma\u00edz, adecuada para bolsas almohada y m\u00e1quinas de sellado vertical de forma y relleno (VFFS).<\/li>\n<\/ul>\n\n\n\n<ul class=\"wp-block-list\">\n<li>La pel\u00edcula de pl\u00e1stico laminado multicapa proporciona un rendimiento de termosellado fiable y una integridad de sellado constante durante el envasado a alta velocidad.<\/li>\n<\/ul>\n\n\n\n<ul class=\"wp-block-list\">\n<li>Protege eficazmente las palomitas de la humedad, el aceite y la contaminaci\u00f3n externa, ayudando a mantener la frescura y el aspecto crujiente.<\/li>\n<\/ul>\n\n\n\n<ul class=\"wp-block-list\">\n<li>Optimizado para un funcionamiento estable en m\u00e1quinas de envasado de palomitas de ma\u00edz, reduciendo el desperdicio de pel\u00edcula y mejorando la eficiencia de la producci\u00f3n.<\/li>\n<\/ul>\n\n\n\n<ul class=\"wp-block-list\">\n<li>Admite impresi\u00f3n personalizada de alta calidad con colores vivos y buena adherencia de la tinta, ideal para soluciones de envasado de palomitas de marca.<\/li>\n<\/ul>\n<\/div>\n\n\n\n<div class=\"wp-block-column is-layout-flow wp-block-column-is-layout-flow\">\n<figure class=\"wp-block-image size-full\"><img fetchpriority=\"high\" decoding=\"async\" width=\"1000\" height=\"1000\" src=\"https:\/\/www.hyflexpack.com\/wp-content\/uploads\/2026\/02\/Custom-Packaging-Film-for-Popcorn-12.webp\" alt=\"Film de envasado a medida para palomitas\" class=\"wp-image-9263\" srcset=\"https:\/\/www.hyflexpack.com\/wp-content\/uploads\/2026\/02\/Custom-Packaging-Film-for-Popcorn-12.webp 1000w, https:\/\/www.hyflexpack.com\/wp-content\/uploads\/2026\/02\/Custom-Packaging-Film-for-Popcorn-12-300x300.webp 300w, https:\/\/www.hyflexpack.com\/wp-content\/uploads\/2026\/02\/Custom-Packaging-Film-for-Popcorn-12-150x150.webp 150w, https:\/\/www.hyflexpack.com\/wp-content\/uploads\/2026\/02\/Custom-Packaging-Film-for-Popcorn-12-768x768.webp 768w, https:\/\/www.hyflexpack.com\/wp-content\/uploads\/2026\/02\/Custom-Packaging-Film-for-Popcorn-12-12x12.webp 12w, https:\/\/www.hyflexpack.com\/wp-content\/uploads\/2026\/02\/Custom-Packaging-Film-for-Popcorn-12-285x285.webp 285w, https:\/\/www.hyflexpack.com\/wp-content\/uploads\/2026\/02\/Custom-Packaging-Film-for-Popcorn-12-270x270.webp 270w, https:\/\/www.hyflexpack.com\/wp-content\/uploads\/2026\/02\/Custom-Packaging-Film-for-Popcorn-12-540x540.webp 540w, https:\/\/www.hyflexpack.com\/wp-content\/uploads\/2026\/02\/Custom-Packaging-Film-for-Popcorn-12-660x660.webp 660w\" sizes=\"(max-width: 1000px) 100vw, 1000px\" \/><\/figure>\n<\/div>\n<\/div>\n\n\n\n<p><\/p>","protected":false},"excerpt":{"rendered":"<p>Nuestro film de envasado personalizado para palomitas de ma\u00edz est\u00e1 fabricado con film de pl\u00e1stico laminado termosellable en rollo, dise\u00f1ado para l\u00edneas de envasado autom\u00e1ticas. Este film de alto rendimiento para el envasado de palomitas de ma\u00edz ofrece una gran resistencia al termosellado, una excelente resistencia a la humedad y la grasa, y una maquinabilidad estable, con impresi\u00f3n personalizada disponible para mejorar la presentaci\u00f3n de la marca. P\u00f3ngase en contacto con nosotros hoy mismo y perm\u00edtanos personalizar sus exclusivos envases alimentarios.<\/p>\n<h2>Ventajas del fabricante de pel\u00edcula para envasado de palomitas de ma\u00edz\u00a0<\/h2>\n<ul>\n<li><strong>Dise\u00f1o personalizado:<\/strong> Ofrecemos servicios personalizados, que incluyen la personalizaci\u00f3n del material, el tama\u00f1o y el patr\u00f3n de impresi\u00f3n para satisfacer las necesidades de los clientes, y damos soporte a OEM y ODM.<\/li>\n<li><strong>Fabricaci\u00f3n:<\/strong> Adoptamos l\u00edneas de producci\u00f3n de materiales compuestos y sistemas de control autom\u00e1tico avanzados a nivel internacional para garantizar procesos de producci\u00f3n eficientes y estables y entregas puntuales.<\/li>\n<li><strong>Inspecci\u00f3n de calidad:<\/strong> Producir estrictamente de acuerdo con las normas de calidad y los requisitos de seguridad alimentaria para garantizar que los productos cumplen las normas.<\/li>\n<li><strong>Atenci\u00f3n al cliente:<\/strong> Ofrezca una respuesta r\u00e1pida y un servicio de atenci\u00f3n al cliente atento las 24 horas del d\u00eda.<\/li>\n<li><strong>Muestras gratuitas:<\/strong> Haga muestras de peque\u00f1os lotes para que los clientes las prueben y eval\u00faen.<\/li>\n<\/ul>\n<p>Huiyang Packaging se compromete a proporcionar a los clientes pel\u00edculas de envasado personalizadas de alta calidad para palomitas de ma\u00edz, ayudando a los clientes a mejorar la imagen de sus productos y mejorar su competitividad en el mercado.<\/p>","protected":false},"featured_media":9263,"comment_status":"closed","ping_status":"closed","template":"","meta":[],"product_brand":[],"product_cat":[53],"product_tag":[],"class_list":{"0":"post-9286","1":"product","2":"type-product","3":"status-publish","4":"has-post-thumbnail","6":"product_cat-packaging-film-supplier","8":"first","9":"instock","10":"shipping-taxable","11":"product-type-simple"},"_links":{"self":[{"href":"https:\/\/www.hyflexpack.com\/es\/wp-json\/wp\/v2\/product\/9286","targetHints":{"allow":["GET"]}}],"collection":[{"href":"https:\/\/www.hyflexpack.com\/es\/wp-json\/wp\/v2\/product"}],"about":[{"href":"https:\/\/www.hyflexpack.com\/es\/wp-json\/wp\/v2\/types\/product"}],"replies":[{"embeddable":true,"href":"https:\/\/www.hyflexpack.com\/es\/wp-json\/wp\/v2\/comments?post=9286"}],"wp:featuredmedia":[{"embeddable":true,"href":"https:\/\/www.hyflexpack.com\/es\/wp-json\/wp\/v2\/media\/9263"}],"wp:attachment":[{"href":"https:\/\/www.hyflexpack.com\/es\/wp-json\/wp\/v2\/media?parent=9286"}],"wp:term":[{"taxonomy":"product_brand","embeddable":true,"href":"https:\/\/www.hyflexpack.com\/es\/wp-json\/wp\/v2\/product_brand?post=9286"},{"taxonomy":"product_cat","embeddable":true,"href":"https:\/\/www.hyflexpack.com\/es\/wp-json\/wp\/v2\/product_cat?post=9286"},{"taxonomy":"product_tag","embeddable":true,"href":"https:\/\/www.hyflexpack.com\/es\/wp-json\/wp\/v2\/product_tag?post=9286"}],"curies":[{"name":"wp","href":"https:\/\/api.w.org\/{rel}","templated":true}]}}