{"id":9284,"date":"2026-03-04T06:34:37","date_gmt":"2026-03-04T06:34:37","guid":{"rendered":"https:\/\/www.hyflexpack.com\/?post_type=product&#038;p=9284"},"modified":"2026-03-12T06:54:41","modified_gmt":"2026-03-12T06:54:41","slug":"custom-potato-chips-packaging-film","status":"publish","type":"product","link":"https:\/\/www.hyflexpack.com\/es\/product\/custom-potato-chips-packaging-film\/","title":{"rendered":"Film para envasado de patatas fritas a medida, pl\u00e1stico laminado, poli\u00e9ster, aluminio"},"content":{"rendered":"<div class=\"wp-block-columns is-layout-flex wp-container-core-columns-is-layout-9d6595d7 wp-block-columns-is-layout-flex\">\n<div class=\"wp-block-column is-layout-flow wp-block-column-is-layout-flow\">\n<h2 class=\"wp-block-heading\">Caracter\u00edsticas del film para envasado de patatas fritas a medida<\/h2>\n\n\n\n<ul class=\"wp-block-list\">\n<li>Nuestra pel\u00edcula personalizada para el envasado de patatas fritas se ha desarrollado espec\u00edficamente para el envasado de patatas fritas, y es adecuada para bolsas almohadilladas y m\u00e1quinas autom\u00e1ticas de envasado, llenado y sellado.<\/li>\n<\/ul>\n\n\n\n<ul class=\"wp-block-list\">\n<li>El film de pl\u00e1stico laminado multicapa con capas de poli\u00e9ster y aluminio proporciona un rendimiento de barrera superior y una protecci\u00f3n duradera del envase.<\/li>\n<\/ul>\n\n\n\n<ul class=\"wp-block-list\">\n<li>Bloquea eficazmente la humedad, el ox\u00edgeno y la luz, ayudando a mantener las patatas fritas frescas, crujientes y con una vida \u00fatil prolongada.<\/li>\n<\/ul>\n\n\n\n<ul class=\"wp-block-list\">\n<li>Admite pel\u00edcula de envasado de patatas fritas impresa a medida de alta calidad tanto en la capa interior como en la exterior para mejorar la marca, las instrucciones o los dise\u00f1os promocionales.<\/li>\n<\/ul>\n\n\n\n<ul class=\"wp-block-list\">\n<li>Dise\u00f1ada con propiedades de termosellado estables, que garantizan una fuerte integridad del sellado y un rendimiento sin problemas en l\u00edneas de envasado de aperitivos de alta velocidad.<\/li>\n<\/ul>\n<\/div>\n\n\n\n<div class=\"wp-block-column is-layout-flow wp-block-column-is-layout-flow\">\n<figure class=\"wp-block-image size-full\"><img fetchpriority=\"high\" decoding=\"async\" width=\"1000\" height=\"1000\" src=\"https:\/\/www.hyflexpack.com\/wp-content\/uploads\/2026\/02\/Custom-Potato-Chips-Packaging-Film-1.webp\" alt=\"Film para envasado de patatas fritas a medida\" class=\"wp-image-9267\" srcset=\"https:\/\/www.hyflexpack.com\/wp-content\/uploads\/2026\/02\/Custom-Potato-Chips-Packaging-Film-1.webp 1000w, https:\/\/www.hyflexpack.com\/wp-content\/uploads\/2026\/02\/Custom-Potato-Chips-Packaging-Film-1-300x300.webp 300w, https:\/\/www.hyflexpack.com\/wp-content\/uploads\/2026\/02\/Custom-Potato-Chips-Packaging-Film-1-150x150.webp 150w, https:\/\/www.hyflexpack.com\/wp-content\/uploads\/2026\/02\/Custom-Potato-Chips-Packaging-Film-1-768x768.webp 768w, https:\/\/www.hyflexpack.com\/wp-content\/uploads\/2026\/02\/Custom-Potato-Chips-Packaging-Film-1-12x12.webp 12w, https:\/\/www.hyflexpack.com\/wp-content\/uploads\/2026\/02\/Custom-Potato-Chips-Packaging-Film-1-285x285.webp 285w, https:\/\/www.hyflexpack.com\/wp-content\/uploads\/2026\/02\/Custom-Potato-Chips-Packaging-Film-1-270x270.webp 270w, https:\/\/www.hyflexpack.com\/wp-content\/uploads\/2026\/02\/Custom-Potato-Chips-Packaging-Film-1-540x540.webp 540w, https:\/\/www.hyflexpack.com\/wp-content\/uploads\/2026\/02\/Custom-Potato-Chips-Packaging-Film-1-660x660.webp 660w\" sizes=\"(max-width: 1000px) 100vw, 1000px\" \/><\/figure>\n<\/div>\n<\/div>","protected":false},"excerpt":{"rendered":"<p>Nuestro film personalizado para envasado de patatas fritas est\u00e1 fabricado con una estructura laminada de aluminio, poli\u00e9ster y pl\u00e1stico, dise\u00f1ada para el envasado de aperitivos a alta velocidad. Este film de envasado de patatas fritas de alta barrera ofrece una excelente protecci\u00f3n contra la humedad, el ox\u00edgeno y la luz, con impresi\u00f3n personalizada disponible en las superficies interior y exterior para mejorar el impacto de la marca y la experiencia del consumidor. P\u00f3ngase en contacto con nosotros hoy mismo y perm\u00edtanos personalizar su exclusivo envase alimentario.<\/p>\n<h2>Ventajas de nuestro film para envasado de patatas fritas a medida<\/h2>\n<ul>\n<li>Dise\u00f1o personalizado: Proporcionamos servicios personalizados, incluyendo el material, el tama\u00f1o y la personalizaci\u00f3n del patr\u00f3n de impresi\u00f3n para satisfacer las necesidades del cliente, y apoyamos OEM y ODM.<\/li>\n<li>Fabricaci\u00f3n: Adoptamos l\u00edneas de producci\u00f3n de materiales compuestos y sistemas de control autom\u00e1tico avanzados a nivel internacional para garantizar procesos de producci\u00f3n eficientes y estables y entregas puntuales.<\/li>\n<li>Inspecci\u00f3n de calidad: Producir estrictamente de acuerdo con las normas de calidad y los requisitos de seguridad alimentaria para garantizar que los productos cumplen las normas.<\/li>\n<li>Atenci\u00f3n al cliente: Ofrezca una respuesta r\u00e1pida y un servicio de atenci\u00f3n al cliente atento las 24 horas del d\u00eda.<\/li>\n<li>Muestras gratuitas: Haga muestras de peque\u00f1os lotes para que los clientes las prueben y eval\u00faen.<\/li>\n<\/ul>\n<p>Huiyang Packaging se compromete a proporcionar a los clientes pel\u00edculas de alta calidad para el envasado de patatas fritas personalizadas, ayudando a los clientes a mejorar la imagen de sus productos y mejorar su competitividad en el mercado.<\/p>","protected":false},"featured_media":9267,"comment_status":"closed","ping_status":"closed","template":"","meta":[],"product_brand":[],"product_cat":[53],"product_tag":[],"class_list":{"0":"post-9284","1":"product","2":"type-product","3":"status-publish","4":"has-post-thumbnail","6":"product_cat-packaging-film-supplier","8":"first","9":"instock","10":"shipping-taxable","11":"product-type-simple"},"_links":{"self":[{"href":"https:\/\/www.hyflexpack.com\/es\/wp-json\/wp\/v2\/product\/9284","targetHints":{"allow":["GET"]}}],"collection":[{"href":"https:\/\/www.hyflexpack.com\/es\/wp-json\/wp\/v2\/product"}],"about":[{"href":"https:\/\/www.hyflexpack.com\/es\/wp-json\/wp\/v2\/types\/product"}],"replies":[{"embeddable":true,"href":"https:\/\/www.hyflexpack.com\/es\/wp-json\/wp\/v2\/comments?post=9284"}],"wp:featuredmedia":[{"embeddable":true,"href":"https:\/\/www.hyflexpack.com\/es\/wp-json\/wp\/v2\/media\/9267"}],"wp:attachment":[{"href":"https:\/\/www.hyflexpack.com\/es\/wp-json\/wp\/v2\/media?parent=9284"}],"wp:term":[{"taxonomy":"product_brand","embeddable":true,"href":"https:\/\/www.hyflexpack.com\/es\/wp-json\/wp\/v2\/product_brand?post=9284"},{"taxonomy":"product_cat","embeddable":true,"href":"https:\/\/www.hyflexpack.com\/es\/wp-json\/wp\/v2\/product_cat?post=9284"},{"taxonomy":"product_tag","embeddable":true,"href":"https:\/\/www.hyflexpack.com\/es\/wp-json\/wp\/v2\/product_tag?post=9284"}],"curies":[{"name":"wp","href":"https:\/\/api.w.org\/{rel}","templated":true}]}}