{"id":9280,"date":"2026-03-04T06:21:56","date_gmt":"2026-03-04T06:21:56","guid":{"rendered":"https:\/\/www.hyflexpack.com\/?post_type=product&#038;p=9280"},"modified":"2026-03-12T06:28:38","modified_gmt":"2026-03-12T06:28:38","slug":"custom-ice-stick-packaging-film","status":"publish","type":"product","link":"https:\/\/www.hyflexpack.com\/es\/product\/custom-ice-stick-packaging-film\/","title":{"rendered":"Film para envasado de helados a medida, Film de pl\u00e1stico metalizado laminado termosellable"},"content":{"rendered":"<div class=\"wp-block-columns is-layout-flex wp-container-core-columns-is-layout-9d6595d7 wp-block-columns-is-layout-flex\">\n<div class=\"wp-block-column is-layout-flow wp-block-column-is-layout-flow\">\n<h2 class=\"wp-block-heading\">Caracter\u00edsticas de la pel\u00edcula personalizada para envasado de palitos de hielo<\/h2>\n\n\n\n<ul class=\"wp-block-list\">\n<li>Excepcional rendimiento a bajas temperaturas: <br>La pel\u00edcula de envasado de palitos de hielo mantiene la flexibilidad y la resistencia a los impactos en entornos de congelaci\u00f3n de -18\u00b0C a -25\u00b0C, evitando que se agriete o se vuelva quebradiza durante la manipulaci\u00f3n, el transporte y el uso por parte del consumidor.<\/li>\n<\/ul>\n\n\n\n<ul class=\"wp-block-list\">\n<li>Barrera superior contra la humedad y el ox\u00edgeno: <br>Una alta barrera de vapor de agua impide la cristalizaci\u00f3n del hielo, mientras que el bloqueo de la entrada de ox\u00edgeno protege los sabores delicados y evita la contaminaci\u00f3n por olores de otros art\u00edculos del congelador.<\/li>\n<\/ul>\n\n\n\n<ul class=\"wp-block-list\">\n<li>Impresi\u00f3n duradera y superficie anticondensaci\u00f3n: <br>La superficie resiste la condensaci\u00f3n al sacarla de la c\u00e1mara frigor\u00edfica, y las tintas conservan la adherencia sin mancharse ni deste\u00f1irse. Los gr\u00e1ficos se mantienen n\u00edtidos y brillantes en condiciones de baja temperatura y alta humedad.<\/li>\n<\/ul>\n\n\n\n<ul class=\"wp-block-list\">\n<li>Compatibilidad con la producci\u00f3n a alta velocidad:<br>Esta pel\u00edcula de envasado de palitos de hielo se caracteriza por un desenrollado suave del rollo, un coeficiente de fricci\u00f3n estable y un rendimiento de termosellado preciso que garantiza un funcionamiento fiable en l\u00edneas de envasado automatizadas, incluidos los sellados longitudinales y transversales con cero fugas.<\/li>\n<\/ul>\n<\/div>\n\n\n\n<div class=\"wp-block-column is-layout-flow wp-block-column-is-layout-flow\">\n<figure class=\"wp-block-image size-full\"><img fetchpriority=\"high\" decoding=\"async\" width=\"1000\" height=\"1000\" src=\"https:\/\/www.hyflexpack.com\/wp-content\/uploads\/2026\/02\/Custom-Ice-Pop-Packaging-Film-1.webp\" alt=\"Film de envasado personalizado para polos \" class=\"wp-image-9250\" srcset=\"https:\/\/www.hyflexpack.com\/wp-content\/uploads\/2026\/02\/Custom-Ice-Pop-Packaging-Film-1.webp 1000w, https:\/\/www.hyflexpack.com\/wp-content\/uploads\/2026\/02\/Custom-Ice-Pop-Packaging-Film-1-300x300.webp 300w, https:\/\/www.hyflexpack.com\/wp-content\/uploads\/2026\/02\/Custom-Ice-Pop-Packaging-Film-1-150x150.webp 150w, https:\/\/www.hyflexpack.com\/wp-content\/uploads\/2026\/02\/Custom-Ice-Pop-Packaging-Film-1-768x768.webp 768w, https:\/\/www.hyflexpack.com\/wp-content\/uploads\/2026\/02\/Custom-Ice-Pop-Packaging-Film-1-12x12.webp 12w, https:\/\/www.hyflexpack.com\/wp-content\/uploads\/2026\/02\/Custom-Ice-Pop-Packaging-Film-1-285x285.webp 285w, https:\/\/www.hyflexpack.com\/wp-content\/uploads\/2026\/02\/Custom-Ice-Pop-Packaging-Film-1-270x270.webp 270w, https:\/\/www.hyflexpack.com\/wp-content\/uploads\/2026\/02\/Custom-Ice-Pop-Packaging-Film-1-540x540.webp 540w, https:\/\/www.hyflexpack.com\/wp-content\/uploads\/2026\/02\/Custom-Ice-Pop-Packaging-Film-1-660x660.webp 660w\" sizes=\"(max-width: 1000px) 100vw, 1000px\" \/><\/figure>\n<\/div>\n<\/div>","protected":false},"excerpt":{"rendered":"<p>Film de envasado de alto rendimiento dise\u00f1ado para palitos y polos de hielo, dise\u00f1ado para soportar condiciones de -18\u00b0C a -25\u00b0C preservando la textura, el sabor y la seguridad del producto. Combina barreras superiores contra la humedad y el ox\u00edgeno, durabilidad de impresi\u00f3n y compatibilidad con l\u00edneas de producci\u00f3n para operaciones comerciales de helados. P\u00f3ngase en contacto con nosotros hoy mismo y perm\u00edtanos personalizar su exclusivo envase alimentario.<\/p>\n<h2>Ventajas de la pel\u00edcula personalizada para envasado de palitos de hielo<\/h2>\n<ul>\n<li>Dise\u00f1o personalizado: Proporcionamos servicios personalizados, incluyendo el material, el tama\u00f1o y la personalizaci\u00f3n del patr\u00f3n de impresi\u00f3n para satisfacer las necesidades del cliente, y apoyamos OEM y ODM.<\/li>\n<li>Fabricaci\u00f3n: Adoptamos l\u00edneas de producci\u00f3n de materiales compuestos y sistemas de control autom\u00e1tico avanzados a nivel internacional para garantizar procesos de producci\u00f3n eficientes y estables y entregas puntuales.<\/li>\n<li>Inspecci\u00f3n de calidad: Producir estrictamente de acuerdo con las normas de calidad y los requisitos de seguridad alimentaria para garantizar que los productos cumplen las normas.<\/li>\n<li>Atenci\u00f3n al cliente: Ofrezca una respuesta r\u00e1pida y un servicio de atenci\u00f3n al cliente atento las 24 horas del d\u00eda.<\/li>\n<li>Muestras gratuitas: Haga muestras de peque\u00f1os lotes para que los clientes las prueben y eval\u00faen.<\/li>\n<\/ul>\n<p>Huiyang Packaging se compromete a proporcionar a los clientes una pel\u00edcula de embalaje para palitos de hielo personalizada de alta calidad, ayudando a los clientes a mejorar la imagen de sus productos y aumentar su competitividad en el mercado.<\/p>","protected":false},"featured_media":9250,"comment_status":"closed","ping_status":"closed","template":"","meta":[],"product_brand":[],"product_cat":[53],"product_tag":[],"class_list":{"0":"post-9280","1":"product","2":"type-product","3":"status-publish","4":"has-post-thumbnail","6":"product_cat-packaging-film-supplier","8":"first","9":"instock","10":"shipping-taxable","11":"product-type-simple"},"_links":{"self":[{"href":"https:\/\/www.hyflexpack.com\/es\/wp-json\/wp\/v2\/product\/9280","targetHints":{"allow":["GET"]}}],"collection":[{"href":"https:\/\/www.hyflexpack.com\/es\/wp-json\/wp\/v2\/product"}],"about":[{"href":"https:\/\/www.hyflexpack.com\/es\/wp-json\/wp\/v2\/types\/product"}],"replies":[{"embeddable":true,"href":"https:\/\/www.hyflexpack.com\/es\/wp-json\/wp\/v2\/comments?post=9280"}],"wp:featuredmedia":[{"embeddable":true,"href":"https:\/\/www.hyflexpack.com\/es\/wp-json\/wp\/v2\/media\/9250"}],"wp:attachment":[{"href":"https:\/\/www.hyflexpack.com\/es\/wp-json\/wp\/v2\/media?parent=9280"}],"wp:term":[{"taxonomy":"product_brand","embeddable":true,"href":"https:\/\/www.hyflexpack.com\/es\/wp-json\/wp\/v2\/product_brand?post=9280"},{"taxonomy":"product_cat","embeddable":true,"href":"https:\/\/www.hyflexpack.com\/es\/wp-json\/wp\/v2\/product_cat?post=9280"},{"taxonomy":"product_tag","embeddable":true,"href":"https:\/\/www.hyflexpack.com\/es\/wp-json\/wp\/v2\/product_tag?post=9280"}],"curies":[{"name":"wp","href":"https:\/\/api.w.org\/{rel}","templated":true}]}}