{"id":9218,"date":"2026-02-05T08:56:02","date_gmt":"2026-02-05T08:56:02","guid":{"rendered":"https:\/\/www.hyflexpack.com\/?post_type=product&#038;p=9218"},"modified":"2026-02-05T09:12:05","modified_gmt":"2026-02-05T09:12:05","slug":"wholesale-vegetable-packaging-bag","status":"publish","type":"product","link":"https:\/\/www.hyflexpack.com\/es\/product\/wholesale-vegetable-packaging-bag\/","title":{"rendered":"Venta al por mayor de bolsas para verduras, bolsa con cremallera y orificios de ventilaci\u00f3n perforados"},"content":{"rendered":"<div class=\"wp-block-columns is-layout-flex wp-container-core-columns-is-layout-9d6595d7 wp-block-columns-is-layout-flex\">\n<div class=\"wp-block-column is-layout-flow wp-block-column-is-layout-flow\">\n<h2 class=\"wp-block-heading\">Bolsas al por mayor para envasar verduras Caracter\u00edsticas<\/h2>\n\n\n\n<ul class=\"wp-block-list\">\n<li>Estas bolsas personalizadas para el envasado de verduras y frutas ofrecen una personalizaci\u00f3n flexible en cuanto a tama\u00f1o, material, grosor e impresi\u00f3n del logotipo para satisfacer las distintas necesidades de envasado de productos frescos.<\/li>\n\n\n\n<li>La estructura de la bolsa con cremallera de pie garantiza una excelente exposici\u00f3n en las estanter\u00edas, mientras que la cremallera resellable permite abrirla y cerrarla c\u00f3modamente para un uso repetido.<\/li>\n\n\n\n<li>Dise\u00f1adas con orificios de ventilaci\u00f3n perforados, estas bolsas para envasado de verduras y frutas permiten un flujo de aire controlado para reducir la condensaci\u00f3n y mantener la frescura.<\/li>\n\n\n\n<li>Ideales para el envasado de frutas y verduras frescas, estas bolsas con cremallera ayudan a prolongar la vida \u00fatil durante el transporte, el almacenamiento y la exposici\u00f3n al por menor.<\/li>\n\n\n\n<li>Fabricadas con materiales resistentes y aptos para uso alimentario, estas bolsas personalizadas para envasar verduras y frutas garantizan durabilidad, seguridad y soluciones de envasado ecol\u00f3gicas opcionales.<\/li>\n<\/ul>\n<\/div>\n\n\n\n<div class=\"wp-block-column is-layout-flow wp-block-column-is-layout-flow\">\n<figure class=\"wp-block-image size-full\"><img fetchpriority=\"high\" decoding=\"async\" width=\"1024\" height=\"1024\" src=\"https:\/\/www.hyflexpack.com\/wp-content\/uploads\/2026\/02\/Custom-Fresh-Fruit-Vegetable-Bags-1-3.webp\" alt=\"Bolsas personalizadas para frutas y verduras frescas\" class=\"wp-image-9187\" srcset=\"https:\/\/www.hyflexpack.com\/wp-content\/uploads\/2026\/02\/Custom-Fresh-Fruit-Vegetable-Bags-1-3.webp 1024w, https:\/\/www.hyflexpack.com\/wp-content\/uploads\/2026\/02\/Custom-Fresh-Fruit-Vegetable-Bags-1-3-300x300.webp 300w, https:\/\/www.hyflexpack.com\/wp-content\/uploads\/2026\/02\/Custom-Fresh-Fruit-Vegetable-Bags-1-3-150x150.webp 150w, https:\/\/www.hyflexpack.com\/wp-content\/uploads\/2026\/02\/Custom-Fresh-Fruit-Vegetable-Bags-1-3-768x768.webp 768w, https:\/\/www.hyflexpack.com\/wp-content\/uploads\/2026\/02\/Custom-Fresh-Fruit-Vegetable-Bags-1-3-12x12.webp 12w, https:\/\/www.hyflexpack.com\/wp-content\/uploads\/2026\/02\/Custom-Fresh-Fruit-Vegetable-Bags-1-3-285x285.webp 285w, https:\/\/www.hyflexpack.com\/wp-content\/uploads\/2026\/02\/Custom-Fresh-Fruit-Vegetable-Bags-1-3-270x270.webp 270w, https:\/\/www.hyflexpack.com\/wp-content\/uploads\/2026\/02\/Custom-Fresh-Fruit-Vegetable-Bags-1-3-540x540.webp 540w, https:\/\/www.hyflexpack.com\/wp-content\/uploads\/2026\/02\/Custom-Fresh-Fruit-Vegetable-Bags-1-3-660x660.webp 660w\" sizes=\"(max-width: 1024px) 100vw, 1024px\" \/><\/figure>\n<\/div>\n<\/div>","protected":false},"excerpt":{"rendered":"<p>Nuestras bolsas personalizadas para envasado de verduras est\u00e1n dise\u00f1adas como bolsas con cremallera de pie y orificios de ventilaci\u00f3n perforados para mantener los productos frescos transpirables, seguros y f\u00e1ciles de usar. Combinando un cierre de cremallera resellable, una estructura estable y una ventilaci\u00f3n controlada, estas bolsas ofrecen una soluci\u00f3n pr\u00e1ctica y personalizable para el envasado de frutas y verduras. P\u00f3ngase en contacto con nosotros hoy mismo para solicitar un presupuesto. Nos comprometemos a ofrecer soluciones de envasado integrales, respetuosas con el medio ambiente y de alta calidad.<\/p>\n<h2>Ventajas de la venta al por mayor de bolsas para envasar verduras<\/h2>\n<ul>\n<li><strong>Dise\u00f1o personalizado<\/strong>: Ofrecemos servicios personalizados de bolsas de embalaje, incluyendo la personalizaci\u00f3n del material, el tama\u00f1o y el patr\u00f3n de impresi\u00f3n para satisfacer las necesidades del cliente, y apoyamos OEM y ODM.<\/li>\n<li><strong>Fabricaci\u00f3n:<\/strong>\u00a0Con equipos y tecnolog\u00eda avanzados, podemos completar la producci\u00f3n de pedidos con eficacia y alta calidad, y entregarlos a tiempo.<\/li>\n<li><strong>Inspecci\u00f3n de calidad:<\/strong> La producci\u00f3n se lleva a cabo siguiendo estrictamente las normas de calidad y los requisitos de seguridad alimentaria para garantizar que los productos cumplen estas normas.<\/li>\n<li><strong>Atenci\u00f3n al cliente:<\/strong> Ofrezca respuestas r\u00e1pidas y un apoyo atento las 24 horas del d\u00eda.<\/li>\n<li><strong>Muestra gratuita<\/strong>: Proporcionamos muestras gratuitas para que pueda evaluar el producto.<\/li>\n<\/ul>\n<p><a href=\"https:\/\/www.hyflexpack.com\/es\/\"><strong>Envasado Huiyang<\/strong><\/a> se compromete a proporcionar a los clientes bolsas de envasado de verduras al por mayor de alta calidad para ayudarles a mejorar la imagen de sus productos y aumentar la competitividad en el mercado.<\/p>","protected":false},"featured_media":9187,"comment_status":"closed","ping_status":"closed","template":"","meta":[],"product_brand":[],"product_cat":[106],"product_tag":[116,124],"class_list":{"0":"post-9218","1":"product","2":"type-product","3":"status-publish","4":"has-post-thumbnail","6":"product_cat-vegetable-packaging-bags-wholesale","7":"product_tag-stand-up-pouch-manufacturer","8":"product_tag-zipper-pouch-manufacturer","10":"first","11":"instock","12":"shipping-taxable","13":"product-type-simple"},"_links":{"self":[{"href":"https:\/\/www.hyflexpack.com\/es\/wp-json\/wp\/v2\/product\/9218","targetHints":{"allow":["GET"]}}],"collection":[{"href":"https:\/\/www.hyflexpack.com\/es\/wp-json\/wp\/v2\/product"}],"about":[{"href":"https:\/\/www.hyflexpack.com\/es\/wp-json\/wp\/v2\/types\/product"}],"replies":[{"embeddable":true,"href":"https:\/\/www.hyflexpack.com\/es\/wp-json\/wp\/v2\/comments?post=9218"}],"wp:featuredmedia":[{"embeddable":true,"href":"https:\/\/www.hyflexpack.com\/es\/wp-json\/wp\/v2\/media\/9187"}],"wp:attachment":[{"href":"https:\/\/www.hyflexpack.com\/es\/wp-json\/wp\/v2\/media?parent=9218"}],"wp:term":[{"taxonomy":"product_brand","embeddable":true,"href":"https:\/\/www.hyflexpack.com\/es\/wp-json\/wp\/v2\/product_brand?post=9218"},{"taxonomy":"product_cat","embeddable":true,"href":"https:\/\/www.hyflexpack.com\/es\/wp-json\/wp\/v2\/product_cat?post=9218"},{"taxonomy":"product_tag","embeddable":true,"href":"https:\/\/www.hyflexpack.com\/es\/wp-json\/wp\/v2\/product_tag?post=9218"}],"curies":[{"name":"wp","href":"https:\/\/api.w.org\/{rel}","templated":true}]}}