{"id":9215,"date":"2026-02-05T09:10:31","date_gmt":"2026-02-05T09:10:31","guid":{"rendered":"https:\/\/www.hyflexpack.com\/?post_type=product&#038;p=9215"},"modified":"2026-02-05T09:10:36","modified_gmt":"2026-02-05T09:10:36","slug":"custom-printed-fruit-packaging-bags-oem","status":"publish","type":"product","link":"https:\/\/www.hyflexpack.com\/es\/product\/custom-printed-fruit-packaging-bags-oem\/","title":{"rendered":"Bolsas impresas personalizadas para envasar fruta - Bolsa con ventana transparente y ventilaci\u00f3n"},"content":{"rendered":"<div class=\"wp-block-columns is-layout-flex wp-container-core-columns-is-layout-9d6595d7 wp-block-columns-is-layout-flex\">\n<div class=\"wp-block-column is-layout-flow wp-block-column-is-layout-flow\">\n<h2 class=\"wp-block-heading\">Bolsas impresas personalizadas para envasar fruta Caracter\u00edsticas<\/h2>\n\n\n\n<ul class=\"wp-block-list\">\n<li><strong>Personalizaci\u00f3n flexible:<\/strong> Estos <strong>bolsa para envasado de fruta con impresi\u00f3n personalizada<\/strong> admiten m\u00faltiples tama\u00f1os, selecciones de materiales e impresi\u00f3n de logotipos para satisfacer diversas necesidades de envasado de frutas y verduras.<\/li>\n\n\n\n<li><strong>Dise\u00f1o de pie de varios tama\u00f1os:<\/strong> La estructura de la bolsa ventilada de pie permite un envasado flexible para diversos productos frescos, al tiempo que ofrece una fuerte presencia en los estantes y una f\u00e1cil exposici\u00f3n al por menor.<\/li>\n\n\n\n<li><strong>Ventilaci\u00f3n transpirable:<\/strong> Construida con orificios o ranuras de ventilaci\u00f3n, la bolsa de pie mejora el flujo de aire, reduce la acumulaci\u00f3n de humedad y ayuda a prolongar la vida \u00fatil de las frutas y verduras frescas.<\/li>\n\n\n\n<li><strong>Protecci\u00f3n de los productos frescos:<\/strong> Dise\u00f1adas espec\u00edficamente para el envasado de frutas y verduras frescas, estas bolsas ayudan a mantener la calidad del producto durante el transporte, el almacenamiento y la presentaci\u00f3n al por menor.<\/li>\n\n\n\n<li><strong>Opciones ecol\u00f3gicas y de calidad alimentaria:<\/strong> Fabricadas con materiales duraderos y seguros para los alimentos, estas <strong>bolsa para envasado de fruta con impresi\u00f3n personalizada<\/strong> ofrecen una protecci\u00f3n fiable con estructuras de envasado ecol\u00f3gicas opcionales.<\/li>\n<\/ul>\n<\/div>\n\n\n\n<div class=\"wp-block-column is-layout-flow wp-block-column-is-layout-flow\">\n<figure class=\"wp-block-image size-full\"><img fetchpriority=\"high\" decoding=\"async\" width=\"1024\" height=\"1024\" src=\"https:\/\/www.hyflexpack.com\/wp-content\/uploads\/2026\/02\/Custom-Printed-Fruit-Packaging-Bags-Supplier-2.webp\" alt=\"Proveedor de bolsas personalizadas para envasar fruta (2)\" class=\"wp-image-9243\" srcset=\"https:\/\/www.hyflexpack.com\/wp-content\/uploads\/2026\/02\/Custom-Printed-Fruit-Packaging-Bags-Supplier-2.webp 1024w, https:\/\/www.hyflexpack.com\/wp-content\/uploads\/2026\/02\/Custom-Printed-Fruit-Packaging-Bags-Supplier-2-300x300.webp 300w, https:\/\/www.hyflexpack.com\/wp-content\/uploads\/2026\/02\/Custom-Printed-Fruit-Packaging-Bags-Supplier-2-150x150.webp 150w, https:\/\/www.hyflexpack.com\/wp-content\/uploads\/2026\/02\/Custom-Printed-Fruit-Packaging-Bags-Supplier-2-768x768.webp 768w, https:\/\/www.hyflexpack.com\/wp-content\/uploads\/2026\/02\/Custom-Printed-Fruit-Packaging-Bags-Supplier-2-12x12.webp 12w, https:\/\/www.hyflexpack.com\/wp-content\/uploads\/2026\/02\/Custom-Printed-Fruit-Packaging-Bags-Supplier-2-285x285.webp 285w, https:\/\/www.hyflexpack.com\/wp-content\/uploads\/2026\/02\/Custom-Printed-Fruit-Packaging-Bags-Supplier-2-270x270.webp 270w, https:\/\/www.hyflexpack.com\/wp-content\/uploads\/2026\/02\/Custom-Printed-Fruit-Packaging-Bags-Supplier-2-540x540.webp 540w, https:\/\/www.hyflexpack.com\/wp-content\/uploads\/2026\/02\/Custom-Printed-Fruit-Packaging-Bags-Supplier-2-660x660.webp 660w\" sizes=\"(max-width: 1024px) 100vw, 1024px\" \/><\/figure>\n<\/div>\n<\/div>","protected":false},"excerpt":{"rendered":"<p>Dise\u00f1adas como bolsas ventiladas de pie de varios tama\u00f1os, nuestras bolsas impresas personalizadas para envasado de fruta mantienen los productos frescos, transpirables y protegidos. Gracias a su estabilidad, ventilaci\u00f3n optimizada y tama\u00f1o flexible, estas bolsas ofrecen una soluci\u00f3n eficaz y personalizable para el envasado de frutas y verduras frescas.<\/p>\n<h2>Ventajas de las bolsas impresas a medida para envasar fruta<\/h2>\n<ul>\n<li><strong><a href=\"https:\/\/www.hyflexpack.com\/es\/envases-flexibles-personalizados\/\">Servicios OEM\/ODM<\/a>:<\/strong>\u00a0Ofrecemos servicios personalizados de bolsas de embalaje, incluyendo la personalizaci\u00f3n del material, el tama\u00f1o y el patr\u00f3n de impresi\u00f3n para satisfacer las necesidades del cliente, y apoyamos OEM y ODM.<\/li>\n<li><strong>Eficaz<\/strong>\u00a0<strong>Fabricaci\u00f3n:<\/strong>\u00a0Con equipos y tecnolog\u00eda avanzados, podemos completar la producci\u00f3n de pedidos con eficacia y alta calidad, y entregarlos a tiempo.<\/li>\n<li><strong>Inspecci\u00f3n de calidad:<\/strong>\u00a0La producci\u00f3n se lleva a cabo siguiendo estrictamente las normas de calidad y los requisitos de seguridad alimentaria para garantizar que los productos cumplen las normas.<\/li>\n<li><strong>Atenci\u00f3n al cliente 24 horas al d\u00eda, 7 d\u00edas a la semana:<\/strong>\u00a0Ofrezca una respuesta r\u00e1pida y un servicio de atenci\u00f3n al cliente atento las 24 horas del d\u00eda.<\/li>\n<li><strong>Dise\u00f1o libre:<\/strong>\u00a0Aproveche nuestros servicios gratuitos de dise\u00f1o de logotipos, etiquetas e ilustraciones para ayudarle a mejorar sus envases y la identidad de su marca.<\/li>\n<li><strong>Precio de f\u00e1brica<\/strong>: Le ofrecemos precios de f\u00e1brica competitivos para que obtenga el m\u00e1ximo valor de sus pedidos al por mayor.<\/li>\n<li><strong>Cantidad m\u00ednima de pedido (MOQ):<\/strong>\u00a0Disponibilidad de MOQ flexible, lo que le permite empezar con niveles de pedido bajos y aumentar seg\u00fan sea necesario.<\/li>\n<li><strong>Muestra gratuita<\/strong>: Proporcionamos un servicio de muestras gratuitas para que pueda evaluar el producto.<\/li>\n<\/ul>\n<p><a href=\"https:\/\/www.hyflexpack.com\/es\/\"><strong>Envasado Huiyang<\/strong><\/a>\u00a0se compromete a proporcionar a los clientes bolsas de envasado de fruta al por mayor y personalizadas de alta calidad para ayudarles a mejorar la imagen de sus productos y aumentar su competitividad en el mercado.<\/p>","protected":false},"featured_media":9243,"comment_status":"closed","ping_status":"closed","template":"","meta":[],"product_brand":[],"product_cat":[106],"product_tag":[116,124],"class_list":{"0":"post-9215","1":"product","2":"type-product","3":"status-publish","4":"has-post-thumbnail","6":"product_cat-vegetable-packaging-bags-wholesale","7":"product_tag-stand-up-pouch-manufacturer","8":"product_tag-zipper-pouch-manufacturer","10":"first","11":"instock","12":"shipping-taxable","13":"product-type-simple"},"_links":{"self":[{"href":"https:\/\/www.hyflexpack.com\/es\/wp-json\/wp\/v2\/product\/9215","targetHints":{"allow":["GET"]}}],"collection":[{"href":"https:\/\/www.hyflexpack.com\/es\/wp-json\/wp\/v2\/product"}],"about":[{"href":"https:\/\/www.hyflexpack.com\/es\/wp-json\/wp\/v2\/types\/product"}],"replies":[{"embeddable":true,"href":"https:\/\/www.hyflexpack.com\/es\/wp-json\/wp\/v2\/comments?post=9215"}],"wp:featuredmedia":[{"embeddable":true,"href":"https:\/\/www.hyflexpack.com\/es\/wp-json\/wp\/v2\/media\/9243"}],"wp:attachment":[{"href":"https:\/\/www.hyflexpack.com\/es\/wp-json\/wp\/v2\/media?parent=9215"}],"wp:term":[{"taxonomy":"product_brand","embeddable":true,"href":"https:\/\/www.hyflexpack.com\/es\/wp-json\/wp\/v2\/product_brand?post=9215"},{"taxonomy":"product_cat","embeddable":true,"href":"https:\/\/www.hyflexpack.com\/es\/wp-json\/wp\/v2\/product_cat?post=9215"},{"taxonomy":"product_tag","embeddable":true,"href":"https:\/\/www.hyflexpack.com\/es\/wp-json\/wp\/v2\/product_tag?post=9215"}],"curies":[{"name":"wp","href":"https:\/\/api.w.org\/{rel}","templated":true}]}}