{"id":9128,"date":"2026-01-31T01:24:46","date_gmt":"2026-01-31T01:24:46","guid":{"rendered":"https:\/\/www.hyflexpack.com\/?post_type=product&#038;p=9128"},"modified":"2026-01-31T01:24:57","modified_gmt":"2026-01-31T01:24:57","slug":"custom-dog-food-packaging-bags-matte","status":"publish","type":"product","link":"https:\/\/www.hyflexpack.com\/es\/product\/custom-dog-food-packaging-bags-matte\/","title":{"rendered":"Bolsas personalizadas para envasar comida para perros - Bolsas con cremallera de material compuesto mate para marcas blancas"},"content":{"rendered":"<div class=\"wp-block-columns is-layout-flex wp-container-core-columns-is-layout-9d6595d7 wp-block-columns-is-layout-flex\">\n<div class=\"wp-block-column is-layout-flow wp-block-column-is-layout-flow\">\n<h2 class=\"wp-block-heading\">Caracter\u00edsticas de las bolsas personalizadas para alimentos para perros<\/h2>\n\n\n\n<ul class=\"wp-block-list\">\n<li>Utilice las bolsas personalizadas para envasar comida para perros para mostrar su logotipo y sus colores en elegantes bolsas con cremallera mate para una presencia minorista de primera calidad.<\/li>\n\n\n\n<li>El material compuesto mate protege la comida para perros de la humedad y la contaminaci\u00f3n, manteniendo los productos frescos durante m\u00e1s tiempo.<\/li>\n\n\n\n<li>Estas bolsas con cremallera garantizan la facilidad de uso, un cierre seguro y una presentaci\u00f3n profesional en las estanter\u00edas.<\/li>\n\n\n\n<li>Bolsas de envasado de comida para perros totalmente personalizables en tama\u00f1o, grosor e impresi\u00f3n, ideales para marcas B2B y programas de marcas blancas.<\/li>\n\n\n\n<li>La combinaci\u00f3n del acabado mate y el robusto dise\u00f1o de pie hace que sus envases de comida para perros sean visualmente atractivos y est\u00e9n listos para su exposici\u00f3n al por menor.<\/li>\n<\/ul>\n<\/div>\n\n\n\n<div class=\"wp-block-column is-layout-flow wp-block-column-is-layout-flow\">\n<figure class=\"wp-block-image size-full\"><img fetchpriority=\"high\" decoding=\"async\" width=\"1000\" height=\"1000\" src=\"https:\/\/www.hyflexpack.com\/wp-content\/uploads\/2026\/01\/\u5f69\u8679\u5ba0\u7269\u888b14.webp\" alt=\"Bolsas personalizadas para envasar comida para perros\" class=\"wp-image-9114\" srcset=\"https:\/\/www.hyflexpack.com\/wp-content\/uploads\/2026\/01\/\u5f69\u8679\u5ba0\u7269\u888b14.webp 1000w, https:\/\/www.hyflexpack.com\/wp-content\/uploads\/2026\/01\/\u5f69\u8679\u5ba0\u7269\u888b14-300x300.webp 300w, https:\/\/www.hyflexpack.com\/wp-content\/uploads\/2026\/01\/\u5f69\u8679\u5ba0\u7269\u888b14-150x150.webp 150w, https:\/\/www.hyflexpack.com\/wp-content\/uploads\/2026\/01\/\u5f69\u8679\u5ba0\u7269\u888b14-768x768.webp 768w, https:\/\/www.hyflexpack.com\/wp-content\/uploads\/2026\/01\/\u5f69\u8679\u5ba0\u7269\u888b14-12x12.webp 12w, https:\/\/www.hyflexpack.com\/wp-content\/uploads\/2026\/01\/\u5f69\u8679\u5ba0\u7269\u888b14-285x285.webp 285w, https:\/\/www.hyflexpack.com\/wp-content\/uploads\/2026\/01\/\u5f69\u8679\u5ba0\u7269\u888b14-270x270.webp 270w, https:\/\/www.hyflexpack.com\/wp-content\/uploads\/2026\/01\/\u5f69\u8679\u5ba0\u7269\u888b14-540x540.webp 540w, https:\/\/www.hyflexpack.com\/wp-content\/uploads\/2026\/01\/\u5f69\u8679\u5ba0\u7269\u888b14-660x660.webp 660w\" sizes=\"(max-width: 1000px) 100vw, 1000px\" \/><\/figure>\n<\/div>\n<\/div>","protected":false},"excerpt":{"rendered":"<p>Estas bolsas personalizadas para envasar comida para perros est\u00e1n fabricadas en material compuesto mate, tienen bolsas con cremallera y una muesca f\u00e1cil de rasgar. Totalmente personalizables en impresi\u00f3n y tama\u00f1o, estas bolsas de envasado de comida para perros ofrecen un excelente atractivo en estanter\u00eda, protecci\u00f3n de la frescura y comodidad de uso para compradores B2B y propietarios de marcas. P\u00f3ngase en contacto con nuestro equipo de profesionales para obtener un presupuesto detallado. Le atenderemos de todo coraz\u00f3n.<\/p>\n<h2>Ventajas de las bolsas personalizadas para comida para perros<\/h2>\n<ul>\n<li>Dise\u00f1o personalizado: Proporcionamos servicios personalizados de bolsas de embalaje, incluyendo el material, el tama\u00f1o y la personalizaci\u00f3n del patr\u00f3n de impresi\u00f3n para satisfacer las necesidades del cliente, y apoyamos OEM y ODM.<\/li>\n<li>Fabricaci\u00f3n: Con equipos y tecnolog\u00eda avanzados, podemos completar la producci\u00f3n de pedidos de manera eficiente y con alta calidad, y entregar a tiempo.<\/li>\n<li>Inspecci\u00f3n de calidad: La producci\u00f3n se lleva a cabo siguiendo estrictamente las normas de calidad y los requisitos de seguridad alimentaria para garantizar que los productos cumplen las normas.<\/li>\n<li>Atenci\u00f3n al cliente: Ofrezca una respuesta r\u00e1pida y un servicio de atenci\u00f3n al cliente atento las 24 horas del d\u00eda.<\/li>\n<li>Muestra gratuita: Proporcionar un servicio de muestra gratuita para que pueda evaluar el producto.<\/li>\n<\/ul>\n<p>Huiyang Packaging se compromete a proporcionar a los clientes bolsas de embalaje personalizadas para alimentos para perros, ayudando a los clientes a mejorar la imagen del producto y fortalecer la competitividad del mercado.<\/p>","protected":false},"featured_media":9114,"comment_status":"closed","ping_status":"closed","template":"","meta":[],"product_brand":[],"product_cat":[56,51],"product_tag":[],"class_list":{"0":"post-9128","1":"product","2":"type-product","3":"status-publish","4":"has-post-thumbnail","6":"product_cat-custom-pet-food-packaging","7":"product_cat-custom-food-packaging-bags","9":"first","10":"instock","11":"shipping-taxable","12":"product-type-simple"},"_links":{"self":[{"href":"https:\/\/www.hyflexpack.com\/es\/wp-json\/wp\/v2\/product\/9128","targetHints":{"allow":["GET"]}}],"collection":[{"href":"https:\/\/www.hyflexpack.com\/es\/wp-json\/wp\/v2\/product"}],"about":[{"href":"https:\/\/www.hyflexpack.com\/es\/wp-json\/wp\/v2\/types\/product"}],"replies":[{"embeddable":true,"href":"https:\/\/www.hyflexpack.com\/es\/wp-json\/wp\/v2\/comments?post=9128"}],"wp:featuredmedia":[{"embeddable":true,"href":"https:\/\/www.hyflexpack.com\/es\/wp-json\/wp\/v2\/media\/9114"}],"wp:attachment":[{"href":"https:\/\/www.hyflexpack.com\/es\/wp-json\/wp\/v2\/media?parent=9128"}],"wp:term":[{"taxonomy":"product_brand","embeddable":true,"href":"https:\/\/www.hyflexpack.com\/es\/wp-json\/wp\/v2\/product_brand?post=9128"},{"taxonomy":"product_cat","embeddable":true,"href":"https:\/\/www.hyflexpack.com\/es\/wp-json\/wp\/v2\/product_cat?post=9128"},{"taxonomy":"product_tag","embeddable":true,"href":"https:\/\/www.hyflexpack.com\/es\/wp-json\/wp\/v2\/product_tag?post=9128"}],"curies":[{"name":"wp","href":"https:\/\/api.w.org\/{rel}","templated":true}]}}