{"id":9067,"date":"2026-02-26T04:05:29","date_gmt":"2026-02-26T04:05:29","guid":{"rendered":"https:\/\/www.hyflexpack.com\/?post_type=product&#038;p=9067"},"modified":"2026-02-26T04:05:33","modified_gmt":"2026-02-26T04:05:33","slug":"bulk-laundry-detergent-packaging-bags","status":"publish","type":"product","link":"https:\/\/www.hyflexpack.com\/es\/product\/bulk-laundry-detergent-packaging-bags\/","title":{"rendered":"Envasado personalizado de detergente para ropa Bolsas termoselladas compuestas de cuatro lados con asa"},"content":{"rendered":"<div class=\"wp-block-columns is-layout-flex wp-container-core-columns-is-layout-9d6595d7 wp-block-columns-is-layout-flex\">\n<div class=\"wp-block-column is-layout-flow wp-block-column-is-layout-flow\">\n<h2 class=\"wp-block-heading\">Caracter\u00edsticas de la bolsa de envasado de detergente para ropa a granel<\/h2>\n\n\n\n<ul class=\"wp-block-list\">\n<li>Dise\u00f1ado espec\u00edficamente para la ropa en polvo, garantiza una manipulaci\u00f3n segura, protege de la humedad y mantiene la calidad del producto durante el almacenamiento y el transporte.<\/li>\n\n\n\n<li>Construido con materiales compuestos de alta calidad, ofrece un excelente rendimiento de barrera contra la humedad, los olores y la exposici\u00f3n a productos qu\u00edmicos.<\/li>\n\n\n\n<li>Las bolsas termoselladas por los cuatro lados proporcionan un envasado seguro, mientras que el asa incorporada hace que el transporte y la dispensaci\u00f3n resulten c\u00f3modos para minoristas y consumidores.<\/li>\n\n\n\n<li>Admite tama\u00f1os, impresi\u00f3n, materiales, grosor y dise\u00f1o de asas personalizados, lo que permite a las marcas crear envases de detergente personalizados distintivos para proyectos minoristas, mayoristas y OEM.<\/li>\n\n\n\n<li>La producci\u00f3n directa en f\u00e1brica garantiza una calidad estable, un MOQ bajo y plazos de entrega eficientes, ideales para pedidos al por mayor y expansi\u00f3n de marca.<\/li>\n<\/ul>\n<\/div>\n\n\n\n<div class=\"wp-block-column is-layout-flow wp-block-column-is-layout-flow\">\n<figure class=\"wp-block-image size-full\"><img fetchpriority=\"high\" decoding=\"async\" width=\"1676\" height=\"1676\" src=\"https:\/\/www.hyflexpack.com\/wp-content\/uploads\/2026\/01\/Custom-Laundry-Detergent-Packaging-5.webp\" alt=\"Envasado personalizado de detergente para ropa \" class=\"wp-image-9039\" srcset=\"https:\/\/www.hyflexpack.com\/wp-content\/uploads\/2026\/01\/Custom-Laundry-Detergent-Packaging-5.webp 1676w, https:\/\/www.hyflexpack.com\/wp-content\/uploads\/2026\/01\/Custom-Laundry-Detergent-Packaging-5-300x300.webp 300w, https:\/\/www.hyflexpack.com\/wp-content\/uploads\/2026\/01\/Custom-Laundry-Detergent-Packaging-5-150x150.webp 150w, https:\/\/www.hyflexpack.com\/wp-content\/uploads\/2026\/01\/Custom-Laundry-Detergent-Packaging-5-768x768.webp 768w, https:\/\/www.hyflexpack.com\/wp-content\/uploads\/2026\/01\/Custom-Laundry-Detergent-Packaging-5-12x12.webp 12w, https:\/\/www.hyflexpack.com\/wp-content\/uploads\/2026\/01\/Custom-Laundry-Detergent-Packaging-5-285x285.webp 285w, https:\/\/www.hyflexpack.com\/wp-content\/uploads\/2026\/01\/Custom-Laundry-Detergent-Packaging-5-1600x1600.webp 1600w, https:\/\/www.hyflexpack.com\/wp-content\/uploads\/2026\/01\/Custom-Laundry-Detergent-Packaging-5-270x270.webp 270w, https:\/\/www.hyflexpack.com\/wp-content\/uploads\/2026\/01\/Custom-Laundry-Detergent-Packaging-5-540x540.webp 540w, https:\/\/www.hyflexpack.com\/wp-content\/uploads\/2026\/01\/Custom-Laundry-Detergent-Packaging-5-660x660.webp 660w\" sizes=\"(max-width: 1676px) 100vw, 1676px\" \/><\/figure>\n<\/div>\n<\/div>","protected":false},"excerpt":{"rendered":"<p>Nuestros envases de detergente para ropa a granel est\u00e1n hechos de pel\u00edcula laminada de PET\/AL\/PE duradera con sellado a prueba de fugas. Como fabricante l\u00edder de envases de bolsa con boquilla, ofrecemos dise\u00f1o gratuito, muestras gratuitas y precios competitivos al por mayor de f\u00e1brica.<\/p>\n<h3>Ventajas del proveedor de envases de detergente para ropa a granel<\/h3>\n<ul>\n<li><strong>Dise\u00f1o personalizado:<\/strong>\u00a0Ofrecemos servicios personalizados, que incluyen la personalizaci\u00f3n del material, el tama\u00f1o y el patr\u00f3n de impresi\u00f3n para satisfacer las necesidades de los clientes, y damos soporte a OEM y ODM.<\/li>\n<li><strong>Fabricaci\u00f3n:<\/strong>\u00a0Con equipos y tecnolog\u00eda avanzados, podemos completar la producci\u00f3n de pedidos de forma eficiente y con alta calidad, y podemos entregar a tiempo.<\/li>\n<li><strong>Inspecci\u00f3n de calidad:<\/strong>\u00a0La producci\u00f3n se lleva a cabo siguiendo estrictamente las normas de calidad y los requisitos de seguridad alimentaria para garantizar que los productos cumplen las normas.<\/li>\n<li><strong>Certificaci\u00f3n\uff1a<\/strong>\u00a0FDA\/BRC\/ISO 9001\/RoHS<\/li>\n<li><strong>Atenci\u00f3n al cliente:<\/strong>\u00a024 horas para ofrecer una respuesta r\u00e1pida y un servicio de atenci\u00f3n al cliente atento.<\/li>\n<li><strong>Muestra gratis:<\/strong>\u00a0Ofrecemos un servicio de muestras gratuito para ayudarle a evaluar el producto.<\/li>\n<li><strong class=\"skrollable skrollable-between\" data-start=\"895\" data-end=\"917\">Precio competitivo:<\/strong>\u00a0Con una capacidad de producci\u00f3n a gran escala y una gesti\u00f3n rentable, ofrecemos precios competitivos sin comprometer la calidad del producto.<\/li>\n<\/ul>\n<p><a href=\"https:\/\/www.hyflexpack.com\/es\/\"><strong>Envasado Huiyang<\/strong><\/a> se compromete a ofrecer a sus clientes envases de detergente para ropa a granel que les ayuden a mejorar la imagen de sus productos y a aumentar su competitividad en el mercado.<\/p>","protected":false},"featured_media":9039,"comment_status":"closed","ping_status":"closed","template":"","meta":[],"product_brand":[],"product_cat":[52],"product_tag":[],"class_list":{"0":"post-9067","1":"product","2":"type-product","3":"status-publish","4":"has-post-thumbnail","6":"product_cat-custom-daily-chemical-packaging","8":"first","9":"instock","10":"shipping-taxable","11":"product-type-simple"},"_links":{"self":[{"href":"https:\/\/www.hyflexpack.com\/es\/wp-json\/wp\/v2\/product\/9067","targetHints":{"allow":["GET"]}}],"collection":[{"href":"https:\/\/www.hyflexpack.com\/es\/wp-json\/wp\/v2\/product"}],"about":[{"href":"https:\/\/www.hyflexpack.com\/es\/wp-json\/wp\/v2\/types\/product"}],"replies":[{"embeddable":true,"href":"https:\/\/www.hyflexpack.com\/es\/wp-json\/wp\/v2\/comments?post=9067"}],"wp:featuredmedia":[{"embeddable":true,"href":"https:\/\/www.hyflexpack.com\/es\/wp-json\/wp\/v2\/media\/9039"}],"wp:attachment":[{"href":"https:\/\/www.hyflexpack.com\/es\/wp-json\/wp\/v2\/media?parent=9067"}],"wp:term":[{"taxonomy":"product_brand","embeddable":true,"href":"https:\/\/www.hyflexpack.com\/es\/wp-json\/wp\/v2\/product_brand?post=9067"},{"taxonomy":"product_cat","embeddable":true,"href":"https:\/\/www.hyflexpack.com\/es\/wp-json\/wp\/v2\/product_cat?post=9067"},{"taxonomy":"product_tag","embeddable":true,"href":"https:\/\/www.hyflexpack.com\/es\/wp-json\/wp\/v2\/product_tag?post=9067"}],"curies":[{"name":"wp","href":"https:\/\/api.w.org\/{rel}","templated":true}]}}