{"id":9065,"date":"2026-02-26T07:20:44","date_gmt":"2026-02-26T07:20:44","guid":{"rendered":"https:\/\/www.hyflexpack.com\/?post_type=product&#038;p=9065"},"modified":"2026-02-26T07:20:55","modified_gmt":"2026-02-26T07:20:55","slug":"oem-laundry-pod-packaging-bag","status":"publish","type":"product","link":"https:\/\/www.hyflexpack.com\/es\/product\/oem-laundry-pod-packaging-bag\/","title":{"rendered":"OEM Laundry Pod Packaging Bag Pouch Wholesale Stand Up Zipper Bag Factory"},"content":{"rendered":"<div class=\"wp-block-columns is-layout-flex wp-container-core-columns-is-layout-9d6595d7 wp-block-columns-is-layout-flex\">\n<div class=\"wp-block-column is-layout-flow wp-block-column-is-layout-flow\">\n<h2 class=\"wp-block-heading\">Why Choose Our OEM Laundry Pod Packaging Bag Features<\/h2>\n\n\n\n<ul class=\"wp-block-list\">\n<li>Specifically designed for laundry pods, providing safe, stable packaging for transport and storage.<\/li>\n\n\n\n<li>Constructed with composite materials, ensuring food-grade \/ day-to-day chemical safe protection and excellent barrier performance.<\/li>\n\n\n\n<li>Stand up ziplock pouches allow easy opening and resealing, maintaining freshness and preventing accidental spills.<\/li>\n\n\n\n<li>Supports custom sizes, printing, closure types, and pouch shapes, helping brands create distinctive packaging solutions.<\/li>\n\n\n\n<li>Factory-direct supply with low MOQ, fast production, and stable quality, ideal for bulk orders and brand expansion.<\/li>\n<\/ul>\n<\/div>\n\n\n\n<div class=\"wp-block-column is-layout-flow wp-block-column-is-layout-flow\">\n<figure class=\"wp-block-image size-full\"><img fetchpriority=\"high\" decoding=\"async\" width=\"1000\" height=\"1000\" src=\"https:\/\/www.hyflexpack.com\/wp-content\/uploads\/2026\/01\/Laundry-Detergent-Pod-Packaging-Solutions-1.webp\" alt=\"Laundry Detergent Pod Packaging Solutions \" class=\"wp-image-9057\" srcset=\"https:\/\/www.hyflexpack.com\/wp-content\/uploads\/2026\/01\/Laundry-Detergent-Pod-Packaging-Solutions-1.webp 1000w, https:\/\/www.hyflexpack.com\/wp-content\/uploads\/2026\/01\/Laundry-Detergent-Pod-Packaging-Solutions-1-300x300.webp 300w, https:\/\/www.hyflexpack.com\/wp-content\/uploads\/2026\/01\/Laundry-Detergent-Pod-Packaging-Solutions-1-150x150.webp 150w, https:\/\/www.hyflexpack.com\/wp-content\/uploads\/2026\/01\/Laundry-Detergent-Pod-Packaging-Solutions-1-768x768.webp 768w, https:\/\/www.hyflexpack.com\/wp-content\/uploads\/2026\/01\/Laundry-Detergent-Pod-Packaging-Solutions-1-12x12.webp 12w, https:\/\/www.hyflexpack.com\/wp-content\/uploads\/2026\/01\/Laundry-Detergent-Pod-Packaging-Solutions-1-285x285.webp 285w, https:\/\/www.hyflexpack.com\/wp-content\/uploads\/2026\/01\/Laundry-Detergent-Pod-Packaging-Solutions-1-270x270.webp 270w, https:\/\/www.hyflexpack.com\/wp-content\/uploads\/2026\/01\/Laundry-Detergent-Pod-Packaging-Solutions-1-540x540.webp 540w, https:\/\/www.hyflexpack.com\/wp-content\/uploads\/2026\/01\/Laundry-Detergent-Pod-Packaging-Solutions-1-660x660.webp 660w\" sizes=\"(max-width: 1000px) 100vw, 1000px\" \/><\/figure>\n<\/div>\n<\/div>\n\n\n\n<div class=\"wp-block-columns is-layout-flex wp-container-core-columns-is-layout-9d6595d7 wp-block-columns-is-layout-flex\">\n<div class=\"wp-block-column is-layout-flow wp-block-column-is-layout-flow\">\n<figure class=\"wp-block-image size-full\"><img decoding=\"async\" width=\"1000\" height=\"1000\" src=\"https:\/\/www.hyflexpack.com\/wp-content\/uploads\/2026\/01\/Laundry-Detergent-Pod-Packaging-Solutions-3.webp\" alt=\"Laundry Detergent Pod Packaging Solutions\" class=\"wp-image-9059\" srcset=\"https:\/\/www.hyflexpack.com\/wp-content\/uploads\/2026\/01\/Laundry-Detergent-Pod-Packaging-Solutions-3.webp 1000w, https:\/\/www.hyflexpack.com\/wp-content\/uploads\/2026\/01\/Laundry-Detergent-Pod-Packaging-Solutions-3-300x300.webp 300w, https:\/\/www.hyflexpack.com\/wp-content\/uploads\/2026\/01\/Laundry-Detergent-Pod-Packaging-Solutions-3-150x150.webp 150w, https:\/\/www.hyflexpack.com\/wp-content\/uploads\/2026\/01\/Laundry-Detergent-Pod-Packaging-Solutions-3-768x768.webp 768w, https:\/\/www.hyflexpack.com\/wp-content\/uploads\/2026\/01\/Laundry-Detergent-Pod-Packaging-Solutions-3-12x12.webp 12w, https:\/\/www.hyflexpack.com\/wp-content\/uploads\/2026\/01\/Laundry-Detergent-Pod-Packaging-Solutions-3-285x285.webp 285w, https:\/\/www.hyflexpack.com\/wp-content\/uploads\/2026\/01\/Laundry-Detergent-Pod-Packaging-Solutions-3-270x270.webp 270w, https:\/\/www.hyflexpack.com\/wp-content\/uploads\/2026\/01\/Laundry-Detergent-Pod-Packaging-Solutions-3-540x540.webp 540w, https:\/\/www.hyflexpack.com\/wp-content\/uploads\/2026\/01\/Laundry-Detergent-Pod-Packaging-Solutions-3-660x660.webp 660w\" sizes=\"(max-width: 1000px) 100vw, 1000px\" \/><\/figure>\n<\/div>\n\n\n\n<div class=\"wp-block-column is-layout-flow wp-block-column-is-layout-flow\">\n<figure class=\"wp-block-image size-full\"><img decoding=\"async\" width=\"1000\" height=\"1000\" src=\"https:\/\/www.hyflexpack.com\/wp-content\/uploads\/2026\/01\/Laundry-Detergent-Pod-Packaging-Solutions-4.webp\" alt=\"Laundry Detergent Pod Packaging Solutions\" class=\"wp-image-9060\" srcset=\"https:\/\/www.hyflexpack.com\/wp-content\/uploads\/2026\/01\/Laundry-Detergent-Pod-Packaging-Solutions-4.webp 1000w, https:\/\/www.hyflexpack.com\/wp-content\/uploads\/2026\/01\/Laundry-Detergent-Pod-Packaging-Solutions-4-300x300.webp 300w, https:\/\/www.hyflexpack.com\/wp-content\/uploads\/2026\/01\/Laundry-Detergent-Pod-Packaging-Solutions-4-150x150.webp 150w, https:\/\/www.hyflexpack.com\/wp-content\/uploads\/2026\/01\/Laundry-Detergent-Pod-Packaging-Solutions-4-768x768.webp 768w, https:\/\/www.hyflexpack.com\/wp-content\/uploads\/2026\/01\/Laundry-Detergent-Pod-Packaging-Solutions-4-12x12.webp 12w, https:\/\/www.hyflexpack.com\/wp-content\/uploads\/2026\/01\/Laundry-Detergent-Pod-Packaging-Solutions-4-285x285.webp 285w, https:\/\/www.hyflexpack.com\/wp-content\/uploads\/2026\/01\/Laundry-Detergent-Pod-Packaging-Solutions-4-270x270.webp 270w, https:\/\/www.hyflexpack.com\/wp-content\/uploads\/2026\/01\/Laundry-Detergent-Pod-Packaging-Solutions-4-540x540.webp 540w, https:\/\/www.hyflexpack.com\/wp-content\/uploads\/2026\/01\/Laundry-Detergent-Pod-Packaging-Solutions-4-660x660.webp 660w\" sizes=\"(max-width: 1000px) 100vw, 1000px\" \/><\/figure>\n<\/div>\n<\/div>","protected":false},"excerpt":{"rendered":"<p>As a professional OEM laundry pod packaging bag pouch manufacturer, we supply wholesale stand up zipper bags with strong sealing, moisture resistance, and custom printing options. Factory direct pricing, low MOQ, free samples, and full OEM\/ODM support for global detergent brands.<\/p>\n<h2>Advantages of OEM Laundry Pod Packaging Bag Supplier<\/h2>\n<ul>\n<li><strong>Dise\u00f1o personalizado:<\/strong>\u00a0Ofrecemos servicios personalizados, que incluyen la personalizaci\u00f3n del material, el tama\u00f1o y el patr\u00f3n de impresi\u00f3n para satisfacer las necesidades de los clientes, y damos soporte a OEM y ODM.<\/li>\n<li><strong>Fabricaci\u00f3n:<\/strong>\u00a0Con equipos y tecnolog\u00eda avanzados, podemos completar la producci\u00f3n de pedidos de forma eficiente y con alta calidad, y podemos entregar a tiempo.<\/li>\n<li><strong>Inspecci\u00f3n de calidad:<\/strong>\u00a0La producci\u00f3n se lleva a cabo siguiendo estrictamente las normas de calidad y los requisitos de seguridad alimentaria para garantizar que los productos cumplen las normas.<\/li>\n<li><strong>Certificaci\u00f3n\uff1a<\/strong>\u00a0FDA\/BRC\/ISO 9001\/RoHS<\/li>\n<li><strong>Atenci\u00f3n al cliente:<\/strong>\u00a024 horas para ofrecer una respuesta r\u00e1pida y un servicio de atenci\u00f3n al cliente atento.<\/li>\n<li><strong>Muestra gratis:<\/strong>\u00a0Ofrecemos un servicio de muestras gratuito para ayudarle a evaluar el producto.<\/li>\n<li><strong class=\"skrollable skrollable-between\" data-start=\"895\" data-end=\"917\">Precio competitivo:<\/strong>\u00a0Con una capacidad de producci\u00f3n a gran escala y una gesti\u00f3n rentable, ofrecemos precios competitivos sin comprometer la calidad del producto.<\/li>\n<\/ul>\n<p><a href=\"https:\/\/www.hyflexpack.com\/es\/\"><strong>Envasado Huiyang<\/strong><\/a> is committed to providing customers with OEM laundry pod packaging bag &amp; pouch to help customers improve their product image and enhance their market competitiveness.<\/p>","protected":false},"featured_media":9057,"comment_status":"closed","ping_status":"closed","template":"","meta":[],"product_brand":[],"product_cat":[52],"product_tag":[116,124],"class_list":{"0":"post-9065","1":"product","2":"type-product","3":"status-publish","4":"has-post-thumbnail","6":"product_cat-custom-daily-chemical-packaging","7":"product_tag-stand-up-pouch-manufacturer","8":"product_tag-zipper-pouch-manufacturer","10":"first","11":"instock","12":"shipping-taxable","13":"product-type-simple"},"_links":{"self":[{"href":"https:\/\/www.hyflexpack.com\/es\/wp-json\/wp\/v2\/product\/9065","targetHints":{"allow":["GET"]}}],"collection":[{"href":"https:\/\/www.hyflexpack.com\/es\/wp-json\/wp\/v2\/product"}],"about":[{"href":"https:\/\/www.hyflexpack.com\/es\/wp-json\/wp\/v2\/types\/product"}],"replies":[{"embeddable":true,"href":"https:\/\/www.hyflexpack.com\/es\/wp-json\/wp\/v2\/comments?post=9065"}],"wp:featuredmedia":[{"embeddable":true,"href":"https:\/\/www.hyflexpack.com\/es\/wp-json\/wp\/v2\/media\/9057"}],"wp:attachment":[{"href":"https:\/\/www.hyflexpack.com\/es\/wp-json\/wp\/v2\/media?parent=9065"}],"wp:term":[{"taxonomy":"product_brand","embeddable":true,"href":"https:\/\/www.hyflexpack.com\/es\/wp-json\/wp\/v2\/product_brand?post=9065"},{"taxonomy":"product_cat","embeddable":true,"href":"https:\/\/www.hyflexpack.com\/es\/wp-json\/wp\/v2\/product_cat?post=9065"},{"taxonomy":"product_tag","embeddable":true,"href":"https:\/\/www.hyflexpack.com\/es\/wp-json\/wp\/v2\/product_tag?post=9065"}],"curies":[{"name":"wp","href":"https:\/\/api.w.org\/{rel}","templated":true}]}}