{"id":9064,"date":"2026-02-26T03:55:04","date_gmt":"2026-02-26T03:55:04","guid":{"rendered":"https:\/\/www.hyflexpack.com\/?post_type=product&#038;p=9064"},"modified":"2026-02-26T03:55:09","modified_gmt":"2026-02-26T03:55:09","slug":"laundry-detergent-pod-packaging-bag-oem","status":"publish","type":"product","link":"https:\/\/www.hyflexpack.com\/es\/product\/laundry-detergent-pod-packaging-bag-oem\/","title":{"rendered":"Bolsas para detergente de lavander\u00eda, bolsas Ziploc de material compuesto, personalizadas"},"content":{"rendered":"<div class=\"wp-block-columns is-layout-flex wp-container-core-columns-is-layout-9d6595d7 wp-block-columns-is-layout-flex\">\n<div class=\"wp-block-column is-layout-flow wp-block-column-is-layout-flow\">\n<h2 class=\"wp-block-heading\">Caracter\u00edsticas de la bolsa de envasado personalizada para detergente para ropa<\/h2>\n\n\n\n<ul class=\"wp-block-list\">\n<li>Dise\u00f1ado para c\u00e1psulas de detergente para ropa, garantiza una manipulaci\u00f3n segura, una dispensaci\u00f3n f\u00e1cil y la integridad del producto durante el almacenamiento y el transporte.<\/li>\n\n\n\n<li>Fabricados con bolsas ziploc de material compuesto, ofrecen una excelente resistencia a la humedad, los olores y los productos qu\u00edmicos para una larga conservaci\u00f3n.<\/li>\n\n\n\n<li>Los cierres de cremallera de pie permiten abrir y volver a cerrar repetidamente, manteniendo las bolsitas para la colada protegidas de la humedad y los derrames accidentales.<\/li>\n\n\n\n<li>Admite tama\u00f1os, materiales, impresi\u00f3n y dise\u00f1os de cierre personalizados, lo que ayuda a las marcas a crear bolsas de envasado de c\u00e1psulas de detergente personalizadas \u00fanicas.<\/li>\n\n\n\n<li>Producci\u00f3n directa de f\u00e1brica de alta calidad con opciones de MOQ bajo y plazos de entrega r\u00e1pidos, ideal para OEM y pedidos al por mayor.<\/li>\n<\/ul>\n<\/div>\n\n\n\n<div class=\"wp-block-column is-layout-flow wp-block-column-is-layout-flow\">\n<figure class=\"wp-block-image size-full\"><img fetchpriority=\"high\" decoding=\"async\" width=\"1000\" height=\"1000\" src=\"https:\/\/www.hyflexpack.com\/wp-content\/uploads\/2026\/01\/Custom-Laundry-Detergent-Pod-Packaging-1.webp\" alt=\"Envasado personalizado de pastillas de detergente \" class=\"wp-image-9043\" srcset=\"https:\/\/www.hyflexpack.com\/wp-content\/uploads\/2026\/01\/Custom-Laundry-Detergent-Pod-Packaging-1.webp 1000w, https:\/\/www.hyflexpack.com\/wp-content\/uploads\/2026\/01\/Custom-Laundry-Detergent-Pod-Packaging-1-300x300.webp 300w, https:\/\/www.hyflexpack.com\/wp-content\/uploads\/2026\/01\/Custom-Laundry-Detergent-Pod-Packaging-1-150x150.webp 150w, https:\/\/www.hyflexpack.com\/wp-content\/uploads\/2026\/01\/Custom-Laundry-Detergent-Pod-Packaging-1-768x768.webp 768w, https:\/\/www.hyflexpack.com\/wp-content\/uploads\/2026\/01\/Custom-Laundry-Detergent-Pod-Packaging-1-12x12.webp 12w, https:\/\/www.hyflexpack.com\/wp-content\/uploads\/2026\/01\/Custom-Laundry-Detergent-Pod-Packaging-1-285x285.webp 285w, https:\/\/www.hyflexpack.com\/wp-content\/uploads\/2026\/01\/Custom-Laundry-Detergent-Pod-Packaging-1-270x270.webp 270w, https:\/\/www.hyflexpack.com\/wp-content\/uploads\/2026\/01\/Custom-Laundry-Detergent-Pod-Packaging-1-540x540.webp 540w, https:\/\/www.hyflexpack.com\/wp-content\/uploads\/2026\/01\/Custom-Laundry-Detergent-Pod-Packaging-1-660x660.webp 660w\" sizes=\"(max-width: 1000px) 100vw, 1000px\" \/><\/figure>\n<\/div>\n<\/div>","protected":false},"excerpt":{"rendered":"<p>La bolsa de envasado personalizada para c\u00e1psulas de detergente de lavander\u00eda con bolsas ziploc de material compuesto est\u00e1 dise\u00f1ada para c\u00e1psulas de detergente de lavander\u00eda y productos detergentes concentrados que necesitan un envasado seguro, resistente a la humedad y duradero. Estas bolsas ziploc stand up para bolsitas de detergente ofrecen un cierre seguro, f\u00e1cil dispensaci\u00f3n e impresi\u00f3n y tama\u00f1o personalizables, ideales para aplicaciones OEM, mayoristas y minoristas. P\u00f3ngase en contacto con nosotros hoy mismo para solicitar un presupuesto. Nos comprometemos a ofrecer una soluci\u00f3n integral de envasado de desinfectantes de alta calidad, respetuosa con el medio ambiente.<\/p>\n<h2>Ventajas del proveedor de bolsas de empaquetado para lavander\u00eda<\/h2>\n<ul>\n<li><strong>Dise\u00f1o personalizado:<\/strong>\u00a0Ofrecemos servicios personalizados, que incluyen la personalizaci\u00f3n del material, el tama\u00f1o y el patr\u00f3n de impresi\u00f3n para satisfacer las necesidades de los clientes, y damos soporte a OEM y ODM.<\/li>\n<li><strong>Fabricaci\u00f3n:<\/strong>\u00a0Con equipos y tecnolog\u00eda avanzados, podemos completar la producci\u00f3n de pedidos de forma eficiente y con alta calidad, y podemos entregar a tiempo.<\/li>\n<li><strong>Inspecci\u00f3n de calidad:<\/strong>\u00a0La producci\u00f3n se lleva a cabo siguiendo estrictamente las normas de calidad y los requisitos de seguridad alimentaria para garantizar que los productos cumplen las normas.<\/li>\n<li><strong>Certificaci\u00f3n\uff1a<\/strong>\u00a0FDA\/BRC\/ISO 9001\/RoHS<\/li>\n<li><strong>Atenci\u00f3n al cliente:<\/strong>\u00a024 horas para ofrecer una respuesta r\u00e1pida y un servicio de atenci\u00f3n al cliente atento.<\/li>\n<li><strong>Muestra gratis:<\/strong>\u00a0Ofrecemos un servicio de muestras gratuito para ayudarle a evaluar el producto.<\/li>\n<li><strong class=\"skrollable skrollable-between\" data-start=\"895\" data-end=\"917\">Precio competitivo:<\/strong>\u00a0Con una capacidad de producci\u00f3n a gran escala y una gesti\u00f3n rentable, ofrecemos precios competitivos sin comprometer la calidad del producto.<\/li>\n<\/ul>\n<p><a href=\"https:\/\/www.hyflexpack.com\/es\/\"><strong>Envasado Huiyang<\/strong><\/a> se compromete a proporcionar a los clientes bolsas y bolsitas para el envasado de c\u00e1psulas de detergente para ropa con el fin de ayudarles a mejorar la imagen de sus productos y aumentar su competitividad en el mercado.<\/p>","protected":false},"featured_media":9043,"comment_status":"closed","ping_status":"closed","template":"","meta":[],"product_brand":[],"product_cat":[52],"product_tag":[116,124],"class_list":{"0":"post-9064","1":"product","2":"type-product","3":"status-publish","4":"has-post-thumbnail","6":"product_cat-custom-daily-chemical-packaging","7":"product_tag-stand-up-pouch-manufacturer","8":"product_tag-zipper-pouch-manufacturer","10":"first","11":"instock","12":"shipping-taxable","13":"product-type-simple"},"_links":{"self":[{"href":"https:\/\/www.hyflexpack.com\/es\/wp-json\/wp\/v2\/product\/9064","targetHints":{"allow":["GET"]}}],"collection":[{"href":"https:\/\/www.hyflexpack.com\/es\/wp-json\/wp\/v2\/product"}],"about":[{"href":"https:\/\/www.hyflexpack.com\/es\/wp-json\/wp\/v2\/types\/product"}],"replies":[{"embeddable":true,"href":"https:\/\/www.hyflexpack.com\/es\/wp-json\/wp\/v2\/comments?post=9064"}],"wp:featuredmedia":[{"embeddable":true,"href":"https:\/\/www.hyflexpack.com\/es\/wp-json\/wp\/v2\/media\/9043"}],"wp:attachment":[{"href":"https:\/\/www.hyflexpack.com\/es\/wp-json\/wp\/v2\/media?parent=9064"}],"wp:term":[{"taxonomy":"product_brand","embeddable":true,"href":"https:\/\/www.hyflexpack.com\/es\/wp-json\/wp\/v2\/product_brand?post=9064"},{"taxonomy":"product_cat","embeddable":true,"href":"https:\/\/www.hyflexpack.com\/es\/wp-json\/wp\/v2\/product_cat?post=9064"},{"taxonomy":"product_tag","embeddable":true,"href":"https:\/\/www.hyflexpack.com\/es\/wp-json\/wp\/v2\/product_tag?post=9064"}],"curies":[{"name":"wp","href":"https:\/\/api.w.org\/{rel}","templated":true}]}}