{"id":9063,"date":"2026-02-26T07:56:01","date_gmt":"2026-02-26T07:56:01","guid":{"rendered":"https:\/\/www.hyflexpack.com\/?post_type=product&#038;p=9063"},"modified":"2026-02-26T07:56:50","modified_gmt":"2026-02-26T07:56:50","slug":"washing-machine-cleaner-packaging-oem","status":"publish","type":"product","link":"https:\/\/www.hyflexpack.com\/es\/product\/washing-machine-cleaner-packaging-oem\/","title":{"rendered":"Envasado de detergente para lavadoras Bolsas Ziploc de material compuesto, personalizadas y de pie"},"content":{"rendered":"<div class=\"wp-block-columns is-layout-flex wp-container-core-columns-is-layout-9d6595d7 wp-block-columns-is-layout-flex\">\n<div class=\"wp-block-column is-layout-flow wp-block-column-is-layout-flow\">\n<h2 class=\"wp-block-heading\">Limpiador de lavadoras Caracter\u00edsticas del envase<\/h2>\n\n\n\n<ul class=\"wp-block-list\">\n<li>Dise\u00f1ado espec\u00edficamente para el envasado de limpiadores de lavadoras, adecuado para f\u00f3rmulas en polvo, tabletas y granulados, garantiza un rendimiento estable durante el almacenamiento y el transporte.<\/li>\n\n\n\n<li>Las bolsas ziploc stand up de material compuesto de alta calidad proporcionan una excelente barrera contra la humedad, resistencia qu\u00edmica y durabilidad, ideales para productos de limpieza dom\u00e9sticos y de lavander\u00eda.<\/li>\n\n\n\n<li>Las bolsas con cierre de cremallera permiten abrirlas y cerrarlas varias veces, lo que aumenta la comodidad del usuario y protege los productos de limpieza de la lavadora de la humedad y la contaminaci\u00f3n.<\/li>\n\n\n\n<li>Admite tama\u00f1os, materiales, grosores e impresi\u00f3n de logotipos personalizados, lo que ayuda a las marcas a crear envases personalizados para limpiadores de lavadoras diferenciados y alineados con el posicionamiento en el mercado.<\/li>\n\n\n\n<li>Producci\u00f3n directa de f\u00e1brica con control de calidad estable, opciones de MOQ bajo y plazos de entrega eficientes para la venta al por mayor de bolsas ziploc stand up y proyectos de envasado OEM.<\/li>\n<\/ul>\n<\/div>\n\n\n\n<div class=\"wp-block-column is-layout-flow wp-block-column-is-layout-flow\">\n<figure class=\"wp-block-image size-full\"><img fetchpriority=\"high\" decoding=\"async\" width=\"1000\" height=\"1000\" src=\"https:\/\/www.hyflexpack.com\/wp-content\/uploads\/2026\/01\/Customized-Washing-Machine-Cleaner-Packaging-1.webp\" alt=\"Envasado a medida de detergente para lavadoras \" class=\"wp-image-9052\" srcset=\"https:\/\/www.hyflexpack.com\/wp-content\/uploads\/2026\/01\/Customized-Washing-Machine-Cleaner-Packaging-1.webp 1000w, https:\/\/www.hyflexpack.com\/wp-content\/uploads\/2026\/01\/Customized-Washing-Machine-Cleaner-Packaging-1-300x300.webp 300w, https:\/\/www.hyflexpack.com\/wp-content\/uploads\/2026\/01\/Customized-Washing-Machine-Cleaner-Packaging-1-150x150.webp 150w, https:\/\/www.hyflexpack.com\/wp-content\/uploads\/2026\/01\/Customized-Washing-Machine-Cleaner-Packaging-1-768x768.webp 768w, https:\/\/www.hyflexpack.com\/wp-content\/uploads\/2026\/01\/Customized-Washing-Machine-Cleaner-Packaging-1-12x12.webp 12w, https:\/\/www.hyflexpack.com\/wp-content\/uploads\/2026\/01\/Customized-Washing-Machine-Cleaner-Packaging-1-285x285.webp 285w, https:\/\/www.hyflexpack.com\/wp-content\/uploads\/2026\/01\/Customized-Washing-Machine-Cleaner-Packaging-1-270x270.webp 270w, https:\/\/www.hyflexpack.com\/wp-content\/uploads\/2026\/01\/Customized-Washing-Machine-Cleaner-Packaging-1-540x540.webp 540w, https:\/\/www.hyflexpack.com\/wp-content\/uploads\/2026\/01\/Customized-Washing-Machine-Cleaner-Packaging-1-660x660.webp 660w\" sizes=\"(max-width: 1000px) 100vw, 1000px\" \/><\/figure>\n<\/div>\n<\/div>","protected":false},"excerpt":{"rendered":"<p>Nuestros envases personalizados para productos de limpieza para lavadoras, dise\u00f1ados con bolsas ziploc stand up de material compuesto, ofrecen una soluci\u00f3n fiable, a prueba de humedad y resistente a los productos qu\u00edmicos para productos de limpieza para lavadoras en polvo, pastillas y gr\u00e1nulos. Con estructuras de material flexibles y opciones de impresi\u00f3n personalizadas, estas bolsas ziploc stand up para limpiadores de lavadoras ayudan a las marcas a mejorar la presencia en el lineal, la protecci\u00f3n del producto y la eficacia del envasado para aplicaciones mayoristas y OEM. P\u00f3ngase en contacto con nosotros hoy mismo para solicitar un presupuesto. Nos comprometemos a ofrecer una soluci\u00f3n integral de envasado de desinfectantes ecol\u00f3gica y de alta calidad.\u00a0<\/p>\n<h2><strong>Ventajas del limpiador de lavadoras Proveedor de envases<\/strong><\/h2>\n<ul>\n<li><strong>Dise\u00f1o personalizado:<\/strong>\u00a0Ofrecemos un servicio personalizado de bolsas de embalaje para ropa, que incluye la personalizaci\u00f3n del material, el tama\u00f1o y el patr\u00f3n de impresi\u00f3n para satisfacer las necesidades del cliente, y admitimos OEM y ODM.<\/li>\n<li><strong>Fabricaci\u00f3n<\/strong>: Con equipos y tecnolog\u00eda avanzados, podemos completar la producci\u00f3n de la orden con alta eficiencia y alta calidad, y puede entregar a tiempo.<\/li>\n<li><strong>Inspecci\u00f3n de calidad<\/strong>: Seguir estrictamente las normas de calidad y los requisitos de seguridad alimentaria para la producci\u00f3n, a fin de garantizar que los productos cumplen las normas.<\/li>\n<li><strong>Atenci\u00f3n al cliente<\/strong>: 24 horas para ofrecer una respuesta r\u00e1pida y un esmerado servicio de atenci\u00f3n al cliente.<\/li>\n<li><strong>Muestra gratis:\u00a0<\/strong>Proporcionamos muestras gratuitas para que pueda evaluar los productos.<\/li>\n<\/ul>\n<p>Huiyang Packaging se compromete a proporcionar a los clientes bolsas de embalaje de ropa personalizadas de alta calidad para ayudarles a mejorar la imagen de sus productos y aumentar su competitividad en el mercado.<\/p>","protected":false},"featured_media":9052,"comment_status":"closed","ping_status":"closed","template":"","meta":[],"product_brand":[],"product_cat":[52],"product_tag":[116,124],"class_list":{"0":"post-9063","1":"product","2":"type-product","3":"status-publish","4":"has-post-thumbnail","6":"product_cat-custom-daily-chemical-packaging","7":"product_tag-stand-up-pouch-manufacturer","8":"product_tag-zipper-pouch-manufacturer","10":"first","11":"instock","12":"shipping-taxable","13":"product-type-simple"},"_links":{"self":[{"href":"https:\/\/www.hyflexpack.com\/es\/wp-json\/wp\/v2\/product\/9063","targetHints":{"allow":["GET"]}}],"collection":[{"href":"https:\/\/www.hyflexpack.com\/es\/wp-json\/wp\/v2\/product"}],"about":[{"href":"https:\/\/www.hyflexpack.com\/es\/wp-json\/wp\/v2\/types\/product"}],"replies":[{"embeddable":true,"href":"https:\/\/www.hyflexpack.com\/es\/wp-json\/wp\/v2\/comments?post=9063"}],"wp:featuredmedia":[{"embeddable":true,"href":"https:\/\/www.hyflexpack.com\/es\/wp-json\/wp\/v2\/media\/9052"}],"wp:attachment":[{"href":"https:\/\/www.hyflexpack.com\/es\/wp-json\/wp\/v2\/media?parent=9063"}],"wp:term":[{"taxonomy":"product_brand","embeddable":true,"href":"https:\/\/www.hyflexpack.com\/es\/wp-json\/wp\/v2\/product_brand?post=9063"},{"taxonomy":"product_cat","embeddable":true,"href":"https:\/\/www.hyflexpack.com\/es\/wp-json\/wp\/v2\/product_cat?post=9063"},{"taxonomy":"product_tag","embeddable":true,"href":"https:\/\/www.hyflexpack.com\/es\/wp-json\/wp\/v2\/product_tag?post=9063"}],"curies":[{"name":"wp","href":"https:\/\/api.w.org\/{rel}","templated":true}]}}