{"id":8756,"date":"2025-12-19T09:15:45","date_gmt":"2025-12-19T09:15:45","guid":{"rendered":"https:\/\/www.hyflexpack.com\/?post_type=product&#038;p=8756"},"modified":"2025-12-31T07:16:18","modified_gmt":"2025-12-31T07:16:18","slug":"custom-printed-dog-food-pouches","status":"publish","type":"product","link":"https:\/\/www.hyflexpack.com\/es\/product\/custom-printed-dog-food-pouches\/","title":{"rendered":"Bolsas de comida para perros impresas con logotipo, proveedor de bolsas laminadas de calidad alimentaria"},"content":{"rendered":"<div class=\"wp-block-columns is-layout-flex wp-container-core-columns-is-layout-9d6595d7 wp-block-columns-is-layout-flex\">\n<div class=\"wp-block-column is-layout-flow wp-block-column-is-layout-flow\">\n<h2 class=\"wp-block-heading\">Caracter\u00edsticas de las bolsas de comida para perros con impresi\u00f3n personalizada<\/h2>\n\n\n\n<ul class=\"wp-block-list\">\n<li>Aprenda a conocer Nuestras bolsas con impresi\u00f3n personalizada para comida de perros est\u00e1n fabricadas con material laminado de calidad alimentaria, adecuado para envasar comida para perros y otras mascotas.<\/li>\n\n\n\n<li>Protecci\u00f3n de barrera fiable<\/li>\n\n\n\n<li>Ayuda a proteger la comida del perro de la humedad y el aire para mantener su frescura durante el almacenamiento.<\/li>\n\n\n\n<li>Estructura de la bolsa de pie<\/li>\n\n\n\n<li>El dise\u00f1o de pie permite que la bolsa se asiente bien en las estanter\u00edas y facilita su manejo.<\/li>\n\n\n\n<li>Impresi\u00f3n personalizada con logotipo<\/li>\n\n\n\n<li>Bolsas para comida de perro con impresi\u00f3n personalizada, con logotipo, ilustraciones y colores de marca.<\/li>\n\n\n\n<li>Adecuado para diferentes pesos de alimentos para perros y necesidades de envasado de alimentos para mascotas.<\/li>\n\n\n\n<li>Se puede a\u00f1adir cierre de cremallera, muesca de rasgado y acabados mate o brillante en funci\u00f3n de las necesidades.<\/li>\n<\/ul>\n<\/div>\n\n\n\n<div class=\"wp-block-column is-layout-flow wp-block-column-is-layout-flow\">\n<figure class=\"wp-block-image size-full\"><img fetchpriority=\"high\" decoding=\"async\" width=\"1000\" height=\"1000\" src=\"https:\/\/www.hyflexpack.com\/wp-content\/uploads\/2025\/12\/Custom-Printed-Dog-Food-Stand-Up-Pouche-1.webp\" alt=\"Funda para comida de perro con impresi\u00f3n personalizada \" class=\"wp-image-8720\" srcset=\"https:\/\/www.hyflexpack.com\/wp-content\/uploads\/2025\/12\/Custom-Printed-Dog-Food-Stand-Up-Pouche-1.webp 1000w, https:\/\/www.hyflexpack.com\/wp-content\/uploads\/2025\/12\/Custom-Printed-Dog-Food-Stand-Up-Pouche-1-300x300.webp 300w, https:\/\/www.hyflexpack.com\/wp-content\/uploads\/2025\/12\/Custom-Printed-Dog-Food-Stand-Up-Pouche-1-150x150.webp 150w, https:\/\/www.hyflexpack.com\/wp-content\/uploads\/2025\/12\/Custom-Printed-Dog-Food-Stand-Up-Pouche-1-768x768.webp 768w, https:\/\/www.hyflexpack.com\/wp-content\/uploads\/2025\/12\/Custom-Printed-Dog-Food-Stand-Up-Pouche-1-12x12.webp 12w, https:\/\/www.hyflexpack.com\/wp-content\/uploads\/2025\/12\/Custom-Printed-Dog-Food-Stand-Up-Pouche-1-285x285.webp 285w, https:\/\/www.hyflexpack.com\/wp-content\/uploads\/2025\/12\/Custom-Printed-Dog-Food-Stand-Up-Pouche-1-270x270.webp 270w, https:\/\/www.hyflexpack.com\/wp-content\/uploads\/2025\/12\/Custom-Printed-Dog-Food-Stand-Up-Pouche-1-540x540.webp 540w, https:\/\/www.hyflexpack.com\/wp-content\/uploads\/2025\/12\/Custom-Printed-Dog-Food-Stand-Up-Pouche-1-660x660.webp 660w\" sizes=\"(max-width: 1000px) 100vw, 1000px\" \/><\/figure>\n<\/div>\n<\/div>\n\n\n\n<p><\/p>","protected":false},"excerpt":{"rendered":"<p>Las bolsas para comida de perro con logotipo impresas a medida est\u00e1n fabricadas con materiales laminados aptos para uso alimentario y son seguras para envasar comida de perro. El dise\u00f1o de la bolsa es f\u00e1cil de exponer y ofrece una protecci\u00f3n fiable contra la humedad y el ox\u00edgeno para mantener fresca la comida de su mascota. El dise\u00f1o de la bolsa es f\u00e1cil de exponer y ofrece una protecci\u00f3n fiable contra la humedad y el ox\u00edgeno para mantener la comida fresca.\u00a0<\/p>\n<h3>Ventajas del proveedor de bolsas de comida para perros con impresi\u00f3n personalizada<\/h3>\n<ul>\n<li><strong>Dise\u00f1o personalizado<\/strong>: Ofrecemos material personalizado, tama\u00f1o y personalizaci\u00f3n del patr\u00f3n de impresi\u00f3n para satisfacer las necesidades de los clientes, y apoyamos OEM y ODM.<\/li>\n<li><strong>Fabricaci\u00f3n<\/strong>: Con equipos y tecnolog\u00eda avanzados, podemos completar la producci\u00f3n de pedidos con alta eficiencia y alta calidad, y entregar a tiempo.<\/li>\n<li><strong>Inspecci\u00f3n de calidad<\/strong>: Siga estrictamente las normas de calidad y los requisitos de seguridad alimentaria para garantizar que los productos cumplen las normas.<\/li>\n<li><strong>Equipo de asistencia t\u00e9cnica<\/strong>: Nuestro equipo cuenta con una gran experiencia en el sector y conocimientos profesionales, y puede proporcionar asistencia t\u00e9cnica y servicio de consultor\u00eda las 24 horas del d\u00eda a nuestros clientes.<\/li>\n<li><strong>Certificaci\u00f3n\uff1a<\/strong>\u00a0FDA\/BRC\/ISO 9001\/RoHS<\/li>\n<li><strong>Muestra gratuita<\/strong>: Proporcionamos muestras gratuitas para que pueda evaluar los productos.<\/li>\n<\/ul>\n<p><a href=\"https:\/\/www.hyflexpack.com\/es\/\"><strong>Envasado Huiyang<\/strong><\/a> se compromete a ofrecer a los clientes bolsas de comida para perros personalizadas y de alta calidad para ayudarles a mejorar la imagen de sus productos y aumentar su competitividad en el mercado.<\/p>","protected":false},"featured_media":8720,"comment_status":"closed","ping_status":"closed","template":"","meta":[],"product_brand":[],"product_cat":[56],"product_tag":[116],"class_list":{"0":"post-8756","1":"product","2":"type-product","3":"status-publish","4":"has-post-thumbnail","6":"product_cat-custom-pet-food-packaging","7":"product_tag-stand-up-pouch-manufacturer","9":"first","10":"instock","11":"shipping-taxable","12":"product-type-simple"},"_links":{"self":[{"href":"https:\/\/www.hyflexpack.com\/es\/wp-json\/wp\/v2\/product\/8756","targetHints":{"allow":["GET"]}}],"collection":[{"href":"https:\/\/www.hyflexpack.com\/es\/wp-json\/wp\/v2\/product"}],"about":[{"href":"https:\/\/www.hyflexpack.com\/es\/wp-json\/wp\/v2\/types\/product"}],"replies":[{"embeddable":true,"href":"https:\/\/www.hyflexpack.com\/es\/wp-json\/wp\/v2\/comments?post=8756"}],"wp:featuredmedia":[{"embeddable":true,"href":"https:\/\/www.hyflexpack.com\/es\/wp-json\/wp\/v2\/media\/8720"}],"wp:attachment":[{"href":"https:\/\/www.hyflexpack.com\/es\/wp-json\/wp\/v2\/media?parent=8756"}],"wp:term":[{"taxonomy":"product_brand","embeddable":true,"href":"https:\/\/www.hyflexpack.com\/es\/wp-json\/wp\/v2\/product_brand?post=8756"},{"taxonomy":"product_cat","embeddable":true,"href":"https:\/\/www.hyflexpack.com\/es\/wp-json\/wp\/v2\/product_cat?post=8756"},{"taxonomy":"product_tag","embeddable":true,"href":"https:\/\/www.hyflexpack.com\/es\/wp-json\/wp\/v2\/product_tag?post=8756"}],"curies":[{"name":"wp","href":"https:\/\/api.w.org\/{rel}","templated":true}]}}