{"id":8623,"date":"2025-12-19T02:59:48","date_gmt":"2025-12-19T02:59:48","guid":{"rendered":"https:\/\/www.hyflexpack.com\/?post_type=product&#038;p=8623"},"modified":"2025-12-31T07:19:16","modified_gmt":"2025-12-31T07:19:16","slug":"wholesale-fruit-puree-pouches-supplier","status":"publish","type":"product","link":"https:\/\/www.hyflexpack.com\/es\/product\/wholesale-fruit-puree-pouches-supplier\/","title":{"rendered":"Mayorista de bolsas para pur\u00e9 de frutas, bolsas a medida con boquilla para productos l\u00e1cteos"},"content":{"rendered":"<div class=\"wp-block-columns is-layout-flex wp-container-core-columns-is-layout-9d6595d7 wp-block-columns-is-layout-flex\">\n<div class=\"wp-block-column is-layout-flow wp-block-column-is-layout-flow\">\n<h3 class=\"wp-block-heading\">Wholesale Fruit Puree Pouches Features <\/h3>\n\n\n\n<ul class=\"wp-block-list\">\n<li><strong>Leak-proof, food-grade protection:<\/strong> These wholesale fruit puree pouches are made of food-grade and high-barrier materials.<\/li>\n<\/ul>\n\n\n\n<ul class=\"wp-block-list\">\n<li><strong>Suministro directo de f\u00e1brica:<\/strong> Ideal para compradores a granel, distribuidores y fabricantes de bebidas.<\/li>\n<\/ul>\n\n\n\n<ul class=\"wp-block-list\">\n<li><strong>Full customization:<\/strong> Supports OEM\/ODM services, private label printing, and custom sizes.<\/li>\n<\/ul>\n\n\n\n<ul class=\"wp-block-list\">\n<li><strong>Durable, leak-proof design: <\/strong>These designs help to reduce shipping and storage costs.<\/li>\n<\/ul>\n\n\n\n<ul class=\"wp-block-list\">\n<li><strong>Multi-usages:<\/strong> Vers\u00e1til para zumos, batidos, bebidas aromatizadas y aperitivos l\u00edquidos.<\/li>\n<\/ul>\n<\/div>\n\n\n\n<div class=\"wp-block-column is-layout-flow wp-block-column-is-layout-flow\">\n<figure class=\"wp-block-image size-full\"><img fetchpriority=\"high\" decoding=\"async\" width=\"2048\" height=\"2048\" src=\"https:\/\/www.hyflexpack.com\/wp-content\/uploads\/2025\/12\/Wholesale-Custom-Fruit-Puree-Pouches-Manufacturer.webp\" alt=\"Wholesale Custom Fruit Puree Pouches Manufacturer\" class=\"wp-image-8789\" srcset=\"https:\/\/www.hyflexpack.com\/wp-content\/uploads\/2025\/12\/Wholesale-Custom-Fruit-Puree-Pouches-Manufacturer.webp 2048w, https:\/\/www.hyflexpack.com\/wp-content\/uploads\/2025\/12\/Wholesale-Custom-Fruit-Puree-Pouches-Manufacturer-300x300.webp 300w, https:\/\/www.hyflexpack.com\/wp-content\/uploads\/2025\/12\/Wholesale-Custom-Fruit-Puree-Pouches-Manufacturer-150x150.webp 150w, https:\/\/www.hyflexpack.com\/wp-content\/uploads\/2025\/12\/Wholesale-Custom-Fruit-Puree-Pouches-Manufacturer-768x768.webp 768w, https:\/\/www.hyflexpack.com\/wp-content\/uploads\/2025\/12\/Wholesale-Custom-Fruit-Puree-Pouches-Manufacturer-12x12.webp 12w, https:\/\/www.hyflexpack.com\/wp-content\/uploads\/2025\/12\/Wholesale-Custom-Fruit-Puree-Pouches-Manufacturer-285x285.webp 285w, https:\/\/www.hyflexpack.com\/wp-content\/uploads\/2025\/12\/Wholesale-Custom-Fruit-Puree-Pouches-Manufacturer-1600x1600.webp 1600w, https:\/\/www.hyflexpack.com\/wp-content\/uploads\/2025\/12\/Wholesale-Custom-Fruit-Puree-Pouches-Manufacturer-270x270.webp 270w, https:\/\/www.hyflexpack.com\/wp-content\/uploads\/2025\/12\/Wholesale-Custom-Fruit-Puree-Pouches-Manufacturer-540x540.webp 540w, https:\/\/www.hyflexpack.com\/wp-content\/uploads\/2025\/12\/Wholesale-Custom-Fruit-Puree-Pouches-Manufacturer-660x660.webp 660w\" sizes=\"(max-width: 2048px) 100vw, 2048px\" \/><\/figure>\n<\/div>\n<\/div>\n\n\n\n<div class=\"wp-block-columns is-layout-flex wp-container-core-columns-is-layout-9d6595d7 wp-block-columns-is-layout-flex\">\n<div class=\"wp-block-column is-layout-flow wp-block-column-is-layout-flow\">\n<figure class=\"wp-block-image size-full\"><img decoding=\"async\" width=\"1000\" height=\"1000\" src=\"https:\/\/www.hyflexpack.com\/wp-content\/uploads\/2025\/12\/Wholesale-Fruit-Puree-Pouches-Manufacturer-Huiyang-Packaging.webp\" alt=\"Wholesale Fruit Puree Pouches Manufacturer - Huiyang Packaging\" class=\"wp-image-8783\" srcset=\"https:\/\/www.hyflexpack.com\/wp-content\/uploads\/2025\/12\/Wholesale-Fruit-Puree-Pouches-Manufacturer-Huiyang-Packaging.webp 1000w, https:\/\/www.hyflexpack.com\/wp-content\/uploads\/2025\/12\/Wholesale-Fruit-Puree-Pouches-Manufacturer-Huiyang-Packaging-300x300.webp 300w, https:\/\/www.hyflexpack.com\/wp-content\/uploads\/2025\/12\/Wholesale-Fruit-Puree-Pouches-Manufacturer-Huiyang-Packaging-150x150.webp 150w, https:\/\/www.hyflexpack.com\/wp-content\/uploads\/2025\/12\/Wholesale-Fruit-Puree-Pouches-Manufacturer-Huiyang-Packaging-768x768.webp 768w, https:\/\/www.hyflexpack.com\/wp-content\/uploads\/2025\/12\/Wholesale-Fruit-Puree-Pouches-Manufacturer-Huiyang-Packaging-12x12.webp 12w, https:\/\/www.hyflexpack.com\/wp-content\/uploads\/2025\/12\/Wholesale-Fruit-Puree-Pouches-Manufacturer-Huiyang-Packaging-285x285.webp 285w, https:\/\/www.hyflexpack.com\/wp-content\/uploads\/2025\/12\/Wholesale-Fruit-Puree-Pouches-Manufacturer-Huiyang-Packaging-270x270.webp 270w, https:\/\/www.hyflexpack.com\/wp-content\/uploads\/2025\/12\/Wholesale-Fruit-Puree-Pouches-Manufacturer-Huiyang-Packaging-540x540.webp 540w, https:\/\/www.hyflexpack.com\/wp-content\/uploads\/2025\/12\/Wholesale-Fruit-Puree-Pouches-Manufacturer-Huiyang-Packaging-660x660.webp 660w\" sizes=\"(max-width: 1000px) 100vw, 1000px\" \/><\/figure>\n<\/div>\n\n\n\n<div class=\"wp-block-column is-layout-flow wp-block-column-is-layout-flow\">\n<figure class=\"wp-block-image size-full\"><img decoding=\"async\" width=\"1600\" height=\"1600\" src=\"https:\/\/www.hyflexpack.com\/wp-content\/uploads\/2025\/12\/Wholesale-Fruit-Puree-Spout-Pouches.webp\" alt=\"Wholesale Fruit Puree Spout Pouches\" class=\"wp-image-8788\" srcset=\"https:\/\/www.hyflexpack.com\/wp-content\/uploads\/2025\/12\/Wholesale-Fruit-Puree-Spout-Pouches.webp 1600w, https:\/\/www.hyflexpack.com\/wp-content\/uploads\/2025\/12\/Wholesale-Fruit-Puree-Spout-Pouches-300x300.webp 300w, https:\/\/www.hyflexpack.com\/wp-content\/uploads\/2025\/12\/Wholesale-Fruit-Puree-Spout-Pouches-150x150.webp 150w, https:\/\/www.hyflexpack.com\/wp-content\/uploads\/2025\/12\/Wholesale-Fruit-Puree-Spout-Pouches-768x768.webp 768w, https:\/\/www.hyflexpack.com\/wp-content\/uploads\/2025\/12\/Wholesale-Fruit-Puree-Spout-Pouches-12x12.webp 12w, https:\/\/www.hyflexpack.com\/wp-content\/uploads\/2025\/12\/Wholesale-Fruit-Puree-Spout-Pouches-285x285.webp 285w, https:\/\/www.hyflexpack.com\/wp-content\/uploads\/2025\/12\/Wholesale-Fruit-Puree-Spout-Pouches-270x270.webp 270w, https:\/\/www.hyflexpack.com\/wp-content\/uploads\/2025\/12\/Wholesale-Fruit-Puree-Spout-Pouches-540x540.webp 540w, https:\/\/www.hyflexpack.com\/wp-content\/uploads\/2025\/12\/Wholesale-Fruit-Puree-Spout-Pouches-660x660.webp 660w\" sizes=\"(max-width: 1600px) 100vw, 1600px\" \/><\/figure>\n<\/div>\n<\/div>","protected":false},"excerpt":{"rendered":"<p>Bulk manufacturer-direct liquid spout pouch supply for juice. It is made of food-grade material to ensure that the liquid inside won&#8217;t be contaminated. And the leak-proof lamination allows this liquid spout pouch to travel safely in normal, even harsh logistics environments. Bulk supply and OEM\/ODM services are available. Contact us now!<\/p>\n<h3>Advantages of Fruit Puree Pouches<\/h3>\n<ul>\n<li><strong>Dise\u00f1o a medida<\/strong>: Proporcionar soluciones de dise\u00f1o personalizadas, apoyar OEM \/ ODM, personalizado con diferentes especificaciones, tama\u00f1os, patrones de impresi\u00f3n, etc.<\/li>\n<li><strong>Garant\u00eda de calidad<\/strong>: Controlar el proceso de producci\u00f3n y disponer de materiales de alta calidad y equipos avanzados para garantizar la calidad del producto.<\/li>\n<li><strong>Entrega puntual<\/strong>: Optimizar el proceso de producci\u00f3n y mejorar la eficacia de la producci\u00f3n para garantizar la entrega a tiempo y satisfacer las necesidades urgentes de los clientes.<\/li>\n<li><strong>Asistencia t\u00e9cnica profesional<\/strong>: El experimentado equipo t\u00e9cnico proporciona asistencia t\u00e9cnica profesional y un servicio de asesoramiento posventa las 24 horas del d\u00eda.<\/li>\n<li><strong>Muestra gratuita<\/strong>: Proporcionamos un servicio de muestras gratuitas para que pueda evaluar los productos.<\/li>\n<\/ul>\n<p>Huiyang Packaging is committed to providing customers with high-quality manufacturer-direct liquid spout pouches to help customers improve their product image and enhance their market competitiveness<\/p>\n<p>&nbsp;<\/p>\n<p>&nbsp;<\/p>","protected":false},"featured_media":8783,"comment_status":"closed","ping_status":"closed","template":"","meta":[],"product_brand":[],"product_cat":[103,51],"product_tag":[115],"class_list":{"0":"post-8623","1":"product","2":"type-product","3":"status-publish","4":"has-post-thumbnail","6":"product_cat-beverage-packaging-bags-supplier","7":"product_cat-custom-food-packaging-bags","8":"product_tag-spout-pouch-manufacturer","10":"first","11":"instock","12":"shipping-taxable","13":"product-type-simple"},"_links":{"self":[{"href":"https:\/\/www.hyflexpack.com\/es\/wp-json\/wp\/v2\/product\/8623","targetHints":{"allow":["GET"]}}],"collection":[{"href":"https:\/\/www.hyflexpack.com\/es\/wp-json\/wp\/v2\/product"}],"about":[{"href":"https:\/\/www.hyflexpack.com\/es\/wp-json\/wp\/v2\/types\/product"}],"replies":[{"embeddable":true,"href":"https:\/\/www.hyflexpack.com\/es\/wp-json\/wp\/v2\/comments?post=8623"}],"wp:featuredmedia":[{"embeddable":true,"href":"https:\/\/www.hyflexpack.com\/es\/wp-json\/wp\/v2\/media\/8783"}],"wp:attachment":[{"href":"https:\/\/www.hyflexpack.com\/es\/wp-json\/wp\/v2\/media?parent=8623"}],"wp:term":[{"taxonomy":"product_brand","embeddable":true,"href":"https:\/\/www.hyflexpack.com\/es\/wp-json\/wp\/v2\/product_brand?post=8623"},{"taxonomy":"product_cat","embeddable":true,"href":"https:\/\/www.hyflexpack.com\/es\/wp-json\/wp\/v2\/product_cat?post=8623"},{"taxonomy":"product_tag","embeddable":true,"href":"https:\/\/www.hyflexpack.com\/es\/wp-json\/wp\/v2\/product_tag?post=8623"}],"curies":[{"name":"wp","href":"https:\/\/api.w.org\/{rel}","templated":true}]}}