{"id":8622,"date":"2025-12-19T02:32:09","date_gmt":"2025-12-19T02:32:09","guid":{"rendered":"https:\/\/www.hyflexpack.com\/?post_type=product&#038;p=8622"},"modified":"2025-12-31T07:19:58","modified_gmt":"2025-12-31T07:19:58","slug":"custom-juice-pouches-oem","status":"publish","type":"product","link":"https:\/\/www.hyflexpack.com\/es\/product\/custom-juice-pouches-oem\/","title":{"rendered":"Bolsas de zumo personalizadas OEM, bolsas de pie con orificio para pajita para pedidos a granel"},"content":{"rendered":"<div class=\"wp-block-columns is-layout-flex wp-container-core-columns-is-layout-9d6595d7 wp-block-columns-is-layout-flex\">\n<div class=\"wp-block-column is-layout-flow wp-block-column-is-layout-flow\">\n<h3 class=\"wp-block-heading\">Caracter\u00edsticas de las bolsas de zumo personalizadas OEM<\/h3>\n\n\n\n<ul class=\"wp-block-list\">\n<li><strong>Calidad superior:<\/strong> Protecci\u00f3n alimentaria de alta barrera con bolsas de zumo personalizadas OEM.<\/li>\n<\/ul>\n\n\n\n<ul class=\"wp-block-list\">\n<li><strong>Suministro directo de f\u00e1brica:<\/strong> Ideal para compradores a granel, distribuidores y fabricantes de bebidas.<\/li>\n<\/ul>\n\n\n\n<ul class=\"wp-block-list\">\n<li><strong>Personalizaci\u00f3n: <\/strong>Admite servicios OEM\/ODM, impresi\u00f3n de etiquetas privadas y dise\u00f1os personalizados.<\/li>\n<\/ul>\n\n\n\n<ul class=\"wp-block-list\">\n<li><strong>Resistencia al desgaste: <\/strong>Su dise\u00f1o termosellado y a prueba de fugas reduce los costes de env\u00edo y almacenamiento.<\/li>\n<\/ul>\n\n\n\n<ul class=\"wp-block-list\">\n<li><strong>Dise\u00f1o especial de los orificios: <\/strong>Orificio para pajita opcional para un uso c\u00f3modo por parte del consumidor.<\/li>\n<\/ul>\n\n\n\n<ul class=\"wp-block-list\">\n<li><strong>Multiusos:<\/strong> Vers\u00e1til para zumos, batidos, bebidas aromatizadas y aperitivos l\u00edquidos.<\/li>\n<\/ul>\n<\/div>\n\n\n\n<div class=\"wp-block-column is-layout-flow wp-block-column-is-layout-flow\">\n<figure class=\"wp-block-image size-full\"><img fetchpriority=\"high\" decoding=\"async\" width=\"1000\" height=\"1000\" src=\"https:\/\/www.hyflexpack.com\/wp-content\/uploads\/2025\/11\/OEM-Custom-Juice-Stand-Up-Pouches-1.webp\" alt=\"Bolsas de zumo personalizadas OEM \" class=\"wp-image-8590\" srcset=\"https:\/\/www.hyflexpack.com\/wp-content\/uploads\/2025\/11\/OEM-Custom-Juice-Stand-Up-Pouches-1.webp 1000w, https:\/\/www.hyflexpack.com\/wp-content\/uploads\/2025\/11\/OEM-Custom-Juice-Stand-Up-Pouches-1-300x300.webp 300w, https:\/\/www.hyflexpack.com\/wp-content\/uploads\/2025\/11\/OEM-Custom-Juice-Stand-Up-Pouches-1-150x150.webp 150w, https:\/\/www.hyflexpack.com\/wp-content\/uploads\/2025\/11\/OEM-Custom-Juice-Stand-Up-Pouches-1-768x768.webp 768w, https:\/\/www.hyflexpack.com\/wp-content\/uploads\/2025\/11\/OEM-Custom-Juice-Stand-Up-Pouches-1-12x12.webp 12w, https:\/\/www.hyflexpack.com\/wp-content\/uploads\/2025\/11\/OEM-Custom-Juice-Stand-Up-Pouches-1-285x285.webp 285w, https:\/\/www.hyflexpack.com\/wp-content\/uploads\/2025\/11\/OEM-Custom-Juice-Stand-Up-Pouches-1-270x270.webp 270w, https:\/\/www.hyflexpack.com\/wp-content\/uploads\/2025\/11\/OEM-Custom-Juice-Stand-Up-Pouches-1-540x540.webp 540w, https:\/\/www.hyflexpack.com\/wp-content\/uploads\/2025\/11\/OEM-Custom-Juice-Stand-Up-Pouches-1-660x660.webp 660w\" sizes=\"(max-width: 1000px) 100vw, 1000px\" \/><\/figure>\n<\/div>\n<\/div>","protected":false},"excerpt":{"rendered":"<p>Nuestras bolsas OEM personalizadas para zumos est\u00e1n fabricadas con materiales de alta barrera de calidad alimentaria y termoselladas, lo que garantiza que sus zumos se mantengan frescos, a prueba de fugas y sabrosos durante m\u00e1s tiempo. Dise\u00f1adas para zumos, batidos y otras bebidas l\u00edquidas, estas bolsas de pie con orificios para pajitas admiten pedidos a granel, personalizaci\u00f3n OEM\/ODM y marcas blancas, por lo que son perfectas para fabricantes de bebidas, distribuidores y marcas. Haga su pedido ahora para personalizar sus bolsas para zumos y mejorar el envasado de sus bebidas.<\/p>\n<h3>Ventajas de las bolsas de zumo personalizadas OEM<\/h3>\n<ul>\n<li><strong>Dise\u00f1o personalizado:<\/strong> Ofrecemos servicios personalizados para bolsas de envasado de zumo, incluyendo la personalizaci\u00f3n del material, el tama\u00f1o y el patr\u00f3n de impresi\u00f3n para satisfacer las necesidades del cliente, y apoyamos OEM y ODM.<\/li>\n<li><strong>Fabricaci\u00f3n:<\/strong> Con equipos y tecnolog\u00eda avanzados, podemos completar la producci\u00f3n de pedidos de forma eficiente y con alta calidad, y podemos entregar a tiempo.<\/li>\n<li><strong>Inspecci\u00f3n de calidad:<\/strong> La producci\u00f3n se lleva a cabo siguiendo estrictamente las normas de calidad y los requisitos de seguridad alimentaria para garantizar que los productos cumplen las normas.<\/li>\n<li><strong>Atenci\u00f3n al cliente:<\/strong> 24 horas para ofrecer una respuesta r\u00e1pida y un servicio de atenci\u00f3n al cliente atento.<\/li>\n<li><strong>Muestra gratis:<\/strong> Proporcionar un servicio de muestras gratuitas para que pueda evaluar el producto.<\/li>\n<\/ul>\n<p>Huiyang Packaging se compromete a proporcionar a los clientes bolsas de pie de zumo personalizadas OEM de alta calidad para ayudar a los clientes a mejorar su imagen de producto y mejorar su competitividad en el mercado.<\/p>","protected":false},"featured_media":8590,"comment_status":"closed","ping_status":"closed","template":"","meta":[],"product_brand":[],"product_cat":[103],"product_tag":[116],"class_list":{"0":"post-8622","1":"product","2":"type-product","3":"status-publish","4":"has-post-thumbnail","6":"product_cat-beverage-packaging-bags-supplier","7":"product_tag-stand-up-pouch-manufacturer","9":"first","10":"instock","11":"shipping-taxable","12":"product-type-simple"},"_links":{"self":[{"href":"https:\/\/www.hyflexpack.com\/es\/wp-json\/wp\/v2\/product\/8622","targetHints":{"allow":["GET"]}}],"collection":[{"href":"https:\/\/www.hyflexpack.com\/es\/wp-json\/wp\/v2\/product"}],"about":[{"href":"https:\/\/www.hyflexpack.com\/es\/wp-json\/wp\/v2\/types\/product"}],"replies":[{"embeddable":true,"href":"https:\/\/www.hyflexpack.com\/es\/wp-json\/wp\/v2\/comments?post=8622"}],"wp:featuredmedia":[{"embeddable":true,"href":"https:\/\/www.hyflexpack.com\/es\/wp-json\/wp\/v2\/media\/8590"}],"wp:attachment":[{"href":"https:\/\/www.hyflexpack.com\/es\/wp-json\/wp\/v2\/media?parent=8622"}],"wp:term":[{"taxonomy":"product_brand","embeddable":true,"href":"https:\/\/www.hyflexpack.com\/es\/wp-json\/wp\/v2\/product_brand?post=8622"},{"taxonomy":"product_cat","embeddable":true,"href":"https:\/\/www.hyflexpack.com\/es\/wp-json\/wp\/v2\/product_cat?post=8622"},{"taxonomy":"product_tag","embeddable":true,"href":"https:\/\/www.hyflexpack.com\/es\/wp-json\/wp\/v2\/product_tag?post=8622"}],"curies":[{"name":"wp","href":"https:\/\/api.w.org\/{rel}","templated":true}]}}