{"id":8621,"date":"2025-12-08T17:24:29","date_gmt":"2025-12-08T17:24:29","guid":{"rendered":"https:\/\/www.hyflexpack.com\/?post_type=product&#038;p=8621"},"modified":"2025-12-31T07:32:36","modified_gmt":"2025-12-31T07:32:36","slug":"bulk-wholesale-spout-pouches-for-drinks","status":"publish","type":"product","link":"https:\/\/www.hyflexpack.com\/es\/product\/bulk-wholesale-spout-pouches-for-drinks\/","title":{"rendered":"Venta al por mayor de Bolsas con boquilla para zumos y bebidas - Bolsas para l\u00edquidos con impresi\u00f3n personalizada"},"content":{"rendered":"<div class=\"wp-block-columns is-layout-flex wp-container-core-columns-is-layout-9d6595d7 wp-block-columns-is-layout-flex\">\n<div class=\"wp-block-column is-layout-flow wp-block-column-is-layout-flow\">\n<h3 class=\"wp-block-heading\">Caracter\u00edsticas de las bolsas con boquilla al por mayor para zumos y bebidas<\/h3>\n\n\n\n<ul class=\"wp-block-list\">\n<li><strong>Calidad de gama alta:<\/strong> Protecci\u00f3n de alta barrera y de calidad alimentaria con las bolsas con boquilla para zumos y bebidas al por mayor.<\/li>\n<\/ul>\n\n\n\n<ul class=\"wp-block-list\">\n<li><strong>Suministro directo de f\u00e1brica: <\/strong>Ideal para compradores a granel, distribuidores y fabricantes de bebidas.<\/li>\n<\/ul>\n\n\n\n<ul class=\"wp-block-list\">\n<li><strong>Personalizaci\u00f3n total: <\/strong>Admite servicios OEM\/ODM, impresi\u00f3n de etiquetas privadas y dise\u00f1os personalizados.<\/li>\n<\/ul>\n\n\n\n<ul class=\"wp-block-list\">\n<li><strong>Rentable:<\/strong> Las bolsas de pie, duraderas y a prueba de fugas, reducen los costes de env\u00edo y almacenamiento.<\/li>\n<\/ul>\n\n\n\n<ul class=\"wp-block-list\">\n<li><strong>C\u00f3modo dise\u00f1o del ca\u00f1o<\/strong>: Garantiza un vertido f\u00e1cil y un uso c\u00f3modo para el consumidor.<\/li>\n<\/ul>\n\n\n\n<ul class=\"wp-block-list\">\n<li><strong>Multiusos: <\/strong>Vers\u00e1til para zumos, batidos, n\u00e9ctares y otros productos l\u00edquidos.<\/li>\n<\/ul>\n<\/div>\n\n\n\n<div class=\"wp-block-column is-layout-flow wp-block-column-is-layout-flow\">\n<figure class=\"wp-block-image size-full\"><img fetchpriority=\"high\" decoding=\"async\" width=\"1000\" height=\"1000\" src=\"https:\/\/www.hyflexpack.com\/wp-content\/uploads\/2025\/11\/Bulk-Wholesale-Spout-Pouches-for-Juice-Drinks-1.webp\" alt=\"Venta al por mayor al por mayor de bolsas con boquilla para zumos y bebidas\" class=\"wp-image-8560\" srcset=\"https:\/\/www.hyflexpack.com\/wp-content\/uploads\/2025\/11\/Bulk-Wholesale-Spout-Pouches-for-Juice-Drinks-1.webp 1000w, https:\/\/www.hyflexpack.com\/wp-content\/uploads\/2025\/11\/Bulk-Wholesale-Spout-Pouches-for-Juice-Drinks-1-300x300.webp 300w, https:\/\/www.hyflexpack.com\/wp-content\/uploads\/2025\/11\/Bulk-Wholesale-Spout-Pouches-for-Juice-Drinks-1-150x150.webp 150w, https:\/\/www.hyflexpack.com\/wp-content\/uploads\/2025\/11\/Bulk-Wholesale-Spout-Pouches-for-Juice-Drinks-1-768x768.webp 768w, https:\/\/www.hyflexpack.com\/wp-content\/uploads\/2025\/11\/Bulk-Wholesale-Spout-Pouches-for-Juice-Drinks-1-12x12.webp 12w, https:\/\/www.hyflexpack.com\/wp-content\/uploads\/2025\/11\/Bulk-Wholesale-Spout-Pouches-for-Juice-Drinks-1-285x285.webp 285w, https:\/\/www.hyflexpack.com\/wp-content\/uploads\/2025\/11\/Bulk-Wholesale-Spout-Pouches-for-Juice-Drinks-1-270x270.webp 270w, https:\/\/www.hyflexpack.com\/wp-content\/uploads\/2025\/11\/Bulk-Wholesale-Spout-Pouches-for-Juice-Drinks-1-540x540.webp 540w, https:\/\/www.hyflexpack.com\/wp-content\/uploads\/2025\/11\/Bulk-Wholesale-Spout-Pouches-for-Juice-Drinks-1-660x660.webp 660w\" sizes=\"(max-width: 1000px) 100vw, 1000px\" \/><\/figure>\n<\/div>\n<\/div>","protected":false},"excerpt":{"rendered":"<p>Nuestras bolsas con boquilla para zumos y bebidas al por mayor est\u00e1n dise\u00f1adas con materiales de alta barrera de calidad alimentaria para mantener las bebidas frescas, sin fugas y sabrosas durante periodos prolongados. Ideales para zumos, batidos, bebidas energ\u00e9ticas y otros productos l\u00edquidos, estas bolsas para l\u00edquidos de pie admiten impresi\u00f3n personalizada, servicios OEM\/ODM y marca privada, lo que las hace perfectas para marcas, distribuidores y fabricantes de bebidas. Haga su pedido ahora para asegurar sus bolsas con boquilla a granel y mejorar el envasado de sus bebidas.<\/p>\n<h3>Ventajas de las bolsas con boquilla al por mayor para zumos y bebidas<\/h3>\n<ul>\n<li><strong>Dise\u00f1o personalizado:<\/strong> Ofrecemos servicios personalizados para bolsas de envasado de zumo, incluyendo la personalizaci\u00f3n del material, el tama\u00f1o y el patr\u00f3n de impresi\u00f3n para satisfacer las necesidades del cliente, y apoyamos OEM y ODM.<\/li>\n<li><strong>Fabricaci\u00f3n:<\/strong> Con equipos y tecnolog\u00eda avanzados, podemos completar la producci\u00f3n de pedidos de forma eficiente y con alta calidad, y podemos entregar a tiempo.<\/li>\n<li><strong>Inspecci\u00f3n de calidad:<\/strong> La producci\u00f3n se lleva a cabo siguiendo estrictamente las normas de calidad y los requisitos de seguridad alimentaria para garantizar que los productos cumplen las normas.<\/li>\n<li><strong>Atenci\u00f3n al cliente:<\/strong> 24 horas para ofrecer una respuesta r\u00e1pida y un servicio de atenci\u00f3n al cliente atento.<\/li>\n<li><strong>Muestra gratis:<\/strong> Proporcionar un servicio de muestras gratuitas para que pueda evaluar el producto.<\/li>\n<\/ul>\n<p><a href=\"https:\/\/www.hyflexpack.com\/es\/\"><strong>Envasado Huiyang<\/strong><\/a> se compromete a proporcionar a los clientes bolsas con boquilla al por mayor a granel de alta calidad para zumos y bebidas para ayudar a los clientes a mejorar su imagen de producto y mejorar su competitividad en el mercado.<\/p>","protected":false},"featured_media":8560,"comment_status":"closed","ping_status":"closed","template":"","meta":[],"product_brand":[],"product_cat":[103,51],"product_tag":[115],"class_list":{"0":"post-8621","1":"product","2":"type-product","3":"status-publish","4":"has-post-thumbnail","6":"product_cat-beverage-packaging-bags-supplier","7":"product_cat-custom-food-packaging-bags","8":"product_tag-spout-pouch-manufacturer","10":"first","11":"instock","12":"shipping-taxable","13":"product-type-simple"},"_links":{"self":[{"href":"https:\/\/www.hyflexpack.com\/es\/wp-json\/wp\/v2\/product\/8621","targetHints":{"allow":["GET"]}}],"collection":[{"href":"https:\/\/www.hyflexpack.com\/es\/wp-json\/wp\/v2\/product"}],"about":[{"href":"https:\/\/www.hyflexpack.com\/es\/wp-json\/wp\/v2\/types\/product"}],"replies":[{"embeddable":true,"href":"https:\/\/www.hyflexpack.com\/es\/wp-json\/wp\/v2\/comments?post=8621"}],"wp:featuredmedia":[{"embeddable":true,"href":"https:\/\/www.hyflexpack.com\/es\/wp-json\/wp\/v2\/media\/8560"}],"wp:attachment":[{"href":"https:\/\/www.hyflexpack.com\/es\/wp-json\/wp\/v2\/media?parent=8621"}],"wp:term":[{"taxonomy":"product_brand","embeddable":true,"href":"https:\/\/www.hyflexpack.com\/es\/wp-json\/wp\/v2\/product_brand?post=8621"},{"taxonomy":"product_cat","embeddable":true,"href":"https:\/\/www.hyflexpack.com\/es\/wp-json\/wp\/v2\/product_cat?post=8621"},{"taxonomy":"product_tag","embeddable":true,"href":"https:\/\/www.hyflexpack.com\/es\/wp-json\/wp\/v2\/product_tag?post=8621"}],"curies":[{"name":"wp","href":"https:\/\/api.w.org\/{rel}","templated":true}]}}