{"id":8240,"date":"2025-11-08T07:16:21","date_gmt":"2025-11-08T07:16:21","guid":{"rendered":"https:\/\/www.hyflexpack.com\/?post_type=product&#038;p=8240"},"modified":"2025-11-12T03:31:26","modified_gmt":"2025-11-12T03:31:26","slug":"custom-fruit-packaging-bag-wholesale","status":"publish","type":"product","link":"https:\/\/www.hyflexpack.com\/es\/product\/custom-fruit-packaging-bag-wholesale\/","title":{"rendered":"Fabricante de Bolsas de Pl\u00e1stico Laminadas para Fruta, Bolsas de Pl\u00e1stico al por mayor para Uvas y Productos Frescos"},"content":{"rendered":"<div class=\"wp-block-columns is-layout-flex wp-container-core-columns-is-layout-9d6595d7 wp-block-columns-is-layout-flex\">\n<div class=\"wp-block-column is-layout-flow wp-block-column-is-layout-flow\">\n<h2 class=\"wp-block-heading\">Bolsa personalizada para envasado de fruta Caracter\u00edsticas:<\/h2>\n\n\n\n<ul class=\"wp-block-list\">\n<li><strong>Su marca, su dise\u00f1o:<\/strong> Nuestra bolsa personalizada para envasado de fruta es totalmente personalizable en tama\u00f1o, grosor, color e impresi\u00f3n del logotipo para ayudar a que su marca destaque en los mercados minoristas y de exportaci\u00f3n.<\/li>\n\n\n\n<li><strong>Rendimiento ventilado y transpirable:<\/strong> En cada bolsa de pl\u00e1stico al por mayor para uvas y productos frescos hay perforados orificios de ventilaci\u00f3n precisos que permiten la circulaci\u00f3n del aire en el interior para ayudar a que las frutas se mantengan frescas y evitar la acumulaci\u00f3n excesiva de humedad al almacenarlas y transportarlas.<\/li>\n\n\n\n<li><strong>Material duradero y transparente: <\/strong>La bolsa para envasado de fruta a medida est\u00e1 fabricada con film LDPE\/PP\/PE de alta calidad, que garantiza una excelente resistencia a la tracci\u00f3n e imperecedero, con transparencia para una protecci\u00f3n y exposici\u00f3n de primera calidad de los productos frescos.<\/li>\n\n\n\n<li><strong>F\u00e1cil de transportar y c\u00f3modo:<\/strong> La bolsa de pl\u00e1stico al por mayor para uvas\/productos frescos, con asas troqueladas, es ligera y, por lo tanto, f\u00e1cilmente transportable, por lo que resulta muy adecuada para los estantes de los supermercados o los expositores de los mercados agr\u00edcolas.<\/li>\n\n\n\n<li><strong>Opciones de materiales ecol\u00f3gicos:<\/strong> Ofrecemos opciones de film reciclable o biodegradable para ayudar a su empresa a alcanzar sus objetivos de envasado sostenible sin sacrificar ning\u00fan nivel de rendimiento.<\/li>\n\n\n\n<li><strong>OEM\/ODM y pedidos a granel disponibles:<\/strong> Perfecto para explotaciones frut\u00edcolas, supermercados y exportadores, disponemos de envases personalizados directos de f\u00e1brica con soporte OEM completo, entrega r\u00e1pida y precios al por mayor competitivos.<\/li>\n<\/ul>\n<\/div>\n\n\n\n<div class=\"wp-block-column is-layout-flow wp-block-column-is-layout-flow\">\n<figure class=\"wp-block-image size-full\"><img fetchpriority=\"high\" decoding=\"async\" width=\"750\" height=\"750\" src=\"https:\/\/www.hyflexpack.com\/wp-content\/uploads\/2025\/10\/Customized-Fruit-Packaging-Bag-1.webp\" alt=\"Bolsas personalizadas para envasar fruta\" class=\"wp-image-8194\" srcset=\"https:\/\/www.hyflexpack.com\/wp-content\/uploads\/2025\/10\/Customized-Fruit-Packaging-Bag-1.webp 750w, https:\/\/www.hyflexpack.com\/wp-content\/uploads\/2025\/10\/Customized-Fruit-Packaging-Bag-1-300x300.webp 300w, https:\/\/www.hyflexpack.com\/wp-content\/uploads\/2025\/10\/Customized-Fruit-Packaging-Bag-1-150x150.webp 150w, https:\/\/www.hyflexpack.com\/wp-content\/uploads\/2025\/10\/Customized-Fruit-Packaging-Bag-1-12x12.webp 12w, https:\/\/www.hyflexpack.com\/wp-content\/uploads\/2025\/10\/Customized-Fruit-Packaging-Bag-1-285x285.webp 285w, https:\/\/www.hyflexpack.com\/wp-content\/uploads\/2025\/10\/Customized-Fruit-Packaging-Bag-1-270x270.webp 270w, https:\/\/www.hyflexpack.com\/wp-content\/uploads\/2025\/10\/Customized-Fruit-Packaging-Bag-1-540x540.webp 540w, https:\/\/www.hyflexpack.com\/wp-content\/uploads\/2025\/10\/Customized-Fruit-Packaging-Bag-1-660x660.webp 660w\" sizes=\"(max-width: 750px) 100vw, 750px\" \/><\/figure>\n<\/div>\n<\/div>\n\n\n\n<p><\/p>","protected":false},"excerpt":{"rendered":"<p>Nuestra bolsa personalizada para envasado de fruta es perfecta para uvas, cerezas y tomates. Fabricada en LDPE\/PP duradero con orificios de ventilaci\u00f3n para mayor frescura. Apoye la bolsa pl\u00e1stica al por mayor para las uvas y el producto fresco, OEM\/ODM, impresi\u00f3n del logotipo. <strong data-start=\"244\" data-end=\"304\">Obtenga dise\u00f1o y muestras gratis, precio de f\u00e1brica: \u00a1cont\u00e1ctenos ahora!<\/strong><\/p>\n<h3>Proveedor de bolsas personalizadas para envasado de frutas Ventajas\uff1a<\/h3>\n<ul>\n<li><strong>Dise\u00f1o personalizado<\/strong>: Ofrecemos un servicio personalizado de bolsas para envasado de fruta, incluyendo el material, el tama\u00f1o y la personalizaci\u00f3n del patr\u00f3n de impresi\u00f3n para satisfacer las necesidades de marca de los clientes, apoyando OEM y ODM.<\/li>\n<li><strong>Fabricaci\u00f3n<\/strong>: Con equipos y tecnolog\u00eda avanzados, somos capaces de completar la producci\u00f3n de la orden con alta eficiencia y alta calidad, y puede entregar a tiempo.<\/li>\n<li><strong>Control de calidad<\/strong>: Seguir estrictamente las normas de calidad y los requisitos de seguridad alimentaria para la producci\u00f3n, a trav\u00e9s de algunas certificaciones internacionales de calidad, para garantizar una calidad fiable, para que los clientes pueden estar seguros.<\/li>\n<li><strong>Servicios de consultor\u00eda de calidad<\/strong>: Proporcionar servicios profesionales de consultor\u00eda sobre productos y mercados para ayudar a los clientes a elegir las soluciones de envasado m\u00e1s adecuadas. Perfecto sistema de servicio postventa, resuelve r\u00e1pidamente cualquier problema e inquietud de los clientes.<\/li>\n<li><strong>Muestra gratuita<\/strong>: Proporcionamos un servicio de muestras gratuitas para que pueda evaluar los productos.<\/li>\n<\/ul>\n<p><strong>Envasado Huiyang<\/strong> se compromete a proporcionar a los clientes bolsas de envasado de fruta personalizadas de alta calidad para ayudarles a mejorar la imagen de sus productos y su competitividad en el mercado.<\/p>","protected":false},"featured_media":8172,"comment_status":"closed","ping_status":"closed","template":"","meta":[],"product_brand":[],"product_cat":[106,51],"product_tag":[],"class_list":{"0":"post-8240","1":"product","2":"type-product","3":"status-publish","4":"has-post-thumbnail","6":"product_cat-vegetable-packaging-bags-wholesale","7":"product_cat-custom-food-packaging-bags","9":"first","10":"instock","11":"shipping-taxable","12":"product-type-simple"},"_links":{"self":[{"href":"https:\/\/www.hyflexpack.com\/es\/wp-json\/wp\/v2\/product\/8240","targetHints":{"allow":["GET"]}}],"collection":[{"href":"https:\/\/www.hyflexpack.com\/es\/wp-json\/wp\/v2\/product"}],"about":[{"href":"https:\/\/www.hyflexpack.com\/es\/wp-json\/wp\/v2\/types\/product"}],"replies":[{"embeddable":true,"href":"https:\/\/www.hyflexpack.com\/es\/wp-json\/wp\/v2\/comments?post=8240"}],"wp:featuredmedia":[{"embeddable":true,"href":"https:\/\/www.hyflexpack.com\/es\/wp-json\/wp\/v2\/media\/8172"}],"wp:attachment":[{"href":"https:\/\/www.hyflexpack.com\/es\/wp-json\/wp\/v2\/media?parent=8240"}],"wp:term":[{"taxonomy":"product_brand","embeddable":true,"href":"https:\/\/www.hyflexpack.com\/es\/wp-json\/wp\/v2\/product_brand?post=8240"},{"taxonomy":"product_cat","embeddable":true,"href":"https:\/\/www.hyflexpack.com\/es\/wp-json\/wp\/v2\/product_cat?post=8240"},{"taxonomy":"product_tag","embeddable":true,"href":"https:\/\/www.hyflexpack.com\/es\/wp-json\/wp\/v2\/product_tag?post=8240"}],"curies":[{"name":"wp","href":"https:\/\/api.w.org\/{rel}","templated":true}]}}