{"id":7791,"date":"2026-04-30T08:08:05","date_gmt":"2026-04-30T08:08:05","guid":{"rendered":"https:\/\/www.hyflexpack.com\/?post_type=product&#038;p=7791"},"modified":"2026-04-30T08:08:09","modified_gmt":"2026-04-30T08:08:09","slug":"wholesale-stand-up-coffee-bags-supplier","status":"publish","type":"product","link":"https:\/\/www.hyflexpack.com\/es\/product\/wholesale-stand-up-coffee-bags-supplier\/","title":{"rendered":"Wholesale Stand Up Coffee Bags with Valve &amp; Zipper Custom Coffee Packaging Supplier"},"content":{"rendered":"<div class=\"wp-block-columns is-layout-flex wp-container-core-columns-is-layout-9d6595d7 wp-block-columns-is-layout-flex\">\n<div class=\"wp-block-column is-layout-flow wp-block-column-is-layout-flow\">\n<h2 class=\"wp-block-heading\">Wholesale Stand Up Coffee Bags Features<\/h2>\n\n\n\n<ul class=\"wp-block-list\">\n<li>Customizable \u2013 Personalized Wholesale Stand Up Coffee Bags with Valve and Zipper for your brand logo.<\/li>\n\n\n\n<li>High Barrier \u2013 Protects coffee from moisture, oxygen, and light.<\/li>\n\n\n\n<li>Built-in Valve \u2013 One-way degassing valve keeps beans fresh.<\/li>\n\n\n\n<li>Resealable Zipper \u2013 Easy to open and close for repeated use.<\/li>\n\n\n\n<li>Multiple Sizes \u2013 From 50g to 5kg for bulk orders.<\/li>\n<\/ul>\n<\/div>\n\n\n\n<div class=\"wp-block-column is-layout-flow wp-block-column-is-layout-flow\">\n<figure class=\"wp-block-image size-full\"><img fetchpriority=\"high\" decoding=\"async\" width=\"720\" height=\"720\" src=\"https:\/\/www.hyflexpack.com\/wp-content\/uploads\/2025\/09\/Wholesale-Stand-Up-Coffee-Bags-with-Valve-and-Zipper-2.webp\" alt=\"Wholesale Stand Up Coffee Bags with Valve and Zipper\" class=\"wp-image-7786\" srcset=\"https:\/\/www.hyflexpack.com\/wp-content\/uploads\/2025\/09\/Wholesale-Stand-Up-Coffee-Bags-with-Valve-and-Zipper-2.webp 720w, https:\/\/www.hyflexpack.com\/wp-content\/uploads\/2025\/09\/Wholesale-Stand-Up-Coffee-Bags-with-Valve-and-Zipper-2-300x300.webp 300w, https:\/\/www.hyflexpack.com\/wp-content\/uploads\/2025\/09\/Wholesale-Stand-Up-Coffee-Bags-with-Valve-and-Zipper-2-150x150.webp 150w, https:\/\/www.hyflexpack.com\/wp-content\/uploads\/2025\/09\/Wholesale-Stand-Up-Coffee-Bags-with-Valve-and-Zipper-2-12x12.webp 12w, https:\/\/www.hyflexpack.com\/wp-content\/uploads\/2025\/09\/Wholesale-Stand-Up-Coffee-Bags-with-Valve-and-Zipper-2-285x285.webp 285w, https:\/\/www.hyflexpack.com\/wp-content\/uploads\/2025\/09\/Wholesale-Stand-Up-Coffee-Bags-with-Valve-and-Zipper-2-270x270.webp 270w, https:\/\/www.hyflexpack.com\/wp-content\/uploads\/2025\/09\/Wholesale-Stand-Up-Coffee-Bags-with-Valve-and-Zipper-2-540x540.webp 540w, https:\/\/www.hyflexpack.com\/wp-content\/uploads\/2025\/09\/Wholesale-Stand-Up-Coffee-Bags-with-Valve-and-Zipper-2-660x660.webp 660w\" sizes=\"(max-width: 720px) 100vw, 720px\" \/><\/figure>\n<\/div>\n<\/div>\n\n\n\n<div class=\"wp-block-columns is-layout-flex wp-container-core-columns-is-layout-9d6595d7 wp-block-columns-is-layout-flex\">\n<div class=\"wp-block-column is-layout-flow wp-block-column-is-layout-flow\">\n<figure class=\"wp-block-image size-full\"><img decoding=\"async\" width=\"720\" height=\"720\" src=\"https:\/\/www.hyflexpack.com\/wp-content\/uploads\/2025\/09\/Wholesale-Stand-Up-Coffee-Bags-with-Valve-and-Zipper-6.webp\" alt=\"Wholesale Stand Up Coffee Bags with Valve and Zipper\" class=\"wp-image-7790\" srcset=\"https:\/\/www.hyflexpack.com\/wp-content\/uploads\/2025\/09\/Wholesale-Stand-Up-Coffee-Bags-with-Valve-and-Zipper-6.webp 720w, https:\/\/www.hyflexpack.com\/wp-content\/uploads\/2025\/09\/Wholesale-Stand-Up-Coffee-Bags-with-Valve-and-Zipper-6-300x300.webp 300w, https:\/\/www.hyflexpack.com\/wp-content\/uploads\/2025\/09\/Wholesale-Stand-Up-Coffee-Bags-with-Valve-and-Zipper-6-150x150.webp 150w, https:\/\/www.hyflexpack.com\/wp-content\/uploads\/2025\/09\/Wholesale-Stand-Up-Coffee-Bags-with-Valve-and-Zipper-6-12x12.webp 12w, https:\/\/www.hyflexpack.com\/wp-content\/uploads\/2025\/09\/Wholesale-Stand-Up-Coffee-Bags-with-Valve-and-Zipper-6-285x285.webp 285w, https:\/\/www.hyflexpack.com\/wp-content\/uploads\/2025\/09\/Wholesale-Stand-Up-Coffee-Bags-with-Valve-and-Zipper-6-270x270.webp 270w, https:\/\/www.hyflexpack.com\/wp-content\/uploads\/2025\/09\/Wholesale-Stand-Up-Coffee-Bags-with-Valve-and-Zipper-6-540x540.webp 540w, https:\/\/www.hyflexpack.com\/wp-content\/uploads\/2025\/09\/Wholesale-Stand-Up-Coffee-Bags-with-Valve-and-Zipper-6-660x660.webp 660w\" sizes=\"(max-width: 720px) 100vw, 720px\" \/><\/figure>\n<\/div>\n\n\n\n<div class=\"wp-block-column is-layout-flow wp-block-column-is-layout-flow\">\n<figure class=\"wp-block-image size-full\"><img decoding=\"async\" width=\"720\" height=\"720\" src=\"https:\/\/www.hyflexpack.com\/wp-content\/uploads\/2025\/09\/Wholesale-Stand-Up-Coffee-Bags-with-Valve-and-Zipper-1.webp\" alt=\"Wholesale Stand Up Coffee Bags with Valve and Zipper\" class=\"wp-image-7785\" srcset=\"https:\/\/www.hyflexpack.com\/wp-content\/uploads\/2025\/09\/Wholesale-Stand-Up-Coffee-Bags-with-Valve-and-Zipper-1.webp 720w, https:\/\/www.hyflexpack.com\/wp-content\/uploads\/2025\/09\/Wholesale-Stand-Up-Coffee-Bags-with-Valve-and-Zipper-1-300x300.webp 300w, https:\/\/www.hyflexpack.com\/wp-content\/uploads\/2025\/09\/Wholesale-Stand-Up-Coffee-Bags-with-Valve-and-Zipper-1-150x150.webp 150w, https:\/\/www.hyflexpack.com\/wp-content\/uploads\/2025\/09\/Wholesale-Stand-Up-Coffee-Bags-with-Valve-and-Zipper-1-12x12.webp 12w, https:\/\/www.hyflexpack.com\/wp-content\/uploads\/2025\/09\/Wholesale-Stand-Up-Coffee-Bags-with-Valve-and-Zipper-1-285x285.webp 285w, https:\/\/www.hyflexpack.com\/wp-content\/uploads\/2025\/09\/Wholesale-Stand-Up-Coffee-Bags-with-Valve-and-Zipper-1-270x270.webp 270w, https:\/\/www.hyflexpack.com\/wp-content\/uploads\/2025\/09\/Wholesale-Stand-Up-Coffee-Bags-with-Valve-and-Zipper-1-540x540.webp 540w, https:\/\/www.hyflexpack.com\/wp-content\/uploads\/2025\/09\/Wholesale-Stand-Up-Coffee-Bags-with-Valve-and-Zipper-1-660x660.webp 660w\" sizes=\"(max-width: 720px) 100vw, 720px\" \/><\/figure>\n<\/div>\n<\/div>","protected":false},"excerpt":{"rendered":"<p>Order Wholesale Stand Up Coffee Bags with Valve and Zipper. High barrier laminated pouches, custom printed with your logo. OEM coffee packaging supplier with low MOQ.Contact us today for a quote. We are committed to providing one-stop, environmentally friendly, and high-quality packaging solutions.<\/p>\n<h2>Advantages of Stand Up Coffee Bags Supplier<\/h2>\n<ul>\n<li><strong>Dise\u00f1o personalizado:<\/strong>\u00a0Ofrecemos servicios personalizados de bolsas de embalaje, incluyendo la personalizaci\u00f3n del material, el tama\u00f1o y el patr\u00f3n de impresi\u00f3n para satisfacer las necesidades del cliente, y apoyamos OEM y ODM.<\/li>\n<li><strong>Fabricaci\u00f3n:<\/strong>\u00a0Con equipos y tecnolog\u00eda avanzados, podemos completar la producci\u00f3n de pedidos con eficacia y alta calidad, y entregarlos a tiempo.<\/li>\n<li><strong>Inspecci\u00f3n de calidad:<\/strong>\u00a0La producci\u00f3n se lleva a cabo siguiendo estrictamente las normas de calidad y los requisitos de seguridad alimentaria para garantizar que los productos cumplen las normas.<\/li>\n<li><strong>Atenci\u00f3n al cliente:<\/strong>\u00a0Ofrezca una respuesta r\u00e1pida y un servicio de atenci\u00f3n al cliente atento las 24 horas del d\u00eda.<\/li>\n<li><strong>Muestra gratis:<\/strong>\u00a0Proporcionamos muestras gratuitas para que pueda evaluar el producto.<\/li>\n<\/ul>\n<p>Huiyang Packaging is committed to providing customers with high-quality custom and wholesale stand up coffee bags, helping customers improve their product image and enhance their market competitiveness.<\/p>","protected":false},"featured_media":7786,"comment_status":"open","ping_status":"closed","template":"","meta":[],"product_brand":[],"product_cat":[55],"product_tag":[116,124],"class_list":{"0":"post-7791","1":"product","2":"type-product","3":"status-publish","4":"has-post-thumbnail","6":"product_cat-custom-coffee-packaging","7":"product_tag-stand-up-pouch-manufacturer","8":"product_tag-zipper-pouch-manufacturer","10":"first","11":"instock","12":"shipping-taxable","13":"product-type-simple"},"_links":{"self":[{"href":"https:\/\/www.hyflexpack.com\/es\/wp-json\/wp\/v2\/product\/7791","targetHints":{"allow":["GET"]}}],"collection":[{"href":"https:\/\/www.hyflexpack.com\/es\/wp-json\/wp\/v2\/product"}],"about":[{"href":"https:\/\/www.hyflexpack.com\/es\/wp-json\/wp\/v2\/types\/product"}],"replies":[{"embeddable":true,"href":"https:\/\/www.hyflexpack.com\/es\/wp-json\/wp\/v2\/comments?post=7791"}],"wp:featuredmedia":[{"embeddable":true,"href":"https:\/\/www.hyflexpack.com\/es\/wp-json\/wp\/v2\/media\/7786"}],"wp:attachment":[{"href":"https:\/\/www.hyflexpack.com\/es\/wp-json\/wp\/v2\/media?parent=7791"}],"wp:term":[{"taxonomy":"product_brand","embeddable":true,"href":"https:\/\/www.hyflexpack.com\/es\/wp-json\/wp\/v2\/product_brand?post=7791"},{"taxonomy":"product_cat","embeddable":true,"href":"https:\/\/www.hyflexpack.com\/es\/wp-json\/wp\/v2\/product_cat?post=7791"},{"taxonomy":"product_tag","embeddable":true,"href":"https:\/\/www.hyflexpack.com\/es\/wp-json\/wp\/v2\/product_tag?post=7791"}],"curies":[{"name":"wp","href":"https:\/\/api.w.org\/{rel}","templated":true}]}}