{"id":7647,"date":"2025-08-29T08:14:00","date_gmt":"2025-08-29T08:14:00","guid":{"rendered":"https:\/\/www.hyflexpack.com\/?post_type=product&#038;p=7647"},"modified":"2026-01-03T09:57:22","modified_gmt":"2026-01-03T09:57:22","slug":"wholesale-juice-pouches-factory-supply","status":"publish","type":"product","link":"https:\/\/www.hyflexpack.com\/es\/product\/wholesale-juice-pouches-factory-supply\/","title":{"rendered":"Venta al por mayor bolsas de zumo Suministro de la f\u00e1brica de bolsa de ca\u00f1o de envasado de papel de aluminio laminado para la industria de bebidas"},"content":{"rendered":"<div class=\"wp-block-columns is-layout-flex wp-container-core-columns-is-layout-9d6595d7 wp-block-columns-is-layout-flex\">\n<div class=\"wp-block-column is-layout-flow wp-block-column-is-layout-flow\">\n<h2 class=\"wp-block-heading\">Bolsas de zumo al por mayor Caracter\u00edsticas:<\/h2>\n\n\n\n<p><\/p>\n\n\n\n<ul class=\"wp-block-list\">\n<li><strong>Ventaja de suministro directo de f\u00e1brica: <\/strong>Permite comprar a granel, lo que beneficia a los fabricantes y distribuidores de zumos al reducir eficazmente los costes y mejorar la eficacia de las compras.<\/li>\n\n\n\n<li><strong>Construcci\u00f3n de papel de aluminio de alta barrera<\/strong>: La construcci\u00f3n de papel de aluminio laminado evita eficazmente las fugas, protege contra los rayos UV y el ox\u00edgeno, garantizando la frescura de las bebidas y mejorando la vida \u00fatil.<\/li>\n\n\n\n<li><strong>Multitud de opciones de personalizaci\u00f3n<\/strong>: Ajustes a medida del tama\u00f1o de la bolsa, la forma, la colocaci\u00f3n de la boquilla y los gr\u00e1ficos de impresi\u00f3n para adaptarse a las distintas necesidades de envasado de zumos.<\/li>\n\n\n\n<li><strong>Construcci\u00f3n robusta y port\u00e1til:<\/strong> Construcci\u00f3n duradera pero ligera, ideal para bebidas listas para tomar y para llevar.<\/li>\n\n\n\n<li><strong>Confianza mayorista y valor de marca:<\/strong> De confianza para mayoristas y procesadores de bebidas como la opci\u00f3n preferida a largo plazo para el suministro garantizado de bolsas de zumo al por mayor.<\/li>\n\n\n\n<li><strong>Estabilidad del fondo plano<\/strong>: El dise\u00f1o de fondo plano evita vuelcos, realza la belleza del estante y facilita el apilamiento y el env\u00edo.<\/li>\n\n\n\n<li><strong>Ahorro de costes ecol\u00f3gico<\/strong>: La elecci\u00f3n de materiales respetuosos con el medio ambiente posibilita soluciones de envasado rentables, lo que permite a los clientes alcanzar la protecci\u00f3n del medio ambiente y la rentabilidad.<\/li>\n\n\n\n<li><strong>Garant\u00eda del fabricante<\/strong>: Producido por un experimentado fabricante de bolsas de ca\u00f1o, con una calidad constante garantizada seg\u00fan las normas de exportaci\u00f3n mundiales.<\/li>\n<\/ul>\n<\/div>\n\n\n\n<div class=\"wp-block-column is-layout-flow wp-block-column-is-layout-flow\">\n<figure class=\"wp-block-image size-full\"><img fetchpriority=\"high\" decoding=\"async\" width=\"750\" height=\"750\" src=\"https:\/\/www.hyflexpack.com\/wp-content\/uploads\/2025\/09\/Wholesale-Juice-Pouches-Factory-2.webp\" alt=\"F\u00e1brica de bolsas de zumo al por mayor (2)\" class=\"wp-image-7666\" srcset=\"https:\/\/www.hyflexpack.com\/wp-content\/uploads\/2025\/09\/Wholesale-Juice-Pouches-Factory-2.webp 750w, https:\/\/www.hyflexpack.com\/wp-content\/uploads\/2025\/09\/Wholesale-Juice-Pouches-Factory-2-300x300.webp 300w, https:\/\/www.hyflexpack.com\/wp-content\/uploads\/2025\/09\/Wholesale-Juice-Pouches-Factory-2-150x150.webp 150w, https:\/\/www.hyflexpack.com\/wp-content\/uploads\/2025\/09\/Wholesale-Juice-Pouches-Factory-2-12x12.webp 12w, https:\/\/www.hyflexpack.com\/wp-content\/uploads\/2025\/09\/Wholesale-Juice-Pouches-Factory-2-285x285.webp 285w, https:\/\/www.hyflexpack.com\/wp-content\/uploads\/2025\/09\/Wholesale-Juice-Pouches-Factory-2-270x270.webp 270w, https:\/\/www.hyflexpack.com\/wp-content\/uploads\/2025\/09\/Wholesale-Juice-Pouches-Factory-2-540x540.webp 540w, https:\/\/www.hyflexpack.com\/wp-content\/uploads\/2025\/09\/Wholesale-Juice-Pouches-Factory-2-660x660.webp 660w\" sizes=\"(max-width: 750px) 100vw, 750px\" \/><\/figure>\n<\/div>\n<\/div>\n\n\n\n<div class=\"wp-block-columns is-layout-flex wp-container-core-columns-is-layout-9d6595d7 wp-block-columns-is-layout-flex\">\n<div class=\"wp-block-column is-layout-flow wp-block-column-is-layout-flow\">\n<figure class=\"wp-block-image size-full\"><img decoding=\"async\" width=\"750\" height=\"750\" src=\"https:\/\/www.hyflexpack.com\/wp-content\/uploads\/2025\/09\/Wholesale-Juice-Pouches-Factory-4.webp\" alt=\"F\u00e1brica de bolsas de zumo al por mayor (4)\" class=\"wp-image-7668\" srcset=\"https:\/\/www.hyflexpack.com\/wp-content\/uploads\/2025\/09\/Wholesale-Juice-Pouches-Factory-4.webp 750w, https:\/\/www.hyflexpack.com\/wp-content\/uploads\/2025\/09\/Wholesale-Juice-Pouches-Factory-4-300x300.webp 300w, https:\/\/www.hyflexpack.com\/wp-content\/uploads\/2025\/09\/Wholesale-Juice-Pouches-Factory-4-150x150.webp 150w, https:\/\/www.hyflexpack.com\/wp-content\/uploads\/2025\/09\/Wholesale-Juice-Pouches-Factory-4-12x12.webp 12w, https:\/\/www.hyflexpack.com\/wp-content\/uploads\/2025\/09\/Wholesale-Juice-Pouches-Factory-4-285x285.webp 285w, https:\/\/www.hyflexpack.com\/wp-content\/uploads\/2025\/09\/Wholesale-Juice-Pouches-Factory-4-270x270.webp 270w, https:\/\/www.hyflexpack.com\/wp-content\/uploads\/2025\/09\/Wholesale-Juice-Pouches-Factory-4-540x540.webp 540w, https:\/\/www.hyflexpack.com\/wp-content\/uploads\/2025\/09\/Wholesale-Juice-Pouches-Factory-4-660x660.webp 660w\" sizes=\"(max-width: 750px) 100vw, 750px\" \/><\/figure>\n<\/div>\n\n\n\n<div class=\"wp-block-column is-layout-flow wp-block-column-is-layout-flow\">\n<figure class=\"wp-block-image size-full\"><img decoding=\"async\" width=\"750\" height=\"750\" src=\"https:\/\/www.hyflexpack.com\/wp-content\/uploads\/2025\/09\/Wholesale-Juice-Pouches-Factory-Supply-Spout-Bag-1.webp\" alt=\"Mayorista Bolsas de zumo Bolsa de ca\u00f1o de suministro de f\u00e1brica (1)\" class=\"wp-image-7669\" srcset=\"https:\/\/www.hyflexpack.com\/wp-content\/uploads\/2025\/09\/Wholesale-Juice-Pouches-Factory-Supply-Spout-Bag-1.webp 750w, https:\/\/www.hyflexpack.com\/wp-content\/uploads\/2025\/09\/Wholesale-Juice-Pouches-Factory-Supply-Spout-Bag-1-300x300.webp 300w, https:\/\/www.hyflexpack.com\/wp-content\/uploads\/2025\/09\/Wholesale-Juice-Pouches-Factory-Supply-Spout-Bag-1-150x150.webp 150w, https:\/\/www.hyflexpack.com\/wp-content\/uploads\/2025\/09\/Wholesale-Juice-Pouches-Factory-Supply-Spout-Bag-1-12x12.webp 12w, https:\/\/www.hyflexpack.com\/wp-content\/uploads\/2025\/09\/Wholesale-Juice-Pouches-Factory-Supply-Spout-Bag-1-285x285.webp 285w, https:\/\/www.hyflexpack.com\/wp-content\/uploads\/2025\/09\/Wholesale-Juice-Pouches-Factory-Supply-Spout-Bag-1-270x270.webp 270w, https:\/\/www.hyflexpack.com\/wp-content\/uploads\/2025\/09\/Wholesale-Juice-Pouches-Factory-Supply-Spout-Bag-1-540x540.webp 540w, https:\/\/www.hyflexpack.com\/wp-content\/uploads\/2025\/09\/Wholesale-Juice-Pouches-Factory-Supply-Spout-Bag-1-660x660.webp 660w\" sizes=\"(max-width: 750px) 100vw, 750px\" \/><\/figure>\n<\/div>\n<\/div>\n\n\n\n<p><\/p>","protected":false},"excerpt":{"rendered":"<p>Bolsas de papel de aluminio laminado para zumo al por mayor, fiables y directas de f\u00e1brica, dise\u00f1adas para la industria de las bebidas. Resistentes, personalizables y respetuosas con el medio ambiente, suministradas por un fabricante de bolsas para zumos de confianza con opciones de pedido al por mayor. P\u00f3ngase en contacto con nosotros hoy mismo.<\/p>\n<h3>Ventajas de la f\u00e1brica de bolsas de zumo<\/h3>\n<ul>\n<li><strong>Dise\u00f1o personalizado<\/strong>: Ofrecemos servicios de dise\u00f1o personalizado de bolsas de zumo, incluyendo el material, el tama\u00f1o y la personalizaci\u00f3n del patr\u00f3n de impresi\u00f3n para satisfacer las necesidades de los clientes, apoyando tanto OEM y ODM.<\/li>\n<li><strong>Entrega r\u00e1pida<\/strong>: Un proceso de producci\u00f3n y un sistema de gesti\u00f3n de la cadena de suministro eficientes pueden responder r\u00e1pidamente a los pedidos de los clientes y garantizar la puntualidad de las entregas.<\/li>\n<li><strong>Inspecci\u00f3n de calidad<\/strong>: Siga estrictamente las normas de calidad y los requisitos de seguridad alimentaria para garantizar que los productos cumplen las normas.<\/li>\n<li><strong>Equipo de asistencia t\u00e9cnica<\/strong>: Nuestro equipo cuenta con una gran experiencia en el sector y conocimientos profesionales, y puede proporcionar asistencia t\u00e9cnica y servicios de consultor\u00eda a los clientes las 24 horas del d\u00eda.<\/li>\n<li><strong>Muestra gratuita<\/strong>: Proporcionamos un servicio de muestras gratuitas para que pueda evaluar los productos.<\/li>\n<li><strong class=\"skrollable skrollable-between\" data-start=\"760\" data-end=\"772\">MOQ bajo:<\/strong>\u00a0Admitimos cantidades m\u00ednimas de pedido reducidas, lo que ayuda a los clientes a iniciar sus proyectos con flexibilidad y reducir la presi\u00f3n del inventario.<\/li>\n<li><strong class=\"skrollable skrollable-between\" data-start=\"895\" data-end=\"917\">Precio competitivo:<\/strong>\u00a0Con una capacidad de producci\u00f3n a gran escala y una gesti\u00f3n rentable, ofrecemos precios competitivos sin comprometer la calidad del producto.<\/li>\n<\/ul>\n<p><a href=\"https:\/\/www.hyflexpack.com\/es\/\"><strong>Envasado Huiyang<\/strong><\/a> se compromete a proporcionar a los clientes bolsas de zumo de alta calidad al por mayor para ayudarles a mejorar la imagen de sus productos y aumentar su competitividad en el mercado.<\/p>","protected":false},"featured_media":7666,"comment_status":"open","ping_status":"closed","template":"","meta":[],"product_brand":[],"product_cat":[103],"product_tag":[115],"class_list":{"0":"post-7647","1":"product","2":"type-product","3":"status-publish","4":"has-post-thumbnail","6":"product_cat-beverage-packaging-bags-supplier","7":"product_tag-spout-pouch-manufacturer","9":"first","10":"instock","11":"shipping-taxable","12":"product-type-simple"},"_links":{"self":[{"href":"https:\/\/www.hyflexpack.com\/es\/wp-json\/wp\/v2\/product\/7647","targetHints":{"allow":["GET"]}}],"collection":[{"href":"https:\/\/www.hyflexpack.com\/es\/wp-json\/wp\/v2\/product"}],"about":[{"href":"https:\/\/www.hyflexpack.com\/es\/wp-json\/wp\/v2\/types\/product"}],"replies":[{"embeddable":true,"href":"https:\/\/www.hyflexpack.com\/es\/wp-json\/wp\/v2\/comments?post=7647"}],"wp:featuredmedia":[{"embeddable":true,"href":"https:\/\/www.hyflexpack.com\/es\/wp-json\/wp\/v2\/media\/7666"}],"wp:attachment":[{"href":"https:\/\/www.hyflexpack.com\/es\/wp-json\/wp\/v2\/media?parent=7647"}],"wp:term":[{"taxonomy":"product_brand","embeddable":true,"href":"https:\/\/www.hyflexpack.com\/es\/wp-json\/wp\/v2\/product_brand?post=7647"},{"taxonomy":"product_cat","embeddable":true,"href":"https:\/\/www.hyflexpack.com\/es\/wp-json\/wp\/v2\/product_cat?post=7647"},{"taxonomy":"product_tag","embeddable":true,"href":"https:\/\/www.hyflexpack.com\/es\/wp-json\/wp\/v2\/product_tag?post=7647"}],"curies":[{"name":"wp","href":"https:\/\/api.w.org\/{rel}","templated":true}]}}