{"id":7626,"date":"2025-08-28T04:00:37","date_gmt":"2025-08-28T04:00:37","guid":{"rendered":"https:\/\/www.hyflexpack.com\/?post_type=product&#038;p=7626"},"modified":"2026-01-03T09:59:32","modified_gmt":"2026-01-03T09:59:32","slug":"eco-friendly-bread-packaging-supplier","status":"publish","type":"product","link":"https:\/\/www.hyflexpack.com\/es\/product\/eco-friendly-bread-packaging-supplier\/","title":{"rendered":"Bolsas a granel ecol\u00f3gicas con cremallera para el envasado de pan y boller\u00eda"},"content":{"rendered":"<div class=\"wp-block-columns is-layout-flex wp-container-core-columns-is-layout-9d6595d7 wp-block-columns-is-layout-flex\">\n<div class=\"wp-block-column is-layout-flow wp-block-column-is-layout-flow\">\n<h2 class=\"wp-block-heading\">Features of Bulk Custom Eco-friendly Bread Packaging<\/h2>\n\n\n\n<ul class=\"wp-block-list\">\n<li>Sustainable Material Choice \u2013 Produced with eco-friendly biodegradable films, safe for direct food contact and aligned with global green packaging trends.<\/li>\n\n\n\n<li>Personalized Customization \u2013 Flexible bulk custom options for logo design, dimensions, and material finishes to fit diverse bakery product lines.<\/li>\n\n\n\n<li>Secure &amp; Reusable Closure \u2013 Zipper seal bags ensure long-lasting freshness and consumer convenience.<\/li>\n\n\n\n<li>Stable &amp; Attractive Display \u2013 Stand up pouch structure enhances shelf presence for bread, cakes, and pastries.<\/li>\n\n\n\n<li>Optimized for B2B Orders \u2013 Engineered for large-volume wholesale supply to bakery chains, distributors, and packaging resellers.<\/li>\n<\/ul>\n<\/div>\n\n\n\n<div class=\"wp-block-column is-layout-flow wp-block-column-is-layout-flow\">\n<figure class=\"wp-block-image size-full\"><img fetchpriority=\"high\" decoding=\"async\" width=\"750\" height=\"750\" src=\"https:\/\/www.hyflexpack.com\/wp-content\/uploads\/2025\/08\/wholesale-custom-high-barrier-bread-bags-5.webp\" alt=\"wholesale custom high barrier bread bags\" class=\"wp-image-7603\" srcset=\"https:\/\/www.hyflexpack.com\/wp-content\/uploads\/2025\/08\/wholesale-custom-high-barrier-bread-bags-5.webp 750w, https:\/\/www.hyflexpack.com\/wp-content\/uploads\/2025\/08\/wholesale-custom-high-barrier-bread-bags-5-300x300.webp 300w, https:\/\/www.hyflexpack.com\/wp-content\/uploads\/2025\/08\/wholesale-custom-high-barrier-bread-bags-5-150x150.webp 150w, https:\/\/www.hyflexpack.com\/wp-content\/uploads\/2025\/08\/wholesale-custom-high-barrier-bread-bags-5-12x12.webp 12w, https:\/\/www.hyflexpack.com\/wp-content\/uploads\/2025\/08\/wholesale-custom-high-barrier-bread-bags-5-285x285.webp 285w, https:\/\/www.hyflexpack.com\/wp-content\/uploads\/2025\/08\/wholesale-custom-high-barrier-bread-bags-5-270x270.webp 270w, https:\/\/www.hyflexpack.com\/wp-content\/uploads\/2025\/08\/wholesale-custom-high-barrier-bread-bags-5-540x540.webp 540w, https:\/\/www.hyflexpack.com\/wp-content\/uploads\/2025\/08\/wholesale-custom-high-barrier-bread-bags-5-660x660.webp 660w\" sizes=\"(max-width: 750px) 100vw, 750px\" \/><\/figure>\n<\/div>\n<\/div>\n\n\n\n<p><\/p>","protected":false},"excerpt":{"rendered":"<p>Bolsas personalizadas al por mayor para envasado de pan con cierre resellable, ideales para panader\u00eda, pasteles peque\u00f1os y boller\u00eda. Dise\u00f1adas para pedidos al por mayor B2B, impresi\u00f3n de logotipos y soluciones de envasado de marca. P\u00f3ngase en contacto con nosotros hoy mismo para solicitar un presupuesto. Estamos comprometidos a proporcionar soluciones de envasado de alta calidad y respetuosas con el medio ambiente. Ventajas de las Bolsas de Embalaje para Pan al por mayor \u25cfDise\u00f1o personalizado: Proporcionamos servicio de bolsas de empaque personalizadas, incluyendo material, tama\u00f1o y personalizaci\u00f3n del patr\u00f3n de impresi\u00f3n para satisfacer las necesidades del cliente, y apoyamos OEM y ODM. \u25cfFabricaci\u00f3n: Con equipos avanzados y tecnolog\u00eda, podemos completar la producci\u00f3n de la orden con alta eficiencia y alta calidad, y puede entregar a tiempo. \u25cfInspecci\u00f3n de calidad: Siga estrictamente las normas de calidad y los requisitos de seguridad alimentaria para la producci\u00f3n, para garantizar que los productos cumplan con las normas. \u25cfServicio al cliente: 24 horas para proporcionar una respuesta r\u00e1pida y un soporte de servicio al cliente considerado. \u25cfFree Sample\uff1a Proporcionar servicio de muestra gratis para que usted pueda evaluar los productos . Huiyang Packaging se compromete a proporcionar a los clientes al por mayor de alta calidad Bolsa de Embalaje de Pan para ayudar a los clientes a mejorar su imagen de producto y mejorar la competitividad del mercado.<\/p>","protected":false},"featured_media":7603,"comment_status":"open","ping_status":"closed","template":"","meta":[],"product_brand":[],"product_cat":[102],"product_tag":[116,124],"class_list":{"0":"post-7626","1":"product","2":"type-product","3":"status-publish","4":"has-post-thumbnail","6":"product_cat-bakery-packaging-bags-wholesale","7":"product_tag-stand-up-pouch-manufacturer","8":"product_tag-zipper-pouch-manufacturer","10":"first","11":"instock","12":"shipping-taxable","13":"product-type-simple"},"_links":{"self":[{"href":"https:\/\/www.hyflexpack.com\/es\/wp-json\/wp\/v2\/product\/7626","targetHints":{"allow":["GET"]}}],"collection":[{"href":"https:\/\/www.hyflexpack.com\/es\/wp-json\/wp\/v2\/product"}],"about":[{"href":"https:\/\/www.hyflexpack.com\/es\/wp-json\/wp\/v2\/types\/product"}],"replies":[{"embeddable":true,"href":"https:\/\/www.hyflexpack.com\/es\/wp-json\/wp\/v2\/comments?post=7626"}],"wp:featuredmedia":[{"embeddable":true,"href":"https:\/\/www.hyflexpack.com\/es\/wp-json\/wp\/v2\/media\/7603"}],"wp:attachment":[{"href":"https:\/\/www.hyflexpack.com\/es\/wp-json\/wp\/v2\/media?parent=7626"}],"wp:term":[{"taxonomy":"product_brand","embeddable":true,"href":"https:\/\/www.hyflexpack.com\/es\/wp-json\/wp\/v2\/product_brand?post=7626"},{"taxonomy":"product_cat","embeddable":true,"href":"https:\/\/www.hyflexpack.com\/es\/wp-json\/wp\/v2\/product_cat?post=7626"},{"taxonomy":"product_tag","embeddable":true,"href":"https:\/\/www.hyflexpack.com\/es\/wp-json\/wp\/v2\/product_tag?post=7626"}],"curies":[{"name":"wp","href":"https:\/\/api.w.org\/{rel}","templated":true}]}}