{"id":7625,"date":"2025-08-28T03:41:37","date_gmt":"2025-08-28T03:41:37","guid":{"rendered":"https:\/\/www.hyflexpack.com\/?post_type=product&#038;p=7625"},"modified":"2026-01-03T10:00:11","modified_gmt":"2026-01-03T10:00:11","slug":"custom-bread-packaging-bags","status":"publish","type":"product","link":"https:\/\/www.hyflexpack.com\/es\/product\/custom-bread-packaging-bags\/","title":{"rendered":"Venta al por mayor de bolsas con cremallera para panader\u00eda y pasteler\u00eda"},"content":{"rendered":"<div class=\"wp-block-columns is-layout-flex wp-container-core-columns-is-layout-9d6595d7 wp-block-columns-is-layout-flex\">\n<div class=\"wp-block-column is-layout-flow wp-block-column-is-layout-flow\">\n<h2 class=\"wp-block-heading\">Caracter\u00edsticas de la bolsa para envasado de pan al por mayor personalizada<\/h2>\n\n\n\n<ul class=\"wp-block-list\">\n<li>Impresi\u00f3n personalizada y opciones de tama\u00f1o: compatibilidad con la impresi\u00f3n de logotipos, tama\u00f1os personalizados a granel y selecci\u00f3n de materiales, ideal para proveedores de envases de panader\u00eda.<\/li>\n\n\n\n<li>Apto para uso alimentario y duradero - Fabricado con film de pl\u00e1stico laminado, proporciona una protecci\u00f3n a prueba de humedad y resistente a los olores para pan y pasteles.<\/li>\n\n\n\n<li>Dise\u00f1o con cremallera resellable - Bolsa con cremallera f\u00e1cil de usar, f\u00e1cil de abrir y volver a cerrar para mantener la frescura.<\/li>\n\n\n\n<li>Expositor listo para la venta: la estructura de bolsa de pie garantiza una exposici\u00f3n estable en tiendas de panader\u00eda.<\/li>\n\n\n\n<li>Suministro mayorista B2B - Dise\u00f1ado para cadenas de panader\u00edas, fabricantes de alimentos y distribuidores, que admite pedidos de gran volumen.<\/li>\n<\/ul>\n<\/div>\n\n\n\n<div class=\"wp-block-column is-layout-flow wp-block-column-is-layout-flow\">\n<figure class=\"wp-block-image size-full\"><img fetchpriority=\"high\" decoding=\"async\" width=\"750\" height=\"750\" src=\"https:\/\/www.hyflexpack.com\/wp-content\/uploads\/2025\/08\/custom-wholesale-bread-packaging-bag-1.webp\" alt=\"Bolsa para envasado de pan al por mayor personalizada \" class=\"wp-image-7595\" srcset=\"https:\/\/www.hyflexpack.com\/wp-content\/uploads\/2025\/08\/custom-wholesale-bread-packaging-bag-1.webp 750w, https:\/\/www.hyflexpack.com\/wp-content\/uploads\/2025\/08\/custom-wholesale-bread-packaging-bag-1-300x300.webp 300w, https:\/\/www.hyflexpack.com\/wp-content\/uploads\/2025\/08\/custom-wholesale-bread-packaging-bag-1-150x150.webp 150w, https:\/\/www.hyflexpack.com\/wp-content\/uploads\/2025\/08\/custom-wholesale-bread-packaging-bag-1-12x12.webp 12w, https:\/\/www.hyflexpack.com\/wp-content\/uploads\/2025\/08\/custom-wholesale-bread-packaging-bag-1-285x285.webp 285w, https:\/\/www.hyflexpack.com\/wp-content\/uploads\/2025\/08\/custom-wholesale-bread-packaging-bag-1-270x270.webp 270w, https:\/\/www.hyflexpack.com\/wp-content\/uploads\/2025\/08\/custom-wholesale-bread-packaging-bag-1-540x540.webp 540w, https:\/\/www.hyflexpack.com\/wp-content\/uploads\/2025\/08\/custom-wholesale-bread-packaging-bag-1-660x660.webp 660w\" sizes=\"(max-width: 750px) 100vw, 750px\" \/><\/figure>\n<\/div>\n<\/div>","protected":false},"excerpt":{"rendered":"<p>Bolsas personalizadas al por mayor para envasado de pan con cierre resellable, ideales para panader\u00eda, pasteles peque\u00f1os y boller\u00eda. Dise\u00f1adas para pedidos al por mayor B2B, impresi\u00f3n de logotipos y soluciones de envasado de marca. P\u00f3ngase en contacto con nosotros hoy mismo para solicitar un presupuesto. Estamos comprometidos a proporcionar soluciones de envasado de alta calidad y respetuosas con el medio ambiente. Ventajas de las Bolsas de Embalaje para Pan al por mayor \u25cfDise\u00f1o personalizado: Proporcionamos servicio de bolsas de empaque personalizadas, incluyendo material, tama\u00f1o y personalizaci\u00f3n del patr\u00f3n de impresi\u00f3n para satisfacer las necesidades del cliente, y apoyamos OEM y ODM. \u25cfFabricaci\u00f3n: Con equipos avanzados y tecnolog\u00eda, podemos completar la producci\u00f3n de la orden con alta eficiencia y alta calidad, y puede entregar a tiempo. \u25cfInspecci\u00f3n de calidad: Siga estrictamente las normas de calidad y los requisitos de seguridad alimentaria para la producci\u00f3n, para garantizar que los productos cumplan con las normas. \u25cfServicio al cliente: 24 horas para proporcionar una respuesta r\u00e1pida y un soporte de servicio al cliente considerado. \u25cfFree Sample\uff1a Proporcionar servicio de muestra gratis para que usted pueda evaluar los productos . Huiyang Packaging se compromete a proporcionar a los clientes al por mayor de alta calidad Bolsa de Embalaje de Pan para ayudar a los clientes a mejorar su imagen de producto y mejorar la competitividad del mercado.<\/p>","protected":false},"featured_media":7595,"comment_status":"open","ping_status":"closed","template":"","meta":[],"product_brand":[],"product_cat":[102],"product_tag":[116,124],"class_list":{"0":"post-7625","1":"product","2":"type-product","3":"status-publish","4":"has-post-thumbnail","6":"product_cat-bakery-packaging-bags-wholesale","7":"product_tag-stand-up-pouch-manufacturer","8":"product_tag-zipper-pouch-manufacturer","10":"first","11":"instock","12":"shipping-taxable","13":"product-type-simple"},"_links":{"self":[{"href":"https:\/\/www.hyflexpack.com\/es\/wp-json\/wp\/v2\/product\/7625","targetHints":{"allow":["GET"]}}],"collection":[{"href":"https:\/\/www.hyflexpack.com\/es\/wp-json\/wp\/v2\/product"}],"about":[{"href":"https:\/\/www.hyflexpack.com\/es\/wp-json\/wp\/v2\/types\/product"}],"replies":[{"embeddable":true,"href":"https:\/\/www.hyflexpack.com\/es\/wp-json\/wp\/v2\/comments?post=7625"}],"wp:featuredmedia":[{"embeddable":true,"href":"https:\/\/www.hyflexpack.com\/es\/wp-json\/wp\/v2\/media\/7595"}],"wp:attachment":[{"href":"https:\/\/www.hyflexpack.com\/es\/wp-json\/wp\/v2\/media?parent=7625"}],"wp:term":[{"taxonomy":"product_brand","embeddable":true,"href":"https:\/\/www.hyflexpack.com\/es\/wp-json\/wp\/v2\/product_brand?post=7625"},{"taxonomy":"product_cat","embeddable":true,"href":"https:\/\/www.hyflexpack.com\/es\/wp-json\/wp\/v2\/product_cat?post=7625"},{"taxonomy":"product_tag","embeddable":true,"href":"https:\/\/www.hyflexpack.com\/es\/wp-json\/wp\/v2\/product_tag?post=7625"}],"curies":[{"name":"wp","href":"https:\/\/api.w.org\/{rel}","templated":true}]}}