{"id":7582,"date":"2025-11-04T08:52:57","date_gmt":"2025-11-04T08:52:57","guid":{"rendered":"https:\/\/www.hyflexpack.com\/?post_type=product&#038;p=7582"},"modified":"2025-11-04T08:53:10","modified_gmt":"2025-11-04T08:53:10","slug":"custom-vacuum-packaging-bags-for-fish","status":"publish","type":"product","link":"https:\/\/www.hyflexpack.com\/es\/product\/custom-vacuum-packaging-bags-for-fish\/","title":{"rendered":"Mayorista Bolsas de Envasado al Vac\u00edo Personalizadas para Pescado - Transparentes y con Dise\u00f1os Impresos"},"content":{"rendered":"<div class=\"wp-block-columns is-layout-flex wp-container-core-columns-is-layout-9d6595d7 wp-block-columns-is-layout-flex\">\n<div class=\"wp-block-column is-layout-flow wp-block-column-is-layout-flow\">\n<h2 class=\"wp-block-heading\">Caracter\u00edsticas de las bolsas de vac\u00edo personalizadas al por mayor<\/h2>\n\n\n\n<ul class=\"wp-block-list\">\n<li>Nuestras Bolsas de Envasado al Vac\u00edo Personalizadas al por Mayor proporcionan una visibilidad \u00f3ptima del producto para el pescado.<\/li>\n\n\n\n<li>Bolsas de vac\u00edo impresas personalizadas para pescado, ideales para marcar y mostrar detalles del producto.<\/li>\n\n\n\n<li>Excelentes propiedades de barrera contra la humedad y el ox\u00edgeno para conservar la frescura.<\/li>\n\n\n\n<li>El duradero cierre al vac\u00edo protege el pescado de las quemaduras del congelador y prolonga su vida \u00fatil.<\/li>\n\n\n\n<li>Apto para pescado fresco, congelado y ahumado.<\/li>\n<\/ul>\n<\/div>\n\n\n\n<div class=\"wp-block-column is-layout-flow wp-block-column-is-layout-flow\">\n<figure class=\"wp-block-image size-full\"><img fetchpriority=\"high\" decoding=\"async\" width=\"750\" height=\"750\" src=\"https:\/\/www.hyflexpack.com\/wp-content\/uploads\/2025\/08\/591.jpg\" alt=\"Bolsas de vac\u00edo OEM al por mayor\" class=\"wp-image-7557\" srcset=\"https:\/\/www.hyflexpack.com\/wp-content\/uploads\/2025\/08\/591.jpg 750w, https:\/\/www.hyflexpack.com\/wp-content\/uploads\/2025\/08\/591-300x300.jpg 300w, https:\/\/www.hyflexpack.com\/wp-content\/uploads\/2025\/08\/591-150x150.jpg 150w, https:\/\/www.hyflexpack.com\/wp-content\/uploads\/2025\/08\/591-12x12.jpg 12w, https:\/\/www.hyflexpack.com\/wp-content\/uploads\/2025\/08\/591-285x285.jpg 285w, https:\/\/www.hyflexpack.com\/wp-content\/uploads\/2025\/08\/591-270x270.jpg 270w, https:\/\/www.hyflexpack.com\/wp-content\/uploads\/2025\/08\/591-540x540.jpg 540w, https:\/\/www.hyflexpack.com\/wp-content\/uploads\/2025\/08\/591-660x660.jpg 660w\" sizes=\"(max-width: 750px) 100vw, 750px\" \/><\/figure>\n<\/div>\n<\/div>","protected":false},"excerpt":{"rendered":"<p>Bolsas de envasado al vac\u00edo de primera calidad dise\u00f1adas para el envasado de pescado, disponibles en transparente y con impresi\u00f3n personalizada. Estas bolsas son perfectas para mantener el pescado fresco, evitar que se queme en el congelador y mantener la calidad durante el almacenamiento. P\u00f3ngase en contacto con nosotros hoy mismo para solicitar un presupuesto, nos comprometemos a ofrecerle soluciones de envasado ecol\u00f3gicas y de alta calidad. Ventajas de las bolsas de vac\u00edo personalizadas de alta calidad al por mayor Dise\u00f1o personalizado: Proporcionamos servicios personalizados de bolsas de embalaje, incluyendo el material, el tama\u00f1o y la personalizaci\u00f3n del patr\u00f3n de impresi\u00f3n para satisfacer las necesidades del cliente, y apoyamos OEM y ODM. \u25cfFabricaci\u00f3n: Con equipos y tecnolog\u00eda avanzados, podemos completar la producci\u00f3n de pedidos de manera eficiente y con alta calidad, y entregar a tiempo. Inspecci\u00f3n de calidad: La producci\u00f3n se lleva a cabo en estricta conformidad con las normas de calidad y los requisitos de seguridad alimentaria para garantizar que los productos cumplan con las normas. \u25cfServicio al cliente: Proporcione una respuesta r\u00e1pida y un soporte de servicio al cliente considerado las 24 horas del d\u00eda. \u25cfMuestra gratuita: Proporcionar servicio de muestra gratuita para que pueda evaluar el producto. Huiyang Packaging se compromete a proporcionar a los clientes bolsas de envasado al vac\u00edo personalizadas al por mayor de alta calidad para ayudar a los clientes a mejorar su imagen de producto y mejorar su competitividad en el mercado<\/p>","protected":false},"featured_media":7557,"comment_status":"open","ping_status":"closed","template":"","meta":[],"product_brand":[],"product_cat":[51,108],"product_tag":[],"class_list":{"0":"post-7582","1":"product","2":"type-product","3":"status-publish","4":"has-post-thumbnail","6":"product_cat-custom-food-packaging-bags","7":"product_cat-vacuum-pouches-wholesale","9":"first","10":"instock","11":"shipping-taxable","12":"product-type-simple"},"_links":{"self":[{"href":"https:\/\/www.hyflexpack.com\/es\/wp-json\/wp\/v2\/product\/7582","targetHints":{"allow":["GET"]}}],"collection":[{"href":"https:\/\/www.hyflexpack.com\/es\/wp-json\/wp\/v2\/product"}],"about":[{"href":"https:\/\/www.hyflexpack.com\/es\/wp-json\/wp\/v2\/types\/product"}],"replies":[{"embeddable":true,"href":"https:\/\/www.hyflexpack.com\/es\/wp-json\/wp\/v2\/comments?post=7582"}],"wp:featuredmedia":[{"embeddable":true,"href":"https:\/\/www.hyflexpack.com\/es\/wp-json\/wp\/v2\/media\/7557"}],"wp:attachment":[{"href":"https:\/\/www.hyflexpack.com\/es\/wp-json\/wp\/v2\/media?parent=7582"}],"wp:term":[{"taxonomy":"product_brand","embeddable":true,"href":"https:\/\/www.hyflexpack.com\/es\/wp-json\/wp\/v2\/product_brand?post=7582"},{"taxonomy":"product_cat","embeddable":true,"href":"https:\/\/www.hyflexpack.com\/es\/wp-json\/wp\/v2\/product_cat?post=7582"},{"taxonomy":"product_tag","embeddable":true,"href":"https:\/\/www.hyflexpack.com\/es\/wp-json\/wp\/v2\/product_tag?post=7582"}],"curies":[{"name":"wp","href":"https:\/\/api.w.org\/{rel}","templated":true}]}}