{"id":7549,"date":"2025-08-30T08:19:18","date_gmt":"2025-08-30T08:19:18","guid":{"rendered":"https:\/\/www.hyflexpack.com\/?post_type=product&#038;p=7549"},"modified":"2025-10-23T08:22:49","modified_gmt":"2025-10-23T08:22:49","slug":"custom-laundry-powder-packaging-bag","status":"publish","type":"product","link":"https:\/\/www.hyflexpack.com\/es\/product\/custom-laundry-powder-packaging-bag\/","title":{"rendered":"Bolsa para ropa en polvo con impresi\u00f3n personalizada al por mayor - Bolsa laminada con cierre posterior"},"content":{"rendered":"<div class=\"wp-block-columns is-layout-flex wp-container-core-columns-is-layout-9d6595d7 wp-block-columns-is-layout-flex\">\n<div class=\"wp-block-column is-layout-flow wp-block-column-is-layout-flow\">\n<h2 class=\"wp-block-heading\">Custom Printed Laundry Powder Packaging Bag Features:<\/h2>\n\n\n\n<ul class=\"wp-block-list\">\n<li>Nuestra <strong>Custom Printed Laundry Powder Packaging Bags<\/strong>: High-quality printing enhances shelf appeal and promotes your detergent brand in bulk wholesale markets.<\/li>\n\n\n\n<li><strong>Moisture-Proof &amp; Odor Barrier Laminated Film<\/strong>: Multi-layer heat seal laminated back-seal pouch structure keeps laundry powder fresh during transport and storage.<\/li>\n\n\n\n<li><strong>Durable Back-Seal Pouch Design<\/strong>: Strong sealing ensures bulk detergent packaging bags remain intact in high-volume distribution.<\/li>\n\n\n\n<li><strong>Cost-Effective Wholesale Solution<\/strong>\uff1a Ideal custom printed laundry powder packaging bags supplier choice for large-scale production with competitive pricing.<\/li>\n\n\n\n<li><strong>Eco-Friendly Material Options<\/strong>: Offer recyclable or biodegradable custom detergent packaging pouches to meet environmental regulations and customer demand.<\/li>\n\n\n\n<li>Como <strong>Daily Chemical Packaging Bags Manufacturer<\/strong>, we provide tailored solutions for your detergent packaging needs.<\/li>\n<\/ul>\n<\/div>\n\n\n\n<div class=\"wp-block-column is-layout-flow wp-block-column-is-layout-flow\">\n<figure class=\"wp-block-image size-full\"><img fetchpriority=\"high\" decoding=\"async\" width=\"750\" height=\"750\" src=\"https:\/\/www.hyflexpack.com\/wp-content\/uploads\/2025\/08\/Custom-printed-laundry-powder-pouch.webp\" alt=\"Bolsa personalizada para el envasado de detergente en polvo\" class=\"wp-image-7534\" srcset=\"https:\/\/www.hyflexpack.com\/wp-content\/uploads\/2025\/08\/Custom-printed-laundry-powder-pouch.webp 750w, https:\/\/www.hyflexpack.com\/wp-content\/uploads\/2025\/08\/Custom-printed-laundry-powder-pouch-300x300.webp 300w, https:\/\/www.hyflexpack.com\/wp-content\/uploads\/2025\/08\/Custom-printed-laundry-powder-pouch-150x150.webp 150w, https:\/\/www.hyflexpack.com\/wp-content\/uploads\/2025\/08\/Custom-printed-laundry-powder-pouch-12x12.webp 12w, https:\/\/www.hyflexpack.com\/wp-content\/uploads\/2025\/08\/Custom-printed-laundry-powder-pouch-285x285.webp 285w, https:\/\/www.hyflexpack.com\/wp-content\/uploads\/2025\/08\/Custom-printed-laundry-powder-pouch-270x270.webp 270w, https:\/\/www.hyflexpack.com\/wp-content\/uploads\/2025\/08\/Custom-printed-laundry-powder-pouch-540x540.webp 540w, https:\/\/www.hyflexpack.com\/wp-content\/uploads\/2025\/08\/Custom-printed-laundry-powder-pouch-660x660.webp 660w\" sizes=\"(max-width: 750px) 100vw, 750px\" \/><\/figure>\n<\/div>\n<\/div>\n\n\n\n<div class=\"wp-block-columns is-layout-flex wp-container-core-columns-is-layout-9d6595d7 wp-block-columns-is-layout-flex\">\n<div class=\"wp-block-column is-layout-flow wp-block-column-is-layout-flow\">\n<figure class=\"wp-block-image size-full\"><img decoding=\"async\" width=\"750\" height=\"750\" src=\"https:\/\/www.hyflexpack.com\/wp-content\/uploads\/2025\/08\/Back-seal-laminated-detergent-bag.webp\" alt=\"Back seal laminated detergent bag\" class=\"wp-image-7529\" srcset=\"https:\/\/www.hyflexpack.com\/wp-content\/uploads\/2025\/08\/Back-seal-laminated-detergent-bag.webp 750w, https:\/\/www.hyflexpack.com\/wp-content\/uploads\/2025\/08\/Back-seal-laminated-detergent-bag-300x300.webp 300w, https:\/\/www.hyflexpack.com\/wp-content\/uploads\/2025\/08\/Back-seal-laminated-detergent-bag-150x150.webp 150w, https:\/\/www.hyflexpack.com\/wp-content\/uploads\/2025\/08\/Back-seal-laminated-detergent-bag-12x12.webp 12w, https:\/\/www.hyflexpack.com\/wp-content\/uploads\/2025\/08\/Back-seal-laminated-detergent-bag-285x285.webp 285w, https:\/\/www.hyflexpack.com\/wp-content\/uploads\/2025\/08\/Back-seal-laminated-detergent-bag-270x270.webp 270w, https:\/\/www.hyflexpack.com\/wp-content\/uploads\/2025\/08\/Back-seal-laminated-detergent-bag-540x540.webp 540w, https:\/\/www.hyflexpack.com\/wp-content\/uploads\/2025\/08\/Back-seal-laminated-detergent-bag-660x660.webp 660w\" sizes=\"(max-width: 750px) 100vw, 750px\" \/><\/figure>\n<\/div>\n\n\n\n<div class=\"wp-block-column is-layout-flow wp-block-column-is-layout-flow\">\n<figure class=\"wp-block-image size-full\"><img decoding=\"async\" width=\"750\" height=\"750\" src=\"https:\/\/www.hyflexpack.com\/wp-content\/uploads\/2025\/08\/Detergent-packaging-pouch-supplier.webp\" alt=\"Detergent packaging pouch supplier\" class=\"wp-image-7537\" srcset=\"https:\/\/www.hyflexpack.com\/wp-content\/uploads\/2025\/08\/Detergent-packaging-pouch-supplier.webp 750w, https:\/\/www.hyflexpack.com\/wp-content\/uploads\/2025\/08\/Detergent-packaging-pouch-supplier-300x300.webp 300w, https:\/\/www.hyflexpack.com\/wp-content\/uploads\/2025\/08\/Detergent-packaging-pouch-supplier-150x150.webp 150w, https:\/\/www.hyflexpack.com\/wp-content\/uploads\/2025\/08\/Detergent-packaging-pouch-supplier-12x12.webp 12w, https:\/\/www.hyflexpack.com\/wp-content\/uploads\/2025\/08\/Detergent-packaging-pouch-supplier-285x285.webp 285w, https:\/\/www.hyflexpack.com\/wp-content\/uploads\/2025\/08\/Detergent-packaging-pouch-supplier-270x270.webp 270w, https:\/\/www.hyflexpack.com\/wp-content\/uploads\/2025\/08\/Detergent-packaging-pouch-supplier-540x540.webp 540w, https:\/\/www.hyflexpack.com\/wp-content\/uploads\/2025\/08\/Detergent-packaging-pouch-supplier-660x660.webp 660w\" sizes=\"(max-width: 750px) 100vw, 750px\" \/><\/figure>\n<\/div>\n<\/div>","protected":false},"excerpt":{"rendered":"<p>Our wholesale custom printed laundry powder packaging bags are designed for bulk detergent packaging needs. Made from high-quality laminated materials, these back-seal pouches offer excellent moisture and odor protection, ensuring your product stays fresh during storage and transport. The heat-seal construction provides a secure closure, and the customizable printing options help enhance your brand visibility. We are committed to providing one-stop ECO-friendly and high-quality packaging solutions.<\/p>\n<h3>Advantages of Laundry Powder Packaging Bag Manufacturer<\/h3>\n<ul>\n<li><strong>OEM\/ODM Services:<\/strong> Ofrecemos servicios personalizados de bolsas de embalaje, incluyendo la personalizaci\u00f3n del material, el tama\u00f1o y el patr\u00f3n de impresi\u00f3n para satisfacer las necesidades del cliente, y apoyamos OEM y ODM.<\/li>\n<li><strong> Eficaz<\/strong>\u00a0<strong>Fabricaci\u00f3n:<\/strong> Con equipos y tecnolog\u00eda avanzados, podemos completar la producci\u00f3n de pedidos con eficacia y alta calidad, y entregarlos a tiempo.<\/li>\n<li><strong>Inspecci\u00f3n de calidad:<\/strong> La producci\u00f3n se lleva a cabo siguiendo estrictamente las normas de calidad y los requisitos de seguridad alimentaria para garantizar que los productos cumplen las normas.<\/li>\n<li><strong>Atenci\u00f3n al cliente 24 horas al d\u00eda, 7 d\u00edas a la semana:<\/strong> Ofrezca una respuesta r\u00e1pida y un servicio de atenci\u00f3n al cliente atento las 24 horas del d\u00eda.<\/li>\n<li><strong>Dise\u00f1o libre:<\/strong> Aproveche nuestros servicios gratuitos de dise\u00f1o de logotipos, etiquetas e ilustraciones para ayudarle a mejorar sus envases y la identidad de su marca.<\/li>\n<li><strong>Precio de f\u00e1brica<\/strong>: Le ofrecemos precios de f\u00e1brica competitivos para que obtenga el m\u00e1ximo valor de sus pedidos al por mayor.<\/li>\n<li><strong>Cantidad m\u00ednima de pedido (MOQ):<\/strong> Disponibilidad de MOQ flexible, lo que le permite empezar con niveles de pedido bajos y aumentar seg\u00fan sea necesario.<\/li>\n<li><strong>Muestra gratuita<\/strong>: Proporcionamos muestras gratuitas para que pueda evaluar el producto.<\/li>\n<\/ul>\n<p><a href=\"https:\/\/www.hyflexpack.com\/es\/\"><strong>Envasado Huiyang<\/strong><\/a> is committed to providing customers with high-quality, wholesale custom-printed laundry powder packaging bags to help them improve their product image and enhance market competitiveness.<\/p>","protected":false},"featured_media":7532,"comment_status":"open","ping_status":"closed","template":"","meta":[],"product_brand":[],"product_cat":[52],"product_tag":[],"class_list":{"0":"post-7549","1":"product","2":"type-product","3":"status-publish","4":"has-post-thumbnail","6":"product_cat-custom-daily-chemical-packaging","8":"first","9":"instock","10":"shipping-taxable","11":"product-type-simple"},"_links":{"self":[{"href":"https:\/\/www.hyflexpack.com\/es\/wp-json\/wp\/v2\/product\/7549","targetHints":{"allow":["GET"]}}],"collection":[{"href":"https:\/\/www.hyflexpack.com\/es\/wp-json\/wp\/v2\/product"}],"about":[{"href":"https:\/\/www.hyflexpack.com\/es\/wp-json\/wp\/v2\/types\/product"}],"replies":[{"embeddable":true,"href":"https:\/\/www.hyflexpack.com\/es\/wp-json\/wp\/v2\/comments?post=7549"}],"wp:featuredmedia":[{"embeddable":true,"href":"https:\/\/www.hyflexpack.com\/es\/wp-json\/wp\/v2\/media\/7532"}],"wp:attachment":[{"href":"https:\/\/www.hyflexpack.com\/es\/wp-json\/wp\/v2\/media?parent=7549"}],"wp:term":[{"taxonomy":"product_brand","embeddable":true,"href":"https:\/\/www.hyflexpack.com\/es\/wp-json\/wp\/v2\/product_brand?post=7549"},{"taxonomy":"product_cat","embeddable":true,"href":"https:\/\/www.hyflexpack.com\/es\/wp-json\/wp\/v2\/product_cat?post=7549"},{"taxonomy":"product_tag","embeddable":true,"href":"https:\/\/www.hyflexpack.com\/es\/wp-json\/wp\/v2\/product_tag?post=7549"}],"curies":[{"name":"wp","href":"https:\/\/api.w.org\/{rel}","templated":true}]}}