{"id":7412,"date":"2025-08-06T19:05:19","date_gmt":"2025-08-06T19:05:19","guid":{"rendered":"https:\/\/www.hyflexpack.com\/?post_type=product&#038;p=7412"},"modified":"2026-01-03T10:01:32","modified_gmt":"2026-01-03T10:01:32","slug":"custom-medical-packaging-bag-pouch","status":"publish","type":"product","link":"https:\/\/www.hyflexpack.com\/es\/product\/custom-medical-packaging-bag-pouch\/","title":{"rendered":"Bolsa con cremallera resellable para bastoncillos de algod\u00f3n, compresas de alcohol y vendas"},"content":{"rendered":"<div class=\"wp-block-columns is-layout-flex wp-container-core-columns-is-layout-9d6595d7 wp-block-columns-is-layout-flex\">\n<div class=\"wp-block-column is-layout-flow wp-block-column-is-layout-flow\">\n<h2 class=\"wp-block-heading\">Caracter\u00edsticas de la bolsa a medida para envases m\u00e9dicos<\/h2>\n\n\n\n<ul class=\"wp-block-list\">\n<li>Dise\u00f1ado para uso en emergencias - Dise\u00f1ado para almacenar de forma segura peque\u00f1os art\u00edculos m\u00e9dicos como bastoncillos y toallitas con alcohol.<\/li>\n\n\n\n<li>Cierre de cremallera resellable - Garantiza la higiene y un f\u00e1cil acceso repetido.<\/li>\n\n\n\n<li>Estructura compacta de pie: ahorra espacio y est\u00e1 preparada para la exposici\u00f3n de botiquines de primeros auxilios.<\/li>\n\n\n\n<li>Preparado para marcas personalizadas: compatibilidad OEM con personalizaci\u00f3n de logotipo, tama\u00f1o y color.<\/li>\n\n\n\n<li>Material duradero y seguro - Fabricado con laminado de alta barrera adecuado para envasado est\u00e9ril.<\/li>\n<\/ul>\n<\/div>\n\n\n\n<div class=\"wp-block-column is-layout-flow wp-block-column-is-layout-flow\">\n<figure class=\"wp-block-image size-full\"><img fetchpriority=\"high\" decoding=\"async\" width=\"750\" height=\"750\" src=\"https:\/\/www.hyflexpack.com\/wp-content\/uploads\/2025\/07\/Custom-Emergency-Medical-Supply-Packaging-Bag-1.webp\" alt=\"Bolsa de embalaje personalizada para suministros m\u00e9dicos de urgencia\" class=\"wp-image-7394\" srcset=\"https:\/\/www.hyflexpack.com\/wp-content\/uploads\/2025\/07\/Custom-Emergency-Medical-Supply-Packaging-Bag-1.webp 750w, https:\/\/www.hyflexpack.com\/wp-content\/uploads\/2025\/07\/Custom-Emergency-Medical-Supply-Packaging-Bag-1-300x300.webp 300w, https:\/\/www.hyflexpack.com\/wp-content\/uploads\/2025\/07\/Custom-Emergency-Medical-Supply-Packaging-Bag-1-150x150.webp 150w, https:\/\/www.hyflexpack.com\/wp-content\/uploads\/2025\/07\/Custom-Emergency-Medical-Supply-Packaging-Bag-1-12x12.webp 12w, https:\/\/www.hyflexpack.com\/wp-content\/uploads\/2025\/07\/Custom-Emergency-Medical-Supply-Packaging-Bag-1-285x285.webp 285w, https:\/\/www.hyflexpack.com\/wp-content\/uploads\/2025\/07\/Custom-Emergency-Medical-Supply-Packaging-Bag-1-270x270.webp 270w, https:\/\/www.hyflexpack.com\/wp-content\/uploads\/2025\/07\/Custom-Emergency-Medical-Supply-Packaging-Bag-1-540x540.webp 540w, https:\/\/www.hyflexpack.com\/wp-content\/uploads\/2025\/07\/Custom-Emergency-Medical-Supply-Packaging-Bag-1-660x660.webp 660w\" sizes=\"(max-width: 750px) 100vw, 750px\" \/><\/figure>\n<\/div>\n<\/div>","protected":false},"excerpt":{"rendered":"<p>Bienvenido a nuestra Bolsa de Embalaje M\u00e9dica de Emergencia Personalizada, dise\u00f1ada para el almacenamiento seguro de bastoncillos de algod\u00f3n, almohadillas con alcohol y vendas. Nuestras bolsas resellables con cremallera garantizan higiene, durabilidad y facilidad de uso. Como fabricante de envases farmac\u00e9uticos de confianza, ofrecemos soluciones de envasado m\u00e9dico totalmente personalizables y de primera calidad. Benef\u00edciese de unas cantidades m\u00ednimas de pedido reducidas y de precios directos de f\u00e1brica: p\u00f3ngase en contacto con nosotros hoy mismo para crear su bolsa m\u00e9dica personalizada.<\/p>\n<h3>Ventajas de las bolsas personalizadas de alta calidad para suministros m\u00e9dicos de emergencia<\/h3>\n<p>Dise\u00f1o personalizado: Proporcionamos servicios personalizados de bolsas de embalaje, incluyendo el material, el tama\u00f1o y la personalizaci\u00f3n del patr\u00f3n de impresi\u00f3n para satisfacer las necesidades del cliente, y apoyamos OEM y ODM. \u25cfFabricaci\u00f3n: Con equipos y tecnolog\u00eda avanzados, podemos completar la producci\u00f3n de pedidos de manera eficiente y con alta calidad, y entregar a tiempo. Inspecci\u00f3n de calidad: La producci\u00f3n se lleva a cabo en estricta conformidad con las normas de calidad y los requisitos de seguridad alimentaria para garantizar que los productos cumplan con las normas. \u25cfServicio al cliente: Proporcione una respuesta r\u00e1pida y un soporte de servicio al cliente considerado las 24 horas del d\u00eda. \u25cfMuestra gratuita: Proporcionar servicio de muestra gratuita para que pueda evaluar el producto. Huiyang Packaging se compromete a proporcionar a los clientes de alta calidad OEM guante de examen m\u00e9dico est\u00e9ril bolsa de embalaje para ayudar a los clientes a mejorar su imagen de producto y mejorar su competitividad en el mercado.<\/p>","protected":false},"featured_media":7394,"comment_status":"open","ping_status":"closed","template":"","meta":[],"product_brand":[],"product_cat":[52],"product_tag":[116,124],"class_list":{"0":"post-7412","1":"product","2":"type-product","3":"status-publish","4":"has-post-thumbnail","6":"product_cat-custom-daily-chemical-packaging","7":"product_tag-stand-up-pouch-manufacturer","8":"product_tag-zipper-pouch-manufacturer","10":"first","11":"instock","12":"shipping-taxable","13":"product-type-simple"},"_links":{"self":[{"href":"https:\/\/www.hyflexpack.com\/es\/wp-json\/wp\/v2\/product\/7412","targetHints":{"allow":["GET"]}}],"collection":[{"href":"https:\/\/www.hyflexpack.com\/es\/wp-json\/wp\/v2\/product"}],"about":[{"href":"https:\/\/www.hyflexpack.com\/es\/wp-json\/wp\/v2\/types\/product"}],"replies":[{"embeddable":true,"href":"https:\/\/www.hyflexpack.com\/es\/wp-json\/wp\/v2\/comments?post=7412"}],"wp:featuredmedia":[{"embeddable":true,"href":"https:\/\/www.hyflexpack.com\/es\/wp-json\/wp\/v2\/media\/7394"}],"wp:attachment":[{"href":"https:\/\/www.hyflexpack.com\/es\/wp-json\/wp\/v2\/media?parent=7412"}],"wp:term":[{"taxonomy":"product_brand","embeddable":true,"href":"https:\/\/www.hyflexpack.com\/es\/wp-json\/wp\/v2\/product_brand?post=7412"},{"taxonomy":"product_cat","embeddable":true,"href":"https:\/\/www.hyflexpack.com\/es\/wp-json\/wp\/v2\/product_cat?post=7412"},{"taxonomy":"product_tag","embeddable":true,"href":"https:\/\/www.hyflexpack.com\/es\/wp-json\/wp\/v2\/product_tag?post=7412"}],"curies":[{"name":"wp","href":"https:\/\/api.w.org\/{rel}","templated":true}]}}