{"id":7411,"date":"2025-08-10T20:03:16","date_gmt":"2025-08-10T20:03:16","guid":{"rendered":"https:\/\/www.hyflexpack.com\/?post_type=product&#038;p=7411"},"modified":"2026-01-03T10:00:58","modified_gmt":"2026-01-03T10:00:58","slug":"custom-medical-glove-packaging-bag","status":"publish","type":"product","link":"https:\/\/www.hyflexpack.com\/es\/product\/custom-medical-glove-packaging-bag\/","title":{"rendered":"OEM guantes de examen m\u00e9dico est\u00e9ril bolsa de embalaje personalizado de pie bolsa con cremallera con agujero de la manija"},"content":{"rendered":"<div class=\"wp-block-columns is-layout-flex wp-container-core-columns-is-layout-9d6595d7 wp-block-columns-is-layout-flex\">\n<div class=\"wp-block-column is-layout-flow wp-block-column-is-layout-flow\">\n<h2 class=\"wp-block-heading\">Caracter\u00edsticas de la bolsa de embalaje OEM para guantes de examen m\u00e9dico est\u00e9riles<\/h2>\n\n\n\n<ul class=\"wp-block-list\">\n<li>Nuestras bolsas de embalaje OEM para guantes de examen m\u00e9dico est\u00e9riles est\u00e1n dise\u00f1adas para uso m\u00e9dico: perfectas para almacenar guantes de examen est\u00e9riles, en l\u00ednea con las normas de embalaje sanitario.<\/li>\n\n\n\n<li>OEM y personalizable: admite impresi\u00f3n de logotipos, personalizaci\u00f3n de tama\u00f1os y envasado con etiqueta privada.<\/li>\n\n\n\n<li>Estructura de pie y cremallera: c\u00f3modo almacenamiento vertical, f\u00e1cil acceso mediante cremallera resellable.<\/li>\n\n\n\n<li>Dise\u00f1o con orificio para el asa: ideal para exponer, transportar o colgar en cl\u00ednicas e instalaciones m\u00e9dicas.<\/li>\n\n\n\n<li>Materiales de alta barrera y est\u00e9riles: garantizan que los productos est\u00e9n protegidos de la humedad, la contaminaci\u00f3n y la exposici\u00f3n al aire.<\/li>\n<\/ul>\n<\/div>\n\n\n\n<div class=\"wp-block-column is-layout-flow wp-block-column-is-layout-flow\">\n<figure class=\"wp-block-image size-full\"><img fetchpriority=\"high\" decoding=\"async\" width=\"750\" height=\"750\" src=\"https:\/\/www.hyflexpack.com\/wp-content\/uploads\/2025\/07\/OEM-Sterile-Medical-Exam-Glove-Packaging-Bag-4.webp\" alt=\"OEM Bolsa de embalaje para guantes de examen m\u00e9dico est\u00e9riles\" class=\"wp-image-7406\" srcset=\"https:\/\/www.hyflexpack.com\/wp-content\/uploads\/2025\/07\/OEM-Sterile-Medical-Exam-Glove-Packaging-Bag-4.webp 750w, https:\/\/www.hyflexpack.com\/wp-content\/uploads\/2025\/07\/OEM-Sterile-Medical-Exam-Glove-Packaging-Bag-4-300x300.webp 300w, https:\/\/www.hyflexpack.com\/wp-content\/uploads\/2025\/07\/OEM-Sterile-Medical-Exam-Glove-Packaging-Bag-4-150x150.webp 150w, https:\/\/www.hyflexpack.com\/wp-content\/uploads\/2025\/07\/OEM-Sterile-Medical-Exam-Glove-Packaging-Bag-4-12x12.webp 12w, https:\/\/www.hyflexpack.com\/wp-content\/uploads\/2025\/07\/OEM-Sterile-Medical-Exam-Glove-Packaging-Bag-4-285x285.webp 285w, https:\/\/www.hyflexpack.com\/wp-content\/uploads\/2025\/07\/OEM-Sterile-Medical-Exam-Glove-Packaging-Bag-4-270x270.webp 270w, https:\/\/www.hyflexpack.com\/wp-content\/uploads\/2025\/07\/OEM-Sterile-Medical-Exam-Glove-Packaging-Bag-4-540x540.webp 540w, https:\/\/www.hyflexpack.com\/wp-content\/uploads\/2025\/07\/OEM-Sterile-Medical-Exam-Glove-Packaging-Bag-4-660x660.webp 660w\" sizes=\"(max-width: 750px) 100vw, 750px\" \/><\/figure>\n<\/div>\n<\/div>","protected":false},"excerpt":{"rendered":"<p>Esta bolsa de embalaje OEM para guantes de examen m\u00e9dico est\u00e9riles est\u00e1 dise\u00f1ada para un almacenamiento seguro, higi\u00e9nico y eficaz. Fabricada con material de alta barrera, la bolsa con cremallera de pie incluye un pr\u00e1ctico orificio para el asa y admite la personalizaci\u00f3n completa de su marca. P\u00f3ngase en contacto con nosotros hoy mismo para solicitar un presupuesto. Nos comprometemos a ofrecer soluciones integrales de embalaje de alta calidad y respetuosas con el medio ambiente.<\/p>\n<h3>Ventajas de la bolsa de embalaje de guantes m\u00e9dicos est\u00e9riles OEM de alta calidad<\/h3>\n<p>Dise\u00f1o personalizado: Proporcionamos servicios personalizados de bolsas de embalaje, incluyendo el material, el tama\u00f1o y la personalizaci\u00f3n del patr\u00f3n de impresi\u00f3n para satisfacer las necesidades del cliente, y apoyamos OEM y ODM. \u25cfFabricaci\u00f3n: Con equipos y tecnolog\u00eda avanzados, podemos completar la producci\u00f3n de pedidos de manera eficiente y con alta calidad, y entregar a tiempo. Inspecci\u00f3n de calidad: La producci\u00f3n se lleva a cabo en estricta conformidad con las normas de calidad y los requisitos de seguridad alimentaria para garantizar que los productos cumplan con las normas. \u25cfServicio al cliente: Proporcione una respuesta r\u00e1pida y un soporte de servicio al cliente considerado las 24 horas del d\u00eda. \u25cfMuestra gratuita: Proporcionar servicio de muestra gratuita para que pueda evaluar el producto. Huiyang Packaging se compromete a proporcionar a los clientes de alta calidad OEM guante de examen m\u00e9dico est\u00e9ril bolsa de embalaje para ayudar a los clientes a mejorar su imagen de producto y mejorar su competitividad en el mercado.<\/p>","protected":false},"featured_media":7406,"comment_status":"open","ping_status":"closed","template":"","meta":[],"product_brand":[],"product_cat":[52],"product_tag":[116,124],"class_list":{"0":"post-7411","1":"product","2":"type-product","3":"status-publish","4":"has-post-thumbnail","6":"product_cat-custom-daily-chemical-packaging","7":"product_tag-stand-up-pouch-manufacturer","8":"product_tag-zipper-pouch-manufacturer","10":"first","11":"instock","12":"shipping-taxable","13":"product-type-simple"},"_links":{"self":[{"href":"https:\/\/www.hyflexpack.com\/es\/wp-json\/wp\/v2\/product\/7411","targetHints":{"allow":["GET"]}}],"collection":[{"href":"https:\/\/www.hyflexpack.com\/es\/wp-json\/wp\/v2\/product"}],"about":[{"href":"https:\/\/www.hyflexpack.com\/es\/wp-json\/wp\/v2\/types\/product"}],"replies":[{"embeddable":true,"href":"https:\/\/www.hyflexpack.com\/es\/wp-json\/wp\/v2\/comments?post=7411"}],"wp:featuredmedia":[{"embeddable":true,"href":"https:\/\/www.hyflexpack.com\/es\/wp-json\/wp\/v2\/media\/7406"}],"wp:attachment":[{"href":"https:\/\/www.hyflexpack.com\/es\/wp-json\/wp\/v2\/media?parent=7411"}],"wp:term":[{"taxonomy":"product_brand","embeddable":true,"href":"https:\/\/www.hyflexpack.com\/es\/wp-json\/wp\/v2\/product_brand?post=7411"},{"taxonomy":"product_cat","embeddable":true,"href":"https:\/\/www.hyflexpack.com\/es\/wp-json\/wp\/v2\/product_cat?post=7411"},{"taxonomy":"product_tag","embeddable":true,"href":"https:\/\/www.hyflexpack.com\/es\/wp-json\/wp\/v2\/product_tag?post=7411"}],"curies":[{"name":"wp","href":"https:\/\/api.w.org\/{rel}","templated":true}]}}