{"id":7390,"date":"2025-11-04T09:34:16","date_gmt":"2025-11-04T09:34:16","guid":{"rendered":"https:\/\/www.hyflexpack.com\/?post_type=product&#038;p=7390"},"modified":"2025-11-04T09:34:20","modified_gmt":"2025-11-04T09:34:20","slug":"bulk-bakery-packaging-film-for-biscuits","status":"publish","type":"product","link":"https:\/\/www.hyflexpack.com\/es\/product\/bulk-bakery-packaging-film-for-biscuits\/","title":{"rendered":"Film flexible para envasado de galletas | Tama\u00f1o personalizado e impresi\u00f3n de logotipos"},"content":{"rendered":"<div class=\"wp-block-columns is-layout-flex wp-container-core-columns-is-layout-9d6595d7 wp-block-columns-is-layout-flex\">\n<div class=\"wp-block-column is-layout-flow wp-block-column-is-layout-flow\">\n<h2 class=\"wp-block-heading\">Caracter\u00edsticas de la pel\u00edcula personalizada para envasado de productos de panader\u00eda<\/h2>\n\n\n\n<ul class=\"wp-block-list\">\n<li>Nuestro film para envasado de productos de panader\u00eda a medida est\u00e1 fabricado con materias primas de calidad alimentaria.<\/li>\n\n\n\n<li>Impresi\u00f3n de alta calidad para la marca de panader\u00eda.<\/li>\n\n\n\n<li>Disponible con acabado mate, brillante o metalizado.<\/li>\n\n\n\n<li>Excelente retenci\u00f3n del aroma y presentaci\u00f3n en el lineal.<\/li>\n<\/ul>\n<\/div>\n\n\n\n<div class=\"wp-block-column is-layout-flow wp-block-column-is-layout-flow\">\n<figure class=\"wp-block-image size-full\"><img fetchpriority=\"high\" decoding=\"async\" width=\"750\" height=\"750\" src=\"https:\/\/www.hyflexpack.com\/wp-content\/uploads\/2025\/07\/Custom-Bakery-Packaging-Film-1.webp\" alt=\"Film para envasado de productos de panader\u00eda a medida \" class=\"wp-image-7364\" srcset=\"https:\/\/www.hyflexpack.com\/wp-content\/uploads\/2025\/07\/Custom-Bakery-Packaging-Film-1.webp 750w, https:\/\/www.hyflexpack.com\/wp-content\/uploads\/2025\/07\/Custom-Bakery-Packaging-Film-1-300x300.webp 300w, https:\/\/www.hyflexpack.com\/wp-content\/uploads\/2025\/07\/Custom-Bakery-Packaging-Film-1-150x150.webp 150w, https:\/\/www.hyflexpack.com\/wp-content\/uploads\/2025\/07\/Custom-Bakery-Packaging-Film-1-12x12.webp 12w, https:\/\/www.hyflexpack.com\/wp-content\/uploads\/2025\/07\/Custom-Bakery-Packaging-Film-1-285x285.webp 285w, https:\/\/www.hyflexpack.com\/wp-content\/uploads\/2025\/07\/Custom-Bakery-Packaging-Film-1-270x270.webp 270w, https:\/\/www.hyflexpack.com\/wp-content\/uploads\/2025\/07\/Custom-Bakery-Packaging-Film-1-540x540.webp 540w, https:\/\/www.hyflexpack.com\/wp-content\/uploads\/2025\/07\/Custom-Bakery-Packaging-Film-1-660x660.webp 660w\" sizes=\"(max-width: 750px) 100vw, 750px\" \/><\/figure>\n<\/div>\n<\/div>","protected":false},"excerpt":{"rendered":"<p>Este film flexible a medida para panader\u00eda est\u00e1 dise\u00f1ado para galletas, barquillos y otros aperitivos horneados. Ofrece una excelente adaptabilidad a diversas formas de envase y admite impresi\u00f3n personalizada para mostrar su marca de forma profesional. Estamos comprometidos a proporcionar soluciones de envasado ecol\u00f3gicas y de alta calidad de una sola parada. Dise\u00f1o personalizado: Proporcionamos servicios personalizados de envases flexibles, incluyendo el material, el tama\u00f1o y la personalizaci\u00f3n del patr\u00f3n de impresi\u00f3n para satisfacer las necesidades del cliente, y apoyamos OEM y ODM. Fabricaci\u00f3n: Con equipos y tecnolog\u00eda avanzados, podemos completar la producci\u00f3n de pedidos de manera eficiente y con alta calidad, y entregar a tiempo. Inspecci\u00f3n de calidad: La producci\u00f3n se lleva a cabo en estricta conformidad con las normas de calidad y los requisitos de seguridad alimentaria para garantizar que los productos cumplan con las normas. \u25cfServicio al cliente: Proporcione una respuesta r\u00e1pida y un soporte de servicio al cliente considerado las 24 horas del d\u00eda. \u25cfMuestra gratuita: Proporcionar servicio de muestra gratuita para que pueda evaluar el producto. Huiyang Packaging se compromete a proporcionar a los clientes pel\u00edcula de empaque de panader\u00eda personalizada de alta calidad para ayudar a los clientes a mejorar su imagen de producto y mejorar su competitividad en el mercado.<\/p>","protected":false},"featured_media":7364,"comment_status":"open","ping_status":"closed","template":"","meta":[],"product_brand":[],"product_cat":[53],"product_tag":[],"class_list":{"0":"post-7390","1":"product","2":"type-product","3":"status-publish","4":"has-post-thumbnail","6":"product_cat-packaging-film-supplier","8":"first","9":"instock","10":"shipping-taxable","11":"product-type-simple"},"_links":{"self":[{"href":"https:\/\/www.hyflexpack.com\/es\/wp-json\/wp\/v2\/product\/7390","targetHints":{"allow":["GET"]}}],"collection":[{"href":"https:\/\/www.hyflexpack.com\/es\/wp-json\/wp\/v2\/product"}],"about":[{"href":"https:\/\/www.hyflexpack.com\/es\/wp-json\/wp\/v2\/types\/product"}],"replies":[{"embeddable":true,"href":"https:\/\/www.hyflexpack.com\/es\/wp-json\/wp\/v2\/comments?post=7390"}],"wp:featuredmedia":[{"embeddable":true,"href":"https:\/\/www.hyflexpack.com\/es\/wp-json\/wp\/v2\/media\/7364"}],"wp:attachment":[{"href":"https:\/\/www.hyflexpack.com\/es\/wp-json\/wp\/v2\/media?parent=7390"}],"wp:term":[{"taxonomy":"product_brand","embeddable":true,"href":"https:\/\/www.hyflexpack.com\/es\/wp-json\/wp\/v2\/product_brand?post=7390"},{"taxonomy":"product_cat","embeddable":true,"href":"https:\/\/www.hyflexpack.com\/es\/wp-json\/wp\/v2\/product_cat?post=7390"},{"taxonomy":"product_tag","embeddable":true,"href":"https:\/\/www.hyflexpack.com\/es\/wp-json\/wp\/v2\/product_tag?post=7390"}],"curies":[{"name":"wp","href":"https:\/\/api.w.org\/{rel}","templated":true}]}}