{"id":7246,"date":"2025-11-03T17:13:00","date_gmt":"2025-11-03T17:13:00","guid":{"rendered":"https:\/\/www.hyflexpack.com\/?post_type=product&#038;p=7246"},"modified":"2026-01-03T09:42:24","modified_gmt":"2026-01-03T09:42:24","slug":"custom-liquid-detergent-spout-pouch","status":"publish","type":"product","link":"https:\/\/www.hyflexpack.com\/es\/product\/custom-liquid-detergent-spout-pouch\/","title":{"rendered":"Bolsa personalizada con boquilla para detergente l\u00edquido - A prueba de fugas y personalizable con su marca"},"content":{"rendered":"<div class=\"wp-block-columns is-layout-flex wp-container-core-columns-is-layout-9d6595d7 wp-block-columns-is-layout-flex\">\n<div class=\"wp-block-column is-layout-flow wp-block-column-is-layout-flow\">\n<h2 class=\"wp-block-heading\">Bolsa personalizada con boquilla para detergente l\u00edquido Caracter\u00edsticas:<\/h2>\n\n\n\n<p><\/p>\n\n\n\n<ul class=\"wp-block-list\">\n<li><strong>Estructura compuesta de alta resistencia<\/strong>: Nuestra <strong>bolsa personalizada con boquilla para detergente l\u00edquido<\/strong> adopta una pel\u00edcula laminada coextruida de tres capas PET\/AL\/PE (espesor 80-150\u03bcm). Esta estructura multicapa ofrece una resistencia mec\u00e1nica superior, resistencia a la perforaci\u00f3n y protecci\u00f3n de alta barrera frente al ox\u00edgeno, la humedad y la luz.<\/li>\n\n\n\n<li><strong>Excelente compatibilidad qu\u00edmica<\/strong>: La capa interior de pel\u00edcula de PE de calidad alimentaria est\u00e1 dise\u00f1ada espec\u00edficamente para la estabilidad qu\u00edmica. Resiste a la corrosi\u00f3n \u00e1cida y alcalina, garantizando que no se produzca migraci\u00f3n de sustancias nocivas ni contaminaci\u00f3n por olores, lo que resulta ideal para almacenar y transportar detergentes l\u00edquidos de forma segura.<\/li>\n\n\n\n<li><strong>Dise\u00f1o doble a prueba de fugas<\/strong>: Equipado con un tap\u00f3n de cierre de rosca y una pel\u00edcula interna de canal antifugas, nuestro <strong>bolsa personalizada con boquilla para detergente l\u00edquido<\/strong> evita las fugas incluso bajo presi\u00f3n o vibraci\u00f3n durante la log\u00edstica, proporcionando un envasado de l\u00edquidos seguro, limpio y fiable.<\/li>\n\n\n\n<li><strong>Marca y especificaciones personalizables<\/strong>: Como profesional <strong>fabricante de envases de bolsa con pico<\/strong>, Ofrecemos personalizaci\u00f3n OEM\/ODM -incluida la capacidad de la bolsa, la forma, el tipo de boquilla (flip\/rosca) y la impresi\u00f3n de alta definici\u00f3n- para ayudar a que su marca destaque en el lineal.<\/li>\n\n\n\n<li><strong>Opciones ecol\u00f3gicas y reciclables<\/strong>: Los materiales de film reciclables o biodegradables opcionales cumplen los requisitos de envasado sostenible, reduciendo el impacto medioambiental y garantizando al mismo tiempo una gran durabilidad y rendimiento de sellado.<\/li>\n<\/ul>\n<\/div>\n\n\n\n<div class=\"wp-block-column is-layout-flow wp-block-column-is-layout-flow\">\n<figure class=\"wp-block-image size-full\"><img fetchpriority=\"high\" decoding=\"async\" width=\"750\" height=\"750\" src=\"https:\/\/www.hyflexpack.com\/wp-content\/uploads\/2025\/06\/Custom-Laundry-Spout-Pouch-1.webp\" alt=\"Bolsa con boquilla para lavander\u00eda personalizada\" class=\"wp-image-7227\" srcset=\"https:\/\/www.hyflexpack.com\/wp-content\/uploads\/2025\/06\/Custom-Laundry-Spout-Pouch-1.webp 750w, https:\/\/www.hyflexpack.com\/wp-content\/uploads\/2025\/06\/Custom-Laundry-Spout-Pouch-1-300x300.webp 300w, https:\/\/www.hyflexpack.com\/wp-content\/uploads\/2025\/06\/Custom-Laundry-Spout-Pouch-1-150x150.webp 150w, https:\/\/www.hyflexpack.com\/wp-content\/uploads\/2025\/06\/Custom-Laundry-Spout-Pouch-1-12x12.webp 12w, https:\/\/www.hyflexpack.com\/wp-content\/uploads\/2025\/06\/Custom-Laundry-Spout-Pouch-1-285x285.webp 285w, https:\/\/www.hyflexpack.com\/wp-content\/uploads\/2025\/06\/Custom-Laundry-Spout-Pouch-1-270x270.webp 270w, https:\/\/www.hyflexpack.com\/wp-content\/uploads\/2025\/06\/Custom-Laundry-Spout-Pouch-1-540x540.webp 540w, https:\/\/www.hyflexpack.com\/wp-content\/uploads\/2025\/06\/Custom-Laundry-Spout-Pouch-1-660x660.webp 660w\" sizes=\"(max-width: 750px) 100vw, 750px\" \/><\/figure>\n<\/div>\n<\/div>\n\n\n\n<p><\/p>","protected":false},"excerpt":{"rendered":"<p>Nuestra bolsa con boquilla para detergente l\u00edquido est\u00e1 fabricada con pel\u00edcula laminada de PET\/AL\/PE duradera con sellado a prueba de fugas. Como fabricante l\u00edder de envases de bolsa de pico, ofrecemos dise\u00f1o libre, muestras gratuitas y precios al por mayor de f\u00e1brica competitivos.<\/p>\n<h3>Ventajas del proveedor de bolsas con boquilla para detergente l\u00edquido<\/h3>\n<ul>\n<li><strong>Dise\u00f1o personalizado:<\/strong>\u00a0Ofrecemos servicios personalizados, que incluyen la personalizaci\u00f3n del material, el tama\u00f1o y el patr\u00f3n de impresi\u00f3n para satisfacer las necesidades de los clientes, y damos soporte a OEM y ODM.<\/li>\n<li><strong>Fabricaci\u00f3n:<\/strong>\u00a0Con equipos y tecnolog\u00eda avanzados, podemos completar la producci\u00f3n de pedidos de forma eficiente y con alta calidad, y podemos entregar a tiempo.<\/li>\n<li><strong>Inspecci\u00f3n de calidad:<\/strong>\u00a0La producci\u00f3n se lleva a cabo siguiendo estrictamente las normas de calidad y los requisitos de seguridad alimentaria para garantizar que los productos cumplen las normas.<\/li>\n<li><strong>Certificaci\u00f3n\uff1a<\/strong>\u00a0FDA\/BRC\/ISO 9001\/RoHS<\/li>\n<li><strong>Atenci\u00f3n al cliente:<\/strong>\u00a024 horas para ofrecer una respuesta r\u00e1pida y un servicio de atenci\u00f3n al cliente atento.<\/li>\n<li><strong>Muestra gratis:<\/strong>\u00a0Ofrecemos un servicio de muestras gratuito para ayudarle a evaluar el producto.<\/li>\n<li><strong class=\"skrollable skrollable-between\" data-start=\"895\" data-end=\"917\">Precio competitivo:<\/strong>\u00a0Con una capacidad de producci\u00f3n a gran escala y una gesti\u00f3n rentable, ofrecemos precios competitivos sin comprometer la calidad del producto.<\/li>\n<\/ul>\n<p><a href=\"https:\/\/www.hyflexpack.com\/es\/\"><strong>Envasado Huiyang<\/strong><\/a> se compromete a suministrar a los clientes bolsas con boquilla para detergente l\u00edquido con el fin de ayudarles a mejorar la imagen de sus productos y aumentar su competitividad en el mercado.<\/p>","protected":false},"featured_media":7227,"comment_status":"open","ping_status":"closed","template":"","meta":[],"product_brand":[],"product_cat":[52],"product_tag":[115],"class_list":{"0":"post-7246","1":"product","2":"type-product","3":"status-publish","4":"has-post-thumbnail","6":"product_cat-custom-daily-chemical-packaging","7":"product_tag-spout-pouch-manufacturer","9":"first","10":"instock","11":"shipping-taxable","12":"product-type-simple"},"_links":{"self":[{"href":"https:\/\/www.hyflexpack.com\/es\/wp-json\/wp\/v2\/product\/7246","targetHints":{"allow":["GET"]}}],"collection":[{"href":"https:\/\/www.hyflexpack.com\/es\/wp-json\/wp\/v2\/product"}],"about":[{"href":"https:\/\/www.hyflexpack.com\/es\/wp-json\/wp\/v2\/types\/product"}],"replies":[{"embeddable":true,"href":"https:\/\/www.hyflexpack.com\/es\/wp-json\/wp\/v2\/comments?post=7246"}],"wp:featuredmedia":[{"embeddable":true,"href":"https:\/\/www.hyflexpack.com\/es\/wp-json\/wp\/v2\/media\/7227"}],"wp:attachment":[{"href":"https:\/\/www.hyflexpack.com\/es\/wp-json\/wp\/v2\/media?parent=7246"}],"wp:term":[{"taxonomy":"product_brand","embeddable":true,"href":"https:\/\/www.hyflexpack.com\/es\/wp-json\/wp\/v2\/product_brand?post=7246"},{"taxonomy":"product_cat","embeddable":true,"href":"https:\/\/www.hyflexpack.com\/es\/wp-json\/wp\/v2\/product_cat?post=7246"},{"taxonomy":"product_tag","embeddable":true,"href":"https:\/\/www.hyflexpack.com\/es\/wp-json\/wp\/v2\/product_tag?post=7246"}],"curies":[{"name":"wp","href":"https:\/\/api.w.org\/{rel}","templated":true}]}}