{"id":7010,"date":"2025-05-24T08:09:54","date_gmt":"2025-05-24T08:09:54","guid":{"rendered":"https:\/\/www.hyflexpack.com\/?post_type=product&#038;p=7010"},"modified":"2026-01-07T08:52:12","modified_gmt":"2026-01-07T08:52:12","slug":"wholesale-chocolate-bags","status":"publish","type":"product","link":"https:\/\/www.hyflexpack.com\/es\/product\/wholesale-chocolate-bags\/","title":{"rendered":"Mayorista Bolsas de Chocolate OEM Stand Up Bolsas de Aluminio con Cremallera - Servicio de Dise\u00f1o Gratuito"},"content":{"rendered":"<div class=\"wp-block-columns is-layout-flex wp-container-core-columns-is-layout-9d6595d7 wp-block-columns-is-layout-flex\">\n<div class=\"wp-block-column is-layout-flow wp-block-column-is-layout-flow\">\n<h2 class=\"wp-block-heading\">Caracter\u00edsticas de las bolsas de chocolate a prueba de humedad OEM<\/h2>\n\n\n\n<p><\/p>\n\n\n\n<ul class=\"wp-block-list\">\n<li>1.Capa de papel de aluminio + forro de PE de calidad alimentaria, permeabilidad al vapor de agua &lt;1,2g\/m\u00b2-24h, bloqueo de frescura a largo plazo.<\/li>\n\n\n\n<li>2. Dise\u00f1o autoportante de fondo plano, fuerte capacidad de carga, apertura y cierre de cremallera m\u00e1s de 200 veces sin fallos.<\/li>\n\n\n\n<li>3. El equipo profesional ofrece 3 conjuntos de soluciones de dise\u00f1o, compatibles con la impresi\u00f3n de colores planos CMYK\/Pantone.<\/li>\n<\/ul>\n<\/div>\n\n\n\n<div class=\"wp-block-column is-layout-flow wp-block-column-is-layout-flow\">\n<figure class=\"wp-block-image size-full\"><img fetchpriority=\"high\" decoding=\"async\" width=\"750\" height=\"750\" src=\"https:\/\/www.hyflexpack.com\/wp-content\/uploads\/2025\/05\/OEM-Moisture-Proof-Chocolate-Bags-2.webp\" alt=\"OEM Bolsas de chocolate antihumedad (2)\" class=\"wp-image-7030\" srcset=\"https:\/\/www.hyflexpack.com\/wp-content\/uploads\/2025\/05\/OEM-Moisture-Proof-Chocolate-Bags-2.webp 750w, https:\/\/www.hyflexpack.com\/wp-content\/uploads\/2025\/05\/OEM-Moisture-Proof-Chocolate-Bags-2-300x300.webp 300w, https:\/\/www.hyflexpack.com\/wp-content\/uploads\/2025\/05\/OEM-Moisture-Proof-Chocolate-Bags-2-150x150.webp 150w, https:\/\/www.hyflexpack.com\/wp-content\/uploads\/2025\/05\/OEM-Moisture-Proof-Chocolate-Bags-2-12x12.webp 12w, https:\/\/www.hyflexpack.com\/wp-content\/uploads\/2025\/05\/OEM-Moisture-Proof-Chocolate-Bags-2-285x285.webp 285w, https:\/\/www.hyflexpack.com\/wp-content\/uploads\/2025\/05\/OEM-Moisture-Proof-Chocolate-Bags-2-270x270.webp 270w, https:\/\/www.hyflexpack.com\/wp-content\/uploads\/2025\/05\/OEM-Moisture-Proof-Chocolate-Bags-2-540x540.webp 540w, https:\/\/www.hyflexpack.com\/wp-content\/uploads\/2025\/05\/OEM-Moisture-Proof-Chocolate-Bags-2-660x660.webp 660w\" sizes=\"(max-width: 750px) 100vw, 750px\" \/><\/figure>\n<\/div>\n<\/div>","protected":false},"excerpt":{"rendered":"<p>Nuestras bolsas OEM para bombones a prueba de humedad son bolsas con cremallera de aluminio y pl\u00e1stico, dise\u00f1adas espec\u00edficamente para bombones de gama alta. Ofrecemos servicios gratuitos de dise\u00f1o, personalizaci\u00f3n de lotes y garantizamos la frescura del producto y la imagen de marca. P\u00f3ngase en contacto con nosotros hoy mismo para solicitar un presupuesto. Nos comprometemos a ofrecer soluciones de envasado integrales, respetuosas con el medio ambiente y de alta calidad.<\/p>\n<h3>Ventajas del fabricante mayorista de envases para bolsas de chocolate<\/h3>\n<p>\u25cf <strong data-start=\"79\" data-end=\"96\">Dise\u00f1o a medida<\/strong>: Ofrecemos envases personalizados para bolsas de chocolate, incluidos el material, el tama\u00f1o y la impresi\u00f3n, con soporte OEM y ODM.<br data-start=\"208\" data-end=\"211\" \/>\u25cf <strong data-start=\"213\" data-end=\"237\">Producci\u00f3n eficiente<\/strong>: Los equipos avanzados garantizan una producci\u00f3n de alta calidad y puntual.<br data-start=\"299\" data-end=\"302\" data-is-only-node=\"\" \/>\u25cf <strong data-start=\"304\" data-end=\"330\">Estricto control de calidad<\/strong>: Fabricado para cumplir las normas de calidad y seguridad alimentaria.<br data-start=\"387\" data-end=\"390\" \/>\u25cf <strong data-start=\"392\" data-end=\"417\">Atenci\u00f3n al cliente 24 horas al d\u00eda, 7 d\u00edas a la semana<\/strong>: Respuesta r\u00e1pida y servicio fiable, en cualquier momento.<br data-start=\"463\" data-end=\"466\" \/>\u25cf <strong data-start=\"468\" data-end=\"484\">Muestras gratuitas<\/strong>: Disponemos de muestras gratuitas para evaluar el producto.<\/p>\n<p>Huiyang Packaging se compromete a proporcionar a los clientes OEM de alta calidad a prueba de humedad C\\chocolate bolsas para ayudar a los clientes a mejorar su imagen de producto y mejorar su competitividad en el mercado.<\/p>","protected":false},"featured_media":7029,"comment_status":"open","ping_status":"closed","template":"","meta":[],"product_brand":[],"product_cat":[96],"product_tag":[116,124],"class_list":{"0":"post-7010","1":"product","2":"type-product","3":"status-publish","4":"has-post-thumbnail","6":"product_cat-chocolate-packaging-bags","7":"product_tag-stand-up-pouch-manufacturer","8":"product_tag-zipper-pouch-manufacturer","10":"first","11":"instock","12":"shipping-taxable","13":"product-type-simple"},"_links":{"self":[{"href":"https:\/\/www.hyflexpack.com\/es\/wp-json\/wp\/v2\/product\/7010","targetHints":{"allow":["GET"]}}],"collection":[{"href":"https:\/\/www.hyflexpack.com\/es\/wp-json\/wp\/v2\/product"}],"about":[{"href":"https:\/\/www.hyflexpack.com\/es\/wp-json\/wp\/v2\/types\/product"}],"replies":[{"embeddable":true,"href":"https:\/\/www.hyflexpack.com\/es\/wp-json\/wp\/v2\/comments?post=7010"}],"wp:featuredmedia":[{"embeddable":true,"href":"https:\/\/www.hyflexpack.com\/es\/wp-json\/wp\/v2\/media\/7029"}],"wp:attachment":[{"href":"https:\/\/www.hyflexpack.com\/es\/wp-json\/wp\/v2\/media?parent=7010"}],"wp:term":[{"taxonomy":"product_brand","embeddable":true,"href":"https:\/\/www.hyflexpack.com\/es\/wp-json\/wp\/v2\/product_brand?post=7010"},{"taxonomy":"product_cat","embeddable":true,"href":"https:\/\/www.hyflexpack.com\/es\/wp-json\/wp\/v2\/product_cat?post=7010"},{"taxonomy":"product_tag","embeddable":true,"href":"https:\/\/www.hyflexpack.com\/es\/wp-json\/wp\/v2\/product_tag?post=7010"}],"curies":[{"name":"wp","href":"https:\/\/api.w.org\/{rel}","templated":true}]}}