{"id":6981,"date":"2025-05-26T07:51:12","date_gmt":"2025-05-26T07:51:12","guid":{"rendered":"https:\/\/www.hyflexpack.com\/?post_type=product&#038;p=6981"},"modified":"2026-01-07T08:51:04","modified_gmt":"2026-01-07T08:51:04","slug":"custom-chocolate-bar-packaging","status":"publish","type":"product","link":"https:\/\/www.hyflexpack.com\/es\/product\/custom-chocolate-bar-packaging\/","title":{"rendered":"Envasado personalizado de barritas de chocolate Bolsas con cremallera, Bolsa compuesta de poli\u00e9ster\/aluminio para uso alimentario"},"content":{"rendered":"<div class=\"wp-block-columns is-layout-flex wp-container-core-columns-is-layout-9d6595d7 wp-block-columns-is-layout-flex\">\n<div class=\"wp-block-column is-layout-flow wp-block-column-is-layout-flow\">\n<h2 class=\"wp-block-heading\">Caracter\u00edsticas del envasado de frutos secos y barritas de chocolate<\/h2>\n\n\n\n<ul class=\"wp-block-list\">\n<li><strong>Capa protectora de calidad alimentaria<\/strong>: Nuestros envases personalizados para tabletas de chocolate utilizan una estructura compuesta de PET\/aluminio\/PE de calidad alimentaria que bloquea eficazmente la humedad, el ox\u00edgeno y la luz, garantizando una frescura y un aroma duraderos. Esta soluci\u00f3n de bolsa con cremallera de pie cumple con las normas de seguridad alimentaria y mejora la vida \u00fatil, por lo que es ideal para el almacenamiento de chocolate de primera calidad.<\/li>\n\n\n\n<li><strong>Estabilidad vertical<\/strong>: Con un dise\u00f1o de fondo plano engrosado, la bolsa con cremallera de pie mantiene un excelente soporte vertical y estabilidad para una mejor visibilidad en los expositores de venta al por menor. Tanto en los estantes de las tiendas como en los mostradores de las exposiciones, esta estructura resalta su envase personalizado para tabletas de chocolate y mejora el compromiso del consumidor.<\/li>\n\n\n\n<li><strong>Cremallera resellable<\/strong>: Incluso despu\u00e9s de abierto, el cierre incorporado mantiene el chocolate fresco, limpio y protegido. Perfecto para situaciones de consumo por lotes, este envase flexible personalizado para tabletas de chocolate garantiza la comodidad a la vez que mantiene la integridad del producto.<\/li>\n\n\n\n<li>Excelente compatibilidad de impresi\u00f3n: Nuestros envases personalizados para tabletas de chocolate admiten impresi\u00f3n de alta definici\u00f3n con combinaci\u00f3n de colores Pantone, lo que le permite mostrar logotipos, dise\u00f1os e identidad de marca de forma v\u00edvida. Combinado con el formato de bolsa con cremallera de pie, mejora el atractivo visual y la competitividad en los estantes.<\/li>\n\n\n\n<li><strong>Ligero y ocupa poco espacio<\/strong>: En comparaci\u00f3n con los envases r\u00edgidos, la bolsa zip stand up es ligera, reduce los costes de transporte y ahorra espacio de almacenamiento. Es una opci\u00f3n ecol\u00f3gica para las marcas que buscan ampliar sus envases personalizados para tabletas de chocolate con eficiencia y sostenibilidad.<\/li>\n<\/ul>\n<\/div>\n\n\n\n<div class=\"wp-block-column is-layout-flow wp-block-column-is-layout-flow\">\n<figure class=\"wp-block-image size-full\"><img fetchpriority=\"high\" decoding=\"async\" width=\"750\" height=\"750\" src=\"https:\/\/www.hyflexpack.com\/wp-content\/uploads\/2025\/05\/Custom-Chocolate-Stand-Up-Zipper-Bags-4.webp\" alt=\"Bolsas personalizadas con cremallera para chocolate (3)\" class=\"wp-image-7022\" srcset=\"https:\/\/www.hyflexpack.com\/wp-content\/uploads\/2025\/05\/Custom-Chocolate-Stand-Up-Zipper-Bags-4.webp 750w, https:\/\/www.hyflexpack.com\/wp-content\/uploads\/2025\/05\/Custom-Chocolate-Stand-Up-Zipper-Bags-4-300x300.webp 300w, https:\/\/www.hyflexpack.com\/wp-content\/uploads\/2025\/05\/Custom-Chocolate-Stand-Up-Zipper-Bags-4-150x150.webp 150w, https:\/\/www.hyflexpack.com\/wp-content\/uploads\/2025\/05\/Custom-Chocolate-Stand-Up-Zipper-Bags-4-12x12.webp 12w, https:\/\/www.hyflexpack.com\/wp-content\/uploads\/2025\/05\/Custom-Chocolate-Stand-Up-Zipper-Bags-4-285x285.webp 285w, https:\/\/www.hyflexpack.com\/wp-content\/uploads\/2025\/05\/Custom-Chocolate-Stand-Up-Zipper-Bags-4-270x270.webp 270w, https:\/\/www.hyflexpack.com\/wp-content\/uploads\/2025\/05\/Custom-Chocolate-Stand-Up-Zipper-Bags-4-540x540.webp 540w, https:\/\/www.hyflexpack.com\/wp-content\/uploads\/2025\/05\/Custom-Chocolate-Stand-Up-Zipper-Bags-4-660x660.webp 660w\" sizes=\"(max-width: 750px) 100vw, 750px\" \/><\/figure>\n<\/div>\n<\/div>\n\n\n\n<div class=\"wp-block-columns is-layout-flex wp-container-core-columns-is-layout-9d6595d7 wp-block-columns-is-layout-flex\">\n<div class=\"wp-block-column is-layout-flow wp-block-column-is-layout-flow\">\n<figure class=\"wp-block-image size-full\"><img decoding=\"async\" width=\"750\" height=\"750\" src=\"https:\/\/www.hyflexpack.com\/wp-content\/uploads\/2025\/05\/Custom-Chocolate-Stand-Up-Zipper-Bags-5.webp\" alt=\"Bolsas personalizadas con cremallera para chocolate (3)\" class=\"wp-image-7023\" srcset=\"https:\/\/www.hyflexpack.com\/wp-content\/uploads\/2025\/05\/Custom-Chocolate-Stand-Up-Zipper-Bags-5.webp 750w, https:\/\/www.hyflexpack.com\/wp-content\/uploads\/2025\/05\/Custom-Chocolate-Stand-Up-Zipper-Bags-5-300x300.webp 300w, https:\/\/www.hyflexpack.com\/wp-content\/uploads\/2025\/05\/Custom-Chocolate-Stand-Up-Zipper-Bags-5-150x150.webp 150w, https:\/\/www.hyflexpack.com\/wp-content\/uploads\/2025\/05\/Custom-Chocolate-Stand-Up-Zipper-Bags-5-12x12.webp 12w, https:\/\/www.hyflexpack.com\/wp-content\/uploads\/2025\/05\/Custom-Chocolate-Stand-Up-Zipper-Bags-5-285x285.webp 285w, https:\/\/www.hyflexpack.com\/wp-content\/uploads\/2025\/05\/Custom-Chocolate-Stand-Up-Zipper-Bags-5-270x270.webp 270w, https:\/\/www.hyflexpack.com\/wp-content\/uploads\/2025\/05\/Custom-Chocolate-Stand-Up-Zipper-Bags-5-540x540.webp 540w, https:\/\/www.hyflexpack.com\/wp-content\/uploads\/2025\/05\/Custom-Chocolate-Stand-Up-Zipper-Bags-5-660x660.webp 660w\" sizes=\"(max-width: 750px) 100vw, 750px\" \/><\/figure>\n<\/div>\n\n\n\n<div class=\"wp-block-column is-layout-flow wp-block-column-is-layout-flow\">\n<figure class=\"wp-block-image size-full\"><img decoding=\"async\" width=\"750\" height=\"750\" src=\"https:\/\/www.hyflexpack.com\/wp-content\/uploads\/2025\/05\/Custom-Chocolate-Stand-Up-Zipper-Bags-2.webp\" alt=\"Envasado personalizado de barritas de chocolate Bolsas con cremallera\" class=\"wp-image-7020\" srcset=\"https:\/\/www.hyflexpack.com\/wp-content\/uploads\/2025\/05\/Custom-Chocolate-Stand-Up-Zipper-Bags-2.webp 750w, https:\/\/www.hyflexpack.com\/wp-content\/uploads\/2025\/05\/Custom-Chocolate-Stand-Up-Zipper-Bags-2-300x300.webp 300w, https:\/\/www.hyflexpack.com\/wp-content\/uploads\/2025\/05\/Custom-Chocolate-Stand-Up-Zipper-Bags-2-150x150.webp 150w, https:\/\/www.hyflexpack.com\/wp-content\/uploads\/2025\/05\/Custom-Chocolate-Stand-Up-Zipper-Bags-2-12x12.webp 12w, https:\/\/www.hyflexpack.com\/wp-content\/uploads\/2025\/05\/Custom-Chocolate-Stand-Up-Zipper-Bags-2-285x285.webp 285w, https:\/\/www.hyflexpack.com\/wp-content\/uploads\/2025\/05\/Custom-Chocolate-Stand-Up-Zipper-Bags-2-270x270.webp 270w, https:\/\/www.hyflexpack.com\/wp-content\/uploads\/2025\/05\/Custom-Chocolate-Stand-Up-Zipper-Bags-2-540x540.webp 540w, https:\/\/www.hyflexpack.com\/wp-content\/uploads\/2025\/05\/Custom-Chocolate-Stand-Up-Zipper-Bags-2-660x660.webp 660w\" sizes=\"(max-width: 750px) 100vw, 750px\" \/><\/figure>\n<\/div>\n<\/div>","protected":false},"excerpt":{"rendered":"<p data-start=\"1306\" data-end=\"1585\">Nuestros envases personalizados para tabletas de chocolate presentan una estructura de PET\/aluminio\/PE multicapa apta para uso alimentario y una bolsa con cremallera de pie con soporte inferior plano y parte superior resellable. Ideal para la venta al por menor y por lotes. As\u00f3ciese con nosotros hoy mismo para crear envases de chocolate que destaquen y que vendan.<\/p>\n<h3>Ventajas del proveedor de envases para tabletas de chocolate<\/h3>\n<p>Dise\u00f1o personalizado: Proporcionamos servicios personalizados de bolsas de embalaje, incluyendo el material, el tama\u00f1o y la personalizaci\u00f3n del patr\u00f3n de impresi\u00f3n para satisfacer las necesidades del cliente, y apoyamos OEM y ODM.<\/p>\n<p>\u25cfFabricaci\u00f3n: Con equipos y tecnolog\u00eda avanzados, podemos completar la producci\u00f3n de pedidos de manera eficiente y con alta calidad, y entregar a tiempo.<\/p>\n<p>\u25cfInspecci\u00f3n de calidad: La producci\u00f3n se realiza siguiendo estrictamente las normas de calidad y los requisitos de seguridad alimentaria para garantizar que los productos cumplen las normas.<\/p>\n<p>\u25cfServicio de atenci\u00f3n al cliente: Proporcionar una respuesta r\u00e1pida y atento apoyo de servicio al cliente las 24 horas del d\u00eda.<\/p>\n<p>\u25cfMuestra gratuita: Proporcionar un servicio de muestra gratuita para que usted pueda evaluar el producto.<\/p>\n<p><a href=\"https:\/\/www.hyflexpack.com\/es\/\"><strong>Envasado Huiyang<\/strong><\/a> se compromete a proporcionar a los clientes bolsas con cremallera personalizadas de alta calidad para ayudarles a mejorar la imagen de sus productos y su competitividad en el mercado.<\/p>","protected":false},"featured_media":7019,"comment_status":"open","ping_status":"closed","template":"","meta":[],"product_brand":[],"product_cat":[96],"product_tag":[116,124],"class_list":{"0":"post-6981","1":"product","2":"type-product","3":"status-publish","4":"has-post-thumbnail","6":"product_cat-chocolate-packaging-bags","7":"product_tag-stand-up-pouch-manufacturer","8":"product_tag-zipper-pouch-manufacturer","10":"first","11":"instock","12":"shipping-taxable","13":"product-type-simple"},"_links":{"self":[{"href":"https:\/\/www.hyflexpack.com\/es\/wp-json\/wp\/v2\/product\/6981","targetHints":{"allow":["GET"]}}],"collection":[{"href":"https:\/\/www.hyflexpack.com\/es\/wp-json\/wp\/v2\/product"}],"about":[{"href":"https:\/\/www.hyflexpack.com\/es\/wp-json\/wp\/v2\/types\/product"}],"replies":[{"embeddable":true,"href":"https:\/\/www.hyflexpack.com\/es\/wp-json\/wp\/v2\/comments?post=6981"}],"wp:featuredmedia":[{"embeddable":true,"href":"https:\/\/www.hyflexpack.com\/es\/wp-json\/wp\/v2\/media\/7019"}],"wp:attachment":[{"href":"https:\/\/www.hyflexpack.com\/es\/wp-json\/wp\/v2\/media?parent=6981"}],"wp:term":[{"taxonomy":"product_brand","embeddable":true,"href":"https:\/\/www.hyflexpack.com\/es\/wp-json\/wp\/v2\/product_brand?post=6981"},{"taxonomy":"product_cat","embeddable":true,"href":"https:\/\/www.hyflexpack.com\/es\/wp-json\/wp\/v2\/product_cat?post=6981"},{"taxonomy":"product_tag","embeddable":true,"href":"https:\/\/www.hyflexpack.com\/es\/wp-json\/wp\/v2\/product_tag?post=6981"}],"curies":[{"name":"wp","href":"https:\/\/api.w.org\/{rel}","templated":true}]}}