{"id":6953,"date":"2025-06-05T20:10:28","date_gmt":"2025-06-05T20:10:28","guid":{"rendered":"https:\/\/www.hyflexpack.com\/?post_type=product&#038;p=6953"},"modified":"2025-06-05T20:10:29","modified_gmt":"2025-06-05T20:10:29","slug":"factory-price-dumplings-packaging-bag","status":"publish","type":"product","link":"https:\/\/www.hyflexpack.com\/es\/product\/factory-price-dumplings-packaging-bag\/","title":{"rendered":"Bolsa termosellable para envasar alb\u00f3ndigas, bolsas de pl\u00e1stico para alimentos, precio de f\u00e1brica"},"content":{"rendered":"<div class=\"wp-block-columns is-layout-flex wp-container-core-columns-is-layout-9d6595d7 wp-block-columns-is-layout-flex\">\n<div class=\"wp-block-column is-layout-flow wp-block-column-is-layout-flow\">\n<h2 class=\"wp-block-heading\">Caracter\u00edsticas de la bolsa de embalaje para alb\u00f3ndigas con precio de f\u00e1brica<\/h2>\n\n\n\n<ul class=\"wp-block-list\">\n<li>Nuestra bolsa para alb\u00f3ndigas adopta una estructura de pel\u00edcula compuesta de varias capas (como PET\/PE), con un firme sellado de bordes termosellado, a prueba de fugas y de aceite, y un envasado de alb\u00f3ndigas de sopa sin preocupaciones.<br>Gran resistencia a la perforaci\u00f3n para evitar el riesgo de da\u00f1os durante el transporte.<\/li>\n\n\n\n<li>Soporta la personalizaci\u00f3n flexible del LOGO de la marca, el patr\u00f3n y el tama\u00f1o para adaptarse a diferentes tipos de dumplings (como xiaolongbao, wonton).<br>Ofrece una superficie mate\/brillante, una ventana parcialmente transparente y otras opciones de procesado para mejorar el atractivo de los estantes.<\/li>\n\n\n\n<li>Rendimiento de congelaci\u00f3n profesional, puede soportar -30 \u2103 ambiente de baja temperatura, el material es flexible y no quebradizo, y no se deforma despu\u00e9s de la congelaci\u00f3n a largo plazo. Altas propiedades de barrera que retienen la humedad y el umami, y prolongan la vida \u00fatil.<\/li>\n\n\n\n<li>Certificaci\u00f3n de seguridad y protecci\u00f3n medioambiental Cumple las normas FDA\/GB sobre materiales en contacto con alimentos y puede entrar en contacto directo con alimentos. Materiales reciclables opcionales para satisfacer la tendencia de los envases ecol\u00f3gicos.<\/li>\n<\/ul>\n<\/div>\n\n\n\n<div class=\"wp-block-column is-layout-flow wp-block-column-is-layout-flow\">\n<figure class=\"wp-block-image size-full\"><img fetchpriority=\"high\" decoding=\"async\" width=\"750\" height=\"750\" src=\"https:\/\/www.hyflexpack.com\/wp-content\/uploads\/2025\/05\/Factory-Price-Dumplings-Bag-1.jpg\" alt=\"Bolsa de alb\u00f3ndigas a precio de f\u00e1brica\" class=\"wp-image-6939\" srcset=\"https:\/\/www.hyflexpack.com\/wp-content\/uploads\/2025\/05\/Factory-Price-Dumplings-Bag-1.jpg 750w, https:\/\/www.hyflexpack.com\/wp-content\/uploads\/2025\/05\/Factory-Price-Dumplings-Bag-1-300x300.jpg 300w, https:\/\/www.hyflexpack.com\/wp-content\/uploads\/2025\/05\/Factory-Price-Dumplings-Bag-1-150x150.jpg 150w, https:\/\/www.hyflexpack.com\/wp-content\/uploads\/2025\/05\/Factory-Price-Dumplings-Bag-1-12x12.jpg 12w, https:\/\/www.hyflexpack.com\/wp-content\/uploads\/2025\/05\/Factory-Price-Dumplings-Bag-1-285x285.jpg 285w, https:\/\/www.hyflexpack.com\/wp-content\/uploads\/2025\/05\/Factory-Price-Dumplings-Bag-1-270x270.jpg 270w, https:\/\/www.hyflexpack.com\/wp-content\/uploads\/2025\/05\/Factory-Price-Dumplings-Bag-1-540x540.jpg 540w, https:\/\/www.hyflexpack.com\/wp-content\/uploads\/2025\/05\/Factory-Price-Dumplings-Bag-1-660x660.jpg 660w\" sizes=\"(max-width: 750px) 100vw, 750px\" \/><\/figure>\n<\/div>\n<\/div>","protected":false},"excerpt":{"rendered":"<p>Somos proveedores y mayoristas profesionales de bolsas de envasado de alb\u00f3ndigas congeladas personalizadas, y ofrecemos bolsas de envasado congeladas aptas para alimentos con caracter\u00edsticas a prueba de humedad, anticongelantes y termosellables. Apoyamos la impresi\u00f3n personalizada, diferentes tama\u00f1os, y la personalizaci\u00f3n de la estructura de los alimentos congelados, tales como bolas de masa hervida, sopa de alb\u00f3ndigas, siu mai, y as\u00ed sucesivamente. Proporcionamos servicio OEM\/ODM, suministro estable por lotes, exportamos a todo el mundo, \u00a1bienvenidos a hablar de cooperaci\u00f3n!<\/p>\n<h3>Ventajas del proveedor de bolsas para envasado de alb\u00f3ndigas congeladas<\/h3>\n<ul>\n<li><strong>Dise\u00f1o a medida<\/strong>: Proporcionar soluciones de dise\u00f1o personalizadas para satisfacer diferentes especificaciones, tama\u00f1os y requisitos de impresi\u00f3n de hasta 10 colores seg\u00fan las necesidades del cliente, apoyar la personalizaci\u00f3n OEM y ODM.<\/li>\n<li><strong>Garant\u00eda de calidad<\/strong>: Controlar estrictamente el proceso de producci\u00f3n, utilizando materias primas de alta calidad y equipos de producci\u00f3n avanzados para garantizar una calidad de producto estable y fiable.<\/li>\n<li><strong>Asistencia t\u00e9cnica profesional<\/strong>: Con el equipo t\u00e9cnico experimentado, proporcionamos soporte t\u00e9cnico profesional y servicio post-venta para asegurar que las necesidades de los clientes son r\u00e1pidamente respondidas y resueltas.<\/li>\n<li><strong>Muestra gratuita<\/strong>: Proporcionamos un servicio de muestras gratuitas para que pueda evaluar los productos.<\/li>\n<\/ul>\n<p>Huiyang Packaging se dedica a ofrecer bolsas personalizadas de alta calidad para el envasado de alb\u00f3ndigas congeladas que mejoran la imagen del producto e impulsan la competitividad de nuestros clientes en el mercado.<\/p>","protected":false},"featured_media":6939,"comment_status":"open","ping_status":"closed","template":"","meta":[],"product_brand":[],"product_cat":[60],"product_tag":[],"class_list":{"0":"post-6953","1":"product","2":"type-product","3":"status-publish","4":"has-post-thumbnail","6":"product_cat-custom-frozen-food-packaging","8":"first","9":"instock","10":"shipping-taxable","11":"product-type-simple"},"_links":{"self":[{"href":"https:\/\/www.hyflexpack.com\/es\/wp-json\/wp\/v2\/product\/6953","targetHints":{"allow":["GET"]}}],"collection":[{"href":"https:\/\/www.hyflexpack.com\/es\/wp-json\/wp\/v2\/product"}],"about":[{"href":"https:\/\/www.hyflexpack.com\/es\/wp-json\/wp\/v2\/types\/product"}],"replies":[{"embeddable":true,"href":"https:\/\/www.hyflexpack.com\/es\/wp-json\/wp\/v2\/comments?post=6953"}],"wp:featuredmedia":[{"embeddable":true,"href":"https:\/\/www.hyflexpack.com\/es\/wp-json\/wp\/v2\/media\/6939"}],"wp:attachment":[{"href":"https:\/\/www.hyflexpack.com\/es\/wp-json\/wp\/v2\/media?parent=6953"}],"wp:term":[{"taxonomy":"product_brand","embeddable":true,"href":"https:\/\/www.hyflexpack.com\/es\/wp-json\/wp\/v2\/product_brand?post=6953"},{"taxonomy":"product_cat","embeddable":true,"href":"https:\/\/www.hyflexpack.com\/es\/wp-json\/wp\/v2\/product_cat?post=6953"},{"taxonomy":"product_tag","embeddable":true,"href":"https:\/\/www.hyflexpack.com\/es\/wp-json\/wp\/v2\/product_tag?post=6953"}],"curies":[{"name":"wp","href":"https:\/\/api.w.org\/{rel}","templated":true}]}}