{"id":6950,"date":"2025-05-27T06:57:19","date_gmt":"2025-05-27T06:57:19","guid":{"rendered":"https:\/\/www.hyflexpack.com\/?post_type=product&#038;p=6950"},"modified":"2026-01-07T08:43:35","modified_gmt":"2026-01-07T08:43:35","slug":"oem-frozen-food-pouches-factory","status":"publish","type":"product","link":"https:\/\/www.hyflexpack.com\/es\/product\/oem-frozen-food-pouches-factory\/","title":{"rendered":"OEM bolsas de alimentos congelados de f\u00e1brica, de pl\u00e1stico reciclado de pie bolsa con cremallera"},"content":{"rendered":"<div class=\"wp-block-columns is-layout-flex wp-container-core-columns-is-layout-9d6595d7 wp-block-columns-is-layout-flex\">\n<div class=\"wp-block-column is-layout-flow wp-block-column-is-layout-flow\">\n<h2 class=\"wp-block-heading\">Caracter\u00edsticas de las bolsas OEM para alimentos congelados<\/h2>\n\n\n\n<ul class=\"wp-block-list\">\n<li>Nuestra bolsa de pl\u00e1stico para alimentos congelados OEM y ODM est\u00e1 fabricada con pl\u00e1stico reciclado de calidad alimentaria.<\/li>\n\n\n\n<li>El dise\u00f1o de la cremallera autoportante ahorra espacio de almacenamiento y en las estanter\u00edas, y es m\u00e1s vistoso para la exposici\u00f3n. Cremallera sellada: a prueba de humedad y fugas, conserva la frescura durante mucho tiempo, admite la apertura y cierre repetidos y prolonga la vida \u00fatil de los alimentos.<\/li>\n\n\n\n<li>Personalizaci\u00f3n profunda OEM\/ODM para satisfacer necesidades personalizadas. Puede adaptarse a una gran variedad de alimentos congelados (como arroz glutinoso, helados, platos preparados) y responder con flexibilidad a los cambios del mercado.<\/li>\n\n\n\n<li>Rendimiento de congelaci\u00f3n profesional, resistencia a bajas temperaturas de -30\u2103: el material es flexible y resistente a las heladas, sin grietas ni deformaciones quebradizas. Alta propiedad de barrera: a\u00edsla el vapor de agua y el ox\u00edgeno para garantizar que no se pierdan el sabor y la nutrici\u00f3n de los alimentos.<\/li>\n\n\n\n<li>Alta rentabilidad y garant\u00eda de certificaci\u00f3n, suministro directo de f\u00e1brica: reduce los costes intermedios y tiene importantes ventajas de precio. Cumple las normas de calidad alimentaria FDA\/BRC, es seguro y fiable, y no tiene preocupaciones en el mercado mundial.<\/li>\n<\/ul>\n<\/div>\n\n\n\n<div class=\"wp-block-column is-layout-flow wp-block-column-is-layout-flow\">\n<figure class=\"wp-block-image size-full\"><img fetchpriority=\"high\" decoding=\"async\" width=\"750\" height=\"750\" src=\"https:\/\/www.hyflexpack.com\/wp-content\/uploads\/2025\/05\/OEM-ODM-Plastic-Frozen-Food-Pouch-1.jpg\" alt=\"OEM F\u00e1brica de bolsas para alimentos congelados\" class=\"wp-image-6946\" srcset=\"https:\/\/www.hyflexpack.com\/wp-content\/uploads\/2025\/05\/OEM-ODM-Plastic-Frozen-Food-Pouch-1.jpg 750w, https:\/\/www.hyflexpack.com\/wp-content\/uploads\/2025\/05\/OEM-ODM-Plastic-Frozen-Food-Pouch-1-300x300.jpg 300w, https:\/\/www.hyflexpack.com\/wp-content\/uploads\/2025\/05\/OEM-ODM-Plastic-Frozen-Food-Pouch-1-150x150.jpg 150w, https:\/\/www.hyflexpack.com\/wp-content\/uploads\/2025\/05\/OEM-ODM-Plastic-Frozen-Food-Pouch-1-12x12.jpg 12w, https:\/\/www.hyflexpack.com\/wp-content\/uploads\/2025\/05\/OEM-ODM-Plastic-Frozen-Food-Pouch-1-285x285.jpg 285w, https:\/\/www.hyflexpack.com\/wp-content\/uploads\/2025\/05\/OEM-ODM-Plastic-Frozen-Food-Pouch-1-270x270.jpg 270w, https:\/\/www.hyflexpack.com\/wp-content\/uploads\/2025\/05\/OEM-ODM-Plastic-Frozen-Food-Pouch-1-540x540.jpg 540w, https:\/\/www.hyflexpack.com\/wp-content\/uploads\/2025\/05\/OEM-ODM-Plastic-Frozen-Food-Pouch-1-660x660.jpg 660w\" sizes=\"(max-width: 750px) 100vw, 750px\" \/><\/figure>\n<\/div>\n<\/div>\n\n\n\n<p><\/p>","protected":false},"excerpt":{"rendered":"<p>Somos una f\u00e1brica OEM con experiencia en la fabricaci\u00f3n de bolsas para alimentos congelados, que ofrece soluciones de bolsas para alimentos congelados con soporte para la personalizaci\u00f3n. Tambi\u00e9n somos un proveedor profesional de bolsas de pie reciclables respetuosos del medio ambiente, que son ampliamente utilizados en alimentos congelados, verduras congeladas, productos acu\u00e1ticos, y as\u00ed sucesivamente. \u00a1Apoyamos OEM\/ODM con entrega estable, bienvenido a obtener una cotizaci\u00f3n y muestras!<\/p>\n<h3>Ventajas del proveedor OEM de bolsas para alimentos congelados<\/h3>\n<ul>\n<li><strong>Dise\u00f1o a medida<\/strong>: Proporcionar soluciones de dise\u00f1o personalizadas para satisfacer diferentes especificaciones, tama\u00f1os y requisitos de impresi\u00f3n de hasta 10 colores seg\u00fan las necesidades del cliente, apoyar la personalizaci\u00f3n OEM y ODM.<\/li>\n<li><strong>Garant\u00eda de calidad<\/strong>: Controlar estrictamente el proceso de producci\u00f3n, utilizando materias primas de alta calidad y equipos de producci\u00f3n avanzados para garantizar una calidad de producto estable y fiable.<\/li>\n<li><strong>Asistencia t\u00e9cnica profesional<\/strong>: Con un equipo t\u00e9cnico experimentado, proporcionamos soporte t\u00e9cnico profesional y servicio posventa para garantizar que las necesidades de los clientes se responden y resuelven con prontitud.<\/li>\n<li><strong>Muestra gratuita<\/strong>: Proporcionamos un servicio de muestras gratuitas para que pueda evaluar los productos.<\/li>\n<\/ul>\n<p><strong>Envasado Huiyang<\/strong> se dedica a ofrecer bolsas personalizadas de alta calidad para alimentos congelados que mejoran la imagen del producto e impulsan la competitividad de nuestros clientes en el mercado.<\/p>\n<p>&nbsp;<\/p>","protected":false},"featured_media":6946,"comment_status":"open","ping_status":"closed","template":"","meta":[],"product_brand":[],"product_cat":[60],"product_tag":[116,124],"class_list":{"0":"post-6950","1":"product","2":"type-product","3":"status-publish","4":"has-post-thumbnail","6":"product_cat-custom-frozen-food-packaging","7":"product_tag-stand-up-pouch-manufacturer","8":"product_tag-zipper-pouch-manufacturer","10":"first","11":"instock","12":"shipping-taxable","13":"product-type-simple"},"_links":{"self":[{"href":"https:\/\/www.hyflexpack.com\/es\/wp-json\/wp\/v2\/product\/6950","targetHints":{"allow":["GET"]}}],"collection":[{"href":"https:\/\/www.hyflexpack.com\/es\/wp-json\/wp\/v2\/product"}],"about":[{"href":"https:\/\/www.hyflexpack.com\/es\/wp-json\/wp\/v2\/types\/product"}],"replies":[{"embeddable":true,"href":"https:\/\/www.hyflexpack.com\/es\/wp-json\/wp\/v2\/comments?post=6950"}],"wp:featuredmedia":[{"embeddable":true,"href":"https:\/\/www.hyflexpack.com\/es\/wp-json\/wp\/v2\/media\/6946"}],"wp:attachment":[{"href":"https:\/\/www.hyflexpack.com\/es\/wp-json\/wp\/v2\/media?parent=6950"}],"wp:term":[{"taxonomy":"product_brand","embeddable":true,"href":"https:\/\/www.hyflexpack.com\/es\/wp-json\/wp\/v2\/product_brand?post=6950"},{"taxonomy":"product_cat","embeddable":true,"href":"https:\/\/www.hyflexpack.com\/es\/wp-json\/wp\/v2\/product_cat?post=6950"},{"taxonomy":"product_tag","embeddable":true,"href":"https:\/\/www.hyflexpack.com\/es\/wp-json\/wp\/v2\/product_tag?post=6950"}],"curies":[{"name":"wp","href":"https:\/\/api.w.org\/{rel}","templated":true}]}}